{"id":18137,"date":"2023-06-21T02:31:07","date_gmt":"2023-06-21T02:31:07","guid":{"rendered":"https:\/\/oudianvalve.com\/?post_type=product&#038;p=18137"},"modified":"2023-06-21T02:31:07","modified_gmt":"2023-06-21T02:31:07","slug":"317l-ball-valve-150lb-2-inch-flange-end","status":"publish","type":"product","link":"https:\/\/oudianvalve.com\/pt\/products\/ball-valves\/317l-ball-valve-150lb-2-inch-flange-end\/","title":{"rendered":"V\u00e1lvula de esfera 317L, 150LB, 2 polegadas, extremidade do flange"},"content":{"rendered":"<p>Padr\u00e3o de design e fabrica\u00e7\u00e3o: API 6D, API 608, BS 5351\/DIN3357\/JIS B2071<\/p>\n<p>Padr\u00e3o de press\u00e3o e temperatura: ASME B16.34\/DIN3230<\/p>\n<p>Padr\u00e3o de dimens\u00e3o face a face: ASME B16.10\/DIN3202\/JIS B2002<\/p>\n<p>Padr\u00e3o de flange: ASME B16.5, ASME B16.47\/DIN2543-2545-2501\/JIS B2220<\/p>\n<p>Padr\u00e3o de teste e inspe\u00e7\u00e3o: API 598, API 6D\/DIN2401\/JIS B2003.<\/p>\n<p>Tamanho: 1\/2\u201d-10\u201d(DN15~DN250)<\/p>\n<p>Classifica\u00e7\u00e3o de press\u00e3o: 150LB-600LB\/PN16~PN100\/10K~60K)<\/p>\n<p>Material principal da v\u00e1lvula de esfera de a\u00e7o inoxid\u00e1vel 317L:<br \/>\nCF8, CF3, CF8M, CF3M, CG8M, CG3M, CF8C, CK20304, 304, 316, 316L, 316Ti, 317, 317L, 310, 310S<br \/>\nF304, F304, F316, F316L, F316Ti, F317, F317L, F310, F310S.<\/p>\n<p>A liga 317L (00Cr19Ni13Mo3, UNS S31726) \u00e9 um a\u00e7o inoxid\u00e1vel austen\u00edtico \u00e0 base de molibd\u00eanio. Possui maior resist\u00eancia \u00e0 corros\u00e3o qu\u00edmica em compara\u00e7\u00e3o com o a\u00e7o inoxid\u00e1vel austen\u00edtico convencional de cromo-n\u00edquel, como a liga 304. Al\u00e9m disso, em compara\u00e7\u00e3o com o a\u00e7o inoxid\u00e1vel convencional, a liga 317L possui maior ductilidade, resist\u00eancia \u00e0 corros\u00e3o sob tens\u00e3o, resist\u00eancia \u00e0 compress\u00e3o e resist\u00eancia a altas temperaturas. \u00c9 de baixo carbono ou grau L, que possui desempenho anti-sensibiliza\u00e7\u00e3o durante a soldagem e tratamento t\u00e9rmico.<br \/>\nO a\u00e7o 317L tem boa resist\u00eancia \u00e0 \u00e1gua do mar e ao SCC em compara\u00e7\u00e3o com o 316L e \u00e9 usado em navios qu\u00edmicos, produtos qu\u00edmicos, reatores e outros equipamentos qu\u00edmicos que exigem alta resist\u00eancia \u00e0 corros\u00e3o<br \/>\nSUS317L Composi\u00e7\u00e3o qu\u00edmica: carbono (C) \u2264 0,030, mangan\u00eas (Mn) \u2264 2,00, n\u00edquel (Ni) 11,0-15,0, sil\u00edcio (Si) \u2264 1,00, f\u00f3sforo (P) \u2264 0,045, enxofre (S) \u2264 0,030, cromo (Cr ) 18,0-20,0, molibd\u00eanio (Mo) 3,0-4,0<\/p>\n<p>V\u00e1lvula de esfera de a\u00e7o inoxid\u00e1vel 317L:<br \/>\nA v\u00e1lvula esfera de a\u00e7o inoxid\u00e1vel 3171 produzida por nossa empresa pode ser dividida principalmente em dois tipos com base nas diferentes aberturas do n\u00facleo esf\u00e9rico: tipo 0 e tipo V. O Tipo 0 adota um design de princ\u00edpio flutuante e os principais componentes da v\u00e1lvula s\u00e3o fundido atrav\u00e9s de fundi\u00e7\u00e3o composta. A tampa de inspe\u00e7\u00e3o da sede da v\u00e1lvula \u00e9 feita de politetrafluoretileno. A cavidade geral do corpo da v\u00e1lvula n\u00e3o tem encolhimento, vazamento zero, baixa for\u00e7a positiva, grande taxa de fluxo, pequeno torque, interruptor que economiza trabalho, estrutura simples e manuten\u00e7\u00e3o e desmontagem convenientes no est\u00e1gio posterior. As v\u00e1lvulas esf\u00e9ricas de a\u00e7o inoxid\u00e1vel usam principalmente v\u00e1lvulas fixas, com uma porta em forma de V no n\u00facleo esf\u00e9rico, que desempenha um papel nas caracter\u00edsticas de fluxo de cisalhamento de materiais individuais, tornando esta v\u00e1lvula amplamente utilizada em condi\u00e7\u00f5es de trabalho de alta viscosidade, pequenas part\u00edculas ou ricas em fibras, com boa ajustabilidade. Portanto, de acordo com as diferentes condi\u00e7\u00f5es de trabalho, podemos escolher diferentes v\u00e1lvulas de esfera para voc\u00ea. Para quem deseja ter a fun\u00e7\u00e3o de regular a tubula\u00e7\u00e3o, pode optar por v\u00e1lvulas esfera tipo V. Para quem possui apenas fun\u00e7\u00e3o de corte, pode optar por v\u00e1lvulas esfera tipo 0.<\/p>\n<p>Introdu\u00e7\u00e3o ao a\u00e7o inoxid\u00e1vel 317L: Os graus relevantes de a\u00e7o inoxid\u00e1vel 317L incluem 22r19Ni13M03 e SUS37L. Possui bom desempenho de soldagem, resist\u00eancia \u00e0 corros\u00e3o e desempenho de soldagem. A adi\u00e7\u00e3o de platina traz resist\u00eancia a altas temperaturas, com gr\u00e3os pequenos e limites de gr\u00e3o grandes, e deforma\u00e7\u00e3o ocorrendo principalmente nos limites de gr\u00e3o. Portanto, possui boa resist\u00eancia ao crescimento de gr\u00e3os e pode manter um tamanho e estrutura de gr\u00e3o relativamente est\u00e1veis durante o uso a longo prazo, evitando a ocorr\u00eancia de rachaduras, melhorando a estabilidade e a vida \u00fatil dos materiais.<\/p>","protected":false},"excerpt":{"rendered":"<p>V\u00e1lvulas de esfera SS 317L, V\u00e1lvula de esfera ASTM A961 SS 317L, Fornecedores de v\u00e1lvulas de a\u00e7o inoxid\u00e1vel forjado 317 na China.<\/p>\n<p>Esfera flutuante, furo completo ou furo reduzido.<br \/>\nAlmofada de montagem ISO5211 para op\u00e7\u00e3o.<br \/>\nDesign de haste \u00e0 prova de explos\u00e3o.<br \/>\nVeda\u00e7\u00e3o da sede em PTFE\/RPTFE (o material da veda\u00e7\u00e3o da sede pode ser decidido a pedido do cliente ou de acordo com a condi\u00e7\u00e3o m\u00e9dia e de temperatura da v\u00e1lvula).<br \/>\nDesign antiest\u00e1tico e API 607 Fire Safe<br \/>\nProjeto dispon\u00edvel Opera\u00e7\u00e3o: Volante, Roda sem-fim, Atuador pneum\u00e1tico e Atuador el\u00e9trico.<\/p>","protected":false},"featured_media":18138,"template":"","meta":{"advanced_seo_description":"","jetpack_seo_html_title":"","jetpack_seo_noindex":false},"product_brand":[],"product_cat":[83],"product_tag":[196,197,195,198],"class_list":{"0":"post-18137","1":"product","2":"type-product","3":"status-publish","4":"has-post-thumbnail","6":"product_cat-ball-valves","7":"product_tag-150lb-317l-ball-valve","8":"product_tag-2-inch-317l-ball-valve","9":"product_tag-317l-ball-valve","10":"product_tag-flange-end-317l-ball-valve","12":"first","13":"instock","14":"shipping-taxable","15":"product-type-simple"},"jetpack_sharing_enabled":true,"_links":{"self":[{"href":"https:\/\/oudianvalve.com\/pt\/wp-json\/wp\/v2\/product\/18137","targetHints":{"allow":["GET"]}}],"collection":[{"href":"https:\/\/oudianvalve.com\/pt\/wp-json\/wp\/v2\/product"}],"about":[{"href":"https:\/\/oudianvalve.com\/pt\/wp-json\/wp\/v2\/types\/product"}],"wp:featuredmedia":[{"embeddable":true,"href":"https:\/\/oudianvalve.com\/pt\/wp-json\/wp\/v2\/media\/18138"}],"wp:attachment":[{"href":"https:\/\/oudianvalve.com\/pt\/wp-json\/wp\/v2\/media?parent=18137"}],"wp:term":[{"taxonomy":"product_brand","embeddable":true,"href":"https:\/\/oudianvalve.com\/pt\/wp-json\/wp\/v2\/product_brand?post=18137"},{"taxonomy":"product_cat","embeddable":true,"href":"https:\/\/oudianvalve.com\/pt\/wp-json\/wp\/v2\/product_cat?post=18137"},{"taxonomy":"product_tag","embeddable":true,"href":"https:\/\/oudianvalve.com\/pt\/wp-json\/wp\/v2\/product_tag?post=18137"}],"curies":[{"name":"wp","href":"https:\/\/api.w.org\/{rel}","templated":true}]}}