{"id":18135,"date":"2023-06-21T02:12:01","date_gmt":"2023-06-21T02:12:01","guid":{"rendered":"https:\/\/oudianvalve.com\/?post_type=product&#038;p=18135"},"modified":"2023-06-21T02:12:02","modified_gmt":"2023-06-21T02:12:02","slug":"2pc-2520-310s-ball-valve150lb-3-inch-rf-end","status":"publish","type":"product","link":"https:\/\/oudianvalve.com\/pt\/products\/ball-valves\/2pc-2520-310s-ball-valve150lb-3-inch-rf-end\/","title":{"rendered":"V\u00e1lvula de esfera 2PC 2520 310S, 150LB, 3 polegadas, extremidade RF"},"content":{"rendered":"<p>Padr\u00e3o de design e fabrica\u00e7\u00e3o: API 6D, API 608, BS 5351\/DIN3357\/JIS B2071<\/p>\n<p>Padr\u00e3o de press\u00e3o e temperatura: ASME B16.34\/DIN3230<\/p>\n<p>Padr\u00e3o de dimens\u00e3o face a face: ASME B16.10\/DIN3202\/JIS B2002<\/p>\n<p>Padr\u00e3o de flange: ASME B16.5, ASME B16.47\/DIN2543-2545-2501\/JIS B2220<\/p>\n<p>Padr\u00e3o de teste e inspe\u00e7\u00e3o: API 598, API 6D\/DIN2401\/JIS B2003.<\/p>\n<p>Tamanho: 1\/2\u201d-10\u201d(DN15~DN250)<\/p>\n<p>Classifica\u00e7\u00e3o de press\u00e3o: 150LB-600LB\/PN16~PN100\/10K~60K)<\/p>\n<p>Material principal da v\u00e1lvula de esfera de a\u00e7o inoxid\u00e1vel 310S:<br \/>\nCF8, CF3, CF8M, CF3M, CG8M, CG3M, CF8C, CK20304, 304, 316, 316L, 316Ti, 317, 317L, 310, 310S<br \/>\nF304, F304, F316, F316L, F316Ti, F317, F317L, F310, F310S<\/p>\n<p>O princ\u00edpio de funcionamento da v\u00e1lvula esfera 2520 \u00e9 girar a haste da v\u00e1lvula para desobstru\u00ed-la ou bloque\u00e1-la. O interruptor de v\u00e1lvula esf\u00e9rica 2520 \u00e9 leve, pequeno em tamanho e pode ser fabricado em um di\u00e2metro grande. Possui desempenho de veda\u00e7\u00e3o confi\u00e1vel, estrutura simples e manuten\u00e7\u00e3o conveniente. A superf\u00edcie de veda\u00e7\u00e3o e a superf\u00edcie esf\u00e9rica est\u00e3o frequentemente em estado fechado e n\u00e3o s\u00e3o facilmente corro\u00eddas pelo meio. A v\u00e1lvula 2520 produzida pela Oudian Valve \u00e9 amplamente utilizada em diversos setores.<\/p>\n<p>1. Marca japonesa: 0Cr25Ni20 (GB\/T3280-1992)<br \/>\nNova marca: 06Cr25Ni20 (GB\/T20878-2007)<br \/>\nC\u00f3digo digital de unifica\u00e7\u00e3o chinesa: S31008 (GB\/T20878-2007)<br \/>\nPadr\u00e3o Americano (ASTM): 310S<br \/>\nPadr\u00e3o Americano (UNS): S31008<br \/>\nPadr\u00e3o Coreano (KS): STS310S<br \/>\nPadr\u00e3o da Uni\u00e3o Europeia (BS EN): 148452520 A v\u00e1lvula esf\u00e9rica (310S) \u00e9 de a\u00e7o inoxid\u00e1vel austen\u00edtico de cromo-n\u00edquel com excelente resist\u00eancia \u00e0 oxida\u00e7\u00e3o e \u00e0 corros\u00e3o. Devido ao seu alto teor de cromo e n\u00edquel, possui resist\u00eancia \u00e0 flu\u00eancia em altas temperaturas e pode operar continuamente em altas temperaturas, com boa resist\u00eancia a altas temperaturas.<\/p>\n<p>2: Composi\u00e7\u00e3o qu\u00edmica<br \/>\nC: \u2264 0,08, Si: \u2264 1,500, Mn: \u2264 2,00, P: \u2264 0,035, S: \u2264 0,030, Ni: \u2264 19,00-22,00, Cr: \u2264 24,00-26,00<br \/>\nResist\u00eancia \u00e0 tra\u00e7\u00e3o (\u0431 b) (Mpa): \u2265 520 resist\u00eancia ao escoamento (\u03c3 s) (Mpa): \u2265 205 redu\u00e7\u00e3o de \u00e1rea (\u03c8)%: \u2265 cinquenta<br \/>\nPropriedades mec\u00e2nicas \u00f3 b (MPa) \u2265 520, \u00f3 0,2 (MPa) \u2265 205, \u03b4 5 (%) \u2265 40, \u03a8 (%) \u2265 50, HB \u2264 187, capaz de suportar altas temperaturas acima de 1150 \u2103. Ponto de fus\u00e3o entre 1398 \u2103~1454 \u2103<\/p>\n<p>3.2520 V\u00e1lvula de esfera 310s devido ao n\u00edquel NN (com alto teor de Cn, possui boa resist\u00eancia \u00e0 oxida\u00e7\u00e3o, resist\u00eancia \u00e0 corros\u00e3o, resist\u00eancia a \u00e1cidos e resist\u00eancia a altas temperaturas. Tubos de a\u00e7o resistentes a altas temperaturas s\u00e3o especialmente usados para a fabrica\u00e7\u00e3o de tubos de fornos el\u00e9tricos e outras ocasi\u00f5es. Ap\u00f3s o o teor de carbono \u00e9 aumentado no a\u00e7o inoxid\u00e1vel austen\u00edtico, sua resist\u00eancia \u00e9 melhorada devido ao seu efeito de fortalecimento da solu\u00e7\u00e3o s\u00f3lida. A composi\u00e7\u00e3o qu\u00edmica do a\u00e7o inoxid\u00e1vel austen\u00edtico \u00e9 caracterizada pela adi\u00e7\u00e3o de elementos como prata, tungst\u00eanio, prata e ferro \u00e0 base de cromo e n\u00edquel. Porque seu a estrutura \u00e9 c\u00fabica centrada na face, tem uma resist\u00eancia a altas temperaturas e resist\u00eancia \u00e0 flu\u00eancia. Os materiais de a\u00e7o inoxid\u00e1vel 2520 incluem placa de a\u00e7o inoxid\u00e1vel 2520, haste de a\u00e7o inoxid\u00e1vel 2520 e tubo de a\u00e7o inoxid\u00e1vel 2520<\/p>\n<p>V\u00e1lvula de esfera flutuante de a\u00e7o inoxid\u00e1vel 4.310S 2520 Caracter\u00edsticas do material:<\/p>\n<p>Material de v\u00e1lvula de esfera flutuante de a\u00e7o inoxid\u00e1vel 310S 2520 O a\u00e7o inoxid\u00e1vel 310S 2520 pertence \u00e0 s\u00e9rie 25CR-20NI de a\u00e7o inoxid\u00e1vel de alta liga, a resist\u00eancia \u00e0 oxida\u00e7\u00e3o em alta temperatura \u00e9 excelente, adequada para fazer v\u00e1rios componentes de forno, m\u00e1x. alta temperatura 1200 \u2103, temperatura de uso cont\u00ednuo 1150 \u2103. A v\u00e1lvula de esfera flutuante de a\u00e7o inoxid\u00e1vel 310S 2520 \u00e9 usada para fornos, materiais para plantas de purifica\u00e7\u00e3o de autom\u00f3veis. O a\u00e7o inoxid\u00e1vel 310S \u00e9 a\u00e7o inoxid\u00e1vel austen\u00edtico de cromo-n\u00edquel com boa resist\u00eancia \u00e0 oxida\u00e7\u00e3o e resist\u00eancia \u00e0 corros\u00e3o, devido \u00e0 maior porcentagem de cromo e n\u00edquel, tem muito melhor resist\u00eancia \u00e0 flu\u00eancia, pode continuar a trabalhar em altas temperaturas, tem boa resist\u00eancia a altas temperaturas. O teor de n\u00edquel (Ni), cromo (Cr) \u00e9 alto, tem boa resist\u00eancia \u00e0 oxida\u00e7\u00e3o e resist\u00eancia \u00e0 corros\u00e3o, resist\u00eancia a \u00e1cidos e \u00e1lcalis, desempenho em altas temperaturas, alta temperatura tubo de a\u00e7o resistente \u00e9 dedicado a ocasi\u00f5es de fabrica\u00e7\u00e3o, como tubos de fornos de aquecimento el\u00e9trico, a\u00e7o inoxid\u00e1vel ap\u00f3s o aumento do teor de carbono no tamanho da austenita, devido \u00e0 sua solu\u00e7\u00e3o s\u00f3lida, a for\u00e7a do efeito de fortalecimento foi melhorada, a composi\u00e7\u00e3o qu\u00edmica das caracter\u00edsticas do tamanho da austenita de a\u00e7o inoxid\u00e1vel com base em elementos de cromo, n\u00edquel, adi\u00e7\u00e3o, tungst\u00eanio, molibd\u00eanio, ni\u00f3bio e tit\u00e2nio, devido \u00e0 sua organiza\u00e7\u00e3o \u00e9 uma estrutura c\u00fabica centrada na face, portanto possui alta resist\u00eancia e flu\u00eancia em altas temperaturas.<\/p>\n<p>&nbsp;<\/p>\n<p>&nbsp;<\/p>","protected":false},"excerpt":{"rendered":"<p>A v\u00e1lvula de esfera 2520 310S \u00e9 um a\u00e7o inoxid\u00e1vel de alta liga da s\u00e9rie 25Cr-20Ni, que possui resist\u00eancia \u00e0 oxida\u00e7\u00e3o em alta temperatura e \u00e9 adequada para componentes resistentes ao calor abaixo de 1000 \u00b0 C<br \/>\nCaracter\u00edsticas:<br \/>\n1) Resist\u00eancia \u00e0 oxida\u00e7\u00e3o em alta temperatura<br \/>\n2) A faixa de temperatura de uso \u00e9 muito ampla (abaixo de 1000\u00b0C);<br \/>\n3) Estado de solu\u00e7\u00e3o s\u00f3lida sem magnetismo<br \/>\n4) Resist\u00eancia a altas temperaturas.<br \/>\nEscopo de aplica\u00e7\u00e3o das v\u00e1lvulas esfera 2520: v\u00e1lvulas, flanges, acess\u00f3rios para tubos, fornos de tratamento t\u00e9rmico, trocadores de calor, incineradores e outros tipos de a\u00e7o que exigem resist\u00eancia ao calor e pe\u00e7as de contato de alta\/alta temperatura<\/p>\n<p>Esfera flutuante, furo completo ou furo reduzido.<br \/>\nAlmofada de montagem ISO5211 para op\u00e7\u00e3o.<br \/>\nDesign de haste \u00e0 prova de explos\u00e3o.<br \/>\nVeda\u00e7\u00e3o da sede em PTFE\/RPTFE (o material da veda\u00e7\u00e3o da sede pode ser decidido a pedido do cliente ou de acordo com a condi\u00e7\u00e3o m\u00e9dia e de temperatura da v\u00e1lvula).<br \/>\nDesign antiest\u00e1tico e API 607 Fire Safe<br \/>\nProjeto dispon\u00edvel Opera\u00e7\u00e3o: Volante, Roda sem-fim, Atuador pneum\u00e1tico e Atuador el\u00e9trico.<\/p>","protected":false},"featured_media":18136,"template":"","meta":{"advanced_seo_description":"","jetpack_seo_html_title":"","jetpack_seo_noindex":false},"product_brand":[],"product_cat":[83],"product_tag":[192,191,193,194],"class_list":{"0":"post-18135","1":"product","2":"type-product","3":"status-publish","4":"has-post-thumbnail","6":"product_cat-ball-valves","7":"product_tag-150lb-310s-ball-valve","8":"product_tag-2pc-2520-310s-ball-valve","9":"product_tag-3-inch-310s-ball-valve","10":"product_tag-rf-end-310s-ball-valve","12":"first","13":"instock","14":"shipping-taxable","15":"product-type-simple"},"jetpack_sharing_enabled":true,"_links":{"self":[{"href":"https:\/\/oudianvalve.com\/pt\/wp-json\/wp\/v2\/product\/18135","targetHints":{"allow":["GET"]}}],"collection":[{"href":"https:\/\/oudianvalve.com\/pt\/wp-json\/wp\/v2\/product"}],"about":[{"href":"https:\/\/oudianvalve.com\/pt\/wp-json\/wp\/v2\/types\/product"}],"wp:featuredmedia":[{"embeddable":true,"href":"https:\/\/oudianvalve.com\/pt\/wp-json\/wp\/v2\/media\/18136"}],"wp:attachment":[{"href":"https:\/\/oudianvalve.com\/pt\/wp-json\/wp\/v2\/media?parent=18135"}],"wp:term":[{"taxonomy":"product_brand","embeddable":true,"href":"https:\/\/oudianvalve.com\/pt\/wp-json\/wp\/v2\/product_brand?post=18135"},{"taxonomy":"product_cat","embeddable":true,"href":"https:\/\/oudianvalve.com\/pt\/wp-json\/wp\/v2\/product_cat?post=18135"},{"taxonomy":"product_tag","embeddable":true,"href":"https:\/\/oudianvalve.com\/pt\/wp-json\/wp\/v2\/product_tag?post=18135"}],"curies":[{"name":"wp","href":"https:\/\/api.w.org\/{rel}","templated":true}]}}