{"id":18130,"date":"2023-06-21T01:23:56","date_gmt":"2023-06-21T01:23:56","guid":{"rendered":"https:\/\/oudianvalve.com\/?post_type=product&#038;p=18130"},"modified":"2023-06-21T01:28:42","modified_gmt":"2023-06-21T01:28:42","slug":"duplex-2205-ball-valve150lb6-inchflange-end","status":"publish","type":"product","link":"https:\/\/oudianvalve.com\/pt\/products\/ball-valves\/duplex-2205-ball-valve150lb6-inchflange-end\/","title":{"rendered":"V\u00e1lvula de esfera duplex 2205, 150LB, 6 polegadas, extremidade do flange"},"content":{"rendered":"<p>Padr\u00e3o de design e fabrica\u00e7\u00e3o: API 6D, API 608, BS 5351\/DIN3357\/JIS B2071<\/p>\n<p>Padr\u00e3o de press\u00e3o e temperatura: ASME B16.34\/DIN3230<\/p>\n<p>Padr\u00e3o de dimens\u00e3o face a face: ASME B16.10\/DIN3202\/JIS B2002<\/p>\n<p>Padr\u00e3o de flange: ASME B16.5, ASME B16.47\/DIN2543-2545-2501\/JIS B2220<\/p>\n<p>Padr\u00e3o de teste e inspe\u00e7\u00e3o: API 598, API 6D\/DIN2401\/JIS B2003.<\/p>\n<p>Tamanho: 1\/2\u201d-10\u201d(DN15~DN250)<\/p>\n<p>Classifica\u00e7\u00e3o de press\u00e3o: 150LB-600LB\/PN16~PN100\/10K~60K)<\/p>\n<p>Material: Duplex S31803 \u3001 Super Duplex S32750 \u3001 Super Duplex S327601A \u3001 2A \u3001 3A \u3001 4A \u3001 5A \u3001 6A \u3001 1B \u3001 1C, CD4MCu \u3001 CD4MCuN \u3001 CD3MCuN \u3001 CE8MN \u3001 CD6MN \u3001 CD3MN \u3001 CE3MN \u3001 CD3MWCuNF51 \u3001 F53 \u3001 F55 \u3001 F60<\/p>\n<p>Temperatura adequada: -196\u00baC~450\u00baC( Temperaturas diferentes escolhem materiais diferentes).<\/p>\n<p>Meio Adequado: \u00c1gua, Vapor, Petr\u00f3leo e g\u00e1s natural, etc.<\/p>\n<p>A v\u00e1lvula esf\u00e9rica selada r\u00edgida 2205 adota uma estrutura exc\u00eantrica. Durante o processo de fechamento, a rela\u00e7\u00e3o de press\u00e3o de veda\u00e7\u00e3o entre a sede da v\u00e1lvula e a esfera aumenta rapidamente, garantindo a veda\u00e7\u00e3o confi\u00e1vel do par de veda\u00e7\u00e3o. Quando a v\u00e1lvula \u00e9 aberta, a sede da v\u00e1lvula e a esfera podem se soltar rapidamente, reduzindo efetivamente o torque operacional e minimizando a possibilidade de controle de danos entre a superf\u00edcie da sede da v\u00e1lvula e a superf\u00edcie esf\u00e9rica. A v\u00e1lvula esfera 2205 com veda\u00e7\u00e3o r\u00edgida adota uma estrutura de carga el\u00e1stica, garantindo o contato entre a superf\u00edcie de veda\u00e7\u00e3o da superf\u00edcie esf\u00e9rica e a veda\u00e7\u00e3o da sede larga sob condi\u00e7\u00f5es normais de fechamento. Sob condi\u00e7\u00f5es de alta temperatura, pode compensar efetivamente a expans\u00e3o t\u00e9rmica dos componentes internos, evitar obstru\u00e7\u00f5es causadas por altas temperaturas e \u00e9 adequado para aplica\u00e7\u00f5es de alta temperatura em portas de pequeno e m\u00e9dio porte.<br \/>\nA superf\u00edcie esf\u00e9rica da v\u00e1lvula esf\u00e9rica selada r\u00edgida 2205 adota tratamento de endurecimento especial, e a sede da v\u00e1lvula \u00e9 feita de materiais duros especiais ou materiais duros empilhados localmente para garantir uma diferen\u00e7a de dureza adequada entre os pares de veda\u00e7\u00e3o. Al\u00e9m do tratamento de superf\u00edcie especial na superf\u00edcie da esfera e da sede da v\u00e1lvula, a v\u00e1lvula esf\u00e9rica com veda\u00e7\u00e3o r\u00edgida 2205 utiliza grafite flex\u00edvel, juntas met\u00e1licas, etc. em outros materiais de veda\u00e7\u00e3o, tornando-a adequada para condi\u00e7\u00f5es de alta temperatura e alta press\u00e3o e tem um fun\u00e7\u00e3o de queima resistente ao fogo.<br \/>\nA v\u00e1lvula de esfera 2205 com veda\u00e7\u00e3o r\u00edgida tem boa resist\u00eancia a meios contendo elementos CL, como \u00e1gua do mar, cloreto, etc. \u00c9 um a\u00e7o inoxid\u00e1vel duplex composto de cromo 22%, liga de nitrog\u00eanio 2.5% e 4.5%. Possui alta resist\u00eancia, boa tenacidade ao impacto e boa resist\u00eancia \u00e0 corros\u00e3o sob tens\u00e3o geral e local.<\/p>\n<p>V\u00e1lvula esfera Duplex 2205 Componentes principais: 22C-5 3N-3 2M0-0 16N: Padr\u00f5es nacionais: NAS 329J3L UNS S32205S31803 DINEN 1 4462 ASTM A240 ASME SA-240; Propriedades mec\u00e2nicas: resist\u00eancia \u00e0 tra\u00e7\u00e3o: b2640Mpa; Taxa de alongamento: 225%; Condi\u00e7\u00f5es operacionais t\u00edpicas: \u00e1cido dilu\u00eddo 20%, abaixo de 60, taxa de corros\u00e3o anual &lt;0,1 mm; Fio de soldagem de suporte: ER2209. Cs0,030 Mn&lt;2,00 Si1,00 ps0,030 SS0,020 r 22,0 23,0 Ni 4,5 6,5 M3,0~3,5 N0,140,20 (tipo ferrite austenita)<\/p>\n<p>V\u00e1lvula de esfera duplex 2205<br \/>\nIntrodu\u00e7\u00e3o de dados:<br \/>\nTamb\u00e9m conhecida como v\u00e1lvula de esfera de material 4A, possui excelente resist\u00eancia \u00e0 corros\u00e3o. \u00c9 uma chave manual, v\u00e1lvula esf\u00e9rica com flange flutuante, PTFE selado e fabricada em a\u00e7o 2205 bif\u00e1sico. Pode ser usado em meio solvente \u00e1cido, com press\u00e3o de PN16-25, Classe 150LB ~ 300LB e di\u00e2metro de DN15-DN100. \u00c9 usado principalmente em ind\u00fastrias de energia, petr\u00f3leo, qu\u00edmica, g\u00e1s e outras ind\u00fastrias<br \/>\nDesempenha um papel no corte e conex\u00e3o de tubula\u00e7\u00f5es, e a vaz\u00e3o das v\u00e1lvulas de esfera \u00e9 alta<\/p>\n<p>3\u3001 Caracter\u00edsticas da v\u00e1lvula esfera Duplex 2205<br \/>\n1. Estrutura simples, peso leve e baixa resist\u00eancia ao fluxo<br \/>\n2. Adotando veda\u00e7\u00e3o de pl\u00e1stico industrial ou materiais de veda\u00e7\u00e3o r\u00edgidos, com bom desempenho de veda\u00e7\u00e3o.<br \/>\n3. Opera\u00e7\u00e3o simples, abertura e fechamento r\u00e1pidos e longa vida \u00fatil<br \/>\n4. Quando a estrutura da v\u00e1lvula esf\u00e9rica est\u00e1 totalmente aberta ou totalmente fechada, a sede da v\u00e1lvula \u00e9 vedada e isolada do meio, tornando-a menos suscet\u00edvel \u00e0 corros\u00e3o do meio ou danos por fric\u00e7\u00e3o.<br \/>\n5. Estrutura de retorno por mola, design razo\u00e1vel e forte praticidade.<\/p>\n<p>&nbsp;<\/p>","protected":false},"excerpt":{"rendered":"<p>A v\u00e1lvula de esfera de a\u00e7o inoxid\u00e1vel duplex em liga 2205 tem excelente resist\u00eancia \u00e0 corros\u00e3o sob tens\u00e3o e resist\u00eancia \u00fatil \u00e0 corros\u00e3o por corros\u00e3o. Possui um alto limite de escoamento que pode ser normalmente 25% \u2013 50% maior do que o a\u00e7o inoxid\u00e1vel austen\u00edtico convencional.<\/p>\n<p>Esfera flutuante, furo completo ou furo reduzido.<br \/>\nAlmofada de montagem ISO5211 para op\u00e7\u00e3o.<br \/>\nDesign de haste \u00e0 prova de explos\u00e3o.<br \/>\nVeda\u00e7\u00e3o da sede em PTFE\/RPTFE (o material da veda\u00e7\u00e3o da sede pode ser decidido a pedido do cliente ou de acordo com a condi\u00e7\u00e3o m\u00e9dia e de temperatura da v\u00e1lvula).<br \/>\nDesign antiest\u00e1tico e API 607 Fire Safe<br \/>\nProjeto dispon\u00edvel Opera\u00e7\u00e3o: Volante, Roda sem-fim, Atuador pneum\u00e1tico e Atuador el\u00e9trico.<\/p>","protected":false},"featured_media":18131,"template":"","meta":{"advanced_seo_description":"","jetpack_seo_html_title":"","jetpack_seo_noindex":false},"product_brand":[],"product_cat":[83],"product_tag":[188,189,187,190],"class_list":{"0":"post-18130","1":"product","2":"type-product","3":"status-publish","4":"has-post-thumbnail","6":"product_cat-ball-valves","7":"product_tag-150lb-duplex-2205-ball-valve","8":"product_tag-6-inch-duplex-2205-ball-valve","9":"product_tag-duplex-2205-ball-valve","10":"product_tag-flange-end-duplex-2205-ball-valve","12":"first","13":"instock","14":"shipping-taxable","15":"product-type-simple"},"jetpack_sharing_enabled":true,"_links":{"self":[{"href":"https:\/\/oudianvalve.com\/pt\/wp-json\/wp\/v2\/product\/18130","targetHints":{"allow":["GET"]}}],"collection":[{"href":"https:\/\/oudianvalve.com\/pt\/wp-json\/wp\/v2\/product"}],"about":[{"href":"https:\/\/oudianvalve.com\/pt\/wp-json\/wp\/v2\/types\/product"}],"wp:featuredmedia":[{"embeddable":true,"href":"https:\/\/oudianvalve.com\/pt\/wp-json\/wp\/v2\/media\/18131"}],"wp:attachment":[{"href":"https:\/\/oudianvalve.com\/pt\/wp-json\/wp\/v2\/media?parent=18130"}],"wp:term":[{"taxonomy":"product_brand","embeddable":true,"href":"https:\/\/oudianvalve.com\/pt\/wp-json\/wp\/v2\/product_brand?post=18130"},{"taxonomy":"product_cat","embeddable":true,"href":"https:\/\/oudianvalve.com\/pt\/wp-json\/wp\/v2\/product_cat?post=18130"},{"taxonomy":"product_tag","embeddable":true,"href":"https:\/\/oudianvalve.com\/pt\/wp-json\/wp\/v2\/product_tag?post=18130"}],"curies":[{"name":"wp","href":"https:\/\/api.w.org\/{rel}","templated":true}]}}