{"id":18128,"date":"2023-06-21T01:01:55","date_gmt":"2023-06-21T01:01:55","guid":{"rendered":"https:\/\/oudianvalve.com\/?post_type=product&#038;p=18128"},"modified":"2023-06-21T01:01:55","modified_gmt":"2023-06-21T01:01:55","slug":"astm-a890-gr-ce3mn-ball-valve-50lb-1-inch-flange-end","status":"publish","type":"product","link":"https:\/\/oudianvalve.com\/pt\/products\/ball-valves\/astm-a890-gr-ce3mn-ball-valve-50lb-1-inch-flange-end\/","title":{"rendered":"V\u00e1lvula de esfera ASTM A890 GR.CE3MN, 150LB, 1 polegada, extremidade do flange"},"content":{"rendered":"<p>Padr\u00e3o de design e fabrica\u00e7\u00e3o: API 6D, API 608, BS 5351\/DIN3357\/JIS B2071<\/p>\n<p>Padr\u00e3o de press\u00e3o e temperatura: ASME B16.34\/DIN3230<\/p>\n<p>Padr\u00e3o de dimens\u00e3o face a face: ASME B16.10\/DIN3202\/JIS B2002<\/p>\n<p>Padr\u00e3o de flange: ASME B16.5, ASME B16.47\/DIN2543-2545-2501\/JIS B2220<\/p>\n<p>Padr\u00e3o de teste e inspe\u00e7\u00e3o: API 598, API 6D\/DIN2401\/JIS B2003.<\/p>\n<p>Tamanho: 1\/2\u201d-10\u201d(DN15~DN250)<\/p>\n<p>Classifica\u00e7\u00e3o de press\u00e3o: 150LB-600LB\/PN16~PN100\/10K~60K)<\/p>\n<p>Material: Duplex S31803 \u3001 Super Duplex S32750 \u3001 Super Duplex S327601A \u3001 2A \u3001 3A \u3001 4A \u3001 5A \u3001 6A \u3001 1B \u3001 1C, CD4MCu \u3001 CD4MCuN \u3001 CD3MCuN \u3001 CE8MN \u3001 CD6MN \u3001 CD3MN \u3001 CE3MN \u3001 CD3MWCuNF51 \u3001 F53 \u3001 F55 \u3001 F60<\/p>\n<p>Temperatura adequada: -196\u00baC~450\u00baC( Temperaturas diferentes escolhem materiais diferentes).<\/p>\n<p>Meio Adequado: \u00c1gua, Vapor, Petr\u00f3leo e g\u00e1s natural, etc.<\/p>\n<p>&nbsp;<\/p>\n<p>A v\u00e1lvula esf\u00e9rica padr\u00e3o americano CE3MN e os componentes do corpo da v\u00e1lvula esf\u00e9rica duplex em a\u00e7o inoxid\u00e1vel s\u00e3o integralmente fundidos usando pe\u00e7as fundidas como a\u00e7o duplex SAF2507 ou ASTMA995 GRAU 5ACE3MN, ou s\u00e3o integralmente forjados usando materiais forjados como F50, F51, F53, F55, F60, e F61 da ASTMA182 (Sociedade Americana de Testes e Materiais). A v\u00e1lvula de esfera de padr\u00e3o americano de a\u00e7o duplex 5A \u00e9 particularmente adequada para ambientes m\u00e9dios, como \u00e1gua do mar, com alto teor de \u00edons cloreto e teor de sulfeto, usada em condi\u00e7\u00f5es relativamente adversas. O a\u00e7o superdupla 5A combina as vantagens da ferrita e do a\u00e7o inoxid\u00e1vel austen\u00edtico, possuindo alta resist\u00eancia mec\u00e2nica e excelente resist\u00eancia \u00e0 corros\u00e3o, al\u00e9m de superplasticidade, alta tenacidade e alta resist\u00eancia. N\u00e3o \u00e9 apenas adequado para uso em ambientes perigosos onde ocorrem corros\u00e3o intergranular, corros\u00e3o em frestas, corros\u00e3o por pite e fissura\u00e7\u00e3o por corros\u00e3o sob tens\u00e3o, mas tamb\u00e9m \u00e9 aplicado em \u00e1reas como sistemas de resfriamento el\u00e9trico de \u00e1gua do mar contra inc\u00eandio, petr\u00f3leo e g\u00e1s, petroqu\u00edmica, qu\u00edmica, fabrica\u00e7\u00e3o de papel, e sistemas de \u00e1gua do mar Nas \u00e1reas de tratamento de \u00e1guas residuais, navios de transporte de produtos qu\u00edmicos, oleodutos e gasodutos e \u00e1reas afins.<\/p>\n<p>Relacionado ao material de a\u00e7o de fase dupla da v\u00e1lvula de esfera CE3MN:<br \/>\nN\u00famero do material: A890 5A (25Cr-7Ni Mo-N), padr\u00e3o: ASTM A890, ali\u00e1s: CE3MN\/J93404CE3MN, composi\u00e7\u00e3o qu\u00edmica: carbono C: 0,03; Sil\u00edcio Si: 1,00; Mn: 1,50: f\u00f3sforo P:. 040 S: 0,040: Cr: 24,00-26,00: prata Mo: 4,00-5,00: n\u00edquel Ni: 6,00-8,00; Cobre Cu: \u2013; Nitrog\u00eanio N: 0,10-0,30;<\/p>","protected":false},"excerpt":{"rendered":"<p>Esfera flutuante, furo completo ou furo reduzido.<br \/>\nAlmofada de montagem ISO5211 para op\u00e7\u00e3o.<br \/>\nDesign de haste \u00e0 prova de explos\u00e3o.<br \/>\nVeda\u00e7\u00e3o da sede em PTFE\/RPTFE (o material da veda\u00e7\u00e3o da sede pode ser decidido a pedido do cliente ou de acordo com a condi\u00e7\u00e3o m\u00e9dia e de temperatura da v\u00e1lvula).<br \/>\nDesign antiest\u00e1tico e API 607 Fire Safe<br \/>\nProjeto dispon\u00edvel Opera\u00e7\u00e3o: Volante, Roda sem-fim, Atuador pneum\u00e1tico e Atuador el\u00e9trico.<\/p>","protected":false},"featured_media":18129,"template":"","meta":{"advanced_seo_description":"","jetpack_seo_html_title":"","jetpack_seo_noindex":false},"product_brand":[],"product_cat":[83],"product_tag":[186,184,183,182,185],"class_list":{"0":"post-18128","1":"product","2":"type-product","3":"status-publish","4":"has-post-thumbnail","6":"product_cat-ball-valves","7":"product_tag-1-inch-a890-gr-ce3mn-ball-valve","8":"product_tag-150lb-5a-ball-valve","9":"product_tag-150lb-a890-gr-ce3mn-ball-valve","10":"product_tag-a890-gr-ce3mn-ball-valve","11":"product_tag-flange-end-a890-gr-ce3mn-ball-valve","13":"first","14":"instock","15":"shipping-taxable","16":"product-type-simple"},"jetpack_sharing_enabled":true,"_links":{"self":[{"href":"https:\/\/oudianvalve.com\/pt\/wp-json\/wp\/v2\/product\/18128","targetHints":{"allow":["GET"]}}],"collection":[{"href":"https:\/\/oudianvalve.com\/pt\/wp-json\/wp\/v2\/product"}],"about":[{"href":"https:\/\/oudianvalve.com\/pt\/wp-json\/wp\/v2\/types\/product"}],"wp:featuredmedia":[{"embeddable":true,"href":"https:\/\/oudianvalve.com\/pt\/wp-json\/wp\/v2\/media\/18129"}],"wp:attachment":[{"href":"https:\/\/oudianvalve.com\/pt\/wp-json\/wp\/v2\/media?parent=18128"}],"wp:term":[{"taxonomy":"product_brand","embeddable":true,"href":"https:\/\/oudianvalve.com\/pt\/wp-json\/wp\/v2\/product_brand?post=18128"},{"taxonomy":"product_cat","embeddable":true,"href":"https:\/\/oudianvalve.com\/pt\/wp-json\/wp\/v2\/product_cat?post=18128"},{"taxonomy":"product_tag","embeddable":true,"href":"https:\/\/oudianvalve.com\/pt\/wp-json\/wp\/v2\/product_tag?post=18128"}],"curies":[{"name":"wp","href":"https:\/\/api.w.org\/{rel}","templated":true}]}}