{"id":18090,"date":"2023-06-20T04:31:48","date_gmt":"2023-06-20T04:31:48","guid":{"rendered":"https:\/\/oudianvalve.com\/?post_type=product&#038;p=18090"},"modified":"2023-06-20T04:31:49","modified_gmt":"2023-06-20T04:31:49","slug":"din3352-swing-check-valve-dn500-pn100","status":"publish","type":"product","link":"https:\/\/oudianvalve.com\/pt\/products\/check-valves\/din3352-swing-check-valve-dn500-pn100\/","title":{"rendered":"V\u00e1lvula de reten\u00e7\u00e3o oscilante DIN3352, DN500, PN100"},"content":{"rendered":"<p>Padr\u00e3o de projeto: DIN3352, BS EN1868<br \/>\nFaixa de tamanho: DN50 a DN 1200<br \/>\nFaixa de press\u00e3o: PN 10 a PN160<br \/>\nConex\u00f5es finais: RF flangeado, RTJ, solda de topo<br \/>\nDimens\u00f5es finais flangeadas: DIN2543, BS EN 1092-1<br \/>\nDimens\u00f5es da extremidade da solda de topo: EN 12627<br \/>\nDimens\u00f5es face a face: DIN3202, BS EN 558-1<br \/>\nInspe\u00e7\u00e3o e Teste: BS EN 12266-1, DIN 3230<br \/>\nMateriais: 1.4301, 1.4306, 1.4401, 1.4404, 1.0619, 1.7357, 1.4552, 1.4107.<\/p>\n<p>Meio: a v\u00e1lvula \u00e9 adequada para v\u00e1rios meios, incluindo \u00e1gua, vapor, \u00f3leo, g\u00e1s, produtos petrol\u00edferos, \u00e1cido n\u00edtrico, \u00e1cido ac\u00e9tico, etc. Temperatura de trabalho: de -46\u00baC ou -50\u00baC (constru\u00e7\u00f5es em a\u00e7o inoxid\u00e1vel) e -29\u00baC ou -46\u00baC ( constru\u00e7\u00f5es em a\u00e7o carbono) at\u00e9 600\u2103<\/p>","protected":false},"excerpt":{"rendered":"<p>Design DIN 3352, face a face EN 558-1, flanges finais EN 1092-1, extremidades soldadas a topo EN 12627, inspe\u00e7\u00e3o e teste EN 12266-1 1. Furo total (FB) 2. Castelo aparafusado 3. Adapt\u00e1vel a horizontal e vertical instala\u00e7\u00f5es<\/p>","protected":false},"featured_media":18091,"template":"","meta":{"advanced_seo_description":"","jetpack_seo_html_title":"","jetpack_seo_noindex":false},"product_brand":[],"product_cat":[82],"product_tag":[163,164,165,166,167,168,169],"class_list":{"0":"post-18090","1":"product","2":"type-product","3":"status-publish","4":"has-post-thumbnail","6":"product_cat-check-valves","7":"product_tag-din-check-valve","8":"product_tag-din-swing-check-valves","9":"product_tag-din3202-f1","10":"product_tag-din3202-f6-check-valves","11":"product_tag-din3352-swing-check-valve","12":"product_tag-dn500-swing-check-valve","13":"product_tag-pn100-swing-check-valve","15":"first","16":"instock","17":"shipping-taxable","18":"product-type-simple"},"jetpack_sharing_enabled":true,"_links":{"self":[{"href":"https:\/\/oudianvalve.com\/pt\/wp-json\/wp\/v2\/product\/18090","targetHints":{"allow":["GET"]}}],"collection":[{"href":"https:\/\/oudianvalve.com\/pt\/wp-json\/wp\/v2\/product"}],"about":[{"href":"https:\/\/oudianvalve.com\/pt\/wp-json\/wp\/v2\/types\/product"}],"wp:featuredmedia":[{"embeddable":true,"href":"https:\/\/oudianvalve.com\/pt\/wp-json\/wp\/v2\/media\/18091"}],"wp:attachment":[{"href":"https:\/\/oudianvalve.com\/pt\/wp-json\/wp\/v2\/media?parent=18090"}],"wp:term":[{"taxonomy":"product_brand","embeddable":true,"href":"https:\/\/oudianvalve.com\/pt\/wp-json\/wp\/v2\/product_brand?post=18090"},{"taxonomy":"product_cat","embeddable":true,"href":"https:\/\/oudianvalve.com\/pt\/wp-json\/wp\/v2\/product_cat?post=18090"},{"taxonomy":"product_tag","embeddable":true,"href":"https:\/\/oudianvalve.com\/pt\/wp-json\/wp\/v2\/product_tag?post=18090"}],"curies":[{"name":"wp","href":"https:\/\/api.w.org\/{rel}","templated":true}]}}