{"id":18086,"date":"2023-06-20T02:52:15","date_gmt":"2023-06-20T02:52:15","guid":{"rendered":"https:\/\/oudianvalve.com\/?post_type=product&#038;p=18086"},"modified":"2023-06-20T02:55:41","modified_gmt":"2023-06-20T02:55:41","slug":"swing-check-valve-astm-a217-gr-c5-8-inch-300-lb","status":"publish","type":"product","link":"https:\/\/oudianvalve.com\/pt\/products\/check-valves\/swing-check-valve-astm-a217-gr-c5-8-inch-300-lb\/","title":{"rendered":"V\u00e1lvula de reten\u00e7\u00e3o oscilante, ASTM A217 Gr. C5,8 polegadas, 300 libras"},"content":{"rendered":"<p>Padr\u00e3o de projeto: BS 1868 ou API 6D<br \/>\nClassifica\u00e7\u00f5es de press\u00e3o-temperatura: ASME B16.34<br \/>\nFaixa de tamanho: 2\u201d a 48\u201d<br \/>\nFaixa de press\u00e3o: Classe 150 a 2500<br \/>\nConex\u00f5es finais: RF flangeado, RTJ, FF, solda de topo<br \/>\nCap\u00f4: Castelo aparafusado ou com veda\u00e7\u00e3o de press\u00e3o<br \/>\nDimens\u00f5es da extremidade flangeada: ASME B16.5 (\u226424\u201d), ASME B16.47 S\u00e9rie A ou B (&gt;24\u201d)<br \/>\nDimens\u00f5es da extremidade da solda de topo: ASME B16.25 face a face<br \/>\nDimens\u00f5es face a face: ASME B16.10<br \/>\nInspe\u00e7\u00e3o e Teste: API 598, API 6D<br \/>\nMateriais do corpo: ASTM A216 WCB, ASTM A216 WCC, ASTM A217 WC6, ASTM A217 WC9,<br \/>\nASTM A217 C5, ASTM A217 C12A, ASTM A352 LCB, ASTM A352 LCC<br \/>\nASTM A351 CF8, ASTM A351 CF8M, ASTM A351 CF3M, ASTM A351 CF8C<br \/>\nCN3MN, CK3MCUN, CN7M, ASTM A890 4A(CD3MN), ASTM A890 5A(CE3MN),<br \/>\nASTM A890 6A(CD3MWCuN)<br \/>\nASTM B148 C95800, ASTM B148 C95500.<br \/>\nMateriais de acabamento: 1#, 5#, 8#, 10#, 12#, 16#<br \/>\nMateriais de aparafusamento: ASTM A193 B7, B7M, B8, B8M \/ ASTM A194 2H, 2HM, 8, 8M.<br \/>\nNACEMR0175<br \/>\nTemperatura de projeto: -196\u00b0C \u2013 593\u00b0C.<\/p>","protected":false},"excerpt":{"rendered":"<p>Cap\u00f4 aparafusado<br \/>\nFuro completo API 6D, furo padr\u00e3o BS 1868<br \/>\nEixo interno ou eixo externo<br \/>\nAlavanca montada + contrapeso fora do eixo<br \/>\nV\u00e1lvulas de reten\u00e7\u00e3o de grandes dimens\u00f5es montadas com cilindro de amortecimento hidr\u00e1ulico<\/p>","protected":false},"featured_media":18087,"template":"","meta":{"advanced_seo_description":"","jetpack_seo_html_title":"","jetpack_seo_noindex":false},"product_brand":[],"product_cat":[82],"product_tag":[159,90,158],"class_list":{"0":"post-18086","1":"product","2":"type-product","3":"status-publish","4":"has-post-thumbnail","6":"product_cat-check-valves","7":"product_tag-300lb-swing-check-valve","8":"product_tag-8-inch-swing-check-valve","9":"product_tag-astm-a217-gr-c5-swing-check-valve","11":"first","12":"instock","13":"shipping-taxable","14":"product-type-simple"},"jetpack_sharing_enabled":true,"_links":{"self":[{"href":"https:\/\/oudianvalve.com\/pt\/wp-json\/wp\/v2\/product\/18086","targetHints":{"allow":["GET"]}}],"collection":[{"href":"https:\/\/oudianvalve.com\/pt\/wp-json\/wp\/v2\/product"}],"about":[{"href":"https:\/\/oudianvalve.com\/pt\/wp-json\/wp\/v2\/types\/product"}],"wp:featuredmedia":[{"embeddable":true,"href":"https:\/\/oudianvalve.com\/pt\/wp-json\/wp\/v2\/media\/18087"}],"wp:attachment":[{"href":"https:\/\/oudianvalve.com\/pt\/wp-json\/wp\/v2\/media?parent=18086"}],"wp:term":[{"taxonomy":"product_brand","embeddable":true,"href":"https:\/\/oudianvalve.com\/pt\/wp-json\/wp\/v2\/product_brand?post=18086"},{"taxonomy":"product_cat","embeddable":true,"href":"https:\/\/oudianvalve.com\/pt\/wp-json\/wp\/v2\/product_cat?post=18086"},{"taxonomy":"product_tag","embeddable":true,"href":"https:\/\/oudianvalve.com\/pt\/wp-json\/wp\/v2\/product_tag?post=18086"}],"curies":[{"name":"wp","href":"https:\/\/api.w.org\/{rel}","templated":true}]}}