{"id":18084,"date":"2023-06-20T02:23:39","date_gmt":"2023-06-20T02:23:39","guid":{"rendered":"https:\/\/oudianvalve.com\/?post_type=product&#038;p=18084"},"modified":"2023-06-20T02:23:40","modified_gmt":"2023-06-20T02:23:40","slug":"600lb-y-type-globe-valve-wcb-4-inch-gear-box","status":"publish","type":"product","link":"https:\/\/oudianvalve.com\/pt\/products\/globe-valves\/600lb-y-type-globe-valve-wcb-4-inch-gear-box\/","title":{"rendered":"V\u00e1lvula globo tipo Y 600LB, WCB, 4 polegadas, caixa de engrenagens"},"content":{"rendered":"<p>Padr\u00e3o de Projeto: API 623-2013<br \/>\nClassifica\u00e7\u00f5es de press\u00e3o-temperatura: ASME B16.34<br \/>\nFaixa de tamanho: 2\u201d a 28\u201d<br \/>\nFaixa de press\u00e3o: Classe 150 a 2500<br \/>\nConex\u00f5es finais: RF flangeado, RTJ, solda de topo<br \/>\nDimens\u00f5es da extremidade flangeada: ASME B16.5 (\u226424\u201d), ASME B16.47 S\u00e9rie A ou B (&gt;24\u201d)<br \/>\nDimens\u00f5es da extremidade da solda de topo: ASME B16.25 face a face<br \/>\nDimens\u00f5es face a face: ASME B16.10<br \/>\nInspe\u00e7\u00e3o e Teste: API 598<br \/>\nMateriais do corpo: WCB, WCC, LCB, LCC, WC6, WC9, CF8, CF3, CF3M, CF8M, A995 4A, 5A, 6A, C95800, INCONEL 625, INCONEL 825, Hastelloy C, MONEL.<br \/>\nMateriais de acabamento: 1#, 5#, 8#, 10#, 12#, 16#<br \/>\nMateriais de embalagem: grafite, grafite com fio de inconel, PTFE<\/p>\n<p>&nbsp;<\/p>\n<p>A v\u00e1lvula globo tipo Y \u00e9 adequada para cortar ou conectar meios em tubula\u00e7\u00f5es com uma press\u00e3o nominal de 150LB-2500LB e uma temperatura de trabalho de -29 ~ 550 \u2103 em v\u00e1rias condi\u00e7\u00f5es de trabalho, como ind\u00fastrias de petr\u00f3leo, qu\u00edmica, farmac\u00eautica, fertilizantes e energia. Os meios aplic\u00e1veis incluem \u00e1gua, \u00f3leo, vapor, meios \u00e1cidos, etc. Os m\u00e9todos de opera\u00e7\u00e3o incluem manual, pneum\u00e1tico e el\u00e9trico.<\/p>","protected":false},"excerpt":{"rendered":"<p>A v\u00e1lvula globo tipo Y tem uma estrutura razo\u00e1vel, veda\u00e7\u00e3o confi\u00e1vel, excelente desempenho, bela apar\u00eancia e fabrica\u00e7\u00e3o e manuten\u00e7\u00e3o convenientes;<br \/>\nPequeno curso de trabalho e curto tempo de abertura e fechamento.<br \/>\nA superf\u00edcie de veda\u00e7\u00e3o \u00e9 soldada com liga dura Stellite, que \u00e9 resistente ao desgaste, \u00e0 corros\u00e3o e tem boa resist\u00eancia ao atrito e longa vida \u00fatil<\/p>","protected":false},"featured_media":18085,"template":"","meta":{"advanced_seo_description":"","jetpack_seo_html_title":"","jetpack_seo_noindex":false},"product_brand":[],"product_cat":[80],"product_tag":[154,152,155,153],"class_list":{"0":"post-18084","1":"product","2":"type-product","3":"status-publish","4":"has-post-thumbnail","6":"product_cat-globe-valves","7":"product_tag-4-inch-600lb-y-type-globe-valve","8":"product_tag-600lb-y-type-globe-valve","9":"product_tag-gear-box-600lb-y-type-globe-valve","10":"product_tag-wcb-y-type-globe-valve","12":"first","13":"instock","14":"shipping-taxable","15":"product-type-simple"},"jetpack_sharing_enabled":true,"_links":{"self":[{"href":"https:\/\/oudianvalve.com\/pt\/wp-json\/wp\/v2\/product\/18084","targetHints":{"allow":["GET"]}}],"collection":[{"href":"https:\/\/oudianvalve.com\/pt\/wp-json\/wp\/v2\/product"}],"about":[{"href":"https:\/\/oudianvalve.com\/pt\/wp-json\/wp\/v2\/types\/product"}],"wp:featuredmedia":[{"embeddable":true,"href":"https:\/\/oudianvalve.com\/pt\/wp-json\/wp\/v2\/media\/18085"}],"wp:attachment":[{"href":"https:\/\/oudianvalve.com\/pt\/wp-json\/wp\/v2\/media?parent=18084"}],"wp:term":[{"taxonomy":"product_brand","embeddable":true,"href":"https:\/\/oudianvalve.com\/pt\/wp-json\/wp\/v2\/product_brand?post=18084"},{"taxonomy":"product_cat","embeddable":true,"href":"https:\/\/oudianvalve.com\/pt\/wp-json\/wp\/v2\/product_cat?post=18084"},{"taxonomy":"product_tag","embeddable":true,"href":"https:\/\/oudianvalve.com\/pt\/wp-json\/wp\/v2\/product_tag?post=18084"}],"curies":[{"name":"wp","href":"https:\/\/api.w.org\/{rel}","templated":true}]}}