{"id":18079,"date":"2023-06-20T01:40:46","date_gmt":"2023-06-20T01:40:46","guid":{"rendered":"https:\/\/oudianvalve.com\/?post_type=product&#038;p=18079"},"modified":"2023-06-20T02:08:50","modified_gmt":"2023-06-20T02:08:50","slug":"pressure-seal-bonnet-swing-check-valve-a216-wcb-6-in-cl1500","status":"publish","type":"product","link":"https:\/\/oudianvalve.com\/pt\/products\/check-valves\/pressure-seal-bonnet-swing-check-valve-a216-wcb-6-in-cl1500\/","title":{"rendered":"V\u00e1lvula de reten\u00e7\u00e3o oscilante do castelo com veda\u00e7\u00e3o de press\u00e3o, A216 WCB, 6 IN CL1500"},"content":{"rendered":"<p>Padr\u00e3o de projeto: Padr\u00e3o de projeto: API 600, ASME B16.34\/E101<br \/>\nTipo de produto: V\u00e1lvula gaveta.<br \/>\nFaixa de tamanho: NPS 2 \u2013 60 polegadas, DN50 \u2013 DN1500.<br \/>\nPress\u00e3o de projeto: Classe 150 \u2013 2500 LB, PN10 \u2013 PN420.<br \/>\nTemperatura de projeto: -196\u00b0C \u2013 573\u00b0C.<br \/>\nMaterial: ASTM A216 WCB, ASTM A216 WCC, ASTM A217 WC6, ASTM A217 WC9, ASTM A217 C5, ASTM A217 C12A, ASTM A352 LCB, ASTM A352 LCC, ASTM A351 CF8, ASTM A351 CF8M, ASTM A351 CF3M, ASTM A351 CF8C, CN3MN, CK3MCUN, CN7M, ASTM A890 4A (CD3MN), ASTM A890 5A (CE3MN), ASTM A890 6A (CD3MWCuN), ASTM B148 C95800, ASTM B148 C95500.<br \/>\nExtremidade da conex\u00e3o: s\u00e9rie ASME B16.5, ASME B16.25, EN1092.<br \/>\nFuncionamento: Volante, caixa de velocidades, el\u00e9ctrico.<br \/>\nAplica\u00e7\u00e3o: Energia el\u00e9trica, refino de petr\u00f3leo, engenharia petroqu\u00edmica, petr\u00f3leo offshore, engenharia qu\u00edmica.<\/p>\n<p>Resumo do Produto:<\/p>\n<p>O tubo de ramal da v\u00e1lvula de reten\u00e7\u00e3o oscilante da tampa de veda\u00e7\u00e3o de press\u00e3o \u00e9 uma estrutura soldada e a ranhura soldada pode ser feita de acordo com os padr\u00f5es ou requisitos do usu\u00e1rio. Possui vantagens como resist\u00eancia ao desgaste, resist\u00eancia a altas temperaturas, resist\u00eancia \u00e0 corros\u00e3o, resist\u00eancia a arranh\u00f5es e longa vida \u00fatil. \u00c9 aplic\u00e1vel aos tubos de \u00e1gua de alta temperatura e alta press\u00e3o, vapor, produtos petrol\u00edferos e vapor superaquecido em usinas termel\u00e9tricas, petroqu\u00edmicas, metalurgia e outras usinas termel\u00e9tricas com press\u00e3o de trabalho de Classe 15002500 e temperatura de trabalho de -29 ~ 570 \u2103, como um dispositivo para evitar o refluxo da m\u00eddia.<\/p>\n<p>Caracter\u00edsticas do produto:<\/p>\n<p>1. O projeto e a fabrica\u00e7\u00e3o do produto est\u00e3o de acordo com os padr\u00f5es ANSI B16.34 e E101 e podem ser equipados com equipamentos importados para uso. 2. Adotando uma estrutura de autoveda\u00e7\u00e3o de press\u00e3o, a veda\u00e7\u00e3o \u00e9 confi\u00e1vel e adequada para condi\u00e7\u00f5es de trabalho de ultra-alta press\u00e3o e alta temperatura.<br \/>\n3. As superf\u00edcies de veda\u00e7\u00e3o do disco da v\u00e1lvula e da sede da v\u00e1lvula s\u00e3o feitas de soldagem de sobreposi\u00e7\u00e3o de liga dura \u00e0 base de cobalto Stellite, que \u00e9 resistente ao desgaste, resistente a altas temperaturas, com boa resist\u00eancia a arranh\u00f5es e longa vida \u00fatil.<br \/>\n4. O disco da v\u00e1lvula oscilante fecha-se confiando em seu pr\u00f3prio peso e for\u00e7a m\u00e9dia.<br \/>\n5. O disco da v\u00e1lvula gira em torno do eixo do pino fora da sede da v\u00e1lvula para reduzir o impacto violento durante o fechamento. 6. A estrutura do eixo do pino integrado reduz os pontos de vazamento externos e torna seu uso mais confi\u00e1vel.<\/p>\n<p>&nbsp;<\/p>","protected":false},"excerpt":{"rendered":"<p>Tampa de veda\u00e7\u00e3o de press\u00e3o<br \/>\nA junta do castelo deve ser de veda\u00e7\u00e3o met\u00e1lica, anel RTJ \u2013 SS 304 para um longo servi\u00e7o<br \/>\nDentro do eixo\/fora do eixo<br \/>\nFora do eixo: pode ser montado alavanca + contrapeso + amortecedor<br \/>\nO tamanho grande da v\u00e1lvula de reten\u00e7\u00e3o pode ser montado no cilindro de amortecimento hidr\u00e1ulico<\/p>","protected":false},"featured_media":18080,"template":"","meta":{"advanced_seo_description":"","jetpack_seo_html_title":"","jetpack_seo_noindex":false},"product_brand":[],"product_cat":[82],"product_tag":[145,143,144,142,146],"class_list":{"0":"post-18079","1":"product","2":"type-product","3":"status-publish","4":"has-post-thumbnail","6":"product_cat-check-valves","7":"product_tag-6-inch-swing-check-valv","8":"product_tag-a216-wcb-swing-check-valve","9":"product_tag-cl1500-swing-check-valv","10":"product_tag-pressure-seal-bonnet-swing-check-valve","11":"product_tag-rtj-flange-swing-check-valve","13":"first","14":"instock","15":"featured","16":"shipping-taxable","17":"product-type-simple"},"jetpack_sharing_enabled":true,"_links":{"self":[{"href":"https:\/\/oudianvalve.com\/pt\/wp-json\/wp\/v2\/product\/18079","targetHints":{"allow":["GET"]}}],"collection":[{"href":"https:\/\/oudianvalve.com\/pt\/wp-json\/wp\/v2\/product"}],"about":[{"href":"https:\/\/oudianvalve.com\/pt\/wp-json\/wp\/v2\/types\/product"}],"wp:featuredmedia":[{"embeddable":true,"href":"https:\/\/oudianvalve.com\/pt\/wp-json\/wp\/v2\/media\/18080"}],"wp:attachment":[{"href":"https:\/\/oudianvalve.com\/pt\/wp-json\/wp\/v2\/media?parent=18079"}],"wp:term":[{"taxonomy":"product_brand","embeddable":true,"href":"https:\/\/oudianvalve.com\/pt\/wp-json\/wp\/v2\/product_brand?post=18079"},{"taxonomy":"product_cat","embeddable":true,"href":"https:\/\/oudianvalve.com\/pt\/wp-json\/wp\/v2\/product_cat?post=18079"},{"taxonomy":"product_tag","embeddable":true,"href":"https:\/\/oudianvalve.com\/pt\/wp-json\/wp\/v2\/product_tag?post=18079"}],"curies":[{"name":"wp","href":"https:\/\/api.w.org\/{rel}","templated":true}]}}