{"id":18064,"date":"2023-06-19T07:02:50","date_gmt":"2023-06-19T07:02:50","guid":{"rendered":"https:\/\/oudianvalve.com\/?post_type=product&#038;p=18064"},"modified":"2023-06-20T02:08:59","modified_gmt":"2023-06-20T02:08:59","slug":"bs-1868-900lb-dn80-cast-steel-swing-check-valve","status":"publish","type":"product","link":"https:\/\/oudianvalve.com\/pt\/products\/check-valves\/bs-1868-900lb-dn80-cast-steel-swing-check-valve\/","title":{"rendered":"V\u00e1lvula de reten\u00e7\u00e3o de balan\u00e7o de a\u00e7o fundido BS 1868 900LB DN80"},"content":{"rendered":"<p>Padr\u00e3o de projeto: BS 1868 ou API 6D<br \/>\nClassifica\u00e7\u00f5es de press\u00e3o-temperatura: ASME B16.34<br \/>\nFaixa de tamanho: 2\u201d a 48\u201d<br \/>\nFaixa de press\u00e3o: Classe 150 a 2500<br \/>\nConex\u00f5es finais: RF flangeado, RTJ, FF, solda de topo<br \/>\nCap\u00f4: Castelo aparafusado ou com veda\u00e7\u00e3o de press\u00e3o<br \/>\nDimens\u00f5es da extremidade flangeada: ASME B16.5 (\u226424\u201d), ASME B16.47 S\u00e9rie A ou B (&gt;24\u201d)<br \/>\nDimens\u00f5es da extremidade da solda de topo: ASME B16.25 face a face<br \/>\nDimens\u00f5es face a face: ASME B16.10<br \/>\nInspe\u00e7\u00e3o e Teste: API 598, API 6D<br \/>\nMateriais do corpo: WCB, CF8, CF3, CF3M, CF8M, CF8C, A995 4A, 5A, 6A, C95800, INCONEL 625, INCONEL 825, MONEL, WC6, WC9, LCB, LCC.<br \/>\nMateriais de acabamento: 1#, 5#, 8#, 10#, 12#, 16#<br \/>\nMateriais de aparafusamento: ASTM A193 B7, B7M, B8, B8M \/ ASTM A194 2H, 2HM, 8, 8M.<\/p>\n<p>Porta de abertura completa API 6D<br \/>\nTeste Criog\u00eanico<br \/>\nParafusos e porcas revestidos com PTFE<br \/>\nParafusos e porcas revestidos de zinco<\/p>\n<p>A v\u00e1lvula de reten\u00e7\u00e3o oscilante, tamb\u00e9m conhecida como v\u00e1lvula unidirecional ou v\u00e1lvula de reten\u00e7\u00e3o, \u00e9 usada para evitar que o meio na tubula\u00e7\u00e3o retorne. Uma v\u00e1lvula que depende do fluxo e da for\u00e7a do meio para abrir ou fechar, a fim de evitar que o meio retorne, \u00e9 chamada de v\u00e1lvula de reten\u00e7\u00e3o. As v\u00e1lvulas de reten\u00e7\u00e3o pertencem \u00e0 categoria de v\u00e1lvulas autom\u00e1ticas e s\u00e3o usadas principalmente em tubula\u00e7\u00f5es com fluxo unidirecional de meio. Eles permitem que a m\u00eddia flua apenas em uma dire\u00e7\u00e3o para evitar acidentes. Este tipo de v\u00e1lvula geralmente deve ser instalada horizontalmente em tubula\u00e7\u00f5es.<\/p>","protected":false},"excerpt":{"rendered":"<p>Porta de abertura completa API 6D<br \/>\nTeste Criog\u00eanico<br \/>\nParafusos e porcas revestidos com PTFE<br \/>\nParafusos e porcas revestidos de zinco<\/p>\n<p>&nbsp;<\/p>","protected":false},"featured_media":18066,"template":"","meta":{"advanced_seo_description":"","jetpack_seo_html_title":"","jetpack_seo_noindex":false},"product_brand":[],"product_cat":[82],"product_tag":[123,89,91,122,121],"class_list":{"0":"post-18064","1":"product","2":"type-product","3":"status-publish","4":"has-post-thumbnail","6":"product_cat-check-valves","7":"product_tag-3-inch-swing-check-valve","8":"product_tag-900lb-swing-check-valve","9":"product_tag-bolt-bonnet-swing-check-valvee","10":"product_tag-bs-1868-cast-steel-swing-check-valve","11":"product_tag-dn80-cast-steel-swing-check-valve","13":"first","14":"instock","15":"featured","16":"shipping-taxable","17":"product-type-simple"},"jetpack_sharing_enabled":true,"_links":{"self":[{"href":"https:\/\/oudianvalve.com\/pt\/wp-json\/wp\/v2\/product\/18064","targetHints":{"allow":["GET"]}}],"collection":[{"href":"https:\/\/oudianvalve.com\/pt\/wp-json\/wp\/v2\/product"}],"about":[{"href":"https:\/\/oudianvalve.com\/pt\/wp-json\/wp\/v2\/types\/product"}],"wp:featuredmedia":[{"embeddable":true,"href":"https:\/\/oudianvalve.com\/pt\/wp-json\/wp\/v2\/media\/18066"}],"wp:attachment":[{"href":"https:\/\/oudianvalve.com\/pt\/wp-json\/wp\/v2\/media?parent=18064"}],"wp:term":[{"taxonomy":"product_brand","embeddable":true,"href":"https:\/\/oudianvalve.com\/pt\/wp-json\/wp\/v2\/product_brand?post=18064"},{"taxonomy":"product_cat","embeddable":true,"href":"https:\/\/oudianvalve.com\/pt\/wp-json\/wp\/v2\/product_cat?post=18064"},{"taxonomy":"product_tag","embeddable":true,"href":"https:\/\/oudianvalve.com\/pt\/wp-json\/wp\/v2\/product_tag?post=18064"}],"curies":[{"name":"wp","href":"https:\/\/api.w.org\/{rel}","templated":true}]}}