{"id":18061,"date":"2023-06-19T06:22:57","date_gmt":"2023-06-19T06:22:57","guid":{"rendered":"https:\/\/oudianvalve.com\/?post_type=product&#038;p=18061"},"modified":"2023-06-20T00:30:04","modified_gmt":"2023-06-20T00:30:04","slug":"din-dn200-pn25-cast-steel-swing-check-valve","status":"publish","type":"product","link":"https:\/\/oudianvalve.com\/pt\/products\/check-valves\/din-dn200-pn25-cast-steel-swing-check-valve\/","title":{"rendered":"V\u00e1lvula de reten\u00e7\u00e3o oscilante em a\u00e7o fundido DIN DN200 PN25"},"content":{"rendered":"<p>Padr\u00e3o de projeto: DIN3352, BS EN1868<br \/>\nFaixa de tamanho: DN50 a DN 1200<br \/>\nFaixa de press\u00e3o: PN 10 a PN160<br \/>\nConex\u00f5es finais: RF flangeado, RTJ, solda de topo<br \/>\nDimens\u00f5es finais flangeadas: DIN2543, BS EN 1092-1<br \/>\nDimens\u00f5es da extremidade da solda de topo: EN 12627<br \/>\nDimens\u00f5es face a face: DIN3202, BS EN 558-1<br \/>\nInspe\u00e7\u00e3o e Teste: BS EN 12266-1, DIN 3230<br \/>\nMateriais: 1.4301, 1.4306, 1.4401, 1.4404, 1.0619, 1.7357, 1.4552, 1.4107.<\/p>\n<p>NACE MR 0175<br \/>\nTeste Criog\u00eanico<br \/>\nV\u00e1lvulas de passagem<br \/>\nAssento Renov\u00e1vel<br \/>\nParafusos e porcas revestidos com PTFE<br \/>\nParafusos e porcas revestidos de zinco<br \/>\nPintura especial conforme sua necessidade<\/p>\n<p>O padr\u00e3o de comprimento da estrutura da v\u00e1lvula de reten\u00e7\u00e3o oscilante em a\u00e7o fundido DIN DN200 PN25 \u00e9 DIN3202, e o padr\u00e3o de flange \u00e9 projetado e fabricado usando DIN2543-DIN2546. A estrutura \u00e9 razo\u00e1vel, o desempenho \u00e9 excelente e a apar\u00eancia \u00e9 linda. A estrutura das v\u00e1lvulas de reten\u00e7\u00e3o de flange padr\u00e3o da v\u00e1lvula de reten\u00e7\u00e3o de a\u00e7o fundido DIN DN200 PN25 \u00e9 geralmente semelhante \u00e0s v\u00e1lvulas globo.<\/p>\n<p>O disco da v\u00e1lvula se move para cima e para baixo ao longo de uma linha no canal, com a\u00e7\u00e3o confi\u00e1vel, mas com alta resist\u00eancia a fluidos, tornando-o adequado para situa\u00e7\u00f5es com di\u00e2metros leves e pequenos.<br \/>\nPrinc\u00edpio de funcionamento da v\u00e1lvula de reten\u00e7\u00e3o oscilante de a\u00e7o fundido DIN DN200 PN25:<br \/>\nQuando o meio flui para dentro do corpo da v\u00e1lvula, conforme indicado pela seta no corpo da v\u00e1lvula, a press\u00e3o do meio exerce um impulso ascendente no disco da v\u00e1lvula. Quando o impulso m\u00e9dio excede a gravidade do disco da v\u00e1lvula, a v\u00e1lvula abre. Quando a for\u00e7a exercida pela press\u00e3o do meio atr\u00e1s da v\u00e1lvula no disco da v\u00e1lvula mais a gravidade do pr\u00f3prio disco da v\u00e1lvula \u00e9 maior que a for\u00e7a exercida pela press\u00e3o antes da v\u00e1lvula no disco da v\u00e1lvula, a v\u00e1lvula fecha para evitar que o meio fluindo de volta.<\/p>\n<p>&nbsp;<\/p>\n<p>&nbsp;<\/p>","protected":false},"excerpt":{"rendered":"<p>Castelo: Castelo aparafusado ou castelo com veda\u00e7\u00e3o de press\u00e3o Integral<\/p>\n<p>sede do corpo ou anel de sede renov\u00e1vel Unidirecional<\/p>\n<p>Disco tipo swing Disco fundido (acima de 4\u201d) ou disco forjado (2\u201d a 4\u201d)<\/p>\n<p>Disco de abertura n\u00e3o completo de BS168 e disco de abertura completo de API 6D<\/p>\n<p>Al\u00e7a de eleva\u00e7\u00e3o para 4\u201d e acima<\/p>","protected":false},"featured_media":18062,"template":"","meta":{"advanced_seo_description":"","jetpack_seo_html_title":"","jetpack_seo_noindex":false},"product_brand":[],"product_cat":[82],"product_tag":[118,120,119],"class_list":{"0":"post-18061","1":"product","2":"type-product","3":"status-publish","4":"has-post-thumbnail","6":"product_cat-check-valves","7":"product_tag-din3352-cast-steel-swing-check-valve","8":"product_tag-dn200-cast-steel-swing-check-valve","9":"product_tag-pn25-cast-steel-swing-check-valve","11":"first","12":"instock","13":"featured","14":"shipping-taxable","15":"product-type-simple"},"jetpack_sharing_enabled":true,"_links":{"self":[{"href":"https:\/\/oudianvalve.com\/pt\/wp-json\/wp\/v2\/product\/18061","targetHints":{"allow":["GET"]}}],"collection":[{"href":"https:\/\/oudianvalve.com\/pt\/wp-json\/wp\/v2\/product"}],"about":[{"href":"https:\/\/oudianvalve.com\/pt\/wp-json\/wp\/v2\/types\/product"}],"wp:featuredmedia":[{"embeddable":true,"href":"https:\/\/oudianvalve.com\/pt\/wp-json\/wp\/v2\/media\/18062"}],"wp:attachment":[{"href":"https:\/\/oudianvalve.com\/pt\/wp-json\/wp\/v2\/media?parent=18061"}],"wp:term":[{"taxonomy":"product_brand","embeddable":true,"href":"https:\/\/oudianvalve.com\/pt\/wp-json\/wp\/v2\/product_brand?post=18061"},{"taxonomy":"product_cat","embeddable":true,"href":"https:\/\/oudianvalve.com\/pt\/wp-json\/wp\/v2\/product_cat?post=18061"},{"taxonomy":"product_tag","embeddable":true,"href":"https:\/\/oudianvalve.com\/pt\/wp-json\/wp\/v2\/product_tag?post=18061"}],"curies":[{"name":"wp","href":"https:\/\/api.w.org\/{rel}","templated":true}]}}