{"id":18059,"date":"2023-06-19T06:09:41","date_gmt":"2023-06-19T06:09:41","guid":{"rendered":"https:\/\/oudianvalve.com\/?post_type=product&#038;p=18059"},"modified":"2023-06-21T06:36:06","modified_gmt":"2023-06-21T06:36:06","slug":"din3353-dn250-pn16-cast-steel-gate-valve","status":"publish","type":"product","link":"https:\/\/oudianvalve.com\/pt\/products\/gate-valves\/din3353-dn250-pn16-cast-steel-gate-valve\/","title":{"rendered":"V\u00e1lvula de porta de a\u00e7o fundido DIN3352 DN250 PN16"},"content":{"rendered":"<p>Padr\u00e3o de projeto: EN 10434\/DIN3352<br \/>\nFaixa de tamanho: DN a DN1200<br \/>\nFaixa de press\u00e3o: PN 10 a PN160<br \/>\nConex\u00f5es finais: RF flangeado, RTJ, solda de topo<br \/>\nDimens\u00f5es finais flangeadas: EN 1092-1<br \/>\nDimens\u00f5es face a face: EN 558-1<br \/>\nInspe\u00e7\u00e3o e Teste: EN 12266-1<br \/>\nMateriais do corpo: 1,4301, 1,4306, 1,4401, 1,4404, 1,0619, 1,7357, 1,4552, 1,4107.<br \/>\nMateriais de acabamento: 1#, 5#, 8#, 10#, 12#, 16#<br \/>\nMateriais de embalagem: grafite, grafite + fio inconel<\/p>\n<p>Principais caracter\u00edsticas e aplica\u00e7\u00f5es da v\u00e1lvula gaveta DIN3352<br \/>\n1. A v\u00e1lvula gaveta DIN tem uma estrutura compacta, design razo\u00e1vel, boa rigidez da v\u00e1lvula, canal suave e baixo coeficiente de resist\u00eancia ao fluxo<br \/>\n2. A superf\u00edcie de veda\u00e7\u00e3o \u00e9 feita de a\u00e7o inoxid\u00e1vel e liga dura, com uma longa vida \u00fatil.<br \/>\n3. Adotando enchimento de grafite flex\u00edvel, veda\u00e7\u00e3o confi\u00e1vel e opera\u00e7\u00e3o f\u00e1cil e flex\u00edvel.<br \/>\n4. Os m\u00e9todos de acionamento incluem: el\u00e9trico, pneum\u00e1tico, rota\u00e7\u00e3o de engrenagem, forma estrutural: port\u00e3o \u00fanico de cunha el\u00e1stica, port\u00e3o duplo de cunha r\u00edgida<br \/>\n5. As v\u00e1lvulas de gaveta seladas a \u00e1gua s\u00e3o amplamente utilizadas em produtos qu\u00edmicos, t\u00e9rmicos, usinas de energia e outros oleodutos e vapor como dispositivo de abertura e fechamento para conectar ou cortar o meio no oleoduto<\/p>","protected":false},"excerpt":{"rendered":"<ul>\n<li>Castelo: Castelo aparafusado ou castelo com veda\u00e7\u00e3o de press\u00e3o<\/li>\n<li>Cunha: Cunha flex\u00edvel ou cunha s\u00f3lida<\/li>\n<li>Haste ascendente<\/li>\n<li>Parafuso externo e garfo<\/li>\n<li>Assento integral do corpo ou anel de assento renov\u00e1vel<\/li>\n<\/ul>","protected":false},"featured_media":18060,"template":"","meta":{"advanced_seo_description":"","jetpack_seo_html_title":"","jetpack_seo_noindex":false},"product_brand":[],"product_cat":[81],"product_tag":[117,116,115],"class_list":{"0":"post-18059","1":"product","2":"type-product","3":"status-publish","4":"has-post-thumbnail","6":"product_cat-gate-valves","7":"product_tag-din-cast-steel-gate-valve","8":"product_tag-dn250-cast-steel-gate-valve","9":"product_tag-pn16-cast-steel-gate-valve","11":"first","12":"instock","13":"featured","14":"shipping-taxable","15":"product-type-simple"},"jetpack_sharing_enabled":true,"_links":{"self":[{"href":"https:\/\/oudianvalve.com\/pt\/wp-json\/wp\/v2\/product\/18059","targetHints":{"allow":["GET"]}}],"collection":[{"href":"https:\/\/oudianvalve.com\/pt\/wp-json\/wp\/v2\/product"}],"about":[{"href":"https:\/\/oudianvalve.com\/pt\/wp-json\/wp\/v2\/types\/product"}],"wp:featuredmedia":[{"embeddable":true,"href":"https:\/\/oudianvalve.com\/pt\/wp-json\/wp\/v2\/media\/18060"}],"wp:attachment":[{"href":"https:\/\/oudianvalve.com\/pt\/wp-json\/wp\/v2\/media?parent=18059"}],"wp:term":[{"taxonomy":"product_brand","embeddable":true,"href":"https:\/\/oudianvalve.com\/pt\/wp-json\/wp\/v2\/product_brand?post=18059"},{"taxonomy":"product_cat","embeddable":true,"href":"https:\/\/oudianvalve.com\/pt\/wp-json\/wp\/v2\/product_cat?post=18059"},{"taxonomy":"product_tag","embeddable":true,"href":"https:\/\/oudianvalve.com\/pt\/wp-json\/wp\/v2\/product_tag?post=18059"}],"curies":[{"name":"wp","href":"https:\/\/api.w.org\/{rel}","templated":true}]}}