{"id":18057,"date":"2023-06-19T05:45:25","date_gmt":"2023-06-19T05:45:25","guid":{"rendered":"https:\/\/oudianvalve.com\/?post_type=product&#038;p=18057"},"modified":"2023-06-20T00:30:07","modified_gmt":"2023-06-20T00:30:07","slug":"a217-wc6-bolt-bonnet-gate-valve","status":"publish","type":"product","link":"https:\/\/oudianvalve.com\/pt\/products\/gate-valves\/a217-wc6-bolt-bonnet-gate-valve\/","title":{"rendered":"V\u00e1lvula de gaveta com capota de parafuso A217 WC6"},"content":{"rendered":"<p>V\u00e1lvula de gaveta com capota de parafuso A217 WC6<br \/>\nTamanho: 2\u2033-48\u2033(DN50~DN1200)<br \/>\nClassifica\u00e7\u00e3o de press\u00e3o: 150LB-2500LB\/PN16-PN160\/10K-60K)<br \/>\nMaterial:A351CF8M\/CF8\/CF3\/CF3M.A216WCB.A105,A352LCB\/LCC,F304.F316.F51\/F53,F11.C3.C5.C95800Temperatura adequada: -196\u00b0C-650C<br \/>\n(Temperaturas diferentes escolhem materiais diferentes). Meio adequado: \u00c1gua, Vapor, Petr\u00f3leo e g\u00e1s natural, etc.<\/p>\n<p>Descri\u00e7\u00e3o da v\u00e1lvula de gaveta com cap\u00f4 de parafuso A217 WC6:<\/p>\n<p>Corpo aparafusado. Constru\u00e7\u00e3o Completa do Porto<br \/>\nTotalmente compat\u00edvel com ASME B16.34 API6D API600<br \/>\nTotalmente compat\u00edvel com API 598 API6D API598<br \/>\nFlange totalmente compat\u00edvel com ASME B16.5\/ASME B16.47<br \/>\nSistema de embalagem submersa e atua\u00e7\u00e3o de montagem direta<\/p>\n<p>Processamento de m\u00e1quinas-ferramenta CNC, alta precis\u00e3o, boa veda\u00e7\u00e3o Com design de veda\u00e7\u00e3o, \u00e9 mais seguro e conveniente substituir a embalagem (o material da veda\u00e7\u00e3o da sede pode ser decidido de acordo com a condi\u00e7\u00e3o m\u00e9dia e de temperatura da v\u00e1lvula). Atuador GearPneumatic e atuador el\u00e9trico.<\/p>\n<p>Especifica\u00e7\u00f5es da v\u00e1lvula de gaveta da v\u00e1lvula de gaveta com parafuso A217 WC6:<\/p>\n<p>A v\u00e1lvula de gaveta com castelo de parafuso A217 WC6 \u00e9 adequada para oleodutos e vapor de alta temperatura e possui caracter\u00edsticas de resist\u00eancia a altas temperaturas. As superf\u00edcies de veda\u00e7\u00e3o do disco da v\u00e1lvula e da sede da v\u00e1lvula s\u00e3o feitas de soldagem de revestimento de liga dura \u00e0 base de broca Stellite, que \u00e9 resistente ao desgaste.<br \/>\nV\u00e1lvula de bloqueio refere-se a uma v\u00e1lvula onde o elemento de fechamento (disco) se move ao longo da linha central da sede da v\u00e1lvula. De acordo com o movimento do disco da v\u00e1lvula, a altera\u00e7\u00e3o na abertura da sede da v\u00e1lvula \u00e9 diretamente proporcional ao curso do disco da v\u00e1lvula. Devido ao curso relativamente curto de abertura ou fechamento da haste da v\u00e1lvula deste tipo de v\u00e1lvula e \u00e0 sua fun\u00e7\u00e3o de corte altamente confi\u00e1vel<\/p>\n<p>Descri\u00e7\u00e3o do material:<br \/>\nWC6 vem em materiais de corpo de v\u00e1lvula e n\u00facleo.<br \/>\nWC6 pertence ao a\u00e7o cromo platina padr\u00e3o americano para fundi\u00e7\u00e3o, e o padr\u00e3o de execu\u00e7\u00e3o \u00e9 ASTM A217\/217M-2014WC6. Possui alta resist\u00eancia t\u00e9rmica (b&gt;440MPa) e resist\u00eancia \u00e0 oxida\u00e7\u00e3o em altas temperaturas, al\u00e9m de certa resist\u00eancia \u00e0 corros\u00e3o por hidrog\u00eanio. Devido ao alto teor de Cr, C e outros elementos de liga no a\u00e7o, a tend\u00eancia de endurecimento do a\u00e7o \u00e9 \u00f3bvia e a soldabilidade \u00e9 fraca<\/p>","protected":false},"excerpt":{"rendered":"<p>A v\u00e1lvula de gaveta com castelo de parafuso A217 WC6 \u00e9 adequada para cortar ou conectar meios em tubula\u00e7\u00f5es sob v\u00e1rias condi\u00e7\u00f5es de trabalho, como usinas de petr\u00f3leo, qu\u00edmicas e t\u00e9rmicas. Os meios aplic\u00e1veis incluem \u00e1gua, \u00f3leo, vapor, etc. Os m\u00e9todos de opera\u00e7\u00e3o incluem: manual, transmiss\u00e3o por engrenagem, el\u00e9trica, etc.<\/p>","protected":false},"featured_media":18058,"template":"","meta":{"advanced_seo_description":"","jetpack_seo_html_title":"","jetpack_seo_noindex":false},"product_brand":[],"product_cat":[81],"product_tag":[112,113,111,114],"class_list":{"0":"post-18057","1":"product","2":"type-product","3":"status-publish","4":"has-post-thumbnail","6":"product_cat-gate-valves","7":"product_tag-12-inch-wc6-gate-valve","8":"product_tag-600lb-wc6-gate-valve","9":"product_tag-a217-wc6-bolt-bonnet-gate-valve","10":"product_tag-flange-end-wc6-gate-valve","12":"first","13":"instock","14":"featured","15":"shipping-taxable","16":"product-type-simple"},"jetpack_sharing_enabled":true,"_links":{"self":[{"href":"https:\/\/oudianvalve.com\/pt\/wp-json\/wp\/v2\/product\/18057","targetHints":{"allow":["GET"]}}],"collection":[{"href":"https:\/\/oudianvalve.com\/pt\/wp-json\/wp\/v2\/product"}],"about":[{"href":"https:\/\/oudianvalve.com\/pt\/wp-json\/wp\/v2\/types\/product"}],"wp:featuredmedia":[{"embeddable":true,"href":"https:\/\/oudianvalve.com\/pt\/wp-json\/wp\/v2\/media\/18058"}],"wp:attachment":[{"href":"https:\/\/oudianvalve.com\/pt\/wp-json\/wp\/v2\/media?parent=18057"}],"wp:term":[{"taxonomy":"product_brand","embeddable":true,"href":"https:\/\/oudianvalve.com\/pt\/wp-json\/wp\/v2\/product_brand?post=18057"},{"taxonomy":"product_cat","embeddable":true,"href":"https:\/\/oudianvalve.com\/pt\/wp-json\/wp\/v2\/product_cat?post=18057"},{"taxonomy":"product_tag","embeddable":true,"href":"https:\/\/oudianvalve.com\/pt\/wp-json\/wp\/v2\/product_tag?post=18057"}],"curies":[{"name":"wp","href":"https:\/\/api.w.org\/{rel}","templated":true}]}}