{"id":17983,"date":"2023-06-12T08:28:14","date_gmt":"2023-06-12T08:28:14","guid":{"rendered":"https:\/\/oudianvalve.com\/?post_type=product&#038;p=17983"},"modified":"2025-06-14T13:25:10","modified_gmt":"2025-06-14T13:25:10","slug":"api600-cast-steel-gate-valve-300lb-6-inch-rf-end","status":"publish","type":"product","link":"https:\/\/oudianvalve.com\/pt\/products\/gate-valves\/api600-cast-steel-gate-valve-300lb-6-inch-rf-end\/","title":{"rendered":"V\u00e1lvula de gaveta de a\u00e7o fundido API600, 300 lb, 6 polegadas, extremidade RF"},"content":{"rendered":"<p>Padr\u00e3o de projeto: API 600<br \/>\nClassifica\u00e7\u00f5es de press\u00e3o-temperatura: ASME B16.34<br \/>\nFaixa de tamanho: 2\u201d a 48\u201d<br \/>\nFaixa de press\u00e3o: Classe 150 a 2500<br \/>\nConex\u00f5es finais: RF flangeado, RTJ, solda de topo<br \/>\nDimens\u00f5es da extremidade flangeada: ASME B16.5 (\u226424\u201d), ASME B16.47 S\u00e9rie A ou B (&gt;24\u201d)<br \/>\nDimens\u00f5es da extremidade da solda de topo: ASME B16.25 face a face<br \/>\nDimens\u00f5es face a face: ASME B16.10<br \/>\nInspe\u00e7\u00e3o e Teste: API 598<br \/>\nBody Materials: ASTM A216 WCB, WCC, A217 WC6, WC9, C5, C12A, A352 LCB, LCC, A351 CF8, CF8M, CF3M, CF8C, CN3MN, CK3MCUN, CN7M, A890 4A (CD3MN), 5A (CE3MN), 6A (CD3MWCuN), B148 C95800, C95500.<br \/>\nMateriais de acabamento: 1#, 5#, 8#, 10#, 12#, 16#<br \/>\nMateriais de embalagem: grafite, grafite com fio inconel<\/p>\n<p>&nbsp;<\/p>\n<div class=\"fl-row fl-row-full-width fl-row-bg-none fl-node-6392e703d9080\" data-node=\"6392e703d9080\">\n<div class=\"fl-row-content-wrap\">\n<div class=\"fl-row-content fl-row-full-width fl-node-content\">\n<div class=\"fl-col-group fl-node-6392e703d97d3\" data-node=\"6392e703d97d3\">\n<div class=\"fl-col fl-node-6392e703d9a36\" data-node=\"6392e703d9a36\">\n<div class=\"fl-col-content fl-node-content\">\n<div class=\"fl-module fl-module-rich-text fl-node-6392e703db342\" data-node=\"6392e703db342\" data-animation-delay=\"0.0\">\n<div class=\"fl-module-content fl-node-content\">\n<div class=\"fl-rich-text\">\n<div class=\"content_box\">\n<h2>Opcional<\/h2>\n<\/div>\n<p>NACE MR 0175 Castelo aparafusado, parafuso externo e garfo<br \/>\nHaste ascendente com fechamento da veda\u00e7\u00e3o superior (base traseira): girando o volante no sentido hor\u00e1rio<br \/>\nExtens\u00e3o de cap\u00f4 criog\u00eanica<br \/>\nTeste de v\u00e1lvulas de passagem<br \/>\nParafusos e porcas revestidos com PTFE<br \/>\nParafusos e porcas revestidos de zinco<\/p>\n<\/div>\n<\/div>\n<\/div>\n<\/div>\n<\/div>\n<\/div>\n<\/div>\n<\/div>\n<\/div>\n<div class=\"fl-row fl-row-full-width fl-row-bg-none fl-node-6392e71133a42\" data-node=\"6392e71133a42\">\n<div class=\"fl-row-content-wrap\">\n<div class=\"fl-row-content fl-row-full-width fl-node-content\">\n<div class=\"fl-col-group fl-node-6392e71133a8e\" data-node=\"6392e71133a8e\">\n<div class=\"fl-col fl-node-6392e71133ade\" data-node=\"6392e71133ade\">\n<div class=\"fl-col-content fl-node-content\">\n<div class=\"fl-module fl-module-rich-text fl-node-6392e71133b22\" data-node=\"6392e71133b22\" data-animation-delay=\"0.0\">\n<div class=\"fl-module-content fl-node-content\">\n<div class=\"fl-rich-text\">\n<div class=\"content_box\">\n<h2>Introdu\u00e7\u00e3o do produto<\/h2>\n<\/div>\n<p>A v\u00e1lvula de gaveta de a\u00e7o fundido API600 \u00e9 uma v\u00e1lvula multivoltas e bidirecional, e o membro de fechamento \u00e9 uma cunha.<br \/>\nQuando a haste sobe, a cunha sai da sede o que significa abertura, e quando a haste desce, a cunha fecha firmemente na face da sede fazendo com que ela feche. Quando totalmente aberta, o fluido flui atrav\u00e9s da v\u00e1lvula em linha reta, resultando em queda m\u00ednima de press\u00e3o na v\u00e1lvula. As v\u00e1lvulas gaveta s\u00e3o usadas como v\u00e1lvulas liga-desliga, n\u00e3o adequadas para aplica\u00e7\u00f5es de controle de capacidade.<br \/>\nEm compara\u00e7\u00e3o com as v\u00e1lvulas de esfera, as v\u00e1lvulas gaveta t\u00eam menos custo e aplica\u00e7\u00f5es mais amplas. Normalmente as v\u00e1lvulas esfera s\u00e3o com sede macia, por isso n\u00e3o s\u00e3o sugeridas para uso em aplica\u00e7\u00f5es de alta temperatura, mas as v\u00e1lvulas gaveta s\u00e3o com sede met\u00e1lica e s\u00e3o uma boa op\u00e7\u00e3o para serem usadas em situa\u00e7\u00f5es de alta temperatura. Al\u00e9m disso, as v\u00e1lvulas gaveta podem ser usadas para aplica\u00e7\u00f5es cr\u00edticas quando o mudium cont\u00e9m part\u00edculas s\u00f3lidas, como na minera\u00e7\u00e3o. As v\u00e1lvulas de gaveta s\u00e3o amplamente utilizadas para petr\u00f3leo e g\u00e1s, petr\u00f3leo, refino, qu\u00edmica, minera\u00e7\u00e3o, tratamento de \u00e1gua, usina de energia, GNL, etc.<\/p>\n<\/div>\n<\/div>\n<\/div>\n<\/div>\n<\/div>\n<\/div>\n<\/div>\n<\/div>\n<\/div>\n<p>API600 Cast Steel Gate Valve,300LB Cast Steel Gate Valve,6 Inch Cast Steel Gate Valve,RF End Cast Steel Gate Valve<\/p>","protected":false},"excerpt":{"rendered":"<p><strong>V\u00e1lvulas de gaveta<\/strong>\u00a0s\u00e3o normalmente usados quando um fluxo retil\u00edneo de fluido e uma restri\u00e7\u00e3o m\u00ednima de fluxo s\u00e3o necess\u00e1rios. Eles s\u00e3o adequados para alta press\u00e3o e altas temperaturas e podem ser usados para uma ampla variedade de fluidos. Como a v\u00e1lvula gaveta \u00e9 sim\u00e9trica, qualquer extremidade pode ser a entrada, permitindo que o fluxo entre em qualquer dire\u00e7\u00e3o da v\u00e1lvula, tamb\u00e9m conhecido como bidirecional.<\/p>\n<p>Existem muitos designs para a v\u00e1lvula gaveta, incluindo haste ascendente e n\u00e3o ascendente, faca, placa e expans\u00e3o.<\/p>","protected":false},"featured_media":18441,"template":"","meta":{"advanced_seo_description":"","jetpack_seo_html_title":"","jetpack_seo_noindex":false},"product_brand":[],"product_cat":[81],"product_tag":[533,534,532,535],"class_list":{"0":"post-17983","1":"product","2":"type-product","3":"status-publish","4":"has-post-thumbnail","6":"product_cat-gate-valves","7":"product_tag-300lb-cast-steel-gate-valve","8":"product_tag-6-inch-cast-steel-gate-valve","9":"product_tag-api600-cast-steel-gate-valve","10":"product_tag-rf-end-cast-steel-gate-valve","12":"first","13":"instock","14":"featured","15":"shipping-taxable","16":"product-type-simple"},"jetpack_sharing_enabled":true,"_links":{"self":[{"href":"https:\/\/oudianvalve.com\/pt\/wp-json\/wp\/v2\/product\/17983","targetHints":{"allow":["GET"]}}],"collection":[{"href":"https:\/\/oudianvalve.com\/pt\/wp-json\/wp\/v2\/product"}],"about":[{"href":"https:\/\/oudianvalve.com\/pt\/wp-json\/wp\/v2\/types\/product"}],"wp:featuredmedia":[{"embeddable":true,"href":"https:\/\/oudianvalve.com\/pt\/wp-json\/wp\/v2\/media\/18441"}],"wp:attachment":[{"href":"https:\/\/oudianvalve.com\/pt\/wp-json\/wp\/v2\/media?parent=17983"}],"wp:term":[{"taxonomy":"product_brand","embeddable":true,"href":"https:\/\/oudianvalve.com\/pt\/wp-json\/wp\/v2\/product_brand?post=17983"},{"taxonomy":"product_cat","embeddable":true,"href":"https:\/\/oudianvalve.com\/pt\/wp-json\/wp\/v2\/product_cat?post=17983"},{"taxonomy":"product_tag","embeddable":true,"href":"https:\/\/oudianvalve.com\/pt\/wp-json\/wp\/v2\/product_tag?post=17983"}],"curies":[{"name":"wp","href":"https:\/\/api.w.org\/{rel}","templated":true}]}}