{"id":17981,"date":"2023-06-12T08:09:21","date_gmt":"2023-06-12T08:09:21","guid":{"rendered":"https:\/\/oudianvalve.com\/?post_type=product&#038;p=17981"},"modified":"2023-06-20T02:09:44","modified_gmt":"2023-06-20T02:09:44","slug":"900lb-bolt-bonnet-swing-check-valve","status":"publish","type":"product","link":"https:\/\/oudianvalve.com\/pt\/products\/check-valves\/900lb-bolt-bonnet-swing-check-valve\/","title":{"rendered":"V\u00e1lvula de reten\u00e7\u00e3o oscilante com capota com parafuso 900LB"},"content":{"rendered":"<div class=\"fl-row fl-row-full-width fl-row-bg-none fl-node-6392e84a0cf5a\" data-node=\"6392e84a0cf5a\">\n<div class=\"fl-row-content-wrap\">\n<div class=\"fl-row-content fl-row-full-width fl-node-content\">\n<div class=\"fl-col-group fl-node-6392e84a0d694\" data-node=\"6392e84a0d694\">\n<div class=\"fl-col fl-node-6392e84a0d913\" data-node=\"6392e84a0d913\">\n<div class=\"fl-col-content fl-node-content\">\n<div class=\"fl-module fl-module-rich-text fl-node-6392e84a0f68f\" data-node=\"6392e84a0f68f\" data-animation-delay=\"0.0\">\n<div class=\"fl-module-content fl-node-content\">\n<div class=\"fl-rich-text\">\n<p>Padr\u00e3o de projeto: BS 1868 ou API 6D<br \/>\nClassifica\u00e7\u00f5es de press\u00e3o-temperatura: ASME B16.34<br \/>\nFaixa de tamanho: 2\u201d a 48\u201d<br \/>\nFaixa de press\u00e3o: Classe 150 a 2500<br \/>\nConex\u00f5es finais: RF flangeado, RTJ, FF, solda de topo<br \/>\nCap\u00f4: Castelo aparafusado ou com veda\u00e7\u00e3o de press\u00e3o<br \/>\nDimens\u00f5es da extremidade flangeada: ASME B16.5 (\u226424\u201d), ASME B16.47 S\u00e9rie A ou B (&gt;24\u201d)<br \/>\nDimens\u00f5es da extremidade da solda de topo: ASME B16.25 face a face<br \/>\nDimens\u00f5es face a face: ASME B16.10<br \/>\nInspe\u00e7\u00e3o e Teste: API 598, API 6D<br \/>\nMateriais do corpo: WCB, CF8, CF3, CF3M, CF8M, CF8C, A995 4A, 5A, 6A, C95800, INCONEL 625, INCONEL 825, MONEL, WC6, WC9, LCB, LCC.<br \/>\nMateriais de acabamento: 1#, 5#, 8#, 10#, 12#, 16#<br \/>\nMateriais de aparafusamento: ASTM A193 B7, B7M, B8, B8M \/ ASTM A194 2H, 2HM, 8, 8M.<br \/>\nNACEMR0175<\/p>\n<div class=\"content_box\">\n<h2>Opcional<\/h2>\n<\/div>\n<p>Porta de abertura completa API 6D<br \/>\nTeste Criog\u00eanico<br \/>\nParafusos e porcas revestidos com PTFE<br \/>\nParafusos e porcas revestidos de zinco<\/p>\n<\/div>\n<\/div>\n<\/div>\n<\/div>\n<\/div>\n<\/div>\n<\/div>\n<\/div>\n<\/div>\n<div class=\"fl-row fl-row-full-width fl-row-bg-none fl-node-6392e8560476b\" data-node=\"6392e8560476b\">\n<div class=\"fl-row-content-wrap\">\n<div class=\"fl-row-content fl-row-full-width fl-node-content\">\n<div class=\"fl-col-group fl-node-6392e856054d0\" data-node=\"6392e856054d0\">\n<div class=\"fl-col fl-node-6392e85605696\" data-node=\"6392e85605696\">\n<div class=\"fl-col-content fl-node-content\">\n<div class=\"fl-module fl-module-rich-text fl-node-6392e856065da\" data-node=\"6392e856065da\" data-animation-delay=\"0.0\">\n<div class=\"fl-module-content fl-node-content\">\n<div class=\"fl-rich-text\">\n<div class=\"content_box\">\n<h2>Introdu\u00e7\u00e3o do produto<\/h2>\n<\/div>\n<p>A v\u00e1lvula de reten\u00e7\u00e3o \u00e9 uma v\u00e1lvula unidirecional que permite que o fluido flua por uma abertura e saia pela outra. O objetivo geral desta v\u00e1lvula \u00e9 evitar o refluxo (fluxo na dire\u00e7\u00e3o oposta). As v\u00e1lvulas de reten\u00e7\u00e3o herdam o termo \u201cpress\u00e3o de abertura\u201d. Quando a press\u00e3o de abertura for atingida, a v\u00e1lvula abrir\u00e1. Quando a press\u00e3o cai abaixo da press\u00e3o de abertura e\/ou ocorre contrapress\u00e3o, a v\u00e1lvula fecha. A forma como uma v\u00e1lvula de reten\u00e7\u00e3o opera \u00e9 ideal para evitar a contamina\u00e7\u00e3o do fluido que flui para servi\u00e7os separados conectados a um coletor comum. Esta v\u00e1lvula funciona automaticamente e normalmente sem controle humano ou externo, como uma al\u00e7a ou haste de v\u00e1lvula. As v\u00e1lvulas de reten\u00e7\u00e3o t\u00eam configura\u00e7\u00f5es diferentes, sendo as mais comuns as v\u00e1lvulas de reten\u00e7\u00e3o de giro, disco inclin\u00e1vel, wafer, eleva\u00e7\u00e3o e parada.<\/p>\n<\/div>\n<\/div>\n<\/div>\n<\/div>\n<\/div>\n<\/div>\n<\/div>\n<\/div>\n<\/div>","protected":false},"excerpt":{"rendered":"<p>V\u00e1lvula de reten\u00e7\u00e3o oscilante, classe Ansi 900Lbs, Api 6d, Bs1868, aparafusada, tampa de veda\u00e7\u00e3o de press\u00e3o, flangeada, Rf, Rtj, extremidades Bw, a\u00e7o carbono, a\u00e7o inoxid\u00e1vel, v\u00e1lvulas de reten\u00e7\u00e3o oscilantes de a\u00e7o duplex, v\u00e1lvula anti-retorno, oscila\u00e7\u00e3o de alta press\u00e3o em a\u00e7o fundido industrial Verifique o fornecedor da v\u00e1lvula, exportador.<\/p>\n<ul>\n<li>Castelo: Castelo aparafusado ou castelo com veda\u00e7\u00e3o de press\u00e3o<\/li>\n<li>Assento integral do corpo ou anel de assento renov\u00e1vel<\/li>\n<li>Unidirecional<\/li>\n<li>Disco tipo swing<\/li>\n<li>Disco fundido (acima de 4\u201d) ou disco forjado (2\u201d a 4\u201d)<\/li>\n<li>Abertura n\u00e3o completa ou disco de abertura total<\/li>\n<li>Pigg\u00e1vel para tipo API 6D<\/li>\n<li>Al\u00e7a de eleva\u00e7\u00e3o para 4\u201d e acima<\/li>\n<li>O\u00a0<strong>v\u00e1lvulas de reten\u00e7\u00e3o oscilantes<\/strong>\u00a0s\u00e3o usadas como v\u00e1lvulas de reten\u00e7\u00e3o para petr\u00f3leo e g\u00e1s, petroqu\u00edmica, energia, offshore e outras aplica\u00e7\u00f5es exigentes. Estas v\u00e1lvulas n\u00e3o permitir\u00e3o o fluxo do fluido no sentido inverso ao indicado pela seta. Uma ampla escolha de materiais de revestimento e acabamento cobre toda a gama de aplica\u00e7\u00f5es, desde o tipo di\u00e1rio de servi\u00e7o n\u00e3o corrosivo at\u00e9 servi\u00e7o cr\u00edtico com meios altamente agressivos.<\/li>\n<\/ul>","protected":false},"featured_media":17982,"template":"","meta":{"advanced_seo_description":"","jetpack_seo_html_title":"","jetpack_seo_noindex":false},"product_brand":[],"product_cat":[82],"product_tag":[90,89,91,88],"class_list":{"0":"post-17981","1":"product","2":"type-product","3":"status-publish","4":"has-post-thumbnail","6":"product_cat-check-valves","7":"product_tag-8-inch-swing-check-valve","8":"product_tag-900lb-swing-check-valve","9":"product_tag-bolt-bonnet-swing-check-valvee","10":"product_tag-bs-1868-check-valves","12":"first","13":"instock","14":"featured","15":"shipping-taxable","16":"product-type-simple"},"jetpack_sharing_enabled":true,"_links":{"self":[{"href":"https:\/\/oudianvalve.com\/pt\/wp-json\/wp\/v2\/product\/17981","targetHints":{"allow":["GET"]}}],"collection":[{"href":"https:\/\/oudianvalve.com\/pt\/wp-json\/wp\/v2\/product"}],"about":[{"href":"https:\/\/oudianvalve.com\/pt\/wp-json\/wp\/v2\/types\/product"}],"wp:featuredmedia":[{"embeddable":true,"href":"https:\/\/oudianvalve.com\/pt\/wp-json\/wp\/v2\/media\/17982"}],"wp:attachment":[{"href":"https:\/\/oudianvalve.com\/pt\/wp-json\/wp\/v2\/media?parent=17981"}],"wp:term":[{"taxonomy":"product_brand","embeddable":true,"href":"https:\/\/oudianvalve.com\/pt\/wp-json\/wp\/v2\/product_brand?post=17981"},{"taxonomy":"product_cat","embeddable":true,"href":"https:\/\/oudianvalve.com\/pt\/wp-json\/wp\/v2\/product_cat?post=17981"},{"taxonomy":"product_tag","embeddable":true,"href":"https:\/\/oudianvalve.com\/pt\/wp-json\/wp\/v2\/product_tag?post=17981"}],"curies":[{"name":"wp","href":"https:\/\/api.w.org\/{rel}","templated":true}]}}