{"id":17879,"date":"2023-05-29T03:01:19","date_gmt":"2023-05-29T03:01:19","guid":{"rendered":"https:\/\/oudianvalve.com\/?post_type=product&#038;p=17879"},"modified":"2023-06-19T03:16:06","modified_gmt":"2023-06-19T03:16:06","slug":"600lb-cast-steel-globe-valve","status":"publish","type":"product","link":"https:\/\/oudianvalve.com\/pt\/products\/globe-valves\/600lb-cast-steel-globe-valve\/","title":{"rendered":"V\u00e1lvula globo de a\u00e7o fundido 600LB"},"content":{"rendered":"<p>Padr\u00e3o de Projeto: BS 1873 ou API623<br \/>\nClassifica\u00e7\u00f5es de press\u00e3o-temperatura: ASME B16.34<br \/>\nFaixa de tamanho: 2\u201d a 28\u201d<br \/>\nFaixa de press\u00e3o: Classe 150 a 2500<br \/>\nConex\u00f5es finais: RF flangeado, RTJ, solda de topo<br \/>\nDimens\u00f5es da extremidade flangeada: ASME B16.5 (\u226424\u201d), ASME B16.47 S\u00e9rie A ou B (&gt;24\u201d)<br \/>\nDimens\u00f5es da extremidade da solda de topo: ASME B16.25 face a face<br \/>\nDimens\u00f5es face a face: ASME B16.10<br \/>\nInspe\u00e7\u00e3o e Teste: API 598<br \/>\nMateriais do corpo: WCB, WCC, LCB, LCC, WC6, WC9, CF8, CF3, CF3M, CF8M, A995 4A, 5A, 6A, C95800, INCONEL 625, INCONEL 825, Hastelloy C, MONEL.<br \/>\nMateriais de acabamento: 1#, 5#, 8#, 10#, 12#, 16#<br \/>\nMateriais de embalagem: grafite, grafite com fio de inconel, PTFE<\/p>\n<h2>Opcional<\/h2>\n<div class=\"fl-row fl-row-full-width fl-row-bg-none fl-node-6392e5b9bcb7b\" data-node=\"6392e5b9bcb7b\">\n<div class=\"fl-row-content-wrap\">\n<div class=\"fl-row-content fl-row-full-width fl-node-content\">\n<div class=\"fl-col-group fl-node-6392e5b9bd376\" data-node=\"6392e5b9bd376\">\n<div class=\"fl-col fl-node-6392e5b9be5e2\" data-node=\"6392e5b9be5e2\">\n<div class=\"fl-col-content fl-node-content\">\n<div class=\"fl-module fl-module-rich-text fl-node-6392e5b9c4a63\" data-node=\"6392e5b9c4a63\" data-animation-delay=\"0.0\">\n<div class=\"fl-module-content fl-node-content\">\n<div class=\"fl-rich-text\">\n<p>Extens\u00e3o do cap\u00f4<br \/>\nV\u00e1lvulas de passagem<br \/>\nV\u00e1lvulas de drenagem<br \/>\nBaixa Emiss\u00e3o Fugitiva conforme API 624 ou ISO 15848<br \/>\nParafusos e porcas revestidos com PTFE<br \/>\nParafusos e porcas revestidos de zinco<\/p>\n<\/div>\n<\/div>\n<\/div>\n<\/div>\n<\/div>\n<\/div>\n<\/div>\n<\/div>\n<\/div>\n<div class=\"fl-row fl-row-full-width fl-row-bg-none fl-node-6392e5c966481\" data-node=\"6392e5c966481\">\n<div class=\"fl-row-content-wrap\">\n<div class=\"fl-row-content fl-row-full-width fl-node-content\">\n<div class=\"fl-col-group fl-node-6392e5c9664ce\" data-node=\"6392e5c9664ce\">\n<div class=\"fl-col fl-node-6392e5c966513\" data-node=\"6392e5c966513\">\n<div class=\"fl-col-content fl-node-content\">\n<div class=\"fl-module fl-module-rich-text fl-node-6392e5c966555\" data-node=\"6392e5c966555\" data-animation-delay=\"0.0\">\n<div class=\"fl-module-content fl-node-content\">\n<div class=\"fl-rich-text\">\n<div class=\"content_box\">\n<h2>Vantagens<\/h2>\n<\/div>\n<p>Nossa v\u00e1lvula globo \u00e9 estritamente projetada de acordo com BS 1873 e padr\u00f5es relacionados, e tamb\u00e9m pode ser API 623 conforme os requisitos do cliente. Espessura da parede de acordo com API 600, que \u00e9 de espessura maior que o padr\u00e3o ASME B16.34, e ter\u00e1 desempenho mais est\u00e1vel. Para tamanhos acima de 8\u201d, n\u00e3o pode ser projetado como tipo de disco duplo, que apresenta menor torque e valor de empuxo quando comparado ao tipo de disco \u00fanico.<\/p>\n<\/div>\n<\/div>\n<\/div>\n<\/div>\n<\/div>\n<\/div>\n<\/div>\n<\/div>\n<\/div>","protected":false},"excerpt":{"rendered":"<p>A v\u00e1lvula globo \u00e9 uma v\u00e1lvula multivoltas e unidirecional, a v\u00e1lvula deve ser instalada de acordo com a dire\u00e7\u00e3o do fluxo indicada no corpo da v\u00e1lvula. Ao contr\u00e1rio das v\u00e1lvulas esfera e gaveta, o padr\u00e3o de fluxo atrav\u00e9s de uma v\u00e1lvula globo envolve mudan\u00e7as de dire\u00e7\u00e3o, resultando em maior restri\u00e7\u00e3o de fluxo e uma grande queda de press\u00e3o, \u00e0 medida que o meio se move atrav\u00e9s do interior da v\u00e1lvula, por isso \u00e9 sugerido que seja usado em tubula\u00e7\u00f5es onde for desejado. para reduzir a press\u00e3o do meio ao passar por uma v\u00e1lvula.<br \/>\nO fechamento \u00e9 realizado movendo o disco contra o fluido, em vez de atrav\u00e9s dele, o que reduz o desgaste da tampa. Al\u00e9m da finalidade liga-desliga, as v\u00e1lvulas globo tamb\u00e9m podem ser usadas como controle de fluxo de estrangulamento, j\u00e1 que o disco tem formato de plugue girat\u00f3rio.<br \/>\nAs v\u00e1lvulas globo s\u00e3o amplamente utilizadas para petr\u00f3leo, g\u00e1s natural, GNL, petr\u00f3leo, refino, qu\u00edmica, minera\u00e7\u00e3o, tratamento de \u00e1gua, usina de energia, etc.<\/p>","protected":false},"featured_media":18051,"template":"","meta":{"advanced_seo_description":"","jetpack_seo_html_title":"","jetpack_seo_noindex":false},"product_brand":[],"product_cat":[80],"product_tag":[101,100,87,86,85],"class_list":{"0":"post-17879","1":"product","2":"type-product","3":"status-publish","4":"has-post-thumbnail","6":"product_cat-globe-valves","7":"product_tag-6-inch-globe-valve","8":"product_tag-600lb-falnge-globe-valve","9":"product_tag-8-inch-globe-valve","10":"product_tag-900lb-flange-globe-valve","11":"product_tag-cast-steel-globe-valve","13":"first","14":"instock","15":"featured","16":"shipping-taxable","17":"product-type-simple"},"jetpack_sharing_enabled":true,"_links":{"self":[{"href":"https:\/\/oudianvalve.com\/pt\/wp-json\/wp\/v2\/product\/17879","targetHints":{"allow":["GET"]}}],"collection":[{"href":"https:\/\/oudianvalve.com\/pt\/wp-json\/wp\/v2\/product"}],"about":[{"href":"https:\/\/oudianvalve.com\/pt\/wp-json\/wp\/v2\/types\/product"}],"wp:featuredmedia":[{"embeddable":true,"href":"https:\/\/oudianvalve.com\/pt\/wp-json\/wp\/v2\/media\/18051"}],"wp:attachment":[{"href":"https:\/\/oudianvalve.com\/pt\/wp-json\/wp\/v2\/media?parent=17879"}],"wp:term":[{"taxonomy":"product_brand","embeddable":true,"href":"https:\/\/oudianvalve.com\/pt\/wp-json\/wp\/v2\/product_brand?post=17879"},{"taxonomy":"product_cat","embeddable":true,"href":"https:\/\/oudianvalve.com\/pt\/wp-json\/wp\/v2\/product_cat?post=17879"},{"taxonomy":"product_tag","embeddable":true,"href":"https:\/\/oudianvalve.com\/pt\/wp-json\/wp\/v2\/product_tag?post=17879"}],"curies":[{"name":"wp","href":"https:\/\/api.w.org\/{rel}","templated":true}]}}