{"id":18417,"date":"2025-06-14T07:05:46","date_gmt":"2025-06-14T07:05:46","guid":{"rendered":"https:\/\/oudianvalve.com\/?post_type=product&#038;p=18417"},"modified":"2025-06-14T07:20:13","modified_gmt":"2025-06-14T07:20:13","slug":"dial-indicator-ball-valve-pn16-dn50-304-rf-end","status":"publish","type":"product","link":"https:\/\/oudianvalve.com\/it\/products\/ball-valves\/dial-indicator-ball-valve-pn16-dn50-304-rf-end\/","title":{"rendered":"Valvola a sfera con indicatore a quadrante, PN16, DN50, 304, estremit\u00e0 RF"},"content":{"rendered":"<p>Descrizione della valvola:<br \/>\nTipo di valvola: valvola a sfera galleggiante<br \/>\nMateriale del corpo: 304.<br \/>\nDiametro nominale: 2\u2033<br \/>\nPressione nominale: PN16<br \/>\nConnessione terminale: flangia RF<br \/>\nTemperatura di funzionamento: -29\u2103~+200\u2103.<br \/>\nFunzionamento: leva.<\/p>\n<p>Nome valvola: valvola a sfera in acciaio inox con quadrante, valvola a sfera con indicatore, valvola a sfera con scala<\/p>\n<p>La valvola a sfera in acciaio inox con quadrante \u00e8 una valvola a sfera con quadrante e dispositivo di indicazione. Quando \u00e8 aperta e chiusa, l&#039;apertura \u00e8 visibile a colpo d&#039;occhio.<br \/>\nVantaggi della valvola a sfera in acciaio inox con quadrante:<br \/>\n1 Sede valvola avanzata: la sede valvola progettata con molti anni di esperienza nella produzione di valvole a sfera garantisce la tenuta della valvola, un basso coefficiente di attrito, una piccola coppia di esercizio, una variet\u00e0 di materiali per la sede valvola e un&#039;ampia gamma di adattabilit\u00e0.<br \/>\n2. Maniglia per una commutazione corretta: viene utilizzato lo stelo della valvola a testa piatta e il collegamento con la maniglia non verr\u00e0 spostato, in modo da garantire che lo stato di commutazione indicato dalla maniglia sia coerente con la valvola a sfera.<br \/>\n3. Dispositivo di bloccaggio: per evitare che la valvola venga aperta o chiusa accidentalmente, sono presenti fori di bloccaggio nelle posizioni completamente aperta e completamente chiusa della valvola per garantire che la valvola sia nella posizione corretta.<br \/>\n4. Struttura anti-volatile dello stelo della valvola: lo stelo della valvola \u00e8 montato nella parte inferiore per evitare che fuoriesca sotto pressione. Allo stesso tempo, pu\u00f2 creare un contatto metallico con il corpo valvola dopo un incendio, garantendone la tenuta.<br \/>\nLa valvola a sfera in acciaio inossidabile con quadrante \u00e8 adatta ai seguenti fluidi: acqua, gas, petrolio, gas naturale e fluidi corrosivi acido-base.<br \/>\nTemperatura applicabile: -196\uff5e350\u2103<br \/>\nModalit\u00e0 di guida: manuale, pneumatica, elettrica, idraulica, ecc.<br \/>\nDiametro nominale: DN 15-250 1\/2\u2033\uff5e10\u2033<br \/>\nModello valvola: DKDQ41F-10P\/DKDQ41F-16P\/DKDQ41F-25P\/DKDQ41F-40P\/DKDQ41F-64P<br \/>\nDKDQ41F-10C\/DKDQ41F16C\/ DKDQ41F-25C\/ DKDQ41F-40C\/DKDQ41F-64C<br \/>\nDKDQ41F-150LB\/DKDQ41F-300LB\/DKDQ41F-600LB<br \/>\nDKDQ41F-5K\/DKDQ41F-10K\/DKDQ41F-20K\/DKDQ41F-40K\/DKDQ41F-45K<br \/>\nAttuatori opzionali: manuale, conico, a vite senza fine, pneumatico, elettrico, idraulico<br \/>\nProdotti correlati: valvola a sfera con quadrante | valvola a sfera con indicatore | valvola a sfera con scala<br \/>\nCollegamento valvola: flangia \/ saldatura \/ wafer \/ saldatura di testa \/ saldatura a tasca \/ filettatura \/ filettatura interna \/ filettatura \/ filettatura<br \/>\nMateriale della valvola: acciaio inossidabile \/ acciaio inossidabile 304 \/ acciaio inossidabile 316 \/ acciaio inossidabile 304L \/ acciaio inossidabile 316L \/ acciaio inossidabile 321 \/ acciaio inossidabile 310S resistente alle alte temperature \/ acciaio inossidabile 2520 \/ acciaio inossidabile 904L \/ acciaio inossidabile 317L \/ acciaio inossidabile C4 \/ acciaio inossidabile CF8 \/ acciaio inossidabile CF8M \/ acciaio inossidabile CF3 \/ acciaio inossidabile CF3M \/ acciaio inossidabile CF8C \/ 20# \/ 25# \/ acciaio a bassa temperatura \/ acciaio inossidabile austenitico, acciaio inossidabile duplex 2205, titanio puro, nichel puro, zirconio puro, acciaio al cromo-molibdeno ZG20CrMo, acciaio al cromo-molibdeno WC6, acciaio fuso, acciaio al carbonio, acciaio al carbonio WCB, acciaio al carbonio a bassa temperatura LCB, lega Hastelloy, lega Monel, acciaio forgiato, A105, F11, F304\/F304L\/F316L\/WC6\/ N6, N201, N200, CZ-100, N02200, N02201, UB6,<br \/>\nProdotti correlati: valvola a sfera in acciaio inox con quadrante, valvola a sfera con indicatore, valvola a sfera con scala<\/p>\n<p>&nbsp;<\/p>\n<p>Produttore cinese di valvole a sfera con indicatore a quadrante, OUdian SuppliesValvola a sfera con indicatore a quadrante, valvola a sfera con indicatore a quadrante 304, valvola a sfera con indicatore a quadrante galleggiante, valvola a sfera con indicatore a quadrante da 2 pollici, valvola a sfera con indicatore a quadrante PN16, valvola a sfera 304, valvola a sfera con indicatore a quadrante terminale RF.<\/p>","protected":false},"excerpt":{"rendered":"<p>1. Progettazione e produzione: DIN 3357<br \/>\n2. Faccia a faccia: DIN 3202<br \/>\n3. Estremit\u00e0 flangia: DIN2501<br \/>\n4. Diametro nominale: DN15 \u2013 DN200<br \/>\n5. Pressione normale: PN16, PN25;<br \/>\n6. Materiali del corpo: WCB, LCB, CF8, CF8M, CF3, CF3M ecc.<br \/>\n7. Rifiniture: acciaio inossidabile 13CR, 304SS, 316SS, Duplex;<br \/>\n8. Tipo di foro: foro pieno<br \/>\n9. Attuatore: leva, ingranaggio a vite senza fine;<\/p>\n<p><strong>VALVOLA A SFERA GALLEGGIANTE DIN PER PN16, PN25<\/strong><\/p>\n<p>Connessioni terminali: RF flangiate, RTJ, saldate di testa<br \/>\nTipo di sfera: sfera solida forgiata<br \/>\nMateriali della sede: PTFE, RPTFE, DEVLON, NYLON, PEEK, sede metallica con TCC\/STL\/Ni.<\/p>","protected":false},"featured_media":18420,"template":"","meta":{"advanced_seo_description":"","jetpack_seo_html_title":"","jetpack_seo_noindex":false},"product_brand":[],"product_cat":[83],"product_tag":[487,489,485,481,482,483,486,484,488,490,480],"class_list":{"0":"post-18417","1":"product","2":"type-product","3":"status-publish","4":"has-post-thumbnail","6":"product_cat-ball-valves","7":"product_tag-2-inch-dial-indicator-ball-valve","8":"product_tag-304-ball-valve","9":"product_tag-304-dial-indicator-ball-valve","10":"product_tag-ball-valve-with-indicator","11":"product_tag-ball-valve-with-scale","12":"product_tag-china-dial-indicator-ball-valve-manufacturer","13":"product_tag-floating-dial-indicator-ball-valve","14":"product_tag-oudian-suppliesdial-indicator-ball-valve","15":"product_tag-pn16-dial-indicator-ball-valve","16":"product_tag-rf-end-dial-indicator-ball-valve","17":"product_tag-stainless-steel-ball-valve-with-dial","19":"first","20":"instock","21":"shipping-taxable","22":"product-type-simple"},"jetpack_sharing_enabled":true,"_links":{"self":[{"href":"https:\/\/oudianvalve.com\/it\/wp-json\/wp\/v2\/product\/18417","targetHints":{"allow":["GET"]}}],"collection":[{"href":"https:\/\/oudianvalve.com\/it\/wp-json\/wp\/v2\/product"}],"about":[{"href":"https:\/\/oudianvalve.com\/it\/wp-json\/wp\/v2\/types\/product"}],"wp:featuredmedia":[{"embeddable":true,"href":"https:\/\/oudianvalve.com\/it\/wp-json\/wp\/v2\/media\/18420"}],"wp:attachment":[{"href":"https:\/\/oudianvalve.com\/it\/wp-json\/wp\/v2\/media?parent=18417"}],"wp:term":[{"taxonomy":"product_brand","embeddable":true,"href":"https:\/\/oudianvalve.com\/it\/wp-json\/wp\/v2\/product_brand?post=18417"},{"taxonomy":"product_cat","embeddable":true,"href":"https:\/\/oudianvalve.com\/it\/wp-json\/wp\/v2\/product_cat?post=18417"},{"taxonomy":"product_tag","embeddable":true,"href":"https:\/\/oudianvalve.com\/it\/wp-json\/wp\/v2\/product_tag?post=18417"}],"curies":[{"name":"wp","href":"https:\/\/api.w.org\/{rel}","templated":true}]}}