{"id":18410,"date":"2025-06-14T06:30:28","date_gmt":"2025-06-14T06:30:28","guid":{"rendered":"https:\/\/oudianvalve.com\/?post_type=product&#038;p=18410"},"modified":"2025-06-14T06:34:35","modified_gmt":"2025-06-14T06:34:35","slug":"wafer-pattern-ball-valves-pn16-dn125-wcb","status":"publish","type":"product","link":"https:\/\/oudianvalve.com\/it\/products\/ball-valves\/wafer-pattern-ball-valves-pn16-dn125-wcb\/","title":{"rendered":"Valvole a sfera modello wafer, PN16, DN125, WCB"},"content":{"rendered":"<p>Descrizione della valvola:<br \/>\nTipo di valvola: valvola a sfera galleggiante<br \/>\nMateriale del corpo: ASTM 216 WCB<br \/>\nDiametro nominale: 5\u2033<br \/>\nPressione nominale: PN16<br \/>\nConnessione finale: wafer<br \/>\nTemperatura di funzionamento: -29\u2103~+200\u2103.<br \/>\nFunzionamento: leva.<\/p>\n<p>&nbsp;<\/p>\n<p>Una valvola a sfera wafer \u00e8 una valvola che controlla il flusso del fluido ruotando il nucleo della valvola. Il suo corpo \u00e8 progettato in stile wafer, il che significa che la valvola \u00e8 fissata tra due segmenti di tubazione tramite bulloni, eliminando la necessit\u00e0 di spazio aggiuntivo richiesto dai tradizionali collegamenti a flangia. Le valvole a sfera wafer sono tipicamente utilizzate per applicazioni che richiedono l&#039;intercettazione, la distribuzione e la modifica della direzione del flusso.<\/p>\n<p><strong>Caratteristiche strutturali<\/strong><\/p>\n<p>1. Design compatto:<\/p>\n<p>La valvola a sfera wafer \u00e8 caratterizzata da un design in stile wafer, che rende la sua struttura compatta e richiede uno spazio di installazione minimo, ideale per sistemi di tubazioni con spazio limitato.<\/p>\n<p>2. Leggero:<\/p>\n<p>Grazie all&#039;eliminazione delle flange e dei collegamenti tramite bulloni, la valvola a sfera wafer \u00e8 relativamente leggera, contribuendo a ridurre il carico sul sistema di tubazioni.<\/p>\n<p>3. Installazione e manutenzione facili:<\/p>\n<p>L&#039;installazione e la rimozione delle valvole a sfera wafer sono molto comode: \u00e8 sufficiente inserire la valvola tra le tubazioni e fissarla con bulloni. Questo design semplifica notevolmente il processo di installazione e manutenzione della valvola.<\/p>\n<p>4. Buone prestazioni di tenuta:<\/p>\n<p>Le valvole a sfera wafer utilizzano solitamente strutture di tenuta morbide o rigide, garantendo eccellenti prestazioni di tenuta e prevenendo efficacemente le perdite di fluido.<\/p>\n<p><strong>Principio di funzionamento<\/strong><\/p>\n<p>Il principio di funzionamento della valvola a sfera wafer \u00e8 relativamente semplice e prevede principalmente la rotazione del nucleo della valvola (sfera) per controllare il flusso del fluido. Il processo specifico \u00e8 il seguente:<\/p>\n<p>1. Apertura della valvola: quando si ruota la maniglia o l&#039;attuatore, il nucleo della valvola (sfera) ruota di 90 gradi, allineando il passaggio della valvola con il passaggio della tubazione e consentendo al fluido di passare liberamente.<\/p>\n<p>2. Chiusura della valvola: ruotando la maniglia o l&#039;attuatore nella direzione opposta, il nucleo della valvola (sfera) ruota di altri 90 gradi, rendendo il passaggio della valvola perpendicolare al passaggio della tubazione, bloccando il flusso del fluido e ottenendo la funzione di chiusura.<\/p>\n<p><strong>Vantaggio<\/strong><\/p>\n<p>1. Risparmio di spazio: il design compatto delle valvole a sfera wafer occupa meno spazio, rendendole particolarmente adatte alle installazioni con spazio limitato.<\/p>\n<p>2. Leggerezza: rispetto alle tradizionali valvole a sfera flangiate, le valvole a sfera wafer sono pi\u00f9 leggere, il che le rende pi\u00f9 facili da trasportare e installare.<\/p>\n<p>3. Installazione semplice: il processo di installazione delle valvole a sfera wafer \u00e8 semplice e veloce. \u00c8 sufficiente fissarle tra i tubi e fissarle con bulloni, eliminando i complessi passaggi dei collegamenti flangiati.<\/p>\n<p>4. Eccellenti prestazioni di tenuta: le valvole a sfera wafer utilizzano materiali di tenuta di alta qualit\u00e0, garantendo prestazioni di tenuta superiori adatte ad applicazioni che richiedono elevati standard di tenuta.<\/p>\n<p>5. Applicazioni versatili: le valvole a sfera wafer sono adatte a vari sistemi di tubazioni industriali, come quelli impiegati nei settori del trattamento delle acque, chimico, petrolifero e del gas, farmaceutico e alimentare.<\/p>\n<p><strong>Applicazione<\/strong><\/p>\n<p>1. Sistemi di trattamento dell&#039;acqua: utilizzati per controllare il flusso e la pressione dell&#039;acqua nei sistemi di trattamento delle acque municipali e industriali, garantendo il funzionamento efficiente del processo di trattamento dell&#039;acqua.<\/p>\n<p>2. Condotte chimiche: utilizzate nella produzione chimica per trasportare e controllare vari mezzi chimici, garantendo sicurezza e stabilit\u00e0 nel processo produttivo.<\/p>\n<p>3. Petrolio e gas: impiegati negli oleodotti e nei gasdotti per interrompere e distribuire il flusso del fluido, garantendo il normale funzionamento del sistema di oleodotti.<\/p>\n<p>4. Industria farmaceutica e alimentare: applicato nella produzione farmaceutica e alimentare per trasportare e controllare mezzi puri, soddisfacendo elevati requisiti di pulizia e igiene.<\/p>\n<p>&nbsp;<\/p>\n<p>Produzione di valvole a sfera modello wafer, valvole a sfera modello wafer PN16, valvole a sfera modello wafer DN125, valvole a sfera modello wafer WCB<\/p>","protected":false},"excerpt":{"rendered":"<p><strong>Materiale<\/strong>: Acciaio al carbonio, acciaio inossidabile<br \/>\n<strong>Connettore<\/strong>: Attacco flangiato, flange secondo SAE, DIN, ANSI, ISO<\/p>\n<p><strong>Descrizione:<\/strong><\/p>\n<ul>\n<li><strong>Dimensioni<\/strong>: DN15 a DN200<\/li>\n<li><strong>Corpo<\/strong>: FSt-PI, acciaio da taglio automatico, S355J2G3, sfera + stelo: acciaio da taglio automatico, acciaio inossidabile (1.4571\/316Ti)<br \/>\nsigillatura: plastica<\/li>\n<li><strong>intervallo di pressione<\/strong>: fino a PN32\u00d8 (nota tabella delle dimensioni)<\/li>\n<li><strong>Campo di applicazione<\/strong>: Tecnologia di estrazione, impianti di processo, ingegneria del gas, sistemi antincendio (rivestimento di guarnizioni e materiali del corpo adattati all&#039;applicazione!)<\/li>\n<li><strong>Intervallo di temperatura<\/strong>: standard: da -20\u00b0C a +60\u00b0C (da -4 a +140\u00b0F)<\/li>\n<li><strong>Superficie<\/strong>: non rivestito, finitura ossido nero, esente da cromo VI<\/li>\n<\/ul>","protected":false},"featured_media":18411,"template":"","meta":{"advanced_seo_description":"","jetpack_seo_html_title":"","jetpack_seo_noindex":false},"product_brand":[],"product_cat":[83],"product_tag":[456,455,454,457],"class_list":{"0":"post-18410","1":"product","2":"type-product","3":"status-publish","4":"has-post-thumbnail","6":"product_cat-ball-valves","7":"product_tag-dn125-wafer-pattern-ball-valves","8":"product_tag-pn16-wafer-pattern-ball-valves","9":"product_tag-wafer-pattern-ball-valves-manufacture","10":"product_tag-wcb-wafer-pattern-ball-valves","12":"first","13":"instock","14":"shipping-taxable","15":"product-type-simple"},"jetpack_sharing_enabled":true,"_links":{"self":[{"href":"https:\/\/oudianvalve.com\/it\/wp-json\/wp\/v2\/product\/18410","targetHints":{"allow":["GET"]}}],"collection":[{"href":"https:\/\/oudianvalve.com\/it\/wp-json\/wp\/v2\/product"}],"about":[{"href":"https:\/\/oudianvalve.com\/it\/wp-json\/wp\/v2\/types\/product"}],"wp:featuredmedia":[{"embeddable":true,"href":"https:\/\/oudianvalve.com\/it\/wp-json\/wp\/v2\/media\/18411"}],"wp:attachment":[{"href":"https:\/\/oudianvalve.com\/it\/wp-json\/wp\/v2\/media?parent=18410"}],"wp:term":[{"taxonomy":"product_brand","embeddable":true,"href":"https:\/\/oudianvalve.com\/it\/wp-json\/wp\/v2\/product_brand?post=18410"},{"taxonomy":"product_cat","embeddable":true,"href":"https:\/\/oudianvalve.com\/it\/wp-json\/wp\/v2\/product_cat?post=18410"},{"taxonomy":"product_tag","embeddable":true,"href":"https:\/\/oudianvalve.com\/it\/wp-json\/wp\/v2\/product_tag?post=18410"}],"curies":[{"name":"wp","href":"https:\/\/api.w.org\/{rel}","templated":true}]}}