{"id":18403,"date":"2025-06-14T05:55:39","date_gmt":"2025-06-14T05:55:39","guid":{"rendered":"https:\/\/oudianvalve.com\/?post_type=product&#038;p=18403"},"modified":"2025-06-14T06:20:51","modified_gmt":"2025-06-14T06:20:51","slug":"astm-a494-cw12mw-ball-valve-pn16-dn50-rf-end","status":"publish","type":"product","link":"https:\/\/oudianvalve.com\/it\/products\/ball-valves\/astm-a494-cw12mw-ball-valve-pn16-dn50-rf-end\/","title":{"rendered":"Valvola a sfera ASTM A494 CW12MW, PN16, DN50, estremit\u00e0 RF"},"content":{"rendered":"<p>Descrizione della valvola:<br \/>\nTipo di valvola: valvola a sfera galleggiante<br \/>\nMateriale del corpo: ASTM A494 CW12MW.<br \/>\nDiametro nominale: 2\u2033<br \/>\nPressione nominale: PN16<br \/>\nConnessione terminale: flangia RF<br \/>\nTemperatura di funzionamento: -29\u2103~+200\u2103.<br \/>\nFunzionamento: leva.<\/p>\n<p><a href=\"https:\/\/www.stvvalves.com\/products\/a494-cw12mw-swing-check-valve-300lb-8-inch-flange-end\/\">CW12MW Hastelloy<\/a>\u00a0La valvola a sfera \u00e8 in Hastelloy, principalmente utilizzato per valvole resistenti alla corrosione in Hastelloy B (Hastelloy B) e Hastelloy C (Hastelloy C). I gradi di lega fusa di Hastelloy B (Hastelloy B) sono N-12MV (N-12M-1) e N-7M secondo lo standard ASTM A494 (alcuni materiali lo chiamano N-12M-2, noto anche come lega Chlorimet 2); il suo grado di laminazione \u00e8 UNS N10665 secondo lo standard ASTM B335. Hastelloy B \u00e8 resistente a diverse concentrazioni di acido cloridrico, nonch\u00e9 a sali e acidi non ossidanti. La valvola resistente alla corrosione in Hastelloy B \u00e8 adatta per la resistenza alla corrosione e alla corrosione intergranulare.<\/p>\n<p>Utilizzare Hastelloy B (N-7M) a basso tenore di carbonio. Il codice materiale dell&#039;Hastelloy non \u00e8 stato ancora definito nel settore delle valvole. Il codice materiale della valvola in Hastelloy B pu\u00f2 essere direttamente rappresentato dal grado della lega fusa. La temperatura di esercizio idonea per l&#039;Hastelloy B \u00e8 compresa tra -29\u00b0C e 425\u00b0C. I gradi di lega fusa di Hastelloy C (Hastelloy C) sono CW-12MW (in alcuni materiali \u00e8 chiamata CW-12M-1) e CW-7M (CW-12M-2, chiamata anche lega Chlorimet3) e HastelloyC-276, il suo grado di lega fusa \u00e8 CW-6MC e HastelloyC-4, mentre il suo grado di lega fusa \u00e8 CW-2M. Hastelloy fuso CW-7M, CW-12MW, CW-6MC e CW-2M; i gradi di materiale di laminazione corrispondenti sono rispettivamente UNS N10001, UNS N10003, UNSN10276 e UNS N06455. L&#039;Hastelloy C \u00e8 resistente ai solventi ossidanti e a basse concentrazioni di acido cloridrico e acido nitrico a temperatura ambiente. L&#039;Hastelloy C di prima generazione (0Cr16Ni60Mo16W4) \u00e8 caratterizzato da un&#039;eccellente resistenza alla corrosione in ambienti fortemente corrosivi, ossidanti e riducenti, ma poich\u00e9 la lega ad alto contenuto di nichel \u00e8 resistente alla corrosione, la sua struttura austenitica (il Ni riduce il C nell&#039;austenite), la solubilit\u00e0 solida nel corpo, ecc. Pertanto, sia l&#039;HastelloyB a base di Ni-Mo che l&#039;HastelloyC a base di Ni-Mo-Cr presentano una forte tendenza o suscettibilit\u00e0 alla corrosione intergranulare, che pu\u00f2 anche portare a corrosione sotto sforzo e corrosione interstiziale ad alte temperature. Per superare la corrosione intergranulare, sono stati introdotti l&#039;Hastelloy C-276 di seconda generazione (C ridotto da 0,12% a 6%) e l&#039;Hastelloy C-HastelloyC-4 di terza generazione, caratterizzati da basso Si (Si\u22640108%) e C ultra-micro (C\u226401015%), e il contenuto di Fe e W \u00e8 ridotto, e viene aggiunto l&#039;elemento di lega stabilizzato Ti.<\/p>\n<p>Per la valvola resistente alla corrosione di<a href=\"https:\/\/stvvalve.com\/\" target=\"_blank\" rel=\"noopener\">\u00a0Valvola a sfera in Hastelloy CW12MW<\/a>Considerando la resistenza alla corrosione e alla corrosione intergranulare, si consiglia di scegliere Hastelloy C-276 (CW-6MC) e Hastelloy C-4 (CW-2M). Le valvole in Hastelloy C presentano numerosi codici materiale e prestazioni e temperature di esercizio molto diverse, quindi CW-12MW, CW-7M, CW-6MC e CW-2M.<br \/>\nRappresentati rispettivamente da HC-12, HC-7, HC-276 e HC-4, o direttamente dai loro gradi di lega fusa. La temperatura di esercizio idonea per Hastelloy CW-7M e leghe UNSN10001 \u00e8 compresa tra -29 e 425 \u00b0C.<br \/>\nValvola a sfera Hastelloy CW12MW La temperatura di esercizio idonea per Hastelloy CW-12MW e lega UNSN10003 \u00e8 -29\uff5e700\u2103, la temperatura di esercizio idonea per Hastelloy CW-6MC e lega UNSN10276 \u00e8 -29\uff5e676\u2103, Hastelloy CW- La temperatura di esercizio idonea per 2M e lega UNSN06455 \u00e8 -29\uff5e425\u2103.<br \/>\nSpecifiche del prodotto della valvola a sfera in Hastelloy CW12MW:<\/p>\n<ul class=\"list-paddingleft-2\">\n<li><strong>Norma applicabile<\/strong><\/li>\n<\/ul>\n<p>Standard di progettazione: API 6D, ASME B16.34<br \/>\nFaccia a faccia: ASME B16.10, API 6D, EN 558, DIN 3202<br \/>\nFlangia terminale: ASME B16.5, ASME B16.47, DIN2501, DIN2533<br \/>\nSaldatura di testa Estremit\u00e0: ASME B16.25, DIN3239<br \/>\nIspezione e test: API 598, DIN3230<\/p>\n<ul class=\"list-paddingleft-2\">\n<li><strong>Gamma di prodotti<\/strong><br \/>\nDimensioni: 2\u2033 ~ 18\u2033 (DN50 ~ DN450)<br \/>\nValutazione: ANSI 150 libbre ~ 300 libbre<br \/>\nMateriali del corpo: Hastelloy C276 (A494 CW12MW)<br \/>\nRivestimento: Hastelloy C276 (A494 CW12MW)<\/li>\n<\/ul>\n<p>&nbsp;<\/p>\n<p>Produzione di valvole a sfera ASTM A494 CW12MW, valvola a sfera PN16 ASTM A494 CW12MW, valvola a sfera DN50 ASTM A494 CW12MW, valvola a sfera RF ASTM A494 CW12MW<\/p>","protected":false},"excerpt":{"rendered":"<p>Standard di progettazione: API 6D\/API 608<br \/>\nIgnifugo: API 607\/6FA<br \/>\nValori di temperatura e pressione: ASME B16.34<br \/>\nIntervallo di dimensioni: da 2&quot; a 48&quot; \uff08DN50-DN1200\uff09<br \/>\nAttacco: passaggio totale o passaggio ridotto<br \/>\nIntervallo di pressione: da 150 libbre a 2500 libbre<br \/>\nConnessioni terminali: RF flangiate, RTJ, saldate di testa<br \/>\nTipo di sfera: sfera solida forgiata<br \/>\nDimensioni estremit\u00e0 flangiate: ASME B16.5 (24&quot; e inferiore), ASME B16.47 Serie A o B (superiore a 24&quot;)<br \/>\nDimensioni dell&#039;estremit\u00e0 saldata di testa: ASME B16.25<br \/>\nDimensioni faccia a faccia: ASME B16.10<br \/>\nIspezione e test: API 6D<br \/>\nMateriali del corpo: M30-C, M35-1, Monel 400, Monel K500, Monel 600<br \/>\nMateriali della sede: PTFE, RPTFE, DEVLON, NYLON, PEEK, sede metallica con TCC\/STL\/Ni.<\/p>","protected":false},"featured_media":18409,"template":"","meta":{"advanced_seo_description":"","jetpack_seo_html_title":"","jetpack_seo_noindex":false},"product_brand":[],"product_cat":[83],"product_tag":[450,452,451,453],"class_list":{"0":"post-18403","1":"product","2":"type-product","3":"status-publish","4":"has-post-thumbnail","6":"product_cat-ball-valves","7":"product_tag-astm-a494-cw12mw-ball-valve","8":"product_tag-dn50-astm-a494-cw12mw-ball-valve","9":"product_tag-pn16-astm-a494-cw12mw-ball-valve","10":"product_tag-rf-end-astm-a494-cw12mw-ball-valve","12":"first","13":"instock","14":"shipping-taxable","15":"product-type-simple"},"jetpack_sharing_enabled":true,"_links":{"self":[{"href":"https:\/\/oudianvalve.com\/it\/wp-json\/wp\/v2\/product\/18403","targetHints":{"allow":["GET"]}}],"collection":[{"href":"https:\/\/oudianvalve.com\/it\/wp-json\/wp\/v2\/product"}],"about":[{"href":"https:\/\/oudianvalve.com\/it\/wp-json\/wp\/v2\/types\/product"}],"wp:featuredmedia":[{"embeddable":true,"href":"https:\/\/oudianvalve.com\/it\/wp-json\/wp\/v2\/media\/18409"}],"wp:attachment":[{"href":"https:\/\/oudianvalve.com\/it\/wp-json\/wp\/v2\/media?parent=18403"}],"wp:term":[{"taxonomy":"product_brand","embeddable":true,"href":"https:\/\/oudianvalve.com\/it\/wp-json\/wp\/v2\/product_brand?post=18403"},{"taxonomy":"product_cat","embeddable":true,"href":"https:\/\/oudianvalve.com\/it\/wp-json\/wp\/v2\/product_cat?post=18403"},{"taxonomy":"product_tag","embeddable":true,"href":"https:\/\/oudianvalve.com\/it\/wp-json\/wp\/v2\/product_tag?post=18403"}],"curies":[{"name":"wp","href":"https:\/\/api.w.org\/{rel}","templated":true}]}}