{"id":18399,"date":"2025-06-14T05:36:33","date_gmt":"2025-06-14T05:36:33","guid":{"rendered":"https:\/\/oudianvalve.com\/?post_type=product&#038;p=18399"},"modified":"2025-06-14T05:43:59","modified_gmt":"2025-06-14T05:43:59","slug":"fully-jacket-ball-valve-2205-pn16-dn80-rf-end","status":"publish","type":"product","link":"https:\/\/oudianvalve.com\/it\/products\/ball-valves\/fully-jacket-ball-valve-2205-pn16-dn80-rf-end\/","title":{"rendered":"Valvola a sfera completamente rivestita, 2205, PN16, DN80, estremit\u00e0 RF"},"content":{"rendered":"<p>Descrizione della valvola:<br \/>\nTipo di valvola: valvola a sfera galleggiante<br \/>\nMateriale del corpo: 2205.<br \/>\nDiametro nominale: DN80<br \/>\nPressione nominale: PN16<br \/>\nConnessione terminale: flangia RF<br \/>\nTemperatura di funzionamento: -29\u2103~+200\u2103.<br \/>\nFunzionamento: leva.<\/p>\n<p>La valvola a sfera isolata 2205 \u00e8 saldata con una camicia metallica sulla base della valvola stessa, che viene utilizzata per iniettare vapore o altri fluidi termoisolanti e isolanti dal freddo per garantire il normale funzionamento del fluido nella valvola. La valvola a sfera con camicia isolata presenta buone propriet\u00e0 termoisolanti e isolanti dal freddo, e il diametro della valvola \u00e8 coerente con quello del tubo, riducendo efficacemente la dispersione termica del fluido nella tubazione.<\/p>\n<p>La valvola a sfera isolata 2205 \u00e8 disponibile in diverse forme strutturali, come valvola a sfera isolata integrale, valvola a sfera isolata in due pezzi e valvola a sfera isolata a sandwich, a seconda delle diverse strutture della valvola a sfera. \u00c8 ampiamente utilizzata nelle condotte di sistemi nei settori chimico, petrolifero, farmaceutico, metallurgico e in altri settori.<\/p>\n<p>Campo di applicazione della valvola a sfera isolata 2205:<br \/>\nLe valvole a sfera con rivestimento isolato sono utilizzate principalmente in vari sistemi, ad esempio nei settori petrolifero, chimico, metallurgico, farmaceutico e alimentare, per il trasporto di petrolio pesante, gomma e altri fluidi ad alta viscosit\u00e0 che solidificano a temperatura ambiente.<\/p>\n<p>Caratteristiche strutturali della valvola a sfera di isolamento 2205:<br \/>\nLa valvola a sfera con rivestimento isolante adotta un design con struttura a rivestimento integrale, che pu\u00f2 isolare in modo pi\u00f9 uniforme dal caldo e dal freddo. La valvola a sfera con rivestimento isolante \u00e8 pi\u00f9 piccola e leggera rispetto alle normali valvole a sfera, e non presenta perdite e offre buone prestazioni di tenuta. Il rivestimento \u00e8 saldato con tubo in acciaio al carbonio, che \u00e8 pi\u00f9 resistente alla pressione e pi\u00f9 robusto rispetto alla fusione. Il rivestimento, il lato esterno del corpo valvola e il tubo del rivestimento sono saldati e la pressione massima consentita per vapore o acqua fredda \u00e8 di 1 MPa.<br \/>\nLa valvola a sfera isolante 2205 offre ottime propriet\u00e0 di isolamento e mantenimento del freddo. Ad eccezione del diametro ridotto della valvola a sfera isolante, il diametro della valvola e quello del tubo sono gli stessi, il fluido scorre in linea retta, la resistenza \u00e8 ridotta e la dispersione termica del fluido nella tubazione pu\u00f2 essere efficacemente ridotta. Pertanto, offre prestazioni eccellenti per fluidi liquidi facili da solidificare e ad alta viscosit\u00e0.<\/p>\n<p>Specifiche standard della valvola a sfera isolata 2205:<br \/>\nStandard di progettazione e produzione: GB\/T12224, ASME B 16.34<br \/>\nStandard di lunghezza strutturale: GB\/T 12221-2005, ASME B 16.10<br \/>\nStandard delle flange di collegamento: JB\/T 79, GB\/T 9113, ASME B 16.5<br \/>\nGradi di pressione e temperatura: GB\/T 12224-2005<br \/>\nStandard di prova e ispezione: GB\/T 13927-2008, JB\/T9092, API 598<\/p>\n<p><strong>Valvola a sfera con rivestimento completamente rivestito<\/strong><b>\u00a0<\/b><strong>specificazione<\/strong><\/p>\n<table border=\"1\" cellspacing=\"0\">\n<tbody>\n<tr>\n<td>Nome del prodotto<\/td>\n<td>Valvola a sfera con rivestimento completamente rivestito<\/td>\n<\/tr>\n<tr>\n<td>1. Materiale<\/td>\n<td>WCB,CF8,CF3,CF8M,CF3M ecc.<\/td>\n<\/tr>\n<tr>\n<td>2. Dimensioni<\/td>\n<td>1\/2~24 pollici (DN15~DN600)<\/td>\n<\/tr>\n<tr>\n<td>3. Struttura<\/td>\n<td>Design giacca completa o giacca parziale<\/td>\n<\/tr>\n<tr>\n<td>4. Pressione di esercizio<\/td>\n<td>150 libbre ~ 600 libbre, PN10 ~ PN100<\/td>\n<\/tr>\n<tr>\n<td>5. Fine della connessione<\/td>\n<td>Flangia<\/td>\n<\/tr>\n<tr>\n<td>6. Temperatura di lavoro<\/td>\n<td>-20~450\u00baC, o in base alle esigenze del cliente per diversi settori industriali.<\/td>\n<\/tr>\n<tr>\n<td>7. Mezzo adatto<\/td>\n<td>\u00a0Facile da solidificare, mezzo ad alta viscosit\u00e0<\/td>\n<\/tr>\n<tr>\n<td>8. Operazione<\/td>\n<td>Azionato tramite maniglia, il dispositivo di bloccaggio \u00e8 opzionale<\/td>\n<\/tr>\n<\/tbody>\n<\/table>\n<p>&nbsp;<\/p>\n<p>Produttore cinese di valvole a sfera completamente rivestite 2205, OUdian fornisce valvole a sfera galleggianti completamente rivestite 2205, valvole a sfera completamente rivestite 2205, valvole a sfera completamente rivestite DN80 2205, valvole a sfera completamente rivestite PN16 2205.<\/p>","protected":false},"excerpt":{"rendered":"<p>1. Progettazione e produzione: DIN 3357<br \/>\n2. Faccia a faccia: DIN 3202<br \/>\n3. Estremit\u00e0 flangia: DIN2501<br \/>\n4. Diametro nominale: DN15 \u2013 DN200<br \/>\n5. Pressione normale: PN16, PN25;<br \/>\nIntervallo di dimensioni: da 2&quot; a 48&quot;<br \/>\nIntervallo di pressione: classe da 150 a 2500<br \/>\nConnessioni terminali: RF flangiate, RTJ, saldate di testa<br \/>\nTipo di sfera: sfera solida forgiata, montata su perno<br \/>\nDimensioni estremit\u00e0 flangiate: ASME B16.5 (\u226424\u201d), ASME B16.47 Serie A o B (&gt;24\u201d)<br \/>\nDimensioni estremit\u00e0 saldatura di testa: ASME B16.25 faccia a faccia<br \/>\nDimensioni faccia a faccia: ASME B16.10<br \/>\nIspezione e test: API 6D<br \/>\nMateriali corpo: ZTA1, ZTA2, ZTA3, ZTA9, ZTA10, ZTC4 TA1, TA2, TA3, TA9, TA10, TC4 Titanio Gr2, Gr3, Gr5, Gr6, Gr7, Gr12 Titanio GrC2, GrC3, GrC5, GrC6, Ti-Pd7B, GrC12 Titanio GrF2, Gr3F, GrF5, GrF6, GrF7, GrF12<br \/>\nMateriali del sedile: PTFE, RPTFE, DEVLON, NYLON, PEEK, interamente in metallo con rivestimento duro.<\/p>\n<p>&nbsp;<\/p>\n<p>Caratteristiche del prodotto<\/p>\n<p>.La resistenza al flusso \u00e8 piccola;<br \/>\n2. Sedile del pistone, design della struttura antistatica e antincendio;<br \/>\n3. Nessuna limitazione sulla direzione del flusso del mezzo;<br \/>\n4.Quando la valvola \u00e8 in posizione completamente aperta, le superfici della sede sono esterne al flusso di flusso, sempre in pieno contatto con il cancello che pu\u00f2 proteggere le superfici della sede e adatte per la tubazione di pigging;<br \/>\n5. \u00c8 possibile scegliere l&#039;imballaggio caricato a molla;<br \/>\n6. L&#039;imballaggio a basse emissioni pu\u00f2 essere scelto in base ai requisiti ISO 15848;<br \/>\n7. \u00c8 possibile scegliere il design esteso dello stelo;<br \/>\n8. \u00c8 possibile scegliere il design del sedile da metallo a metallo;<br \/>\n9. \u00c8 possibile scegliere il design DBB, DIB-1, DIB-2;<br \/>\n10.La sfera \u00e8 fissata con una piastra di supporto e un albero fisso;<\/p>","protected":false},"featured_media":18400,"template":"","meta":{"advanced_seo_description":"","jetpack_seo_html_title":"","jetpack_seo_noindex":false},"product_brand":[],"product_cat":[83],"product_tag":[432,430,433,431,434],"class_list":{"0":"post-18399","1":"product","2":"type-product","3":"status-publish","4":"has-post-thumbnail","6":"product_cat-ball-valves","7":"product_tag-2205-fully-jacket-ball-valve","8":"product_tag-china-2205-fully-jacket-ball-valve-manufacturer","9":"product_tag-dn80-2205-fully-jacket-ball-valve","10":"product_tag-oudian-supplies-2205-fully-jacket-floating-ball-valve","11":"product_tag-pn16-2205-fully-jacket-ball-valve","13":"first","14":"instock","15":"shipping-taxable","16":"product-type-simple"},"jetpack_sharing_enabled":true,"_links":{"self":[{"href":"https:\/\/oudianvalve.com\/it\/wp-json\/wp\/v2\/product\/18399","targetHints":{"allow":["GET"]}}],"collection":[{"href":"https:\/\/oudianvalve.com\/it\/wp-json\/wp\/v2\/product"}],"about":[{"href":"https:\/\/oudianvalve.com\/it\/wp-json\/wp\/v2\/types\/product"}],"wp:featuredmedia":[{"embeddable":true,"href":"https:\/\/oudianvalve.com\/it\/wp-json\/wp\/v2\/media\/18400"}],"wp:attachment":[{"href":"https:\/\/oudianvalve.com\/it\/wp-json\/wp\/v2\/media?parent=18399"}],"wp:term":[{"taxonomy":"product_brand","embeddable":true,"href":"https:\/\/oudianvalve.com\/it\/wp-json\/wp\/v2\/product_brand?post=18399"},{"taxonomy":"product_cat","embeddable":true,"href":"https:\/\/oudianvalve.com\/it\/wp-json\/wp\/v2\/product_cat?post=18399"},{"taxonomy":"product_tag","embeddable":true,"href":"https:\/\/oudianvalve.com\/it\/wp-json\/wp\/v2\/product_tag?post=18399"}],"curies":[{"name":"wp","href":"https:\/\/api.w.org\/{rel}","templated":true}]}}