{"id":18395,"date":"2025-06-14T05:22:53","date_gmt":"2025-06-14T05:22:53","guid":{"rendered":"https:\/\/oudianvalve.com\/?post_type=product&#038;p=18395"},"modified":"2025-06-14T05:52:00","modified_gmt":"2025-06-14T05:52:00","slug":"2507-ball-valve-pn16-dn100-rf-end","status":"publish","type":"product","link":"https:\/\/oudianvalve.com\/it\/products\/ball-valves\/2507-ball-valve-pn16-dn100-rf-end\/","title":{"rendered":"Valvola a sfera 2507, PN16, DN100, estremit\u00e0 RF"},"content":{"rendered":"<p>Descrizione della valvola:<br \/>\nTipo di valvola: valvola a sfera galleggiante<br \/>\nMateriale del corpo: 2507.<br \/>\nDiametro nominale: DN100<br \/>\nPressione nominale: PN16<br \/>\nConnessione terminale: flangia RF<br \/>\nTemperatura di funzionamento: -29\u2103~+200\u2103.<br \/>\nFunzionamento: leva.<\/p>\n<p>Introduzione al prodotto della valvola a sfera 2507:<\/p>\n<p>L&#039;acciaio inossidabile 2507 Ball Valve \u00e8 un acciaio inossidabile ferrite-austenite (duplex). Combina molte delle propriet\u00e0 pi\u00f9 vantaggiose degli acciai ferrite e austenite. Grazie all&#039;elevato contenuto di cromo e molibdeno, l&#039;acciaio presenta un&#039;eccellente resistenza alla corrosione puntiforme, interstiziale e uniforme. La microstruttura duplex garantisce all&#039;acciaio un&#039;elevata resistenza alla corrosione sotto sforzo e un&#039;elevata resistenza meccanica.<\/p>\n<p>Caratteristiche del prodotto della valvola a sfera 2507<br \/>\n1. La valvola ha una struttura semplice, dimensioni ridotte, peso leggero, bassa resistenza al flusso e buon risparmio energetico. Quando il fluido scorre attraverso la valvola, \u00e8 come se scorresse attraverso una tubazione dritta. La resistenza al flusso \u00e8 bassa.<br \/>\n2. La direzione del fluido in entrata e in uscita dalla valvola pu\u00f2 essere selezionata in modo arbitrario e ha un effetto bidirezionale.<br \/>\n3. I metodi di collegamento dei raccordi per tubi valvola prodotti dalla nostra azienda sono: filettatura interna, flangia, saldatura di testa, saldatura a tappo, installazione rapida, ecc. Possono essere installati in tubazioni orizzontali e verticali.<br \/>\n4. Facile da usare, cambio rapido: basta ruotare la maniglia di 90 gradi per ottenere il cambio. Pneumatico ed elettrico regolabili a piacere.<br \/>\n5. Eccellente effetto anti-perdita, la durata dell&#039;interruttore pu\u00f2 essere 5-10 volte pi\u00f9 lunga rispetto ad altre apparecchiature.<br \/>\nCaratteristiche del prodotto della valvola a sfera in acciaio inossidabile 2207<br \/>\nMezzi applicabili: acqua, gas, petrolio, gas naturale e mezzi corrosivi acido-base<br \/>\nTemperatura applicabile: -196\uff5e350\u2103<br \/>\nModalit\u00e0 di guida: manuale, pneumatica, elettrica, idraulica, ecc.<br \/>\nDiametro nominale: DN15\uff5e250mm 1\/2\uff02\uff5e10\uff02<\/p>\n<p>La valvola a sfera 2507 \u00e8 utilizzata nell&#039;industria petrolifera e del gas; piattaforme petrolifere offshore Shipotian (tubi di scambiatori di calore, sistemi di trattamento e fornitura idrica, sistemi antincendio, sistemi di nebulizzazione dell&#039;acqua, sistemi di stabilizzazione dell&#039;acqua; apparecchiature petrolchimiche; apparecchiature di desalinizzazione (e tubi ad alta pressione e tubi dell&#039;acqua di mare nelle apparecchiature); componenti meccanici e strutturali che richiedono sia elevata resistenza sia elevata resistenza alla corrosione; industria della carta e della cellulosa, desalinizzazione dell&#039;acqua di mare, purificazione dei gas di combustione, scambiatori di calore, sistemi di tubazioni per petroliere chimiche, sistemi di acqua di mare, ecc.<br \/>\nComposizione chimica della valvola a sfera in acciaio inossidabile duplex 2507:<br \/>\nC \u2264 0,03, Si \u2264 0,80, Mn \u2264 1,2, Cr:24-26, Ni:6-8, S \u2264 0,02, P \u2264 0,035, Mo:3-5, N: 0,24-0,32<\/p>\n<p>2507 Dimensioni di collegamento della valvola a sfera<\/p>\n<table style=\"height: 157px;\" border=\"1\" width=\"764\">\n<tbody>\n<tr>\n<td>PN1.6Mpa<\/td>\n<\/tr>\n<tr>\n<td>DN<\/td>\n<td>15<\/td>\n<td>20<\/td>\n<td>25<\/td>\n<td>32<\/td>\n<td>40<\/td>\n<td>50<\/td>\n<td>65<\/td>\n<td>80<\/td>\n<td>100<\/td>\n<td>125<\/td>\n<td>150<\/td>\n<td>200<\/td>\n<\/tr>\n<tr>\n<td>L<\/td>\n<td>130<\/td>\n<td>140<\/td>\n<td>150<\/td>\n<td>165<\/td>\n<td>180<\/td>\n<td>200<\/td>\n<td>220<\/td>\n<td>250<\/td>\n<td>280<\/td>\n<td>320<\/td>\n<td>360<\/td>\n<td>400<\/td>\n<\/tr>\n<tr>\n<td>H<\/td>\n<td>59<\/td>\n<td>63<\/td>\n<td>75<\/td>\n<td>85<\/td>\n<td>95<\/td>\n<td>107<\/td>\n<td>142<\/td>\n<td>152<\/td>\n<td>178<\/td>\n<td>252<\/td>\n<td>272<\/td>\n<td>342<\/td>\n<\/tr>\n<tr>\n<td>O<\/td>\n<td>130<\/td>\n<td>130<\/td>\n<td>160<\/td>\n<td>180<\/td>\n<td>230<\/td>\n<td>230<\/td>\n<td>400<\/td>\n<td>400<\/td>\n<td>650<\/td>\n<td>1050<\/td>\n<td>1050<\/td>\n<td>1410<\/td>\n<\/tr>\n<tr>\n<td>Peso (kg)<\/td>\n<td>2.5<\/td>\n<td>3<\/td>\n<td>5<\/td>\n<td>6<\/td>\n<td>7<\/td>\n<td>10<\/td>\n<td>15<\/td>\n<td>19<\/td>\n<td>33<\/td>\n<td>58<\/td>\n<td>93<\/td>\n<td>160<\/td>\n<\/tr>\n<\/tbody>\n<\/table>\n<p>&nbsp;<\/p>\n<table style=\"height: 172px;\" border=\"1\" width=\"901\">\n<tbody>\n<tr>\n<td>PN2,5 MPa<\/td>\n<\/tr>\n<tr>\n<td>DN<\/td>\n<td>15<\/td>\n<td>20<\/td>\n<td>25<\/td>\n<td>32<\/td>\n<td>40<\/td>\n<td>50<\/td>\n<td>65<\/td>\n<td>80<\/td>\n<td>100<\/td>\n<td>125<\/td>\n<td>150<\/td>\n<td>200<\/td>\n<\/tr>\n<tr>\n<td>L<\/td>\n<td>130<\/td>\n<td>140<\/td>\n<td>150<\/td>\n<td>165<\/td>\n<td>180<\/td>\n<td>200<\/td>\n<td>220<\/td>\n<td>250<\/td>\n<td>320<\/td>\n<td>400<\/td>\n<td>400<\/td>\n<td>550<\/td>\n<\/tr>\n<tr>\n<td>H<\/td>\n<td>59<\/td>\n<td>63<\/td>\n<td>75<\/td>\n<td>97<\/td>\n<td>107<\/td>\n<td>142<\/td>\n<td>152<\/td>\n<td>178<\/td>\n<td>252<\/td>\n<td>272<\/td>\n<td>342<\/td>\n<td>345<\/td>\n<\/tr>\n<tr>\n<td>O<\/td>\n<td>130<\/td>\n<td>130<\/td>\n<td>160<\/td>\n<td>230<\/td>\n<td>230<\/td>\n<td>400<\/td>\n<td>400<\/td>\n<td>700<\/td>\n<td>1100<\/td>\n<td>1100<\/td>\n<td>1500<\/td>\n<td>1500<\/td>\n<\/tr>\n<tr>\n<td>Peso (kg)<\/td>\n<td>2.5<\/td>\n<td>3<\/td>\n<td>5<\/td>\n<td>6<\/td>\n<td>7.5<\/td>\n<td>10<\/td>\n<td>15<\/td>\n<td>20<\/td>\n<td>33<\/td>\n<td>60<\/td>\n<td>93<\/td>\n<td>175<\/td>\n<\/tr>\n<\/tbody>\n<\/table>\n<p>Possiamo produrre valvole a sfera 2507, valvole a saracinesca 2507, valvole a globo 2507, valvole di ritegno 2507 ecc.<\/p>\n<p>Produttore cinese di valvole a sfera 2507, OUdian fornisce valvole a sfera galleggianti 2507, valvole a sfera galleggianti 2507, valvole a sfera galleggianti DN100 2507, valvole a sfera galleggianti PN16 2507.<\/p>","protected":false},"excerpt":{"rendered":"<p>1. Progettazione e produzione: DIN 3357<br \/>\n2. Faccia a faccia: DIN 3202<br \/>\n3. Estremit\u00e0 flangia: DIN2501<br \/>\n4. Diametro nominale: DN15 \u2013 DN200<br \/>\n5. Pressione normale: PN16, PN25;<br \/>\nIntervallo di dimensioni: da 2&quot; a 48&quot;<br \/>\nIntervallo di pressione: classe da 150 a 2500<br \/>\nConnessioni terminali: RF flangiate, RTJ, saldate di testa<br \/>\nTipo di sfera: sfera solida forgiata, montata su perno<br \/>\nDimensioni estremit\u00e0 flangiate: ASME B16.5 (\u226424\u201d), ASME B16.47 Serie A o B (&gt;24\u201d)<br \/>\nDimensioni estremit\u00e0 saldatura di testa: ASME B16.25 faccia a faccia<br \/>\nDimensioni faccia a faccia: ASME B16.10<br \/>\nIspezione e test: API 6D<br \/>\nMateriali corpo: ZTA1, ZTA2, ZTA3, ZTA9, ZTA10, ZTC4 TA1, TA2, TA3, TA9, TA10, TC4 Titanio Gr2, Gr3, Gr5, Gr6, Gr7, Gr12 Titanio GrC2, GrC3, GrC5, GrC6, Ti-Pd7B, GrC12 Titanio GrF2, Gr3F, GrF5, GrF6, GrF7, GrF12<br \/>\nMateriali del sedile: PTFE, RPTFE, DEVLON, NYLON, PEEK, interamente in metallo con rivestimento duro.<\/p>\n<p>&nbsp;<\/p>\n<p>Caratteristiche del prodotto<\/p>\n<p>.La resistenza al flusso \u00e8 piccola;<br \/>\n2. Sedile del pistone, design della struttura antistatica e antincendio;<br \/>\n3. Nessuna limitazione sulla direzione del flusso del mezzo;<br \/>\n4.Quando la valvola \u00e8 in posizione completamente aperta, le superfici della sede sono esterne al flusso di flusso, sempre in pieno contatto con il cancello che pu\u00f2 proteggere le superfici della sede e adatte per la tubazione di pigging;<br \/>\n5. \u00c8 possibile scegliere l&#039;imballaggio caricato a molla;<br \/>\n6. L&#039;imballaggio a basse emissioni pu\u00f2 essere scelto in base ai requisiti ISO 15848;<br \/>\n7. \u00c8 possibile scegliere il design esteso dello stelo;<br \/>\n8. \u00c8 possibile scegliere il design del sedile da metallo a metallo;<br \/>\n9. \u00c8 possibile scegliere il design DBB, DIB-1, DIB-2;<br \/>\n10.La sfera \u00e8 fissata con una piastra di supporto e un albero fisso;<\/p>","protected":false},"featured_media":18398,"template":"","meta":{"advanced_seo_description":"","jetpack_seo_html_title":"","jetpack_seo_noindex":false},"product_brand":[],"product_cat":[83],"product_tag":[427,425,428,426,429],"class_list":{"0":"post-18395","1":"product","2":"type-product","3":"status-publish","4":"has-post-thumbnail","6":"product_cat-ball-valves","7":"product_tag-2507-floating-ball-valve","8":"product_tag-china-2507-ball-valve-manufacturer","9":"product_tag-dn100-2507-ball-valve","10":"product_tag-oudian-supplies-2507-floating-ball-valve","11":"product_tag-pn16-2507-floating-ball-valve","13":"first","14":"instock","15":"shipping-taxable","16":"product-type-simple"},"jetpack_sharing_enabled":true,"_links":{"self":[{"href":"https:\/\/oudianvalve.com\/it\/wp-json\/wp\/v2\/product\/18395","targetHints":{"allow":["GET"]}}],"collection":[{"href":"https:\/\/oudianvalve.com\/it\/wp-json\/wp\/v2\/product"}],"about":[{"href":"https:\/\/oudianvalve.com\/it\/wp-json\/wp\/v2\/types\/product"}],"wp:featuredmedia":[{"embeddable":true,"href":"https:\/\/oudianvalve.com\/it\/wp-json\/wp\/v2\/media\/18398"}],"wp:attachment":[{"href":"https:\/\/oudianvalve.com\/it\/wp-json\/wp\/v2\/media?parent=18395"}],"wp:term":[{"taxonomy":"product_brand","embeddable":true,"href":"https:\/\/oudianvalve.com\/it\/wp-json\/wp\/v2\/product_brand?post=18395"},{"taxonomy":"product_cat","embeddable":true,"href":"https:\/\/oudianvalve.com\/it\/wp-json\/wp\/v2\/product_cat?post=18395"},{"taxonomy":"product_tag","embeddable":true,"href":"https:\/\/oudianvalve.com\/it\/wp-json\/wp\/v2\/product_tag?post=18395"}],"curies":[{"name":"wp","href":"https:\/\/api.w.org\/{rel}","templated":true}]}}