{"id":18376,"date":"2025-06-14T00:57:58","date_gmt":"2025-06-14T00:57:58","guid":{"rendered":"https:\/\/oudianvalve.com\/?post_type=product&#038;p=18376"},"modified":"2025-06-14T01:01:23","modified_gmt":"2025-06-14T01:01:23","slug":"ta2-ball-valve-pn16-dn25-rf-end","status":"publish","type":"product","link":"https:\/\/oudianvalve.com\/it\/products\/ball-valves\/ta2-ball-valve-pn16-dn25-rf-end\/","title":{"rendered":"Valvola a sfera TA2, PN16, DN25, estremit\u00e0 RF"},"content":{"rendered":"<p>Descrizione della valvola:<br \/>\nTipo di valvola: valvola a sfera galleggiante<br \/>\nMateriale del corpo: Titanio TA2.<br \/>\nDiametro nominale: DN25<br \/>\nPressione nominale: PN16<br \/>\nConnessione terminale: flangia RF<br \/>\nTemperatura di funzionamento: -29\u2103~+200\u2103.<br \/>\nFunzionamento: leva.<\/p>\n<p>Campi di applicazione e caratteristiche del prodotto della valvola a sfera in titanio per stampaggio isostatico a caldo<br \/>\nEssendo una valvola ad alte prestazioni, la valvola a sfera in titanio per pressatura isostatica a caldo \u00e8 stata ampiamente utilizzata in numerosi settori grazie al suo materiale unico e al design strutturale. I suoi principali campi di applicazione includono l&#039;industria petrolifera, chimica, salina, cloro-soda, carbonato di sodio, urea e desalinizzazione dell&#039;acqua di mare. La valvola a sfera in titanio per pressatura isostatica a caldo adotta una struttura a caricamento dall&#039;alto, che pu\u00f2 ridurre i bulloni di collegamento del corpo valvola stesso in condizioni di alta pressione e di grande diametro, migliorando l&#039;affidabilit\u00e0 della valvola e annullando l&#039;influenza del peso morto del sistema sul normale funzionamento della valvola.<\/p>\n<p>Le caratteristiche delle valvole a sfera in titanio pressate isostaticamente a caldo sono l&#039;eccellente resistenza alla corrosione, l&#039;elevata resistenza e la bassa densit\u00e0. Il titanio \u00e8 un metallo chimicamente altamente attivo con una buona affinit\u00e0 per l&#039;ossigeno. A contatto con l&#039;atmosfera o con qualsiasi mezzo contenente ossigeno, pu\u00f2 formare immediatamente una pellicola di ossido passivo resistente e compatta sulla sua superficie. Questa pellicola di ossido \u00e8 molto stabile e difficile da dissolvere. Anche se danneggiata meccanicamente, si rigenera rapidamente in presenza di ossigeno. Pertanto, le valvole a sfera in titanio si comportano bene in una variet\u00e0 di fluidi corrosivi, risultando particolarmente adatte per apparecchiature nei settori dei cloro-alcali, della soda caustica, farmaceutico, dell&#039;urea e petrolchimico. Inoltre, le valvole a sfera in titanio sono disponibili in due versioni: a tenuta morbida e a tenuta rigida metallica, che possono risolvere i problemi di corrosione difficili da risolvere con valvole in acciaio inossidabile, leghe di rame, alluminio o plastica nelle condotte industriali.<\/p>\n<p>Introduzione e applicazione della tecnologia di pressatura isostatica a caldo<br \/>\nLa pressatura isostatica a caldo (HIP) \u00e8 uno speciale processo di trattamento termico per materiali metallici o ceramici, ed \u00e8 un importante metodo per la preparazione di materiali ad alte prestazioni. Questo processo densifica la struttura interna del materiale attraverso l&#039;azione combinata di alta temperatura e alta pressione, e tutti i pori e i difetti scompaiono per formare un insieme uniforme e denso, migliorando notevolmente la resistenza all&#039;usura, la resistenza alla corrosione e le propriet\u00e0 meccaniche del materiale. La tecnologia di pressatura isostatica a caldo pu\u00f2 essere applicata alla formatura o alla densificazione mediante metallurgia delle polveri di getti formati (come getti a ritiro sciolto come leghe di titanio, leghe ad alta temperatura, leghe di alluminio, ecc.).<\/p>\n<p>Il dispositivo di pressatura isostatica a caldo \u00e8 composto principalmente da un recipiente a pressione raffreddato ad acqua, un forno di riscaldamento e dispositivi aggiuntivi come controllo, sicurezza e manipolazione. Il processo operativo include l&#039;inserimento della polvere o del compatto di polvere nella confezione, la sigillatura sotto vuoto dopo la rimozione del gas, il posizionamento in un recipiente a pressione, il pompaggio di gas inerte a una determinata pressione e il successivo riscaldamento alla temperatura richiesta per completare la formatura e la sinterizzazione. La tecnologia di pressatura isostatica a caldo \u00e8 ampiamente utilizzata nei settori navale, aeronautico, aerospaziale, automobilistico e in altri settori perch\u00e9 combina i vantaggi della pressatura a caldo e della pressatura isostatica, garantendo basse temperature di formatura, prodotti densi e prestazioni eccellenti.<\/p>\n<p>Nel processo di produzione delle valvole a sfera in titanio con pressatura isostatica a caldo, la tecnologia di pressatura isostatica a caldo pu\u00f2 essere utilizzata per migliorare la densit\u00e0 e le propriet\u00e0 meccaniche dei materiali in titanio, migliorando cos\u00ec la qualit\u00e0 e l&#039;affidabilit\u00e0 complessive della valvola. Attraverso il trattamento di pressatura isostatica a caldo, la resistenza all&#039;usura, alla corrosione e alla fatica delle valvole a sfera in titanio vengono notevolmente migliorate, rendendole pi\u00f9 resistenti in diverse condizioni di lavoro gravose.<\/p>\n<p>Caratteristiche dei materiali e contenuto di elementi chimici dei materiali in titanio<br \/>\nIl titanio \u00e8 un metallo dalle propriet\u00e0 eccellenti. \u00c8 leggero, duro, resistente alla corrosione e ha una buona biocompatibilit\u00e0. La densit\u00e0 del titanio \u00e8 di circa 4,5 g\/cm\u00b3, pari a solo 571 TP\u00b3 di quella dell&#039;acciaio, ma la sua resistenza specifica (rapporto tra resistenza e densit\u00e0) \u00e8 molto elevata, circa 2 volte la durezza dell&#039;acciaio comune e circa 6 volte quella dell&#039;alluminio. Il titanio ha un&#039;eccellente resistenza alla corrosione e pu\u00f2 rimanere inalterato in acqua di mare per 20-50 anni, resistendo persino all&#039;erosione dell&#039;acqua regia.<\/p>\n<p>Tra la composizione chimica dei materiali in titanio, il titanio puro industriale come il TA1 presenta un contenuto di titanio superiore a 99,5% e un contenuto di impurit\u00e0 molto basso, come oligoelementi come ferro, idrogeno, azoto e carbonio. Queste impurit\u00e0 influiscono in modo sottile sulle prestazioni dei materiali in titanio. Ad esempio, il titanio puro industriale come il TA2 e il TA3 presenta una resistenza e una durezza migliorate rispetto al TA1. Le leghe di titanio come il TC4 (Ti-6Al-4V) presentano una maggiore resistenza e una migliore resistenza alle alte temperature e sono ampiamente utilizzate in ambito aerospaziale, medico e in altri settori.<\/p>\n<p>In sintesi, le valvole a sfera in titanio realizzate con la tecnologia di pressatura isostatica a caldo sono ampiamente utilizzate in numerosi settori grazie alla loro eccellente resistenza alla corrosione, all&#039;elevata resistenza e alla bassa densit\u00e0. Come importante mezzo per la preparazione di materiali ad alte prestazioni, la tecnologia di pressatura isostatica a caldo migliora ulteriormente la qualit\u00e0 e l&#039;affidabilit\u00e0 delle valvole a sfera in titanio, migliorandone la densit\u00e0 e le propriet\u00e0 meccaniche. Le caratteristiche del materiale e il contenuto di elementi chimici del titanio costituiscono una solida base per la sua applicazione in diverse condizioni di lavoro gravose.<\/p>\n<p>Tabella di applicazione del calibro di pressione della valvola a sfera in titanio con tecnologia di pressatura isostatica a caldo<\/p>\n<p>Possiamo produrre valvole a sfera in lega di titanio TA2, valvole a saracinesca in titanio, valvole a globo, valvole di ritegno ecc.<\/p>\n<table border=\"1\" width=\"100%\" cellspacing=\"0\" cellpadding=\"0\">\n<tbody>\n<tr>\n<td rowspan=\"3\" align=\"middle\" bgcolor=\"#8c9e9c\">Pressione nominale o livello di pressione<\/td>\n<td colspan=\"13\" align=\"middle\" bgcolor=\"#8c9e9c\">DN\/NPS (mm\/pollici)<\/td>\n<\/tr>\n<tr>\n<td align=\"middle\" bgcolor=\"#8c9e9c\">15<\/td>\n<td align=\"middle\" bgcolor=\"#8c9e9c\">20<\/td>\n<td align=\"middle\" bgcolor=\"#8c9e9c\">25<\/td>\n<td align=\"middle\" bgcolor=\"#8c9e9c\">32<\/td>\n<td align=\"middle\" bgcolor=\"#8c9e9c\">40<\/td>\n<td align=\"middle\" bgcolor=\"#8c9e9c\">50<\/td>\n<td align=\"middle\" bgcolor=\"#8c9e9c\">65<\/td>\n<td align=\"middle\" bgcolor=\"#8c9e9c\">80<\/td>\n<td align=\"middle\" bgcolor=\"#8c9e9c\">100<\/td>\n<td align=\"middle\" bgcolor=\"#8c9e9c\">125<\/td>\n<td align=\"middle\" bgcolor=\"#8c9e9c\">150<\/td>\n<td align=\"middle\" bgcolor=\"#8c9e9c\">200<\/td>\n<td align=\"middle\" bgcolor=\"#8c9e9c\">250<\/td>\n<\/tr>\n<tr>\n<td align=\"middle\" bgcolor=\"#8c9e9c\">1\/2<\/td>\n<td align=\"middle\" bgcolor=\"#8c9e9c\">3\/4<\/td>\n<td align=\"middle\" bgcolor=\"#8c9e9c\">1<\/td>\n<td align=\"middle\" bgcolor=\"#8c9e9c\">11\/4<\/td>\n<td align=\"middle\" bgcolor=\"#8c9e9c\">11\/2<\/td>\n<td align=\"middle\" bgcolor=\"#8c9e9c\">2<\/td>\n<td align=\"middle\" bgcolor=\"#8c9e9c\">21\/2<\/td>\n<td align=\"middle\" bgcolor=\"#8c9e9c\">3<\/td>\n<td align=\"middle\" bgcolor=\"#8c9e9c\">4<\/td>\n<td align=\"middle\" bgcolor=\"#8c9e9c\">5<\/td>\n<td align=\"middle\" bgcolor=\"#8c9e9c\">6<\/td>\n<td align=\"middle\" bgcolor=\"#8c9e9c\">8<\/td>\n<td align=\"middle\" bgcolor=\"#8c9e9c\">10<\/td>\n<\/tr>\n<tr>\n<td align=\"middle\" valign=\"top\">PN16<\/td>\n<td align=\"middle\">\u221a<\/td>\n<td align=\"middle\" valign=\"top\">\u221a<\/td>\n<td align=\"middle\">\u221a<\/td>\n<td align=\"middle\" valign=\"top\">\u221a<\/td>\n<td align=\"middle\">\u221a<\/td>\n<td align=\"middle\" valign=\"top\">\u221a<\/td>\n<td align=\"middle\">\u221a<\/td>\n<td align=\"middle\" valign=\"top\">\u221a<\/td>\n<td align=\"middle\">\u221a<\/td>\n<td align=\"middle\" valign=\"top\">\u221a<\/td>\n<td align=\"middle\">\u221a<\/td>\n<td align=\"middle\" valign=\"top\">\u221a<\/td>\n<td align=\"middle\" valign=\"top\"><\/td>\n<\/tr>\n<tr>\n<td align=\"middle\" valign=\"top\">PN25<\/td>\n<td align=\"middle\">\u221a<\/td>\n<td align=\"middle\">\u221a<\/td>\n<td align=\"middle\" valign=\"top\">\u221a<\/td>\n<td align=\"middle\">\u221a<\/td>\n<td align=\"middle\" valign=\"top\">\u221a<\/td>\n<td align=\"middle\">\u221a<\/td>\n<td align=\"middle\" valign=\"top\">\u221a<\/td>\n<td align=\"middle\">\u221a<\/td>\n<td align=\"middle\" valign=\"top\">\u221a<\/td>\n<td align=\"middle\">\u221a<\/td>\n<td align=\"middle\" valign=\"top\">\u221a<\/td>\n<td align=\"middle\">\u221a<\/td>\n<td align=\"middle\" valign=\"top\"><\/td>\n<\/tr>\n<tr>\n<td align=\"middle\" valign=\"top\">PN40<\/td>\n<td align=\"middle\">\u221a<\/td>\n<td align=\"middle\">\u221a<\/td>\n<td align=\"middle\" valign=\"top\">\u221a<\/td>\n<td align=\"middle\">\u221a<\/td>\n<td align=\"middle\" valign=\"top\">\u221a<\/td>\n<td align=\"middle\">\u221a<\/td>\n<td align=\"middle\" valign=\"top\">\u221a<\/td>\n<td align=\"middle\">\u221a<\/td>\n<td align=\"middle\" valign=\"top\">\u221a<\/td>\n<td align=\"middle\">\u221a<\/td>\n<td align=\"middle\" valign=\"top\">\u221a<\/td>\n<td align=\"middle\">\u221a<\/td>\n<td align=\"middle\" valign=\"top\"><\/td>\n<\/tr>\n<tr>\n<td align=\"middle\" valign=\"top\">PN63<\/td>\n<td align=\"middle\">\u221a<\/td>\n<td align=\"middle\">\u221a<\/td>\n<td align=\"middle\" valign=\"top\">\u221a<\/td>\n<td align=\"middle\">\u221a<\/td>\n<td align=\"middle\" valign=\"top\">\u221a<\/td>\n<td align=\"middle\">\u221a<\/td>\n<td align=\"middle\" valign=\"top\">\u221a<\/td>\n<td align=\"middle\">\u221a<\/td>\n<td align=\"middle\" valign=\"top\">\u221a<\/td>\n<td align=\"middle\"><\/td>\n<td align=\"middle\" valign=\"top\"><\/td>\n<td align=\"middle\"><\/td>\n<td align=\"middle\" valign=\"top\"><\/td>\n<\/tr>\n<tr>\n<td align=\"middle\" valign=\"top\">PN100<\/td>\n<td align=\"middle\">\u221a<\/td>\n<td align=\"middle\" valign=\"top\">\u221a<\/td>\n<td align=\"middle\">\u221a<\/td>\n<td align=\"middle\" valign=\"top\">\u221a<\/td>\n<td align=\"middle\">\u221a<\/td>\n<td align=\"middle\" valign=\"top\">\u221a<\/td>\n<td align=\"middle\">\u221a<\/td>\n<td align=\"middle\" valign=\"top\">\u221a<\/td>\n<td align=\"middle\">\u221a<\/td>\n<td align=\"middle\" valign=\"top\"><\/td>\n<td align=\"middle\"><\/td>\n<td align=\"middle\" valign=\"top\"><\/td>\n<td align=\"middle\" valign=\"top\"><\/td>\n<\/tr>\n<tr>\n<td align=\"middle\" valign=\"top\">PN160<\/td>\n<td align=\"middle\">\u221a<\/td>\n<td align=\"middle\" valign=\"top\">\u221a<\/td>\n<td align=\"middle\">\u221a<\/td>\n<td align=\"middle\" valign=\"top\">\u221a<\/td>\n<td align=\"middle\">\u221a<\/td>\n<td align=\"middle\" valign=\"top\">\u221a<\/td>\n<td align=\"middle\">\u221a<\/td>\n<td align=\"middle\" valign=\"top\">\u221a<\/td>\n<td align=\"middle\">\u221a<\/td>\n<td align=\"middle\"><\/td>\n<td align=\"middle\" valign=\"top\"><\/td>\n<td align=\"middle\"><\/td>\n<td align=\"middle\"><\/td>\n<\/tr>\n<tr>\n<td align=\"middle\" valign=\"top\">Classe 150 (PN20)<\/td>\n<td align=\"middle\">\u221a<\/td>\n<td align=\"middle\">\u221a<\/td>\n<td align=\"middle\">\u221a<\/td>\n<td align=\"middle\">\u221a<\/td>\n<td align=\"middle\">\u221a<\/td>\n<td align=\"middle\">\u221a<\/td>\n<td align=\"middle\">\u221a<\/td>\n<td align=\"middle\">\u221a<\/td>\n<td align=\"middle\">\u221a<\/td>\n<td align=\"middle\">\u221a<\/td>\n<td align=\"middle\">\u221a<\/td>\n<td align=\"middle\">\u221a<\/td>\n<td align=\"middle\">\u221a<\/td>\n<\/tr>\n<tr>\n<td align=\"middle\" valign=\"top\">Classe 300 (PN50)<\/td>\n<td align=\"middle\">\u221a<\/td>\n<td align=\"middle\">\u221a<\/td>\n<td align=\"middle\">\u221a<\/td>\n<td align=\"middle\">\u221a<\/td>\n<td align=\"middle\">\u221a<\/td>\n<td align=\"middle\">\u221a<\/td>\n<td align=\"middle\">\u221a<\/td>\n<td align=\"middle\">\u221a<\/td>\n<td align=\"middle\">\u221a<\/td>\n<td align=\"middle\">\u221a<\/td>\n<td align=\"middle\">\u221a<\/td>\n<td align=\"middle\">\u221a<\/td>\n<td align=\"middle\"><\/td>\n<\/tr>\n<tr>\n<td align=\"middle\" valign=\"top\">Classe 600 (PN110)<\/td>\n<td align=\"middle\">\u221a<\/td>\n<td align=\"middle\">\u221a<\/td>\n<td align=\"middle\">\u221a<\/td>\n<td align=\"middle\">\u221a<\/td>\n<td align=\"middle\">\u221a<\/td>\n<td align=\"middle\">\u221a<\/td>\n<td align=\"middle\">\u221a<\/td>\n<td align=\"middle\">\u221a<\/td>\n<td align=\"middle\">\u221a<\/td>\n<td align=\"middle\"><\/td>\n<td align=\"middle\"><\/td>\n<td align=\"middle\"><\/td>\n<td align=\"middle\"><\/td>\n<\/tr>\n<tr>\n<td align=\"middle\" valign=\"top\">Classe 900 (PN150)<\/td>\n<td align=\"middle\">\u221a<\/td>\n<td align=\"middle\">\u221a<\/td>\n<td align=\"middle\">\u221a<\/td>\n<td align=\"middle\">\u221a<\/td>\n<td align=\"middle\">\u221a<\/td>\n<td align=\"middle\">\u221a<\/td>\n<td align=\"middle\"><\/td>\n<td align=\"middle\"><\/td>\n<td align=\"middle\"><\/td>\n<td align=\"middle\"><\/td>\n<td align=\"middle\"><\/td>\n<td align=\"middle\"><\/td>\n<td align=\"middle\"><\/td>\n<\/tr>\n<tr>\n<td align=\"middle\" valign=\"top\">Classe 1500\/PN260<\/td>\n<td align=\"middle\">\u221a<\/td>\n<td align=\"middle\">\u221a<\/td>\n<td align=\"middle\">\u221a<\/td>\n<td align=\"middle\">\u221a<\/td>\n<td align=\"middle\">\u221a<\/td>\n<td align=\"middle\">\u221a<\/td>\n<td align=\"middle\"><\/td>\n<td align=\"middle\"><\/td>\n<td align=\"middle\"><\/td>\n<td align=\"middle\"><\/td>\n<td align=\"middle\"><\/td>\n<td align=\"middle\"><\/td>\n<td align=\"middle\"><\/td>\n<\/tr>\n<tr>\n<td align=\"middle\" valign=\"top\">JIS 10K<\/td>\n<td align=\"middle\">\u221a<\/td>\n<td align=\"middle\">\u221a<\/td>\n<td align=\"middle\">\u221a<\/td>\n<td align=\"middle\">\u221a<\/td>\n<td align=\"middle\">\u221a<\/td>\n<td align=\"middle\">\u221a<\/td>\n<td align=\"middle\">\u221a<\/td>\n<td align=\"middle\">\u221a<\/td>\n<td align=\"middle\">\u221a<\/td>\n<td align=\"middle\">\u221a<\/td>\n<td align=\"middle\">\u221a<\/td>\n<td align=\"middle\">\u221a<\/td>\n<td align=\"middle\">\u221a<\/td>\n<\/tr>\n<tr>\n<td align=\"middle\" valign=\"top\">JIS 20K<\/td>\n<td align=\"middle\">\u221a<\/td>\n<td align=\"middle\">\u221a<\/td>\n<td align=\"middle\">\u221a<\/td>\n<td align=\"middle\">\u221a<\/td>\n<td align=\"middle\">\u221a<\/td>\n<td align=\"middle\">\u221a<\/td>\n<td align=\"middle\">\u221a<\/td>\n<td align=\"middle\">\u221a<\/td>\n<td align=\"middle\">\u221a<\/td>\n<td align=\"middle\">\u221a<\/td>\n<td align=\"middle\">\u221a<\/td>\n<td align=\"middle\">\u221a<\/td>\n<td align=\"middle\"><\/td>\n<\/tr>\n<\/tbody>\n<\/table>\n<p>Produttore cinese di valvole a sfera in titanio, OUdian fornisce valvole a sfera galleggianti in titanio, valvole a sfera galleggianti TA2, valvole a sfera in titanio DN25, valvole a sfera galleggianti in titanio PN16.<\/p>","protected":false},"excerpt":{"rendered":"<p>Standard di progettazione: API 6D<br \/>\nIgnifugo: API 607\/6FA<br \/>\nClassificazione pressione-temperatura: ASME B16.34<br \/>\nIntervallo di dimensioni: da 2&quot; a 48&quot;<br \/>\nIntervallo di pressione: classe da 150 a 2500<br \/>\nConnessioni terminali: RF flangiate, RTJ, saldate di testa<br \/>\nTipo di sfera: sfera solida forgiata, montata su perno<br \/>\nDimensioni estremit\u00e0 flangiate: ASME B16.5 (\u226424\u201d), ASME B16.47 Serie A o B (&gt;24\u201d)<br \/>\nDimensioni estremit\u00e0 saldatura di testa: ASME B16.25 faccia a faccia<br \/>\nDimensioni faccia a faccia: ASME B16.10<br \/>\nIspezione e test: API 6D<br \/>\nMateriali corpo: ZTA1, ZTA2, ZTA3, ZTA9, ZTA10, ZTC4 TA1, TA2, TA3, TA9, TA10, TC4 Titanio Gr2, Gr3, Gr5, Gr6, Gr7, Gr12 Titanio GrC2, GrC3, GrC5, GrC6, Ti-Pd7B, GrC12 Titanio GrF2, Gr3F, GrF5, GrF6, GrF7, GrF12<br \/>\nMateriali del sedile: PTFE, RPTFE, DEVLON, NYLON, PEEK, interamente in metallo con rivestimento duro.<\/p>\n<p>&nbsp;<\/p>\n<p>Caratteristiche del prodotto<\/p>\n<p>.La resistenza al flusso \u00e8 piccola;<br \/>\n2. Sedile del pistone, design della struttura antistatica e antincendio;<br \/>\n3. Nessuna limitazione sulla direzione del flusso del mezzo;<br \/>\n4.Quando la valvola \u00e8 in posizione completamente aperta, le superfici della sede sono esterne al flusso di flusso, sempre in pieno contatto con il cancello che pu\u00f2 proteggere le superfici della sede e adatte per la tubazione di pigging;<br \/>\n5. \u00c8 possibile scegliere l&#039;imballaggio caricato a molla;<br \/>\n6. L&#039;imballaggio a basse emissioni pu\u00f2 essere scelto in base ai requisiti ISO 15848;<br \/>\n7. \u00c8 possibile scegliere il design esteso dello stelo;<br \/>\n8. \u00c8 possibile scegliere il design del sedile da metallo a metallo;<br \/>\n9. \u00c8 possibile scegliere il design DBB, DIB-1, DIB-2;<br \/>\n10.La sfera \u00e8 fissata con una piastra di supporto e un albero fisso;<\/p>","protected":false},"featured_media":18377,"template":"","meta":{"advanced_seo_description":"","jetpack_seo_html_title":"","jetpack_seo_noindex":false},"product_brand":[],"product_cat":[83],"product_tag":[378,384,379,382,383],"class_list":{"0":"post-18376","1":"product","2":"type-product","3":"status-publish","4":"has-post-thumbnail","6":"product_cat-ball-valves","7":"product_tag-china-titanium-ball-valve-manufacturer","8":"product_tag-dn25-titanium-ball-valve","9":"product_tag-oudian-supplies-titanium-floating-ball-valve","10":"product_tag-pn16-titanium-floating-ball-valve","11":"product_tag-ta2-floating-ball-valve","13":"first","14":"instock","15":"shipping-taxable","16":"product-type-simple"},"jetpack_sharing_enabled":true,"_links":{"self":[{"href":"https:\/\/oudianvalve.com\/it\/wp-json\/wp\/v2\/product\/18376","targetHints":{"allow":["GET"]}}],"collection":[{"href":"https:\/\/oudianvalve.com\/it\/wp-json\/wp\/v2\/product"}],"about":[{"href":"https:\/\/oudianvalve.com\/it\/wp-json\/wp\/v2\/types\/product"}],"wp:featuredmedia":[{"embeddable":true,"href":"https:\/\/oudianvalve.com\/it\/wp-json\/wp\/v2\/media\/18377"}],"wp:attachment":[{"href":"https:\/\/oudianvalve.com\/it\/wp-json\/wp\/v2\/media?parent=18376"}],"wp:term":[{"taxonomy":"product_brand","embeddable":true,"href":"https:\/\/oudianvalve.com\/it\/wp-json\/wp\/v2\/product_brand?post=18376"},{"taxonomy":"product_cat","embeddable":true,"href":"https:\/\/oudianvalve.com\/it\/wp-json\/wp\/v2\/product_cat?post=18376"},{"taxonomy":"product_tag","embeddable":true,"href":"https:\/\/oudianvalve.com\/it\/wp-json\/wp\/v2\/product_tag?post=18376"}],"curies":[{"name":"wp","href":"https:\/\/api.w.org\/{rel}","templated":true}]}}