{"id":18366,"date":"2025-06-01T14:04:05","date_gmt":"2025-06-01T14:04:05","guid":{"rendered":"https:\/\/oudianvalve.com\/?post_type=product&#038;p=18366"},"modified":"2025-06-01T14:09:14","modified_gmt":"2025-06-01T14:09:14","slug":"dn250-wedge-gate-valve-pn63-gs-c25-din-3352-en-1984","status":"publish","type":"product","link":"https:\/\/oudianvalve.com\/it\/products\/gate-valves\/dn250-wedge-gate-valve-pn63-gs-c25-din-3352-en-1984\/","title":{"rendered":"Valvola a saracinesca a cuneo DN250, PN63, GS-C25, DIN 3352, EN 1984"},"content":{"rendered":"<p>Descrizione della valvola:<br \/>\nNome prodotto: valvola a saracinesca a cuneo DN250<br \/>\nProgettazione: EN 1984, DIN 3352<br \/>\nMateriale: GS-C25.<br \/>\nDimensione nominale: DN250<br \/>\nPressione nominale: PN63.<br \/>\nEstremit\u00e0 di collegamento: RF X RF, secondo EN 1092-1\/B1.<br \/>\nFaccia a faccia: EN 558-1\/linea 15<br \/>\nModello di funzionamento: Volantino, riduttore, stelo nudo<br \/>\nProva e ispezione: EN 12266-1.<\/p>\n<p>Parametri e caratteristiche tecniche<br \/>\nTipo di prodotto: Valvola a saracinesca.<br \/>\nGamma di dimensioni: NPS 2 \u2013 60 pollici, DN50 \u2013 DN1500.<br \/>\nPressione di progetto: classe 150 \u2013 2500 LB, PN10 \u2013 PN420.<br \/>\nStandard di progettazione: API 600, ASME B16.34, EN 1984, DIN 3352.<br \/>\nTemperatura di progetto: -196\u2103 \u2013 573\u2103.<br \/>\nMateriale: ASTM A216 WCB, ASTM A216 WCC, ASTM A217 WC6, ASTM A217 WC9,<br \/>\nASTM A217 C5, ASTM A217 C12A, ASTM A352 LCB, ASTM A352 LCC<br \/>\nASTM A351 CF8, ASTM A351 CF8M, ASTM A351 CF3M, ASTM A351 CF8C<br \/>\nCN3MN, CK3MCUN, CN7M, ASTM A890 4A (CD3MN), ASTM A890 5A (CE3MN),<br \/>\nASTM A890 6A (CD3MWCuN)<br \/>\nASTM B148 C95800, ASTM B148 C95500<br \/>\nEstremit\u00e0 di collegamento: ASME B16.5, ASME B16.25, serie EN 1092.<br \/>\nAzionamento: Volantino, riduttore, elettrico<br \/>\nApplicazione: energia elettrica, raffinazione del petrolio, ingegneria petrolchimica, petrolio offshore, ingegneria chimica<br \/>\nProduttore cinese di valvole a saracinesca a cuneo DN250, fornitore cinese di valvole a saracinesca a cuneo DN250, fabbrica cinese di valvole a saracinesca a cuneo DN250.<\/p>","protected":false},"excerpt":{"rendered":"<p>Oudian Valve \u00e8 un fornitore di valvole a saracinesca DN250 PN63 di alta qualit\u00e0, con diametro di 24 pollici (61 cm), adatte per applicazioni PN63 e Classe 300 LB. Realizzata in acciaio WCB, questa valvola \u00e8 conforme agli standard EN 1984 e DIN 3352. \u00c8 dotata di robusti piedini di supporto per una maggiore stabilit\u00e0 e di un&#039;estremit\u00e0 RF conforme alla norma EN 1092-1\/B1, che garantisce una connessione affidabile. Il design flessibile a cuneo migliora prestazioni e durata. Affidatevi a questa valvola per le vostre esigenze industriali.<\/p>","protected":false},"featured_media":18367,"template":"","meta":{"advanced_seo_description":"","jetpack_seo_html_title":"","jetpack_seo_noindex":false},"product_brand":[],"product_cat":[81],"product_tag":[364,362,363,361,368,365],"class_list":{"0":"post-18366","1":"product","2":"type-product","3":"status-publish","4":"has-post-thumbnail","6":"product_cat-gate-valves","7":"product_tag-din-gate-valves","8":"product_tag-din3202-f5-gate-valve","9":"product_tag-din3202-f7-gate-valves","10":"product_tag-din3352-gate-valve","11":"product_tag-dn250-gate-valves","12":"product_tag-pn63-gate-valve","14":"first","15":"instock","16":"shipping-taxable","17":"product-type-simple"},"jetpack_sharing_enabled":true,"_links":{"self":[{"href":"https:\/\/oudianvalve.com\/it\/wp-json\/wp\/v2\/product\/18366","targetHints":{"allow":["GET"]}}],"collection":[{"href":"https:\/\/oudianvalve.com\/it\/wp-json\/wp\/v2\/product"}],"about":[{"href":"https:\/\/oudianvalve.com\/it\/wp-json\/wp\/v2\/types\/product"}],"wp:featuredmedia":[{"embeddable":true,"href":"https:\/\/oudianvalve.com\/it\/wp-json\/wp\/v2\/media\/18367"}],"wp:attachment":[{"href":"https:\/\/oudianvalve.com\/it\/wp-json\/wp\/v2\/media?parent=18366"}],"wp:term":[{"taxonomy":"product_brand","embeddable":true,"href":"https:\/\/oudianvalve.com\/it\/wp-json\/wp\/v2\/product_brand?post=18366"},{"taxonomy":"product_cat","embeddable":true,"href":"https:\/\/oudianvalve.com\/it\/wp-json\/wp\/v2\/product_cat?post=18366"},{"taxonomy":"product_tag","embeddable":true,"href":"https:\/\/oudianvalve.com\/it\/wp-json\/wp\/v2\/product_tag?post=18366"}],"curies":[{"name":"wp","href":"https:\/\/api.w.org\/{rel}","templated":true}]}}