{"id":18344,"date":"2024-05-13T03:48:48","date_gmt":"2024-05-13T03:48:48","guid":{"rendered":"https:\/\/oudianvalve.com\/?post_type=product&#038;p=18344"},"modified":"2025-06-02T00:55:56","modified_gmt":"2025-06-02T00:55:56","slug":"ta10-globe-valve-2-inch-class-900-lb-rf-end","status":"publish","type":"product","link":"https:\/\/oudianvalve.com\/it\/products\/globe-valves\/ta10-globe-valve-2-inch-class-900-lb-rf-end\/","title":{"rendered":"Valvola a globo TA10, 2 pollici, classe 900 LB, estremit\u00e0 RF"},"content":{"rendered":"<p>Dimensioni: 2\u2033-20\u2033<br \/>\nMateriale corpo\\sfera\\stelo\uff1a<br \/>\nTitanio: TA1, TA2, TA9, TA10, TC4<br \/>\nTitanio ASTM A182 316Ti: Gr2, Gr3, Gr5, Gr6, Gr7, Gr12<br \/>\nNormativa: GB, DIN, ANSI<br \/>\nPressione nominale: Classe 150lb, 300lb, PN16, PN25, PN40<br \/>\nMetodo di collegamento: flangia, filettatura<br \/>\nAttuatore: valvola di controllo pneumatica.valvola di controllo elettrica<br \/>\n<strong>Altri materiali speciali per valvole:<\/strong><br \/>\nValvole Monel: M-30C\u3001M35-1\u3001M35C\u3001M35-2\u3001Monel 400\u3001Monel K500\u3001Monel 600<br \/>\nValvole Hastelloy: Hastelloy C276, Hastelloy G30, Hastelloy C4, Hastelloy C22, Hastelloy B<br \/>\nValvole in nichel: N6, nichel 201, nichel 200, CZ-100, N02200, N02201<br \/>\nValvole Inconel: Inconel 600, Inconel625, Inconel690, Incoloy800, Incoloy825<br \/>\nValvole in acciaio duplex: 2205, 2507, 1.4529, F51, F53, F55<br \/>\nValvole in zirconio: zirconio 702, zirconio 705<\/p>\n<p>Le valvole a globo in lega di titanio TA10 hanno una buona resistenza alla corrosione interstiziale in cloruri ad alta temperatura e alta concentrazione e sono utilizzate in aerospaziale, aviazione, navigazione, navi, desalinizzazione dell&#039;acqua di mare, petrolio, industria chimica, apparecchiature meccaniche, apparecchiature per l&#039;energia nucleare, apparecchiature elettriche, componenti per autoveicoli e motociclette, sport e tempo libero, componenti medici, acciaio e metallurgia e settori ad alta tecnologia. La valvola a globo in lega di titanio TA10 \u00e8 chiamata lega di titanio molibdeno nichel con una composizione nominale di T1-0,3M0-0,8Ni. \u00c8 una lega T-12 sviluppata dagli Stati Uniti a met\u00e0 degli anni &#039;70 ed \u00e8 una lega di titanio resistente alla corrosione interstiziale. La barra di titanio molibdeno nichel TA10 ha una resistenza alla trazione maggiore del titanio puro TA2 e una resistenza inferiore al TC4 e la sua tecnologia di lavorazione \u00e8 fondamentalmente la stessa del titanio puro. La resistenza alla trazione della lega TA10 \u00e8 doppia rispetto a quella del titanio puro a 300 gradi e la sua resistenza alla corrosione nei mezzi riducenti \u00e8 notevolmente migliorata. Non subisce corrosione interstiziale nei cloruri a 150-200 gradi. I gradi standard nazionali comunemente usati per il titanio sono TA1, TA2, TA3, TA7, TA9, TA10, TA15, TA18, TC4TC4ELI, TC6, TC9, TC10, TC11 e i gradi standard americani sono GR1, GR2, GR3, GR5, GR7 e GR12.<\/p>\n<p>Standard comuni per valvole a globo in lega di titanio TA10, standard nazionali: GB\/2965-2007, GBT13810 Standard americani: ASTM B348, ASTM F136, ASTM F67, AMS4928<br \/>\nStandard di riferimento per valvola a globo in lega di titanio TA10<br \/>\n1. GB 228 Metodi di prova di trazione dei metalli<br \/>\n2. GBIT 3620.1 Titanio e lega di titanio * * * Numero e composizione chimica<br \/>\n3.GB\/T3620.2 Composizione chimica e deviazione ammissibile dei prodotti lavorati in titanio e lega di titanio<br \/>\n4.GB 4698 Metodi di analisi chimica per titanio spugnoso, titanio e leghe di titanio 4<\/p>","protected":false},"excerpt":{"rendered":"<p>Basso attrito e lunga durata:<br \/>\n1. La struttura \u00e8 semplice e la produzione e la manutenzione sono relativamente convenienti.<br \/>\n2. Corsa di lavoro ridotta e tempi di apertura e chiusura brevi.<br \/>\n3. Buone prestazioni di tenuta, basso attrito tra le superfici di tenuta e lunga durata.<br \/>\n4. Durante il processo di apertura e chiusura, la forza di attrito della superficie di tenuta \u00e8 inferiore a quella della valvola a saracinesca ed \u00e8 resistente all&#039;usura.<br \/>\n5. Di solito c&#039;\u00e8 una sola superficie di tenuta, con una buona tecnologia di produzione e una facile manutenzione.<br \/>\n6. Le forme strutturali del corpo della valvola a globo includono flusso diretto, flusso diretto e angolo retto.<\/p>","protected":false},"featured_media":18345,"template":"","meta":{"advanced_seo_description":"","jetpack_seo_html_title":"","jetpack_seo_noindex":false},"product_brand":[],"product_cat":[80],"product_tag":[348,347,350,349],"class_list":{"0":"post-18344","1":"product","2":"type-product","3":"status-publish","4":"has-post-thumbnail","6":"product_cat-globe-valves","7":"product_tag-2-inch-ta10-globe-valve","8":"product_tag-900lb-ta10-globe-valve","9":"product_tag-china-ta10-globe-valve","10":"product_tag-rf-end-ta10-globe-valve","12":"first","13":"instock","14":"shipping-taxable","15":"product-type-simple"},"jetpack_sharing_enabled":true,"_links":{"self":[{"href":"https:\/\/oudianvalve.com\/it\/wp-json\/wp\/v2\/product\/18344","targetHints":{"allow":["GET"]}}],"collection":[{"href":"https:\/\/oudianvalve.com\/it\/wp-json\/wp\/v2\/product"}],"about":[{"href":"https:\/\/oudianvalve.com\/it\/wp-json\/wp\/v2\/types\/product"}],"wp:featuredmedia":[{"embeddable":true,"href":"https:\/\/oudianvalve.com\/it\/wp-json\/wp\/v2\/media\/18345"}],"wp:attachment":[{"href":"https:\/\/oudianvalve.com\/it\/wp-json\/wp\/v2\/media?parent=18344"}],"wp:term":[{"taxonomy":"product_brand","embeddable":true,"href":"https:\/\/oudianvalve.com\/it\/wp-json\/wp\/v2\/product_brand?post=18344"},{"taxonomy":"product_cat","embeddable":true,"href":"https:\/\/oudianvalve.com\/it\/wp-json\/wp\/v2\/product_cat?post=18344"},{"taxonomy":"product_tag","embeddable":true,"href":"https:\/\/oudianvalve.com\/it\/wp-json\/wp\/v2\/product_tag?post=18344"}],"curies":[{"name":"wp","href":"https:\/\/api.w.org\/{rel}","templated":true}]}}