{"id":18257,"date":"2023-07-10T06:43:47","date_gmt":"2023-07-10T06:43:47","guid":{"rendered":"https:\/\/oudianvalve.com\/?post_type=product&#038;p=18257"},"modified":"2023-07-10T07:33:37","modified_gmt":"2023-07-10T07:33:37","slug":"api599-lubricated-plug-valve-wcb-body-600lb-26-inch-flange-end","status":"publish","type":"product","link":"https:\/\/oudianvalve.com\/it\/products\/plug-valves\/api599-lubricated-plug-valve-wcb-body-600lb-26-inch-flange-end\/","title":{"rendered":"Valvola a maschio lubrificata API599, corpo WCB, 600 libbre, 26 pollici, estremit\u00e0 flangiata"},"content":{"rendered":"<p>Standard di progettazione: API 599 API6D<\/p>\n<p>Ambito del prodotto:<br \/>\n1. Portata della pressione: CLASSE 150Lb~2500Lb<br \/>\n2.Diametro nominale: NPS 1\/2-40\u2033<br \/>\n3. Materiale del corpo: A105\uff64LF2\uff64F304\uff64F316\uff64F304L\uff64F316L\uff64F51, WCB\uff64LCB\uff64WCC\uff64CF8\uff64CF8M\uff64CF3\uff64CF3M\uff64A890 4A ecc.<\/p>\n<p>4. Fine connessione: RF RTJ BW<br \/>\n5. Dispositivo di azionamento: leva, scatola del cambio, dispositivo elettrico, pneumatico, idraulico ecc;<\/p>\n<h4>CARATTERISTICHE STRUTTURALI DEL PRODOTTO<\/h4>\n<p>Valvola a maschio lubrificata con bilanciamento della pressione invertito acc. secondo ANSI \u00e8 applicabile al taglio e al collegamento di tubazioni utilizzate in vari settori come petrolio, industria chimica, farmacia, fertilizzanti chimici, industria dell&#039;energia elettrica ecc. Sotto una pressione nominale di CLASS150-900LBS e una temperatura di esercizio di -29-180\u00b0 C<\/p>\n<p>&nbsp;<\/p>\n<h4>PRINCIPALI CARATTERISTICHE STRUTTURALI<\/h4>\n<p>Ha una struttura logica, una tenuta affidabile, prestazioni eccellenti e un design gradevole.<\/p>\n<p>Ha la struttura della pressione bilanciabile del flip-chip e del funzionamento on\/off della luce.<\/p>\n<p>Tra il corpo della valvola e la superficie della tenuta \u00e8 posizionata una scanalatura per l&#039;olio, che pu\u00f2 impregnare il grasso della tenuta per aumentare la capacit\u00e0 di tenuta.<\/p>\n<p>I materiali delle parti e le dimensioni della flangia possono essere selezionati in base alle condizioni operative attuali e ai requisiti degli utenti, in modo da soddisfare i requisiti di varia ingegneria.<\/p>","protected":false},"excerpt":{"rendered":"<p>Il fornitore cinese di valvole a maschio lubrificate API599 Oudian fornisce una valvola a maschio lubrificata con bilanciamento della pressione API 599: ASTM A216 WCb, 26IN, CL600, estremit\u00e0 flangiata.<\/p>","protected":false},"featured_media":18258,"template":"","meta":{"advanced_seo_description":"","jetpack_seo_html_title":"","jetpack_seo_noindex":false},"product_brand":[],"product_cat":[156],"product_tag":[319,318,322,317,320,321],"class_list":{"0":"post-18257","1":"product","2":"type-product","3":"status-publish","4":"has-post-thumbnail","6":"product_cat-plug-valves","7":"product_tag-26-inch-api599-lubricated-plug-valve","8":"product_tag-300lb-api599-lubricated-plug-valve","9":"product_tag-600lb-api599-lubricated-plug-valve","10":"product_tag-api599-lubricated-plug-valve","11":"product_tag-flange-end-api599-lubricated-plug-valve","12":"product_tag-wcb-api599-lubricated-plug-valve","14":"first","15":"instock","16":"shipping-taxable","17":"product-type-simple"},"jetpack_sharing_enabled":true,"_links":{"self":[{"href":"https:\/\/oudianvalve.com\/it\/wp-json\/wp\/v2\/product\/18257","targetHints":{"allow":["GET"]}}],"collection":[{"href":"https:\/\/oudianvalve.com\/it\/wp-json\/wp\/v2\/product"}],"about":[{"href":"https:\/\/oudianvalve.com\/it\/wp-json\/wp\/v2\/types\/product"}],"wp:featuredmedia":[{"embeddable":true,"href":"https:\/\/oudianvalve.com\/it\/wp-json\/wp\/v2\/media\/18258"}],"wp:attachment":[{"href":"https:\/\/oudianvalve.com\/it\/wp-json\/wp\/v2\/media?parent=18257"}],"wp:term":[{"taxonomy":"product_brand","embeddable":true,"href":"https:\/\/oudianvalve.com\/it\/wp-json\/wp\/v2\/product_brand?post=18257"},{"taxonomy":"product_cat","embeddable":true,"href":"https:\/\/oudianvalve.com\/it\/wp-json\/wp\/v2\/product_cat?post=18257"},{"taxonomy":"product_tag","embeddable":true,"href":"https:\/\/oudianvalve.com\/it\/wp-json\/wp\/v2\/product_tag?post=18257"}],"curies":[{"name":"wp","href":"https:\/\/api.w.org\/{rel}","templated":true}]}}