{"id":18253,"date":"2023-07-10T03:28:53","date_gmt":"2023-07-10T03:28:53","guid":{"rendered":"https:\/\/oudianvalve.com\/?post_type=product&#038;p=18253"},"modified":"2023-07-10T03:28:53","modified_gmt":"2023-07-10T03:28:53","slug":"upward-discharge-valve-cf8-pn16-dn80-flange-end","status":"publish","type":"product","link":"https:\/\/oudianvalve.com\/it\/products\/globe-valves\/upward-discharge-valve-cf8-pn16-dn80-flange-end\/","title":{"rendered":"Valvola di scarico verso l&#039;alto, CF8, PN16, DN80, estremit\u00e0 flangiata"},"content":{"rendered":"<p>Panoramica della valvola di scarico verso l&#039;alto:<br \/>\nLa valvola di scarico verso l&#039;alto viene utilizzata principalmente per operazioni di scarico dal basso, scarico, campionamento e arresto senza zone morte di reattori, serbatoi di stoccaggio e altri contenitori. Il volantino della valvola di scarico verso l&#039;alto gira a destra per chiudere e a sinistra per aprire. Viene utilizzato principalmente per lo scarico dal fondo di reattori, serbatoi di stoccaggio e altri contenitori. Con l&#039;aiuto della flangia inferiore della valvola, viene saldata al fondo del serbatoio di stoccaggio e ad altri contenitori, eliminando cos\u00ec il fenomeno dei fluidi residui sul fondo del contenitore. La valvola di scarico \u00e8 progettata come fondo piatto in base alla situazione reale, con un corpo valvola a forma di Y e un disco valvola per l&#039;operazione di sollevamento. La cavit\u00e0 interna del corpo valvola \u00e8 dotata di un anello di tenuta resistente all&#039;erosione e alla corrosione, che pu\u00f2 proteggere il corpo valvola dall&#039;erosione e dalla corrosione media al momento dell&#039;apertura della valvola. L&#039;anello di tenuta \u00e8 trattato appositamente per ottenere una durezza superficiale di HRC56~62, con elevate funzioni di resistenza all&#039;usura e alla corrosione. La guarnizione del disco della valvola \u00e8 saldata con lega dura sul coperchio secondo necessit\u00e0 e la superficie di tenuta \u00e8 sigillata con filo per garantire l&#039;affidabilit\u00e0 della tenuta ed evitare cicatrici. Allo stesso tempo, viene adottato un design del disco della valvola a corsa breve. Ampiamente utilizzato in settori quali quello chimico, petrolifero, metallurgico, farmaceutico, pesticidi, coloranti e lavorazione alimentare. Vari metodi di funzionamento, ad esempio manuale, pneumatico (con ritorno a molla, a doppio effetto, con e senza volantino), elettrico, idraulico, a ingranaggi, ecc.<\/p>\n<p>Caratteristica di progettazione della valvola di scarico<\/p>\n<div class=\"overflow-x\">\n<table style=\"height: 410px;\" width=\"522\" cellspacing=\"0\">\n<tbody>\n<tr class=\"firstRow\">\n<td>Progetto<\/td>\n<td>HG5-89-1 e HG-16-79<\/td>\n<\/tr>\n<tr>\n<td>Test<\/td>\n<td>API598<\/td>\n<\/tr>\n<tr>\n<td>Dimensione faccia a faccia<\/td>\n<td>COME DA MFR<\/td>\n<\/tr>\n<tr>\n<td>Termina la connessione<\/td>\n<td>ASME B16.5RF<\/td>\n<\/tr>\n<tr>\n<td>Valutazione della temperatura di pressione<\/td>\n<td>ASME B16.34<\/td>\n<\/tr>\n<tr>\n<td>Marcatura<\/td>\n<td>MSS SP-25<\/td>\n<\/tr>\n<tr>\n<td>Esame non distruttivo<\/td>\n<td>VT, PT, RT, UT, MT<\/td>\n<\/tr>\n<\/tbody>\n<\/table>\n<\/div>\n<p>Prestazioni e vantaggi della valvola di scarico verso l&#039;alto:<br \/>\n1. La camera interna del corpo valvola \u00e8 dotata di un anello di tenuta resistente all&#039;erosione e alla corrosione.<br \/>\n2. La guarnizione del disco della valvola \u00e8 saldata con una lega dura sul coperchio secondo necessit\u00e0, che ha un&#039;elevata resistenza all&#039;usura e alla corrosione.<br \/>\n3. Vari metodi operativi, come manuale, pneumatico (tipo con ritorno a molla, tipo a doppio effetto, con e senza volantino), elettrico, idraulico, a ingranaggi, ecc.<br \/>\nPrestazioni principali dell&#039;attrezzatura della valvola di scarico verso l&#039;alto:<br \/>\n\uff081\uff09 Resistenza alla corrosione<br \/>\n\u2605 \u2606 Utilizzare mezzi come acqua, acetone, alcool, ammoniaca, carbonato di bario, benzene (la temperatura finale di utilizzo bassa del materiale WCB \u00e8 -29 \u2103 e la temperatura massima \u00e8 425 \u2103).<br \/>\n\u2605 \u2606 Utilizzare mezzi come particelle, olio, polpa e anidride carbonica (la temperatura di utilizzo minima per i materiali in acciaio inossidabile \u00e8 -100 \u2103 e la temperatura di utilizzo massima \u00e8 232 \u2103)<br \/>\n\u2605 \u2606 \u00c8 severamente vietato l&#039;uso di liquidi ionici fluorurati (come HF), nonch\u00e9 basi forti e acido fosforico (temperatura&gt;150 \u2103, concentrazione&gt;30%)<br \/>\n(2) Temperatura di esercizio generale dell&#039;acciaio inossidabile per la valvola di scarico verso l&#039;alto HG5-89-1: \u2264 150 \u2103<br \/>\n\uff083\uff09 Intervallo di pressione: 0,6~2,5Mpa (IV), intervallo di diametro: 25~250 mm<\/p>\n<p>Precauzioni per la manutenzione, l&#039;installazione e l&#039;uso della valvola di scarico verso l&#039;alto<br \/>\n1. La valvola deve essere conservata nel suo insieme in un magazzino ventilato e asciutto ed \u00e8 severamente vietato impilarla o conservarla all&#039;aperto. Entrambe le estremit\u00e0 del diametro della valvola devono essere bloccate con piastre.<br \/>\n2. Prima dell&#039;installazione, \u00e8 necessario ispezionare attentamente la valvola e rimuovere eventuali danni causati durante il trasporto e lo stoccaggio.<br \/>\n3. Prima dell&#039;installazione, \u00e8 necessario prestare attenzione al bilanciamento delle viti in ciascuna parte e alla flessibilit\u00e0 del sollevamento (movimento).<br \/>\n4. La valvola deve essere installata in un luogo privo di forti vibrazioni e urti, nonch\u00e9 in un luogo in cui la valvola viene utilizzata senza danni.<br \/>\n5. Quando lo scarico \u00e8 bloccato, \u00e8 possibile utilizzare aste metalliche o strumenti duri per liberarlo. \u00c8 importante utilizzare aste metalliche o utensili duri per evitare di danneggiare la superficie di contatto tra disco valvola e anello di tenuta.<br \/>\n6. Cercare di evitare l&#039;uso alternato di mezzi acidi e alcalini (ad eccezione dei mezzi di reazione di neutralizzazione) per evitare di ridurne la durata.<br \/>\n7. In base alle prestazioni e alla durata del fluido, l&#039;anello di tenuta in PTFE sulla parte superiore del corpo della valvola e la piastra sottile in PTFE sull&#039;orifizio devono essere regolarmente ispezionati. Se si riscontrano danni, \u00e8 necessario sostituirli tempestivamente prima dell&#039;uso.<br \/>\n8. Se si riscontra un danno alla faccia della valvola, \u00e8 necessario arrestarlo immediatamente e utilizzare materiali specializzati per riparare l&#039;area interessata oppure affidare la produzione alle unit\u00e0 di produzione pertinenti.<\/p>\n<p>La valvola di scarico viene utilizzata principalmente per scaricare materiali sul fondo del serbatoio di stoccaggio, del bollitore di reazione e di altri recipienti. La valvola \u00e8 collegata all&#039;apparecchiatura e posizionata inferiormente mediante flangia o saldatura di testa, in modo da eliminare il fenomeno residuo del fluido di processo solitamente all&#039;uscita del serbatoio. A seconda delle esigenze della situazione reale, \u00e8 suddiviso in tipologie espositive verso l&#039;alto e verso il basso. Il tipo Verso l&#039;alto viene utilizzato per scaricare il reattore con la valvola di scarico dell&#039;agitatore; il tipo rivolto verso il basso viene utilizzato per lo scarico del bollitore di reazione dell&#039;agitatore ad ancora a telaio.<\/p>\n<p>&nbsp;<\/p>","protected":false},"excerpt":{"rendered":"<p>La fabbrica cinese di valvole di scarico verso l&#039;alto Oudian offre valvole di scarico verso l&#039;alto, CF8, PN16, DN80, estremit\u00e0 flangiata: ASTM 351 CF8, 3 pollici, ASME B16.5 RF, EN1092-1<\/p>","protected":false},"featured_media":18254,"template":"","meta":{"advanced_seo_description":"","jetpack_seo_html_title":"","jetpack_seo_noindex":false},"product_brand":[],"product_cat":[80],"product_tag":[308,310,311,309],"class_list":{"0":"post-18253","1":"product","2":"type-product","3":"status-publish","4":"has-post-thumbnail","6":"product_cat-globe-valves","7":"product_tag-cf8-upward-discharge-valve","8":"product_tag-dn80upward-discharge-valve","9":"product_tag-flange-end-upward-discharge-valve","10":"product_tag-pn16-upward-discharge-valve","12":"first","13":"instock","14":"shipping-taxable","15":"product-type-simple"},"jetpack_sharing_enabled":true,"_links":{"self":[{"href":"https:\/\/oudianvalve.com\/it\/wp-json\/wp\/v2\/product\/18253","targetHints":{"allow":["GET"]}}],"collection":[{"href":"https:\/\/oudianvalve.com\/it\/wp-json\/wp\/v2\/product"}],"about":[{"href":"https:\/\/oudianvalve.com\/it\/wp-json\/wp\/v2\/types\/product"}],"wp:featuredmedia":[{"embeddable":true,"href":"https:\/\/oudianvalve.com\/it\/wp-json\/wp\/v2\/media\/18254"}],"wp:attachment":[{"href":"https:\/\/oudianvalve.com\/it\/wp-json\/wp\/v2\/media?parent=18253"}],"wp:term":[{"taxonomy":"product_brand","embeddable":true,"href":"https:\/\/oudianvalve.com\/it\/wp-json\/wp\/v2\/product_brand?post=18253"},{"taxonomy":"product_cat","embeddable":true,"href":"https:\/\/oudianvalve.com\/it\/wp-json\/wp\/v2\/product_cat?post=18253"},{"taxonomy":"product_tag","embeddable":true,"href":"https:\/\/oudianvalve.com\/it\/wp-json\/wp\/v2\/product_tag?post=18253"}],"curies":[{"name":"wp","href":"https:\/\/api.w.org\/{rel}","templated":true}]}}