{"id":18251,"date":"2023-07-10T03:07:04","date_gmt":"2023-07-10T03:07:04","guid":{"rendered":"https:\/\/oudianvalve.com\/?post_type=product&#038;p=18251"},"modified":"2023-07-10T03:07:05","modified_gmt":"2023-07-10T03:07:05","slug":"din-y-type-bellow-globe-valve-dn65-pn40-rf-end","status":"publish","type":"product","link":"https:\/\/oudianvalve.com\/it\/products\/globe-valves\/din-y-type-bellow-globe-valve-dn65-pn40-rf-end\/","title":{"rendered":"Valvola a globo a soffietto tipo DIN Y, DN65, PN40, estremit\u00e0 RF"},"content":{"rendered":"<p>Valvola a globo per tubo corrugato a forma di Y standard tedesco<br \/>\nModello prodotto: WJ45H<br \/>\nNorma di progettazione: EN 12516<br \/>\nLunghezza struttura: EN 558<br \/>\nFlangia di collegamento: EN 1092-1<br \/>\nTest e ispezione: EN 12266<br \/>\nMateriale corpo valvola: GS-C25\/CF8\/CF8M\/CF3\/CF3M\/WC6\/WC9<br \/>\nDiametro nominale: DN15-DN600<br \/>\nPressione nominale: PN1,6 MPa-10,0 MPa<br \/>\nMetodo di connessione: flangia, saldatura<br \/>\nMezzi applicabili: vapore, olio diatermico, sale fuso, altri mezzi chimici, ecc<br \/>\nIndustrie di applicazione: petrolio, chimica, energia, farmaceutica, metallurgia, nuova energia e altre industrie<\/p>\n<p>Panoramica del Prodotto<\/p>\n<p>La valvola a globo per tubo corrugato DIN Y Type GlobeE Valve \u00e8 un nuovo tipo di valvola a globo. Grazie al design a doppia tenuta, le prestazioni di tenuta di questa valvola sono pi\u00f9 affidabili e superiori a quelle delle normali valvole superiori. Ampiamente utilizzato in sistemi ad olio caldo, sistemi a vapore, sistemi ad acqua calda e fredda, ecc. Prestazioni sicure e affidabili, utilizzando tubi corrugati per sigillare, ridurre la manutenzione e le riparazioni frequenti e fornire un ambiente di lavoro pulito e sicuro. Il design della guarnizione elimina lo svantaggio del rapido invecchiamento e della facile perdita degli steli delle valvole ordinarie, il che non solo migliora l&#039;efficienza energetica ma aumenta anche le attrezzature di produzione<\/p>\n<p>Caratteristiche del prodotto:<br \/>\n1. Il canale di flusso del corpo valvola della valvola di arresto a soffietto a forma di Y \u00e8 una struttura a flusso diretto. La resistenza al fluido di questa struttura \u00e8 inferiore a quella della struttura diritta, che pu\u00f2 accelerare la tensione media, ridurre la perdita di pressione e ridurre il consumo di energia, soprattutto per i materiali con viscosit\u00e0 e facile agglomerazione. 2. Il corpo valvola adotta la tecnologia tedesca di colata in sabbia ricoperta da film, che migliora notevolmente la finitura superficiale e le propriet\u00e0 meccaniche del corpo valvola, riduce la comparsa di pori, fori di sabbia e crepe e migliora la resistenza alla trazione del pezzo fuso.<br \/>\nQuando la valvola \u00e8 chiusa, la superficie di tenuta conica con \u201ceffetto raschiante\u201d pu\u00f2 rimuovere automaticamente le impurit\u00e0 superficiali, garantendo una tenuta affidabile e una maggiore durata del disco della valvola<br \/>\nDesign a doppia tenuta (tubo corrugato+guarnizione), in conformit\u00e0 con gli standard di tenuta internazionali. 4<br \/>\n5. Tutti i tubi corrugati hanno superato i test sull&#039;ammoniaca e tutte le valvole hanno superato i test standard per garantire zero perdite.<br \/>\n6. I prodotti superiori a DN150 sono dotati di dispositivi speciali per prevenire efficacemente vibrazioni, rumore e danni interni della valvola durante l&#039;uso, aumentando efficacemente la durata di oltre 150%.<br \/>\n7. \u00c8 possibile fornire vari design del disco della valvola in base alle condizioni di lavoro, come dischi della valvola di strozzamento, dischi della valvola di ritegno di arresto, ecc.<\/p>","protected":false},"excerpt":{"rendered":"<p>La fabbrica di valvole a globo a soffietto di tipo DIN Y in Cina Oudian offre una valvola a globo a soffietto di tipo Y: GS-C25, 21\/2 pollici, PN40, EN 12266, EN 1092-1.<\/p>","protected":false},"featured_media":18252,"template":"","meta":{"advanced_seo_description":"","jetpack_seo_html_title":"","jetpack_seo_noindex":false},"product_brand":[],"product_cat":[80],"product_tag":[304,306,305,307],"class_list":{"0":"post-18251","1":"product","2":"type-product","3":"status-publish","4":"has-post-thumbnail","6":"product_cat-globe-valves","7":"product_tag-din-y-type-bellow-globe-valve","8":"product_tag-dn65-din-y-type-bellow-globe-valve","9":"product_tag-pn40-din-y-type-bellow-globe-valve","10":"product_tag-rf-end-din-y-type-bellow-globe-valve","12":"first","13":"instock","14":"shipping-taxable","15":"product-type-simple"},"jetpack_sharing_enabled":true,"_links":{"self":[{"href":"https:\/\/oudianvalve.com\/it\/wp-json\/wp\/v2\/product\/18251","targetHints":{"allow":["GET"]}}],"collection":[{"href":"https:\/\/oudianvalve.com\/it\/wp-json\/wp\/v2\/product"}],"about":[{"href":"https:\/\/oudianvalve.com\/it\/wp-json\/wp\/v2\/types\/product"}],"wp:featuredmedia":[{"embeddable":true,"href":"https:\/\/oudianvalve.com\/it\/wp-json\/wp\/v2\/media\/18252"}],"wp:attachment":[{"href":"https:\/\/oudianvalve.com\/it\/wp-json\/wp\/v2\/media?parent=18251"}],"wp:term":[{"taxonomy":"product_brand","embeddable":true,"href":"https:\/\/oudianvalve.com\/it\/wp-json\/wp\/v2\/product_brand?post=18251"},{"taxonomy":"product_cat","embeddable":true,"href":"https:\/\/oudianvalve.com\/it\/wp-json\/wp\/v2\/product_cat?post=18251"},{"taxonomy":"product_tag","embeddable":true,"href":"https:\/\/oudianvalve.com\/it\/wp-json\/wp\/v2\/product_tag?post=18251"}],"curies":[{"name":"wp","href":"https:\/\/api.w.org\/{rel}","templated":true}]}}