{"id":18200,"date":"2023-07-07T02:11:01","date_gmt":"2023-07-07T02:11:01","guid":{"rendered":"https:\/\/oudianvalve.com\/?post_type=product&#038;p=18200"},"modified":"2023-07-07T02:11:01","modified_gmt":"2023-07-07T02:11:01","slug":"high-pressure-gate-valve-1500lb-wcb-6-inch-flange-end","status":"publish","type":"product","link":"https:\/\/oudianvalve.com\/it\/products\/gate-valves\/high-pressure-gate-valve-1500lb-wcb-6-inch-flange-end\/","title":{"rendered":"Valvola a saracinesca ad alta pressione, 1500LB, WCB, 6 pollici, estremit\u00e0 flangiata"},"content":{"rendered":"<p>La valvola a saracinesca ad alta pressione, chiamata anche valvola a saracinesca con tenuta a pressione, \u00e8 progettata e prodotta secondo ASME B16.34, API600 e la valvola ha le caratteristiche di bell&#039;aspetto, struttura compatta e tenuta affidabile. \u00c8 adatto a varie condutture dalla Classe 900 alla Classe 2500.<\/p>\n<p>Standard di progettazione: API 600<br \/>\nClassificazione pressione-temperatura: ASME B16.34<br \/>\nIntervallo di dimensioni: da 2&quot; a 48&quot;<br \/>\nIntervallo di pressione: classe da 150 a 2500<br \/>\nConnessioni terminali: RF flangiate, RTJ, saldate di testa<br \/>\nDimensioni estremit\u00e0 flangiate: ASME B16.5 (\u226424\u201d), ASME B16.47 Serie A o B (&gt;24\u201d)<br \/>\nDimensioni estremit\u00e0 saldatura di testa: ASME B16.25 faccia a faccia<br \/>\nDimensioni faccia a faccia: ASME B16.10<br \/>\nIspezione e test: API 598<br \/>\nMateriali corpo: WCB, CF8, CF3, CF3M, CF8M, A995 4A, 5A, 6A, C95800, INCONEL 625, INCONEL 825, MONEL, WC6, WC9.<br \/>\nMateriali delle finiture: 1#, 5#,8#,10#,12#,16#<br \/>\nMateriali di imballaggio: grafite, grafite con filo di inconel<\/p>\n<p>&nbsp;<\/p>\n<p>Principio di funzionamento della valvola a saracinesca:<br \/>\nPrima che la valvola a saracinesca ad alta pressione venga potenziata, ruotare il bullone di serraggio per sollevare il coperchio, in modo che la formazione iniziale tra il coperchio, l&#039;anello segmentato e il corpo della valvola crei condizioni di tenuta: pressione di precarico sulla superficie di tenuta. Quando la pressione del fluido aumenta, la pressione di tenuta tra coperchio, segmento e corpo valvola aumenta gradualmente con l&#039;aumento della pressione del fluido. Nella tenuta autoermetica, la pressione di tenuta operativa sulla superficie di tenuta \u00e8 sintetizzata da due parti: una \u00e8 la pressione di tenuta pre-tenuta e l&#039;altra \u00e8 la pressione formata dalla pressione del mezzo. \u00c8 opportuno sottolineare che: la pressione del fluido in una tenuta autoserrante tende sempre ad aumentare la pressione di precarico della tenuta per aumentare le prestazioni di tenuta. Maggiore \u00e8 la pressione del fluido, maggiore \u00e8 la pressione operativa della tenuta e migliori sono le prestazioni di tenuta.<\/p>\n<p>&nbsp;<\/p>\n<p>Le caratteristiche principali della saracinesca ad alta pressione:<br \/>\n\u2460 La struttura autosigillante pu\u00f2 rendere il collegamento tra il corpo della valvola e il coperchio della valvola ad alta pressione ben strutturato, risparmiando manodopera e materiale, sicuro e affidabile.<br \/>\n\u2461 La saracinesca ad alta pressione utilizza una struttura combinata autosigillante a pressione del coperchio, per ottenere una tenuta lineare, mentre l&#039;anello di tenuta utilizza acciaio inossidabile austenitico, anticorrosivo, prolunga la durata di utilizzo, garantendo cos\u00ec la tenuta della valvola non perde sotto l&#039;elevata differenza di pressione.<br \/>\n\u2462 Quando la saracinesca ad alta pressione si trova nel modello 2500LB e superiore, la cavit\u00e0 interna del corpo valvola e l&#039;area di contatto dell&#039;anello di tenuta sono saldate con materiale in acciaio inossidabile per evitare che l&#039;area di tenuta del corpo valvola venga erosa dall&#039;aria e dall&#039;acqua in condizioni di alta pressione differenza di pressione, che pu\u00f2 causare perdite per vaiolatura, garantendo cos\u00ec il funzionamento sicuro e a lungo termine della valvola.<\/p>\n<p>&nbsp;<\/p>\n<p>Struttura autosigillante della valvola a saracinesca ad alta pressione:<br \/>\nLa valvola a saracinesca con tenuta a pressione utilizza una struttura di tenuta combinata con la guarnizione esterna dell&#039;imballaggio e l&#039;autosigillatura a pressione interna sulla guarnizione dello stelo per garantire che il mezzo non perda. La tenuta esterna dello stelo \u00e8 riempita con politetrafluorene o guarnizione O-ring, che viene pressata saldamente con il premistoppa. Sotto l&#039;azione della pressione del mezzo, viene generata una pressione verso l&#039;alto, maggiore \u00e8 la pressione del mezzo, maggiore \u00e8 la forza di tenuta, questa struttura \u00e8 adatta per media elevati.<\/p>","protected":false},"excerpt":{"rendered":"<p>Questa valvola a saracinesca del cofano con tenuta a pressione \u00e8 realizzata con materiale ASTM A216 WCB di alta qualit\u00e0. Presenta una dimensione di 6 pollici e una pressione nominale di 1500 LB. Con designazione DN150 e PN250, \u00e8 conforme agli standard API 600 ed \u00e8 progettato con un&#039;estremit\u00e0 flangiata ASME B16.5 Rf. La valvola \u00e8 stata testata secondo i requisiti API 598.<\/p>\n<p>Design completo delle porte<br \/>\nOS&amp; Y, vite esterna e giogo<br \/>\nPSB, coperchio con tenuta a pressione<br \/>\nCuneo flessibile, completamente guidato<br \/>\nScelta di cuneo solido o diviso<br \/>\nAnelli del sedile rinnovabili<br \/>\nStelo con testa a T forgiato<br \/>\nStelo ascendente e volantino non ascendente<br \/>\nEstremit\u00e0 flangiate o saldate di testa<br \/>\nDisponibile con operatore bg<\/p>","protected":false},"featured_media":18243,"template":"","meta":{"advanced_seo_description":"","jetpack_seo_html_title":"","jetpack_seo_noindex":false},"product_brand":[],"product_cat":[81],"product_tag":[295,298,299,294,297,296],"class_list":{"0":"post-18200","1":"product","2":"type-product","3":"status-publish","4":"has-post-thumbnail","6":"product_cat-gate-valves","7":"product_tag-1500lb-high-pressure-gate-valve","8":"product_tag-6-inch-high-pressure-gate-valve","9":"product_tag-flange-end-high-pressure-gate-valve","10":"product_tag-high-pressure-gate-valve","11":"product_tag-pressure-seal-high-pressure-gate-valve","12":"product_tag-wcb-high-pressure-gate-valve","14":"first","15":"instock","16":"shipping-taxable","17":"product-type-simple"},"jetpack_sharing_enabled":true,"_links":{"self":[{"href":"https:\/\/oudianvalve.com\/it\/wp-json\/wp\/v2\/product\/18200","targetHints":{"allow":["GET"]}}],"collection":[{"href":"https:\/\/oudianvalve.com\/it\/wp-json\/wp\/v2\/product"}],"about":[{"href":"https:\/\/oudianvalve.com\/it\/wp-json\/wp\/v2\/types\/product"}],"wp:featuredmedia":[{"embeddable":true,"href":"https:\/\/oudianvalve.com\/it\/wp-json\/wp\/v2\/media\/18243"}],"wp:attachment":[{"href":"https:\/\/oudianvalve.com\/it\/wp-json\/wp\/v2\/media?parent=18200"}],"wp:term":[{"taxonomy":"product_brand","embeddable":true,"href":"https:\/\/oudianvalve.com\/it\/wp-json\/wp\/v2\/product_brand?post=18200"},{"taxonomy":"product_cat","embeddable":true,"href":"https:\/\/oudianvalve.com\/it\/wp-json\/wp\/v2\/product_cat?post=18200"},{"taxonomy":"product_tag","embeddable":true,"href":"https:\/\/oudianvalve.com\/it\/wp-json\/wp\/v2\/product_tag?post=18200"}],"curies":[{"name":"wp","href":"https:\/\/api.w.org\/{rel}","templated":true}]}}