{"id":18194,"date":"2023-07-05T02:28:20","date_gmt":"2023-07-05T02:28:20","guid":{"rendered":"https:\/\/oudianvalve.com\/?post_type=product&#038;p=18194"},"modified":"2023-07-05T02:28:21","modified_gmt":"2023-07-05T02:28:21","slug":"flange-segment-ball-valvecf8150lb6-inchrf-end","status":"publish","type":"product","link":"https:\/\/oudianvalve.com\/it\/products\/ball-valves\/flange-segment-ball-valvecf8150lb6-inchrf-end\/","title":{"rendered":"Valvola a sfera a segmento flangiato, CF8,150LB, 6 pollici, estremit\u00e0 RF"},"content":{"rendered":"<p>La valvola a sfera con segmento flangiato \u00e8 progettata principalmente per il controllo del flusso e pu\u00f2 essere utilizzata anche per l&#039;operazione di intercettazione. La porta dentellata sulla sfera del segmento contribuisce a un forte stress di taglio per tagliare i media con fibre e particelle. Di conseguenza, questa valvola a sfera a segmenti \u00e8 una buona valvola di controllo generale (carattere di flusso equi-percentuale) per la maggior parte delle applicazioni di processo di pasta di legno e carta, o flussi simili contengono fibre e particelle.<\/p>\n<p>Classificazione pressione-temperatura: ASME B16.34<br \/>\nGamma di dimensioni: DN 25~500 mm NPS 1\u201d-20\u201d (flangia)<br \/>\nIntervallo di pressione: PN 10\/16\/25\/40\/63 ANSI 150\/300\/600<br \/>\nConnessioni terminali: ISA S75.04, IEC\/DIN 534-3-2 (flangia)<br \/>\nTipo di sfera: sfera solida forgiata, sfera cava, sfera galleggiante<br \/>\nIspezione e test: DIN3230, API598<br \/>\nTenuta della tenuta: Sedile in metallo Classe IV Sedile resiliente Classe VI<br \/>\nMateriali corpo: WCB, CF8, CF8M CF3M, 4A,5A,6A, C95800.<br \/>\nMateriali sedile: acciaio inossidabile+STL, PCTFE,PEEK (flangia), acciaio inossidabile+STL (wafer)<br \/>\nTemp. Gamma: Sedile in metallo -29\u2026+450\u2103 Sedile resiliente -29\u2026+150\u2103<br \/>\nFunzionamento, manuale, ingranaggio a vite senza fine, pneumatico, elettrico.<\/p>\n<p>Caratteristiche:<\/p>\n<p>1. Corpo:<\/p>\n<p>a) Il design del corpo integrale offre maggiore rigidit\u00e0 contro i carichi fluttuanti del tubo.<\/p>\n<p>b) Elimina il percorso di perdita associato ai design del corpo in due pezzi.<\/p>\n<p>c) Sono disponibili sia la connessione wafer che quella flangiata.<\/p>\n<p>2. Nucleo:<\/p>\n<p>a) La sfera con intaglio a V appositamente progettata fornisce un forte stress da taglio e una tenuta ermetica.<\/p>\n<p>b) I trattamenti di cromo duro, nitrurazione e HCOF sono tutti disponibili per il trattamento della superficie della sfera, migliorando la durezza,<\/p>\n<p>resistenza all&#039;abrasione, resistenza alla fatica, resistenza alla corrosione e prestazioni ad alta temperatura.<\/p>\n<p>c) La superficie della sfera dentellata ben rettificata garantisce una coppia operativa ridotta e una tenuta ermetica, soprattutto per le sedi metalliche<\/p>\n<p>valvola a segmento.<\/p>\n<p>3. Sedile:<\/p>\n<p>a) Per le valvole classificate di classe 150, il fermo \u00e8 fuso sul corpo della valvola per eliminare ogni possibile spazio tra le sedi<\/p>\n<p>anello e corpo per accumulo residui. Di conseguenza, ci\u00f2 garantisce una perfetta tenuta.<\/p>\n<p>b) Il design specializzato della molla riduce la coppia della valvola fornendo al tempo stesso forza per una tenuta ermetica.<\/p>\n<p>c) Il design della sede energizzata dalla pressione offre un&#039;eccellente tenuta anche a pressioni differenziali molto basse.<\/p>\n<p>4. Gambo:<\/p>\n<p>a) Lo stelo \u00e8 finemente rettificato per adattarsi perfettamente all&#039;attuatore, impedendo movimenti oscillatori e potenziali guasti<\/p>\n<p>della valvola segmentata.<\/p>\n<p>Applicazione:<br \/>\nCellulosa e carta\/Trattamento delle acque reflue\/Alimentare e<br \/>\nBevande\/Impianti chimici\/Centrali elettriche\/Industria siderurgica\/Ecc<\/p>","protected":false},"excerpt":{"rendered":"<p>CARATTERISTICHE<\/p>\n<p>1. Sedili facili da cambiare, significa basso costo per le riparazioni delle valvole.<\/p>\n<p>2. Il contorno preciso dell&#039;intaglio a V fornisce eccellenti caratteristiche di controllo per un&#039;ampia variet\u00e0 di applicazioni di flusso.<\/p>\n<p>3. Il collegamento scanalato tra l&#039;albero e la sfera garantisce un controllo preciso e una bassa isteresi.<\/p>\n<p>4. L&#039;azione di taglio tra la sfera e la guarnizione favorisce un funzionamento regolare e senza intasamenti, perfetto per applicazioni con fibre o liquami.<\/p>\n<p>5. Il sedile caricato a molla mantiene un contatto costante con la sfera, offrendo prestazioni di tenuta migliorate.<\/p>\n<p>6. La struttura resistente con percorso di flusso diritto e senza restrizioni garantisce un&#039;elevata capacit\u00e0.<\/p>\n<p>7. La tecnologia superiore dei cuscinetti a snodo \u00e8 progettata per un&#039;eccellente resistenza all&#039;abrasione.<\/p>\n<p>8. La robusta opzione con sede metallica autoregolante \u00e8 ideale per applicazioni o fanghi ad alta temperatura.<\/p>\n<p>9. Eccellente capacit\u00e0 di tenuta: classe V standard<\/p>","protected":false},"featured_media":18195,"template":"","meta":{"advanced_seo_description":"","jetpack_seo_html_title":"","jetpack_seo_noindex":false},"product_brand":[],"product_cat":[83],"product_tag":[281,279,278,277,280],"class_list":{"0":"post-18194","1":"product","2":"type-product","3":"status-publish","4":"has-post-thumbnail","6":"product_cat-ball-valves","7":"product_tag-150lb-flange-segment-ball-valve","8":"product_tag-6-inch-flange-segment-ball-valve","9":"product_tag-cf8-flange-segment-ball-valve","10":"product_tag-flange-segment-ball-valve","11":"product_tag-rf-end-flange-segment-ball-valve","13":"first","14":"instock","15":"shipping-taxable","16":"product-type-simple"},"jetpack_sharing_enabled":true,"_links":{"self":[{"href":"https:\/\/oudianvalve.com\/it\/wp-json\/wp\/v2\/product\/18194","targetHints":{"allow":["GET"]}}],"collection":[{"href":"https:\/\/oudianvalve.com\/it\/wp-json\/wp\/v2\/product"}],"about":[{"href":"https:\/\/oudianvalve.com\/it\/wp-json\/wp\/v2\/types\/product"}],"wp:featuredmedia":[{"embeddable":true,"href":"https:\/\/oudianvalve.com\/it\/wp-json\/wp\/v2\/media\/18195"}],"wp:attachment":[{"href":"https:\/\/oudianvalve.com\/it\/wp-json\/wp\/v2\/media?parent=18194"}],"wp:term":[{"taxonomy":"product_brand","embeddable":true,"href":"https:\/\/oudianvalve.com\/it\/wp-json\/wp\/v2\/product_brand?post=18194"},{"taxonomy":"product_cat","embeddable":true,"href":"https:\/\/oudianvalve.com\/it\/wp-json\/wp\/v2\/product_cat?post=18194"},{"taxonomy":"product_tag","embeddable":true,"href":"https:\/\/oudianvalve.com\/it\/wp-json\/wp\/v2\/product_tag?post=18194"}],"curies":[{"name":"wp","href":"https:\/\/api.w.org\/{rel}","templated":true}]}}