{"id":18180,"date":"2023-07-03T07:14:51","date_gmt":"2023-07-03T07:14:51","guid":{"rendered":"https:\/\/oudianvalve.com\/?post_type=product&#038;p=18180"},"modified":"2023-07-03T08:02:40","modified_gmt":"2023-07-03T08:02:40","slug":"tilting-disc-check-valve-300lb-wcb-12-inch-rf-end","status":"publish","type":"product","link":"https:\/\/oudianvalve.com\/it\/products\/check-valves\/tilting-disc-check-valve-300lb-wcb-12-inch-rf-end\/","title":{"rendered":"Valvola di ritegno a disco inclinabile, 300LB, WCB, 12 pollici, estremit\u00e0 RF"},"content":{"rendered":"<p>Standard di progettazione: API 6D<br \/>\nClassificazione pressione-temperatura: ASME B16.34<br \/>\nIntervallo di dimensioni: da 2&quot; a 48&quot;<br \/>\nIntervallo di pressione: classe da 150 a 2500<br \/>\nConnessioni terminali: RF flangiate, RTJ, saldate di testa<br \/>\nDimensioni estremit\u00e0 flangiate: ASME B16.5 (\u226424\u201d), ASME B16.47 Serie A o B (&gt;24\u201d)<br \/>\nDimensioni estremit\u00e0 saldatura di testa: ASME B16.25 faccia a faccia<br \/>\nDimensioni faccia a faccia: ASME B16.10<br \/>\nIspezione e test: API 598<br \/>\nMateriali corpo: WCB, CF8, CF3, CF3M, CF8M, A995 4A, 5A, 6A, C95800, INCONEL 625, INCONEL 825, MONEL, WC6, WC9.<br \/>\nMateriali delle finiture: 1#, 5#,8#,10#,12#,16#<br \/>\nMateriali di imballaggio: grafite, grafite con filo di inconel<\/p>\n<p>Le valvole di ritegno a disco inclinabile realizzano l&#039;apertura completa del flusso facendo ruotare o inclinare il disco nel mezzo di flusso. La gamma della corsa di apertura \u00e8 molto inferiore a quella delle valvole di ritegno a battente convenzionali, il che riduce i tempi di apertura e chiusura. \u00c8 fondamentale per controllare l&#039;inversione del flusso e ridurre il colpo d&#039;ariete. Il design della valvola di ritegno a disco inclinabile offre la soluzione consentendo una chiusura rapida, anche in caso di minima perdita di flusso.<\/p>\n<p>Le valvole di ritegno a disco inclinabile sono progettate per aprirsi e chiudersi pi\u00f9 velocemente rispetto alle valvole di ritegno standard. \u00c8 necessario un funzionamento rapido ogniqualvolta sia necessario proteggere immediatamente i componenti critici dal riflusso. Tuttavia, molti altri tipi di valvole di ritegno sono in grado di chiudersi solo quando il flusso a monte viene completamente perso.<\/p>\n<p>Nei sistemi in cui il riflusso pu\u00f2 verificarsi rapidamente, come i sistemi di pompaggio in un sistema ad alta pressione, ci\u00f2 pu\u00f2 portare a gravi problemi. In casi estremi, il colpo d&#039;ariete risultante pu\u00f2 distruggere interi sistemi di tubazioni e pompe.<\/p>\n<p>\u2022 Stabilit\u00e0 del flusso basso e pulsante<\/p>\n<p>\u2022 Un moderato calo di pressione<\/p>\n<p>\u2022 Sigillatura ermetica della sede metallica<\/p>\n<p>\u2022 I contatti della sede avvengono solo dopo che il disco \u00e8 stato inserito e chiuso.<\/p>\n<p>Applicazione:<\/p>\n<p>Poich\u00e9 il disco di una valvola di ritegno a disco inclinabile \u00e8 montato con un angolo di 15 gradi, si apre a una velocit\u00e0 media, a partire da 0,6 m\/sec con un tempo di risposta breve. Ci\u00f2 impedisce al disco di &quot;martellare&quot; a basse velocit\u00e0 e previene l&#039;usura dello stelo, delle molle e dei cuscinetti. La tenuta autocentrante fornisce un&#039;eccellente tenuta sia ai differenziali di alta che di bassa pressione. Inoltre, le valvole possono essere dotate di molle aggiuntive per aumentare la velocit\u00e0 di risposta in caso di rischio elevato di riflusso rapido.<\/p>\n<p>Il risultato \u00e8 una valvola di ritegno stabile con un tempo di risposta rapido che richiede una manutenzione minima. Ci\u00f2 rende questa valvola adatta a qualsiasi applicazione che richieda una risposta rapida.<\/p>","protected":false},"excerpt":{"rendered":"<p>Una valvola di ritegno a disco inclinabile offre una soluzione a chiusura rapida. Le valvole di ritegno a disco inclinabile forniscono un&#039;opzione con corpo diviso, tenuta a pressione o wafer con un design senza sbattimento.<\/p>\n<p>Le valvole di ritegno a disco inclinabile sono progettate per acqua potabile e altri liquidi neutri e sono generalmente installate in applicazioni di pompaggio per impedire il riflusso nel sistema. Il disco basculante richiede solo una pressione molto bassa per aprirsi.<\/p>\n<p>La caratteristica di questa valvola \u00e8 la \u201cnon sbattimento\u201d. Il disco, con la sua conformazione, viene mantenuto in posizione aperta dal flusso del fluido, ed il suo ritorno in posizione chiusa non provoca un improvviso e violento urto contro la sede. La progettazione pu\u00f2 essere conforme ad ASME B16.34 ma anche a EN 12516.<\/p>","protected":false},"featured_media":18181,"template":"","meta":{"advanced_seo_description":"","jetpack_seo_html_title":"","jetpack_seo_noindex":false},"product_brand":[],"product_cat":[82],"product_tag":[261,260,262,259],"class_list":{"0":"post-18180","1":"product","2":"type-product","3":"status-publish","4":"has-post-thumbnail","6":"product_cat-check-valves","7":"product_tag-12-inch-tilting-disc-check-valve","8":"product_tag-300lb-tilting-disc-check-valve","9":"product_tag-rf-end-tilting-disc-check-valve","10":"product_tag-tilting-disc-check-valve","12":"first","13":"instock","14":"shipping-taxable","15":"product-type-simple"},"jetpack_sharing_enabled":true,"_links":{"self":[{"href":"https:\/\/oudianvalve.com\/it\/wp-json\/wp\/v2\/product\/18180","targetHints":{"allow":["GET"]}}],"collection":[{"href":"https:\/\/oudianvalve.com\/it\/wp-json\/wp\/v2\/product"}],"about":[{"href":"https:\/\/oudianvalve.com\/it\/wp-json\/wp\/v2\/types\/product"}],"wp:featuredmedia":[{"embeddable":true,"href":"https:\/\/oudianvalve.com\/it\/wp-json\/wp\/v2\/media\/18181"}],"wp:attachment":[{"href":"https:\/\/oudianvalve.com\/it\/wp-json\/wp\/v2\/media?parent=18180"}],"wp:term":[{"taxonomy":"product_brand","embeddable":true,"href":"https:\/\/oudianvalve.com\/it\/wp-json\/wp\/v2\/product_brand?post=18180"},{"taxonomy":"product_cat","embeddable":true,"href":"https:\/\/oudianvalve.com\/it\/wp-json\/wp\/v2\/product_cat?post=18180"},{"taxonomy":"product_tag","embeddable":true,"href":"https:\/\/oudianvalve.com\/it\/wp-json\/wp\/v2\/product_tag?post=18180"}],"curies":[{"name":"wp","href":"https:\/\/api.w.org\/{rel}","templated":true}]}}