{"id":18167,"date":"2023-06-30T04:28:52","date_gmt":"2023-06-30T04:28:52","guid":{"rendered":"https:\/\/oudianvalve.com\/?post_type=product&#038;p=18167"},"modified":"2023-06-30T04:36:12","modified_gmt":"2023-06-30T04:36:12","slug":"2pc-forged-steel-floating-ball-valvea105-316-trim-2-inch-600lb-rf-end","status":"publish","type":"product","link":"https:\/\/oudianvalve.com\/it\/products\/ball-valves\/2pc-forged-steel-floating-ball-valvea105-316-trim-2-inch-600lb-rf-end\/","title":{"rendered":"Valvola a sfera flottante in acciaio forgiato 2PC, trim A105,316, 2 pollici, 600LB, estremit\u00e0 RF"},"content":{"rendered":"<p>Standard di progettazione: API 6D\/API 608<br \/>\nIgnifugo: API 607\/6FA<br \/>\nValori di temperatura e pressione: ASME B16.34<br \/>\nIntervallo di dimensioni: da 2&quot; a 48&quot; \uff08DN50-DN1200\uff09<br \/>\nAttacco: passaggio totale o passaggio ridotto<br \/>\nIntervallo di pressione: da 150 libbre a 2500 libbre<br \/>\nConnessioni terminali: RF flangiate, RTJ, saldate di testa<br \/>\nTipo di sfera: sfera solida forgiata<br \/>\nDimensioni estremit\u00e0 flangiate: ASME B16.5 (24&quot; e inferiore), ASME B16.47 Serie A o B (superiore a 24&quot;)<br \/>\nDimensioni dell&#039;estremit\u00e0 saldata di testa: ASME B16.25<br \/>\nDimensioni faccia a faccia: ASME B16.10<br \/>\nIspezione e test: API 6D<br \/>\nMateriali del corpo: A105\/A105N, F304, F316, F316L, F51, F53, F55, C95800, UNS N08825, UNS N06625.<br \/>\nMateriali della sede: PTFE, RPTFE, DEVLON, NYLON, PEEK, sede metallica con TCC\/STL\/Ni.<\/p>\n<p>Caratteristiche del prodotto:<\/p>\n<p>1.La resistenza al flusso \u00e8 piccola;<br \/>\n2. Sedile del pistone, design della struttura antistatica e antincendio;<br \/>\n3. Nessuna limitazione sulla direzione del flusso del mezzo;<br \/>\n4.Quando la valvola \u00e8 in posizione completamente aperta, le superfici della sede sono esterne al flusso di flusso, sempre in pieno contatto con il cancello che pu\u00f2 proteggere le superfici della sede e adatte per la tubazione di pigging;<br \/>\n5. \u00c8 possibile scegliere l&#039;imballaggio caricato a molla;<br \/>\n6. L&#039;imballaggio a basse emissioni pu\u00f2 essere scelto in base ai requisiti ISO 15848;<br \/>\n7. \u00c8 possibile scegliere il design esteso dello stelo;<br \/>\n8. \u00c8 possibile scegliere il design del sedile da metallo a metallo;<br \/>\n9. \u00c8 possibile scegliere il design DBB, DIB-1, DIB-2;<br \/>\n10.La sfera \u00e8 fissata con una piastra di supporto e un albero fisso;<\/p>\n<p>Vantaggio:<\/p>\n<p>Materiale del corpo forgiato, prestazioni molto pi\u00f9 stabili rispetto al corpo in fusione che potrebbe presentare difetti interni, poich\u00e9 il corpo \u00e8 realizzato in materiale forgiato, nessuna riparazione e la superficie ha un bell&#039;aspetto. Viene utilizzata solo palla solida per garantire prestazioni eccellenti. Rispetto alle valvole a sfera flottanti, la sfera \u00e8 fissata sia dallo stelo che dal perno inferiore, quindi ha un valore di coppia inferiore. Quando la pressione nella cavit\u00e0 \u00e8 elevata, spinger\u00e0 il movimento della sede della molla, garantendone il rilascio automatico. Le nostre valvole a sfera montate su perno sono rigorosamente progettate e prodotte secondo API6D e relativo standard, 100% testate secondo API6D. La verniciatura pu\u00f2 essere personalizzata secondo le richieste del cliente, come JOTUN, HEMPEL. Il TPI \u00e8 accettato sia per l&#039;ispezione del processo che per l&#039;ispezione dimensionale e di prova finale.<\/p>\n<p>Principio della valvola a sfera flottante in acciaio forgiato: questo tipo di valvola a sfera ha una sfera flottante supportata da due sedi della valvola. Sotto l&#039;effetto della media pressione, la sfera stessa pu\u00f2 generare un certo spostamento tale da essere pressata sull&#039;anello di tenuta della sede in uscita, garantendo la tenuta in uscita.<\/p>","protected":false},"excerpt":{"rendered":"<h3><\/h3>\n<div>\n<p>\u00a0 \u00a0 \u00a0 \u00a0 Breve descrizione:<\/p>\n<ul>\n<li>Doppio blocco e spurgo (DBB)<\/li>\n<li>Corpo versato o ingresso laterale, corpo a 2 o 3 pezzi<\/li>\n<li>Cofano imbullonato<\/li>\n<li>Molla antistatica<\/li>\n<li>Stelo anti-esplosione<\/li>\n<li>Sicuro per il fuoco<\/li>\n<li>Sollievo dalla cavit\u00e0 auto<\/li>\n<\/ul>\n<\/div>","protected":false},"featured_media":18168,"template":"","meta":{"advanced_seo_description":"","jetpack_seo_html_title":"","jetpack_seo_noindex":false},"product_brand":[],"product_cat":[83],"product_tag":[252,250,253,251,254],"class_list":{"0":"post-18167","1":"product","2":"type-product","3":"status-publish","4":"has-post-thumbnail","6":"product_cat-ball-valves","7":"product_tag-2-inch-forged-steel-floating-ball-valve","8":"product_tag-2pc-forged-steel-floating-ball-valve","9":"product_tag-600lb-forged-steel-floating-ball-valve","10":"product_tag-a105-forged-steel-floating-ball-valve","11":"product_tag-rf-end-forged-steel-floating-ball-valve","13":"first","14":"instock","15":"shipping-taxable","16":"product-type-simple"},"jetpack_sharing_enabled":true,"_links":{"self":[{"href":"https:\/\/oudianvalve.com\/it\/wp-json\/wp\/v2\/product\/18167","targetHints":{"allow":["GET"]}}],"collection":[{"href":"https:\/\/oudianvalve.com\/it\/wp-json\/wp\/v2\/product"}],"about":[{"href":"https:\/\/oudianvalve.com\/it\/wp-json\/wp\/v2\/types\/product"}],"wp:featuredmedia":[{"embeddable":true,"href":"https:\/\/oudianvalve.com\/it\/wp-json\/wp\/v2\/media\/18168"}],"wp:attachment":[{"href":"https:\/\/oudianvalve.com\/it\/wp-json\/wp\/v2\/media?parent=18167"}],"wp:term":[{"taxonomy":"product_brand","embeddable":true,"href":"https:\/\/oudianvalve.com\/it\/wp-json\/wp\/v2\/product_brand?post=18167"},{"taxonomy":"product_cat","embeddable":true,"href":"https:\/\/oudianvalve.com\/it\/wp-json\/wp\/v2\/product_cat?post=18167"},{"taxonomy":"product_tag","embeddable":true,"href":"https:\/\/oudianvalve.com\/it\/wp-json\/wp\/v2\/product_tag?post=18167"}],"curies":[{"name":"wp","href":"https:\/\/api.w.org\/{rel}","templated":true}]}}