{"id":18159,"date":"2023-06-30T02:44:01","date_gmt":"2023-06-30T02:44:01","guid":{"rendered":"https:\/\/oudianvalve.com\/?post_type=product&#038;p=18159"},"modified":"2023-06-30T02:44:02","modified_gmt":"2023-06-30T02:44:02","slug":"300lb-trunnion-mounted-ball-valve6-inch-cf8-rf-end","status":"publish","type":"product","link":"https:\/\/oudianvalve.com\/it\/products\/ball-valves\/300lb-trunnion-mounted-ball-valve6-inch-cf8-rf-end\/","title":{"rendered":"Valvola a sfera montata su perno da 300 libbre, 6 pollici, CF8, estremit\u00e0 RF"},"content":{"rendered":"<p>Standard di progettazione: API 6D<br \/>\nIgnifugo: API 607\/6FA<br \/>\nClassificazione pressione-temperatura: ASME B16.34<br \/>\nIntervallo di dimensioni: da 2&quot; a 48&quot;<br \/>\nIntervallo di pressione: classe da 150 a 2500<br \/>\nConnessioni terminali: RF flangiate, RTJ, saldate di testa<br \/>\nTipo di sfera: sfera solida forgiata, montata su perno<br \/>\nDimensioni estremit\u00e0 flangiate: ASME B16.5 (\u226424\u201d), ASME B16.47 Serie A o B (&gt;24\u201d)<br \/>\nDimensioni estremit\u00e0 saldatura di testa: ASME B16.25 faccia a faccia<br \/>\nDimensioni faccia a faccia: ASME B16.10<br \/>\nIspezione e test: API 6D<br \/>\nMateriali corpo: WCB, CF8, CF8M CF3M, 4A,5A,6A, C95800.<br \/>\nMateriali del sedile: PTFE, RPTFE, DEVLON, NYLON, PEEK, interamente in metallo con rivestimento duro.<\/p>\n<p>&nbsp;<\/p>\n<p>Caratteristiche del prodotto<\/p>\n<p>.La resistenza al flusso \u00e8 piccola;<br \/>\n2. Sedile del pistone, design della struttura antistatica e antincendio;<br \/>\n3. Nessuna limitazione sulla direzione del flusso del mezzo;<br \/>\n4.Quando la valvola \u00e8 in posizione completamente aperta, le superfici della sede sono esterne al flusso di flusso, sempre in pieno contatto con il cancello che pu\u00f2 proteggere le superfici della sede e adatte per la tubazione di pigging;<br \/>\n5. \u00c8 possibile scegliere l&#039;imballaggio caricato a molla;<br \/>\n6. L&#039;imballaggio a basse emissioni pu\u00f2 essere scelto in base ai requisiti ISO 15848;<br \/>\n7. \u00c8 possibile scegliere il design esteso dello stelo;<br \/>\n8. \u00c8 possibile scegliere il design del sedile da metallo a metallo;<br \/>\n9. \u00c8 possibile scegliere il design DBB, DIB-1, DIB-2;<br \/>\n10.La sfera \u00e8 fissata con una piastra di supporto e un albero fisso;<\/p>\n<p>Le valvole a sfera sono valvole del tipo a quarto di giro, l&#039;elemento di chiusura \u00e8 una sfera che pu\u00f2 ruotare di 90 \u00b0. Quando la valvola \u00e8 posizionata dove il foro \u00e8 allineato nella stessa direzione della tubazione, la valvola \u00e8 aperta e ruotando la sfera di 90\u00b0, la valvola si chiude. C&#039;\u00e8 uno stelo e un perno per fissare la sfera e la sfera non pu\u00f2 muoversi come una valvola a sfera flottante, la cosiddetta valvola a sfera montata su perno. Rispetto alle valvole multigiro, le valvole a sfera con tempi di apertura e chiusura pi\u00f9 brevi, maggiore durata e meno spazio per l&#039;installazione, e lo stato aperto o chiuso della valvola possono essere facilmente rilevati dalla posizione della maniglia. La valvola a sfera \u00e8 ampiamente utilizzata nell&#039;industria petrolifera e del gas, petrolchimica, energetica e solitamente per applicazioni on-off, non adatta per scopi di controllo della capacit\u00e0.<\/p>","protected":false},"excerpt":{"rendered":"<ul>\n<li>Doppio colpo e sanguinamento<\/li>\n<li>Corpo versato o ingresso laterale, corpo a 2 o 3 pezzi<\/li>\n<li>Pistone a singolo effetto o pistone a doppio effetto (DIB-1, DIB-2)<\/li>\n<li>Cofano imbullonato<\/li>\n<li>Dispositivo antistatico<\/li>\n<li>Stelo anti-esplosione<\/li>\n<li>Sicuro per il fuoco<\/li>\n<li>Rivitalizzazione della cavit\u00e0 orale<\/li>\n<li>Iniezione di sigillante<\/li>\n<\/ul>","protected":false},"featured_media":18160,"template":"","meta":{"advanced_seo_description":"","jetpack_seo_html_title":"","jetpack_seo_noindex":false},"product_brand":[],"product_cat":[83],"product_tag":[232,233,234,235],"class_list":{"0":"post-18159","1":"product","2":"type-product","3":"status-publish","4":"has-post-thumbnail","6":"product_cat-ball-valves","7":"product_tag-300lb-trunnion-mounted-ball-valve","8":"product_tag-6-inch-300lb-trunnion-mounted-ball-valve","9":"product_tag-cf8-300lb-trunnion-mounted-ball-valve","10":"product_tag-rf-end-300lb-trunnion-mounted-ball-valve","12":"first","13":"instock","14":"shipping-taxable","15":"product-type-simple"},"jetpack_sharing_enabled":true,"_links":{"self":[{"href":"https:\/\/oudianvalve.com\/it\/wp-json\/wp\/v2\/product\/18159","targetHints":{"allow":["GET"]}}],"collection":[{"href":"https:\/\/oudianvalve.com\/it\/wp-json\/wp\/v2\/product"}],"about":[{"href":"https:\/\/oudianvalve.com\/it\/wp-json\/wp\/v2\/types\/product"}],"wp:featuredmedia":[{"embeddable":true,"href":"https:\/\/oudianvalve.com\/it\/wp-json\/wp\/v2\/media\/18160"}],"wp:attachment":[{"href":"https:\/\/oudianvalve.com\/it\/wp-json\/wp\/v2\/media?parent=18159"}],"wp:term":[{"taxonomy":"product_brand","embeddable":true,"href":"https:\/\/oudianvalve.com\/it\/wp-json\/wp\/v2\/product_brand?post=18159"},{"taxonomy":"product_cat","embeddable":true,"href":"https:\/\/oudianvalve.com\/it\/wp-json\/wp\/v2\/product_cat?post=18159"},{"taxonomy":"product_tag","embeddable":true,"href":"https:\/\/oudianvalve.com\/it\/wp-json\/wp\/v2\/product_tag?post=18159"}],"curies":[{"name":"wp","href":"https:\/\/api.w.org\/{rel}","templated":true}]}}