{"id":18152,"date":"2023-06-21T06:17:37","date_gmt":"2023-06-21T06:17:37","guid":{"rendered":"https:\/\/oudianvalve.com\/?post_type=product&#038;p=18152"},"modified":"2023-06-21T06:34:57","modified_gmt":"2023-06-21T06:34:57","slug":"din3352-non-rising-gate-valve-dn100-pn16-304","status":"publish","type":"product","link":"https:\/\/oudianvalve.com\/it\/products\/gate-valves\/din3352-non-rising-gate-valve-dn100-pn16-304\/","title":{"rendered":"Valvola a saracinesca non ascendente DIN3352, DN100, PN16,304"},"content":{"rendered":"<p>Norma di progettazione: EN 10434\/DIN3352<br \/>\nGamma di dimensioni: da DN a DN1200<br \/>\nIntervallo di pressione: da PN 10 a PN160<br \/>\nConnessioni terminali: RF flangiate, RTJ, saldate di testa<br \/>\nDimensioni estremit\u00e0 flangiate: EN 1092-1<br \/>\nDimensioni faccia a faccia: EN 558-1<br \/>\nIspezione e prove: EN 12266-1<br \/>\nMateriali del corpo: ASTM A351 CF8, ASTM A351 CF8M, ASTM A351 CF3M, ASTM A351 CF8C<br \/>\nCN3MN, CK3MCUN, CN7M, ASTM A890 4A(CD3MN), ASTM A890 5A(CE3MN)<\/p>\n<p>Una valvola a saracinesca con stelo non ascendente \u00e8 un tipo di valvola a saracinesca in cui lo stelo non si muove su e gi\u00f9 con la saracinesca mentre si apre e si chiude. Invece, la saracinesca si muove in direzione parallela all&#039;asse dello stelo della valvola. Questo design consente un&#039;altezza di installazione inferiore e riduce la quantit\u00e0 di spazio richiesto per il funzionamento. Le valvole a saracinesca con stelo non saliente sono comunemente utilizzate nei sistemi di tubazioni interrate o sotterranee, poich\u00e9 sono meno suscettibili ai danni causati dai movimenti del terreno.<\/p>\n<p>Il funzionamento di una valvola a saracinesca con stelo non saliente \u00e8 relativamente semplice. La valvola \u00e8 costituita da una saracinesca, che \u00e8 una piastra piatta che si muove in direzione parallela all&#039;asse dello stelo della valvola, e da uno stelo non ascendente, che \u00e8 collegato alla saracinesca e rimane in una posizione fissa mentre la saracinesca si apre e chiude. Quando la valvola \u00e8 completamente aperta, la saracinesca \u00e8 posizionata parallela al flusso del fluido, consentendo un flusso senza ostacoli. Per chiudere la valvola, l&#039;operatore gira semplicemente il volantino nella direzione opposta, facendo s\u00ec che la connessione filettata riporti la saracinesca in una posizione perpendicolare e arresti il flusso del fluido.<\/p>\n<p>Il design dello stelo non ascendente consente un&#039;altezza di installazione inferiore e riduce la quantit\u00e0 di spazio richiesto per il funzionamento, rendendolo una scelta popolare per i sistemi di tubazioni interrate o sotterranee.<\/p>\n<p>&nbsp;<\/p>\n<p>&nbsp;<\/p>\n<p>&nbsp;<\/p>","protected":false},"excerpt":{"rendered":"<p>Vantaggi della valvola a saracinesca con stelo non ascendente<\/p>\n<p>Design a passaggio totale<br \/>\nAutopulente e perdita di bassa pressione<br \/>\nLo stelo arrotolato garantisce bordi lisci e doppia filettatura<br \/>\nBassa coppia operativa<br \/>\nIndustrie di valvole a saracinesca non salienti:<\/p>","protected":false},"featured_media":18153,"template":"","meta":{"advanced_seo_description":"","jetpack_seo_html_title":"","jetpack_seo_noindex":false},"product_brand":[],"product_cat":[81],"product_tag":[219,216,217,218],"class_list":{"0":"post-18152","1":"product","2":"type-product","3":"status-publish","4":"has-post-thumbnail","6":"product_cat-gate-valves","7":"product_tag-304-din-non-rising-gate-valve","8":"product_tag-din-non-rising-gate-valve","9":"product_tag-dn100-din-non-rising-gate-valve","10":"product_tag-pn16-din-non-rising-gate-valve","12":"first","13":"instock","14":"shipping-taxable","15":"product-type-simple"},"jetpack_sharing_enabled":true,"_links":{"self":[{"href":"https:\/\/oudianvalve.com\/it\/wp-json\/wp\/v2\/product\/18152","targetHints":{"allow":["GET"]}}],"collection":[{"href":"https:\/\/oudianvalve.com\/it\/wp-json\/wp\/v2\/product"}],"about":[{"href":"https:\/\/oudianvalve.com\/it\/wp-json\/wp\/v2\/types\/product"}],"wp:featuredmedia":[{"embeddable":true,"href":"https:\/\/oudianvalve.com\/it\/wp-json\/wp\/v2\/media\/18153"}],"wp:attachment":[{"href":"https:\/\/oudianvalve.com\/it\/wp-json\/wp\/v2\/media?parent=18152"}],"wp:term":[{"taxonomy":"product_brand","embeddable":true,"href":"https:\/\/oudianvalve.com\/it\/wp-json\/wp\/v2\/product_brand?post=18152"},{"taxonomy":"product_cat","embeddable":true,"href":"https:\/\/oudianvalve.com\/it\/wp-json\/wp\/v2\/product_cat?post=18152"},{"taxonomy":"product_tag","embeddable":true,"href":"https:\/\/oudianvalve.com\/it\/wp-json\/wp\/v2\/product_tag?post=18152"}],"curies":[{"name":"wp","href":"https:\/\/api.w.org\/{rel}","templated":true}]}}