{"id":18144,"date":"2023-06-21T05:14:07","date_gmt":"2023-06-21T05:14:07","guid":{"rendered":"https:\/\/oudianvalve.com\/?post_type=product&#038;p=18144"},"modified":"2023-06-21T05:14:08","modified_gmt":"2023-06-21T05:14:08","slug":"asme-16-34-a351-cn7m-globe-valve-2-inch-class-150lb","status":"publish","type":"product","link":"https:\/\/oudianvalve.com\/it\/products\/globe-valves\/asme-16-34-a351-cn7m-globe-valve-2-inch-class-150lb\/","title":{"rendered":"Valvola a globo ASME 16.34 A351 CN7M, 2 pollici, classe 150 LB"},"content":{"rendered":"<p>Norma di progettazione: ASME B16.34<br \/>\nClassificazione pressione-temperatura: ASME B16.34<br \/>\nIntervallo di dimensioni: da 2&quot; a 48&quot;<br \/>\nIntervallo di pressione: classe da 150 a 2500<br \/>\nConnessioni terminali: RF flangiate, RTJ, saldate di testa<br \/>\nDimensioni estremit\u00e0 flangiate: ASME B16.5 (\u226424\u201d), ASME B16.47 Serie A o B (&gt;24\u201d)<br \/>\nDimensioni estremit\u00e0 saldatura di testa: ASME B16.25 faccia a faccia<br \/>\nDimensioni faccia a faccia: ASME B16.10<br \/>\nIspezione e test: API 598<br \/>\nMateriali del corpo: ASTM A351 CF8, ASTM A351 CF8M, ASTM A351 CF3M, ASTM A351 CF8C<br \/>\nCN3MN, CK3MCUN, CN7M, ASTM A890 4A(CD3MN), ASTM A890 5A(CE3MN),<br \/>\nASTM A890 6A(CD3MWCuN)<br \/>\nASTM B148 C95800, ASTM B148 C95500.<br \/>\nMateriali di imballaggio: PTFE, PPL, grafite, grafite con filo di inconel<\/p>\n<p>La valvola a globo standard americana CN7M \u00e8 una valvola in lega a base di nichel utilizzata principalmente in acido solforico, processo con acido fosforico umido, acido cloridrico e altri fluidi. Lo stelo, il disco, il coperchio, il corpo della valvola, la sede della valvola e la staffa sono tutti realizzati in lega CN7M.<\/p>\n<p>La valvola a globo standard americana CN7M \u00e8 una valvola del tipo a tenuta forzata che deve essere pressurizzata applicando pressione al disco della valvola quando \u00e8 chiuso, per garantire che il disco della valvola sia sigillato ermeticamente contro la superficie, garantendo l&#039;assenza di perdite. La direzione del flusso del fluido nella valvola di intercettazione entra nella camera della valvola dall&#039;estremit\u00e0 superiore del disco della valvola, facilitando la chiusura della valvola sotto pressione individuale, mentre la forza richiesta per aprire la valvola \u00e8 maggiore. Ci\u00f2 pu\u00f2 ridurre il diametro dello stelo della valvola e ridurre efficacemente la probabilit\u00e0 di incidenti di piegatura dello stelo della valvola.<\/p>\n<p>La composizione chimica principale di CN7M \u00e8 la seguente: carbonio C: 0,07 silicio Si:&lt;1,50 Mn:&lt;1,50 zolfo S: \u2264 0,040 fosforo P: 0,040 cromo Cr: 19,00~22,00 nichel Ni: 27,50~30,50 Mo: 2,00~3,00 rame Cu: 3,00~4,00 CN7M \u00e8 una lega a base di nichel con numero UNS J95150. Nei sistemi ASTM e ACI, CN7M \u00e8 il nome di questo tipo di lega a base di nichel. CN7M ha una resistenza alla trazione inferiore, una conduttivit\u00e0 inferiore e una conduttivit\u00e0 termica pi\u00f9 elevata nell&#039;acciaio inossidabile austenitico fuso. Il CN7M viene spesso utilizzato in condizioni di lavoro difficili che altri acciai inossidabili come 304 e 316L non sono in grado di risolvere, come la tensocorrosione. Ha caratteristiche come resistenza alla corrosione da ioni cloruro, corrosione per vaiolatura e corrosione da acido solforico.<\/p>","protected":false},"excerpt":{"rendered":"<p>Il principio di funzionamento della valvola a globo ASME 16.34 A351 CN7M \u00e8 ruotare la valvola per aprirla o chiuderla. La valvola a globo ASME 16.34 A351 CN7M ha un interruttore leggero, di piccole dimensioni e pu\u00f2 essere trasformata in un diametro grande, con tenuta affidabile, struttura semplice e basso costo<br \/>\nFacili da riparare, la superficie di tenuta e la superficie sferica sono spesso in uno stato chiuso e non vengono facilmente erose dai fluidi, il che le rende ampiamente utilizzate in vari settori. La valvola a globo ASME 16.34 A351 CN7M ha una struttura ragionevole, un bell&#039;aspetto, buone prestazioni di tenuta e superficie di tenuta<br \/>\nBasso attrito e lunga durata:<br \/>\n1. La struttura \u00e8 semplice e la produzione e la manutenzione sono relativamente convenienti.<br \/>\n2. Corsa di lavoro ridotta e tempi di apertura e chiusura brevi.<br \/>\n3. Buone prestazioni di tenuta, basso attrito tra le superfici di tenuta e lunga durata.<br \/>\n4. Durante il processo di apertura e chiusura, la forza di attrito della superficie di tenuta \u00e8 inferiore a quella della valvola a saracinesca ed \u00e8 resistente all&#039;usura.<br \/>\n5. Di solito c&#039;\u00e8 una sola superficie di tenuta, con una buona tecnologia di produzione e una facile manutenzione.<br \/>\n6. Le forme strutturali del corpo della valvola a globo includono flusso diretto, flusso diretto e angolo retto.<\/p>","protected":false},"featured_media":18145,"template":"","meta":{"advanced_seo_description":"","jetpack_seo_html_title":"","jetpack_seo_noindex":false},"product_brand":[],"product_cat":[80],"product_tag":[211,210,208,209],"class_list":{"0":"post-18144","1":"product","2":"type-product","3":"status-publish","4":"has-post-thumbnail","6":"product_cat-globe-valves","7":"product_tag-150lb-a351-cn7m-globe-valve","8":"product_tag-2-inch-a351-cn7m-globe-valve","9":"product_tag-a351-cn7m-globe-valve","10":"product_tag-asme-16-34-a351-cn7m-globe-valve","12":"first","13":"instock","14":"shipping-taxable","15":"product-type-simple"},"jetpack_sharing_enabled":true,"_links":{"self":[{"href":"https:\/\/oudianvalve.com\/it\/wp-json\/wp\/v2\/product\/18144","targetHints":{"allow":["GET"]}}],"collection":[{"href":"https:\/\/oudianvalve.com\/it\/wp-json\/wp\/v2\/product"}],"about":[{"href":"https:\/\/oudianvalve.com\/it\/wp-json\/wp\/v2\/types\/product"}],"wp:featuredmedia":[{"embeddable":true,"href":"https:\/\/oudianvalve.com\/it\/wp-json\/wp\/v2\/media\/18145"}],"wp:attachment":[{"href":"https:\/\/oudianvalve.com\/it\/wp-json\/wp\/v2\/media?parent=18144"}],"wp:term":[{"taxonomy":"product_brand","embeddable":true,"href":"https:\/\/oudianvalve.com\/it\/wp-json\/wp\/v2\/product_brand?post=18144"},{"taxonomy":"product_cat","embeddable":true,"href":"https:\/\/oudianvalve.com\/it\/wp-json\/wp\/v2\/product_cat?post=18144"},{"taxonomy":"product_tag","embeddable":true,"href":"https:\/\/oudianvalve.com\/it\/wp-json\/wp\/v2\/product_tag?post=18144"}],"curies":[{"name":"wp","href":"https:\/\/api.w.org\/{rel}","templated":true}]}}