{"id":18139,"date":"2023-06-21T02:54:42","date_gmt":"2023-06-21T02:54:42","guid":{"rendered":"https:\/\/oudianvalve.com\/?post_type=product&#038;p=18139"},"modified":"2023-06-21T02:54:43","modified_gmt":"2023-06-21T02:54:43","slug":"904l-ball-valve-dn50-pn16-flange-end","status":"publish","type":"product","link":"https:\/\/oudianvalve.com\/it\/products\/ball-valves\/904l-ball-valve-dn50-pn16-flange-end\/","title":{"rendered":"Valvola a sfera 904L, DN50, PN16, estremit\u00e0 flangiata"},"content":{"rendered":"<p>Standard di progettazione e produzione: API 6D, API 608, BS 5351\/DIN3357\/JIS B2071<\/p>\n<p>Standard di pressione e temperatura: ASME B16.34\/DIN3230<\/p>\n<p>Standard dimensionale scartamento: ASME B16.10\/DIN3202\/JIS B2002<\/p>\n<p>Standard flangia: ASME B16.5, ASME B16.47\/DIN2543-2545-2501\/JIS B2220<\/p>\n<p>Standard di test e ispezione: API 598, API 6D\/DIN2401\/JIS B2003.<\/p>\n<p>Dimensioni: 1\/2&quot;-10&quot; (DN15~DN250)<\/p>\n<p>Pressione nominale: 150LB-600LB\/PN16~PN100\/10K~60K)<\/p>\n<p>Materiale principale della valvola a sfera in acciaio inossidabile 310S:<br \/>\nCF8, CF3, CF8M, CF3M, CG8M, CG3M, CF8C, CK20304, 304, 316, 316L, 316Ti, 317, 317L, 310, 310S<br \/>\nF304, F304, F316, F316L, F316Ti, F317, F317L, F310, F310S<\/p>\n<p>Mezzi applicabili per le valvole: acqua, vapore, olio, acido nitrico, acido acetico, mezzi fortemente ossidanti, urea, ecc.<br \/>\nAmbito di applicazione: acqua del rubinetto, fognature, edilizia, petrolio, industria chimica, alimentare, medicina, tessile, energia, nave, metallurgia, calore, approvvigionamento idrico e drenaggio, trattamento delle acque, sistema energetico e altre condutture.<\/p>\n<p>Marchio e norma:<br \/>\nUNS N08904 (uno standard progettato congiuntamente dall&#039;American Society of Automotive Engineers e dall&#039;American Society for Testing and Materials nel 1967), DIN1.4539 (uno standard tedesco), ASTM A240 (uno standard dell&#039;American Society for Testing and Materials; il nuovo standard la classifica come una serie di acciaio inossidabile, mentre lo standard originale ASME SB-625 la classifica come una serie di leghe a base di nichel) e SUS890L.<\/p>\n<p>L&#039;applicazione di 904L nel campo delle apparecchiature per il trattamento dell&#039;acqua, come filtri, membrane ad osmosi inversa e altri componenti, pu\u00f2 migliorare la qualit\u00e0 dell&#039;acqua e l&#039;efficienza del trattamento. La composizione chimica specifica di 904L \u00e8: C: \u2264 0,02, Si: \u2264 1,00, Mn: \u2264 2,00, P: \u2264 0,045, S: \u2264 0,035, Cr: 19,00-23,00, Ni: 23,00-28,00, Mo: 4,00-5,00 . Il 904L mostra un&#039;eccellente resistenza alla corrosione in determinati ambienti estremi, come ambienti ad alta salinit\u00e0, acidi o alcalini<br \/>\n904L ha una buona resistenza alla corrosione salina ad alta temperatura e pu\u00f2 mantenere una buona stabilit\u00e0 e resistenza alla corrosione in ambienti salini ad alta temperatura. Propriet\u00e0 meccaniche del 904L: resistenza alla trazione 490 MPa, carico di snervamento 215 MPa, allungamento 35%. 904L pu\u00f2 modificare le sue propriet\u00e0 attraverso il trattamento termico, come ricottura, solubilizzazione, ecc., per migliorarne la resistenza, la tenacit\u00e0 o la resistenza alla corrosione<\/p>\n<p>La valvola a sfera 904L \u00e8 una struttura del corpo valvola divisa in due pezzi, con la flangia centrale collegata da bulloni e la superficie di tenuta in politetrafluoroetilene. La guarnizione di tenuta in politetrafluoroetilene \u00e8 incorporata nell&#039;anello in acciaio inossidabile per garantire che il corpo della valvola sia saldamente attaccato alla sfera e mantenga la tenuta. Una molla \u00e8 installata tra la sfera, lo stelo della valvola e il corpo della valvola. Lo stelo della valvola \u00e8 perforato e collegato a una piccola sfera e molla in acciaio, formando una struttura antistatica per rilasciare l&#039;elettricit\u00e0 statica generata durante l&#039;apertura e la chiusura della valvola. Non \u00e8 presente alcun cuscinetto in PTFE, riducendo l&#039;attrito e risparmiando manodopera. La sede della valvola \u00e8 dotata di struttura ignifuga. In caso di danneggiamento della guarnizione in PTFE causato da un incendio, \u00e8 comunque possibile formare una tenuta metallo su metallo tra la scanalatura ignifuga e la sfera per evitare perdite del fluido. La valvola a sfera \u00e8 una struttura a passaggio totale e la portata attraverso l&#039;apertura della valvola \u00e8 coerente con la portata del diametro interno della tubazione, il che \u00e8 conveniente per la successiva pulizia e manutenzione.<\/p>","protected":false},"excerpt":{"rendered":"<p>La valvola a sfera 904L \u00e8 adatta a varie concentrazioni di acido solforico inferiori a 70\u00b0C e ha un&#039;eccellente resistenza alla corrosione sotto pressione atmosferica a qualsiasi concentrazione e temperatura di acido acetico e una miscela di acido formico e acido acetico.<\/p>\n<p>Sfera flottante, passaggio totale o passaggio ridotto.<br \/>\nBase di montaggio ISO5211 opzionale.<br \/>\nDesign dello stelo a prova di esplosione.<br \/>\nGuarnizione della sede in PTFE\/RPTFE (il materiale della guarnizione della sede pu\u00f2 essere deciso su richiesta del cliente o in base alle condizioni del fluido e della temperatura della valvola).<br \/>\nDesign antistatico e API 607 Fire Safe<br \/>\nDesign disponibile Funzionamento: volantino, ruota elicoidale, attuatore pneumatico e attuatore elettrico.<\/p>","protected":false},"featured_media":18140,"template":"","meta":{"advanced_seo_description":"","jetpack_seo_html_title":"","jetpack_seo_noindex":false},"product_brand":[],"product_cat":[83],"product_tag":[199,200,202,201],"class_list":{"0":"post-18139","1":"product","2":"type-product","3":"status-publish","4":"has-post-thumbnail","6":"product_cat-ball-valves","7":"product_tag-904l-ball-valve","8":"product_tag-dn50-904l-ball-valve","9":"product_tag-flange-end-904l-ball-valve","10":"product_tag-pn16-904l-ball-valve","12":"first","13":"instock","14":"shipping-taxable","15":"product-type-simple"},"jetpack_sharing_enabled":true,"_links":{"self":[{"href":"https:\/\/oudianvalve.com\/it\/wp-json\/wp\/v2\/product\/18139","targetHints":{"allow":["GET"]}}],"collection":[{"href":"https:\/\/oudianvalve.com\/it\/wp-json\/wp\/v2\/product"}],"about":[{"href":"https:\/\/oudianvalve.com\/it\/wp-json\/wp\/v2\/types\/product"}],"wp:featuredmedia":[{"embeddable":true,"href":"https:\/\/oudianvalve.com\/it\/wp-json\/wp\/v2\/media\/18140"}],"wp:attachment":[{"href":"https:\/\/oudianvalve.com\/it\/wp-json\/wp\/v2\/media?parent=18139"}],"wp:term":[{"taxonomy":"product_brand","embeddable":true,"href":"https:\/\/oudianvalve.com\/it\/wp-json\/wp\/v2\/product_brand?post=18139"},{"taxonomy":"product_cat","embeddable":true,"href":"https:\/\/oudianvalve.com\/it\/wp-json\/wp\/v2\/product_cat?post=18139"},{"taxonomy":"product_tag","embeddable":true,"href":"https:\/\/oudianvalve.com\/it\/wp-json\/wp\/v2\/product_tag?post=18139"}],"curies":[{"name":"wp","href":"https:\/\/api.w.org\/{rel}","templated":true}]}}