{"id":18135,"date":"2023-06-21T02:12:01","date_gmt":"2023-06-21T02:12:01","guid":{"rendered":"https:\/\/oudianvalve.com\/?post_type=product&#038;p=18135"},"modified":"2023-06-21T02:12:02","modified_gmt":"2023-06-21T02:12:02","slug":"2pc-2520-310s-ball-valve150lb-3-inch-rf-end","status":"publish","type":"product","link":"https:\/\/oudianvalve.com\/it\/products\/ball-valves\/2pc-2520-310s-ball-valve150lb-3-inch-rf-end\/","title":{"rendered":"Valvola a sfera 2PC 2520 310S, 150LB, 3 pollici, estremit\u00e0 RF"},"content":{"rendered":"<p>Standard di progettazione e produzione: API 6D, API 608, BS 5351\/DIN3357\/JIS B2071<\/p>\n<p>Standard di pressione e temperatura: ASME B16.34\/DIN3230<\/p>\n<p>Standard dimensionale scartamento: ASME B16.10\/DIN3202\/JIS B2002<\/p>\n<p>Standard flangia: ASME B16.5, ASME B16.47\/DIN2543-2545-2501\/JIS B2220<\/p>\n<p>Standard di test e ispezione: API 598, API 6D\/DIN2401\/JIS B2003.<\/p>\n<p>Dimensioni: 1\/2&quot;-10&quot; (DN15~DN250)<\/p>\n<p>Pressione nominale: 150LB-600LB\/PN16~PN100\/10K~60K)<\/p>\n<p>Materiale principale della valvola a sfera in acciaio inossidabile 310S:<br \/>\nCF8, CF3, CF8M, CF3M, CG8M, CG3M, CF8C, CK20304, 304, 316, 316L, 316Ti, 317, 317L, 310, 310S<br \/>\nF304, F304, F316, F316L, F316Ti, F317, F317L, F310, F310S<\/p>\n<p>Il principio di funzionamento della valvola a sfera 2520 \u00e8 quello di ruotare lo stelo della valvola per liberare o bloccare la valvola. L&#039;interruttore con valvola a sfera 2520 \u00e8 leggero, di piccole dimensioni e pu\u00f2 essere realizzato con un diametro grande. Ha prestazioni di tenuta affidabili, struttura semplice e manutenzione conveniente. La superficie di tenuta e la superficie sferica sono spesso in uno stato chiuso e non vengono facilmente erose dai fluidi. La valvola 2520 prodotta da Oudian Valve \u00e8 ampiamente utilizzata in vari settori.<\/p>\n<p>1.Marchio giapponese: 0Cr25Ni20 (GB\/T3280-1992)<br \/>\nNuovo marchio: 06Cr25Ni20 (GB\/T20878-2007)<br \/>\nCodice digitale dell&#039;unificazione cinese: S31008 (GB\/T20878-2007)<br \/>\nStandard americano (ASTM): 310S<br \/>\nStandard americano (UNS): S31008<br \/>\nStandard coreano (KS): STS310S<br \/>\nStandard dell&#039;Unione Europea (BS EN): 148452520 La valvola a sfera (310S) \u00e8 un acciaio inossidabile austenitico al cromo-nichel con eccellente resistenza all&#039;ossidazione e alla corrosione. Grazie al suo elevato contenuto di cromo e nichel, ha una resistenza allo scorrimento alle alte temperature e pu\u00f2 funzionare continuamente ad alte temperature, con una buona resistenza alle alte temperature.<\/p>\n<p>2: Composizione chimica<br \/>\nC: \u2264 0,08, Si: \u2264 1,500, Mn: \u2264 2,00, P: \u2264 0,035, S: \u2264 0,030, Ni: \u2264 19,00-22,00, Cr: \u2264 24,00-26,00<br \/>\nResistenza alla trazione\uff08 \u0431 b) (Mpa): \u2265 520 resistenza allo snervamento\uff08 \u03c3 s) (Mpa): \u2265 205 riduzione dell&#039;area\uff08 \u03c8)% :\u2265 cinquanta<br \/>\nPropriet\u00e0 meccaniche \u00f3 b (MPa) \u2265 520, \u00f3 0,2 (MPa) \u2265 205, \u03b4 5 (%) \u2265 40, \u03a8 (%) \u2265 50, HB \u2264 187, in grado di resistere a temperature elevate superiori a 1150 \u2103. Punto di fusione tra 1398 \u2103 ~ 1454 \u2103<\/p>\n<p>Valvola a sfera 3.2520 310s grazie al nichel NN (con un alto contenuto di Cn, ha una buona resistenza all&#039;ossidazione, alla corrosione, agli acidi e alle alte temperature. I tubi in acciaio resistenti alle alte temperature sono utilizzati appositamente per la produzione di tubi per forni elettrici e altre occasioni. Dopo Il contenuto di carbonio \u00e8 aumentato nell&#039;acciaio inossidabile austenitico, la sua resistenza \u00e8 migliorata grazie all&#039;effetto rinforzante della soluzione solida. La composizione chimica dell&#039;acciaio inossidabile austenitico \u00e8 caratterizzata dall&#039;aggiunta di elementi come argento, tungsteno, argento e ferro a base di cromo e nichel. Perch\u00e9 \u00e8 la struttura \u00e8 cubica centrata sulla faccia, ha una resistenza alle alte temperature e resistenza allo scorrimento. I materiali in acciaio inossidabile 2520 includono piastra in acciaio inossidabile 2520, asta in acciaio inossidabile 2520 e tubo in acciaio inossidabile 2520<\/p>\n<p>Valvola a sfera galleggiante in acciaio inossidabile 4.310S 2520 Caratteristiche del materiale:<\/p>\n<p>Materiale della valvola a sfera galleggiante in acciaio inossidabile 310S 2520 L&#039;acciaio inossidabile 310S 2520 appartiene alla serie 25CR-20NI di acciaio inossidabile altolegato, la resistenza all&#039;ossidazione ad alta temperatura \u00e8 eccellente, adatta per realizzare vari componenti del forno, max. alta temperatura 1200 \u2103, temperatura di uso continuo 1150 \u2103. La valvola a sfera flottante in acciaio inossidabile 310S 2520 viene utilizzata per forni, materiali per impianti di purificazione di automobili. L&#039;acciaio inossidabile 310S \u00e8 un acciaio inossidabile austenitico al cromo-nichel con buona resistenza all&#039;ossidazione e alla corrosione, a causa della maggiore percentuale di cromo e nichel, ha molto meglio resistenza al creep, pu\u00f2 continuare a funzionare ad alte temperature, ha una buona resistenza alle alte temperature. Il contenuto di nichel (Ni), cromo (Cr) \u00e8 elevato, ha una buona resistenza all&#039;ossidazione e alla corrosione, resistenza agli acidi e agli alcali, prestazioni alle alte temperature, alta temperatura il tubo in acciaio resistente \u00e8 dedicato a occasioni di produzione come i tubi del forno di riscaldamento elettrico, l&#039;acciaio inossidabile dopo l&#039;aumento del contenuto di carbonio nelle dimensioni dell&#039;austenite, grazie alla sua soluzione solida la forza dell&#039;effetto di rafforzamento \u00e8 stata migliorata, la composizione chimica delle caratteristiche delle dimensioni dell&#039;austenite dell&#039;acciaio inossidabile basate su elementi di cromo, nichel, add, tungsteno, molibdeno, niobio e titanio, grazie alla sua organizzazione \u00e8 una struttura cubica centrata sulla faccia, quindi ha un&#039;elevata resistenza e resistenza allo scorrimento alle alte temperature.<\/p>\n<p>&nbsp;<\/p>\n<p>&nbsp;<\/p>","protected":false},"excerpt":{"rendered":"<p>La valvola a sfera 2520 310S \u00e8 un acciaio inossidabile altamente legato della serie 25Cr-20Ni, che ha resistenza all&#039;ossidazione alle alte temperature ed \u00e8 adatto per componenti resistenti al calore inferiori a 1000 \u00b0 C<br \/>\nCaratteristiche:<br \/>\n1) Resistenza all&#039;ossidazione alle alte temperature<br \/>\n2) Il range di temperatura di utilizzo \u00e8 molto ampio (sotto i 1000\u00b0C);<br \/>\n3) Stato di soluzione solido senza magnetismo<br \/>\n4) Resistenza alle alte temperature.<br \/>\nAmbito di applicazione delle valvole a sfera 2520: valvole, flange, raccordi per tubi, forni per trattamento termico, scambiatori di calore, inceneritori e altri tipi di acciaio che richiedono resistenza al calore e parti a contatto ad alta\/alta temperatura<\/p>\n<p>Sfera flottante, passaggio totale o passaggio ridotto.<br \/>\nBase di montaggio ISO5211 opzionale.<br \/>\nDesign dello stelo a prova di esplosione.<br \/>\nGuarnizione della sede in PTFE\/RPTFE (il materiale della guarnizione della sede pu\u00f2 essere deciso su richiesta del cliente o in base alle condizioni del fluido e della temperatura della valvola).<br \/>\nDesign antistatico e API 607 Fire Safe<br \/>\nDesign disponibile Funzionamento: volantino, ruota elicoidale, attuatore pneumatico e attuatore elettrico.<\/p>","protected":false},"featured_media":18136,"template":"","meta":{"advanced_seo_description":"","jetpack_seo_html_title":"","jetpack_seo_noindex":false},"product_brand":[],"product_cat":[83],"product_tag":[192,191,193,194],"class_list":{"0":"post-18135","1":"product","2":"type-product","3":"status-publish","4":"has-post-thumbnail","6":"product_cat-ball-valves","7":"product_tag-150lb-310s-ball-valve","8":"product_tag-2pc-2520-310s-ball-valve","9":"product_tag-3-inch-310s-ball-valve","10":"product_tag-rf-end-310s-ball-valve","12":"first","13":"instock","14":"shipping-taxable","15":"product-type-simple"},"jetpack_sharing_enabled":true,"_links":{"self":[{"href":"https:\/\/oudianvalve.com\/it\/wp-json\/wp\/v2\/product\/18135","targetHints":{"allow":["GET"]}}],"collection":[{"href":"https:\/\/oudianvalve.com\/it\/wp-json\/wp\/v2\/product"}],"about":[{"href":"https:\/\/oudianvalve.com\/it\/wp-json\/wp\/v2\/types\/product"}],"wp:featuredmedia":[{"embeddable":true,"href":"https:\/\/oudianvalve.com\/it\/wp-json\/wp\/v2\/media\/18136"}],"wp:attachment":[{"href":"https:\/\/oudianvalve.com\/it\/wp-json\/wp\/v2\/media?parent=18135"}],"wp:term":[{"taxonomy":"product_brand","embeddable":true,"href":"https:\/\/oudianvalve.com\/it\/wp-json\/wp\/v2\/product_brand?post=18135"},{"taxonomy":"product_cat","embeddable":true,"href":"https:\/\/oudianvalve.com\/it\/wp-json\/wp\/v2\/product_cat?post=18135"},{"taxonomy":"product_tag","embeddable":true,"href":"https:\/\/oudianvalve.com\/it\/wp-json\/wp\/v2\/product_tag?post=18135"}],"curies":[{"name":"wp","href":"https:\/\/api.w.org\/{rel}","templated":true}]}}