{"id":18128,"date":"2023-06-21T01:01:55","date_gmt":"2023-06-21T01:01:55","guid":{"rendered":"https:\/\/oudianvalve.com\/?post_type=product&#038;p=18128"},"modified":"2023-06-21T01:01:55","modified_gmt":"2023-06-21T01:01:55","slug":"astm-a890-gr-ce3mn-ball-valve-50lb-1-inch-flange-end","status":"publish","type":"product","link":"https:\/\/oudianvalve.com\/it\/products\/ball-valves\/astm-a890-gr-ce3mn-ball-valve-50lb-1-inch-flange-end\/","title":{"rendered":"Valvola a sfera ASTM A890 GR.CE3MN, 150 LB, 1 pollice, estremit\u00e0 flangiata"},"content":{"rendered":"<p>Standard di progettazione e produzione: API 6D, API 608, BS 5351\/DIN3357\/JIS B2071<\/p>\n<p>Standard di pressione e temperatura: ASME B16.34\/DIN3230<\/p>\n<p>Standard dimensionale scartamento: ASME B16.10\/DIN3202\/JIS B2002<\/p>\n<p>Standard flangia: ASME B16.5, ASME B16.47\/DIN2543-2545-2501\/JIS B2220<\/p>\n<p>Standard di test e ispezione: API 598, API 6D\/DIN2401\/JIS B2003.<\/p>\n<p>Dimensioni: 1\/2&quot;-10&quot; (DN15~DN250)<\/p>\n<p>Pressione nominale: 150LB-600LB\/PN16~PN100\/10K~60K)<\/p>\n<p>Materiale: Duplex S31803\u3001Super Duplex S32750\u3001Super Duplex S327601A\u3001\u30012A\u30013A\u30014A\u30015A\u30016A\u30011B\u30011C,CD4MCu\u3001CD4MCuN\u3001CD3MCuN\u3001CE8MN\u3001CD6MN\u3001CD3MN\u3001CE3MN\u3001CD3 MWCuNF51, F53, F55, F60<\/p>\n<p>Temperatura adatta: -196\u00baC~450\u00baC (temperature diverse scelgono materiali diversi).<\/p>\n<p>Mezzo adatto: acqua, vapore, petrolio e gas naturale ecc.<\/p>\n<p>&nbsp;<\/p>\n<p>La valvola a sfera CE3MN La valvola a sfera standard americana e i componenti del corpo della valvola a sfera in acciaio inossidabile duplex sono fusi integralmente utilizzando pezzi fusi come acciaio duplex SAF2507 o ASTMA995 GRADO 5ACE3MN, oppure sono forgiati integralmente utilizzando materiali forgiati come F50, F51, F53, F55, F60, e F61 da ASTMA182 (American Society for Testing and Materials). La valvola a sfera standard americana in acciaio duplex 5A \u00e8 particolarmente adatta per ambienti medi come l&#039;acqua di mare, con alto contenuto di ioni cloruro e contenuto di solfuro, utilizzata in condizioni relativamente difficili. L&#039;acciaio super bifase 5A combina i vantaggi della ferrite e dell&#039;acciaio inossidabile austenitico, possedendo un&#039;elevata resistenza meccanica ed un&#039;eccellente resistenza alla corrosione, nonch\u00e9 superplasticit\u00e0, elevata tenacit\u00e0 ed elevata resistenza. Non \u00e8 adatto solo per l&#039;uso in ambienti pericolosi in cui si verificano corrosione intergranulare, corrosione interstiziale, corrosione per vaiolatura e fessurazione per tensocorrosione, ma viene anche applicato in aree quali sistemi antincendio elettrici di raffreddamento ad acqua di mare, petrolio e gas, petrolchimico, chimico, fabbricazione della carta, e sistemi di acqua di mare Nei settori del trattamento delle acque reflue, navi per il trasporto di prodotti chimici, oleodotti e gasdotti e campi correlati.<\/p>\n<p>Relativo al materiale in acciaio bifase della valvola a sfera CE3MN:<br \/>\nNumero materiale: A890 5A (25Cr-7Ni Mo-N), standard: ASTM A890, alias: CE3MN\/J93404CE3MN, composizione chimica: carbonio C: 0,03; Silicio Si: 1,00; Mn: 1,50: fosforo P:. 040 S: 0,040: Cr: 24,00-26,00: argento Mo: 4,00-5,00: nichel Ni: 6,00-8,00; Rame Cu: \u2013; Azoto N: 0,10-0,30;<\/p>","protected":false},"excerpt":{"rendered":"<p>Sfera flottante, passaggio totale o passaggio ridotto.<br \/>\nBase di montaggio ISO5211 opzionale.<br \/>\nDesign dello stelo a prova di esplosione.<br \/>\nGuarnizione della sede in PTFE\/RPTFE (il materiale della guarnizione della sede pu\u00f2 essere deciso su richiesta del cliente o in base alle condizioni del fluido e della temperatura della valvola).<br \/>\nDesign antistatico e API 607 Fire Safe<br \/>\nDesign disponibile Funzionamento: volantino, ruota elicoidale, attuatore pneumatico e attuatore elettrico.<\/p>","protected":false},"featured_media":18129,"template":"","meta":{"advanced_seo_description":"","jetpack_seo_html_title":"","jetpack_seo_noindex":false},"product_brand":[],"product_cat":[83],"product_tag":[186,184,183,182,185],"class_list":{"0":"post-18128","1":"product","2":"type-product","3":"status-publish","4":"has-post-thumbnail","6":"product_cat-ball-valves","7":"product_tag-1-inch-a890-gr-ce3mn-ball-valve","8":"product_tag-150lb-5a-ball-valve","9":"product_tag-150lb-a890-gr-ce3mn-ball-valve","10":"product_tag-a890-gr-ce3mn-ball-valve","11":"product_tag-flange-end-a890-gr-ce3mn-ball-valve","13":"first","14":"instock","15":"shipping-taxable","16":"product-type-simple"},"jetpack_sharing_enabled":true,"_links":{"self":[{"href":"https:\/\/oudianvalve.com\/it\/wp-json\/wp\/v2\/product\/18128","targetHints":{"allow":["GET"]}}],"collection":[{"href":"https:\/\/oudianvalve.com\/it\/wp-json\/wp\/v2\/product"}],"about":[{"href":"https:\/\/oudianvalve.com\/it\/wp-json\/wp\/v2\/types\/product"}],"wp:featuredmedia":[{"embeddable":true,"href":"https:\/\/oudianvalve.com\/it\/wp-json\/wp\/v2\/media\/18129"}],"wp:attachment":[{"href":"https:\/\/oudianvalve.com\/it\/wp-json\/wp\/v2\/media?parent=18128"}],"wp:term":[{"taxonomy":"product_brand","embeddable":true,"href":"https:\/\/oudianvalve.com\/it\/wp-json\/wp\/v2\/product_brand?post=18128"},{"taxonomy":"product_cat","embeddable":true,"href":"https:\/\/oudianvalve.com\/it\/wp-json\/wp\/v2\/product_cat?post=18128"},{"taxonomy":"product_tag","embeddable":true,"href":"https:\/\/oudianvalve.com\/it\/wp-json\/wp\/v2\/product_tag?post=18128"}],"curies":[{"name":"wp","href":"https:\/\/api.w.org\/{rel}","templated":true}]}}