{"id":18073,"date":"2023-06-20T00:56:05","date_gmt":"2023-06-20T00:56:05","guid":{"rendered":"https:\/\/oudianvalve.com\/?post_type=product&#038;p=18073"},"modified":"2023-06-20T02:08:48","modified_gmt":"2023-06-20T02:08:48","slug":"api600-8inch-150lb-cast-steel-globe-valve","status":"publish","type":"product","link":"https:\/\/oudianvalve.com\/it\/products\/globe-valves\/api600-8inch-150lb-cast-steel-globe-valve\/","title":{"rendered":"API600 Valvola a globo in acciaio fuso da 8 pollici 150LB"},"content":{"rendered":"<p>Standard di progettazione: BS 1873 o API623\/API600<br \/>\nClassificazione pressione-temperatura: ASME B16.34<br \/>\nIntervallo di dimensioni: da 2&quot; a 28&quot;<br \/>\nIntervallo di pressione: classe da 150 a 2500<br \/>\nConnessioni terminali: RF flangiate, RTJ, saldate di testa<br \/>\nDimensioni estremit\u00e0 flangiate: ASME B16.5 (\u226424\u201d), ASME B16.47 Serie A o B (&gt;24\u201d)<br \/>\nDimensioni estremit\u00e0 saldatura di testa: ASME B16.25 faccia a faccia<br \/>\nDimensioni faccia a faccia: ASME B16.10<br \/>\nIspezione e test: API 598<br \/>\nMateriali del corpo: WCB, WCC, LCB, LCC, WC6, WC9, CF8, CF3, CF3M, CF8M, A995 4A, 5A, 6A, C95800, INCONEL 625, INCONEL 825, Hastelloy C, MONEL.<br \/>\nMateriali delle finiture: 1#, 5#,8#,10#,12#,16#<br \/>\nMateriali di imballaggio: grafite, grafite con filo di inconel, PTFE<\/p>\n<div class=\"fl-row fl-row-full-width fl-row-bg-none fl-node-6392e5b9bcb7b\" data-node=\"6392e5b9bcb7b\">\n<div class=\"fl-row-content-wrap\">\n<div class=\"fl-row-content fl-row-full-width fl-node-content\">\n<div class=\"fl-col-group fl-node-6392e5b9bd376\" data-node=\"6392e5b9bd376\">\n<div class=\"fl-col fl-node-6392e5b9be5e2\" data-node=\"6392e5b9be5e2\">\n<div class=\"fl-col-content fl-node-content\">\n<div class=\"fl-module fl-module-rich-text fl-node-6392e5b9c4a63\" data-node=\"6392e5b9c4a63\" data-animation-delay=\"0.0\">\n<div class=\"fl-module-content fl-node-content\">\n<div class=\"fl-rich-text\">\n<p>Estensione del cofano<br \/>\nValvole di bypass<br \/>\nValvole di scarico<br \/>\nBasse emissioni fuggitive secondo API 624 o ISO 15848<br \/>\nBulloni e dadi rivestiti in PTFE<br \/>\nBulloni e dadi zincati<\/p>\n<\/div>\n<\/div>\n<\/div>\n<\/div>\n<\/div>\n<\/div>\n<\/div>\n<\/div>\n<\/div>\n<div class=\"fl-row fl-row-full-width fl-row-bg-none fl-node-6392e5c966481\" data-node=\"6392e5c966481\">\n<div class=\"fl-row-content-wrap\">\n<div class=\"fl-row-content fl-row-full-width fl-node-content\">\n<div class=\"fl-col-group fl-node-6392e5c9664ce\" data-node=\"6392e5c9664ce\">\n<div class=\"fl-col fl-node-6392e5c966513\" data-node=\"6392e5c966513\">\n<div class=\"fl-col-content fl-node-content\">\n<div class=\"fl-module fl-module-rich-text fl-node-6392e5c966555\" data-node=\"6392e5c966555\" data-animation-delay=\"0.0\">\n<div class=\"fl-module-content fl-node-content\">\n<div class=\"fl-rich-text\">\n<div class=\"content_box\"><\/div>\n<p>La nostra valvola a globo \u00e8 progettata rigorosamente secondo BS 1873 e standard correlati e pu\u00f2 anche essere API 623 secondo i requisiti del cliente. Spessore della parete secondo API 600, che \u00e8 di spessore maggiore rispetto allo standard ASME B16.34 e avr\u00e0 prestazioni pi\u00f9 stabili. Per dimensioni superiori a 8\u201d, non pu\u00f2 essere progettato come tipo a doppio disco, che presenta una coppia e un valore di spinta inferiori rispetto al tipo a disco singolo.<\/p>\n<\/div>\n<p>La funzione della valvola a globo<\/p>\n<p>Una valvola a globo, detta anche valvola di intercettazione, appartiene ad una valvola a chiusura forzata. Applica una coppia attraverso lo stelo della valvola, ovvero lo stelo della valvola esercita una pressione sul disco della valvola sopra la direzione assiale per ottenere un accoppiamento di tenuta tra il disco della valvola e la sede della valvola, prevenendo la perdita del fluido dallo spazio e svolgendo un ruolo nella taglio, limitazione e regolazione nella pipeline.<\/p>\n<\/div>\n<\/div>\n<\/div>\n<\/div>\n<\/div>\n<\/div>\n<\/div>\n<\/div>","protected":false},"excerpt":{"rendered":"<p>Modello dritto o modello Y<br \/>\nCoperchio imbullonato o coperchio con tenuta a pressione<br \/>\nGambo ascendente<br \/>\nVite e giogo esterni<br \/>\nSede del corpo integrale o anello della sede rinnovabile<br \/>\nNACE MR 0175<\/p>","protected":false},"featured_media":18074,"template":"","meta":{"advanced_seo_description":"","jetpack_seo_html_title":"","jetpack_seo_noindex":false},"product_brand":[],"product_cat":[80],"product_tag":[134,135,133,85],"class_list":{"0":"post-18073","1":"product","2":"type-product","3":"status-publish","4":"has-post-thumbnail","6":"product_cat-globe-valves","7":"product_tag-150lb-cast-steel-globe-valve","8":"product_tag-8-inch-cast-steel-globe-valve","9":"product_tag-api600-cast-steel-globe-valve","10":"product_tag-cast-steel-globe-valve","12":"first","13":"instock","14":"featured","15":"shipping-taxable","16":"product-type-simple"},"jetpack_sharing_enabled":true,"_links":{"self":[{"href":"https:\/\/oudianvalve.com\/it\/wp-json\/wp\/v2\/product\/18073","targetHints":{"allow":["GET"]}}],"collection":[{"href":"https:\/\/oudianvalve.com\/it\/wp-json\/wp\/v2\/product"}],"about":[{"href":"https:\/\/oudianvalve.com\/it\/wp-json\/wp\/v2\/types\/product"}],"wp:featuredmedia":[{"embeddable":true,"href":"https:\/\/oudianvalve.com\/it\/wp-json\/wp\/v2\/media\/18074"}],"wp:attachment":[{"href":"https:\/\/oudianvalve.com\/it\/wp-json\/wp\/v2\/media?parent=18073"}],"wp:term":[{"taxonomy":"product_brand","embeddable":true,"href":"https:\/\/oudianvalve.com\/it\/wp-json\/wp\/v2\/product_brand?post=18073"},{"taxonomy":"product_cat","embeddable":true,"href":"https:\/\/oudianvalve.com\/it\/wp-json\/wp\/v2\/product_cat?post=18073"},{"taxonomy":"product_tag","embeddable":true,"href":"https:\/\/oudianvalve.com\/it\/wp-json\/wp\/v2\/product_tag?post=18073"}],"curies":[{"name":"wp","href":"https:\/\/api.w.org\/{rel}","templated":true}]}}