{"id":18061,"date":"2023-06-19T06:22:57","date_gmt":"2023-06-19T06:22:57","guid":{"rendered":"https:\/\/oudianvalve.com\/?post_type=product&#038;p=18061"},"modified":"2023-06-20T00:30:04","modified_gmt":"2023-06-20T00:30:04","slug":"din-dn200-pn25-cast-steel-swing-check-valve","status":"publish","type":"product","link":"https:\/\/oudianvalve.com\/it\/products\/check-valves\/din-dn200-pn25-cast-steel-swing-check-valve\/","title":{"rendered":"Valvola di ritegno a battente in acciaio fuso DIN DN200 PN25"},"content":{"rendered":"<p>Standard di progettazione: DIN3352, BS EN1868<br \/>\nGamma dimensionale: da DN50 a DN 1200<br \/>\nIntervallo di pressione: da PN 10 a PN160<br \/>\nConnessioni terminali: RF flangiate, RTJ, saldate di testa<br \/>\nDimensioni estremit\u00e0 flangiate: DIN2543, BS EN 1092-1<br \/>\nDimensioni estremit\u00e0 a saldare di testa: EN 12627<br \/>\nDimensioni faccia a faccia: DIN3202, BS EN 558-1<br \/>\nIspezione e test: BS EN 12266-1, DIN 3230<br \/>\nMateriali: 1.4301, 1.4306, 1.4401, 1.4404, 1.0619, 1.7357, 1.4552, 1.4107.<\/p>\n<p>NACE MR 0175<br \/>\nTest criogenici<br \/>\nValvole di bypass<br \/>\nSede rinnovabile<br \/>\nBulloni e dadi rivestiti in PTFE<br \/>\nBulloni e dadi zincati<br \/>\nVerniciatura speciale secondo le vostre esigenze<\/p>\n<p>Lo standard di lunghezza della struttura della valvola di ritegno a battente in acciaio fuso DIN DN200 PN25 \u00e8 DIN3202 e lo standard della flangia \u00e8 progettato e prodotto utilizzando DIN2543-DIN2546. La struttura \u00e8 ragionevole, le prestazioni sono eccellenti e l&#039;aspetto \u00e8 bellissimo. La struttura della valvola di ritegno a battente in acciaio fuso DIN DN200 PN25 Le valvole di ritegno a flangia standard sono generalmente simili alle valvole a globo.<\/p>\n<p>Il disco della valvola si muove su e gi\u00f9 lungo una linea nel canale, con un&#039;azione affidabile, ma con elevata resistenza al fluido, rendendolo adatto a situazioni con luce e diametri ridotti.<br \/>\nPrincipio di funzionamento della valvola di ritegno a battente in acciaio fuso DIN DN200 PN25:<br \/>\nQuando il fluido scorre nel corpo valvola come indicato dalla freccia sul corpo valvola, la pressione del fluido esercita una spinta verso l&#039;alto sul disco della valvola. Quando la spinta del mezzo supera la gravit\u00e0 del disco della valvola, la valvola si apre. Quando la forza esercitata dalla pressione del fluido dietro la valvola sul disco della valvola pi\u00f9 la gravit\u00e0 del disco della valvola stesso \u00e8 maggiore della forza esercitata dalla pressione prima della valvola sul disco della valvola, la valvola si chiude per impedire al fluido di che scorre indietro.<\/p>\n<p>&nbsp;<\/p>\n<p>&nbsp;<\/p>","protected":false},"excerpt":{"rendered":"<p>Coperchio: coperchio imbullonato o coperchio con tenuta a pressione integrale<\/p>\n<p>sede del corpo o anello della sede rinnovabile Unidirezionale<\/p>\n<p>Disco di tipo oscillante Disco di colata (sopra 4&quot;) o disco forgiato (da 2&quot; a 4&quot;)<\/p>\n<p>Disco ad apertura non completa di BS168 e disco ad apertura completa di API 6D<\/p>\n<p>Occhiello di sollevamento per 4&quot; e superiori<\/p>","protected":false},"featured_media":18062,"template":"","meta":{"advanced_seo_description":"","jetpack_seo_html_title":"","jetpack_seo_noindex":false},"product_brand":[],"product_cat":[82],"product_tag":[118,120,119],"class_list":{"0":"post-18061","1":"product","2":"type-product","3":"status-publish","4":"has-post-thumbnail","6":"product_cat-check-valves","7":"product_tag-din3352-cast-steel-swing-check-valve","8":"product_tag-dn200-cast-steel-swing-check-valve","9":"product_tag-pn25-cast-steel-swing-check-valve","11":"first","12":"instock","13":"featured","14":"shipping-taxable","15":"product-type-simple"},"jetpack_sharing_enabled":true,"_links":{"self":[{"href":"https:\/\/oudianvalve.com\/it\/wp-json\/wp\/v2\/product\/18061","targetHints":{"allow":["GET"]}}],"collection":[{"href":"https:\/\/oudianvalve.com\/it\/wp-json\/wp\/v2\/product"}],"about":[{"href":"https:\/\/oudianvalve.com\/it\/wp-json\/wp\/v2\/types\/product"}],"wp:featuredmedia":[{"embeddable":true,"href":"https:\/\/oudianvalve.com\/it\/wp-json\/wp\/v2\/media\/18062"}],"wp:attachment":[{"href":"https:\/\/oudianvalve.com\/it\/wp-json\/wp\/v2\/media?parent=18061"}],"wp:term":[{"taxonomy":"product_brand","embeddable":true,"href":"https:\/\/oudianvalve.com\/it\/wp-json\/wp\/v2\/product_brand?post=18061"},{"taxonomy":"product_cat","embeddable":true,"href":"https:\/\/oudianvalve.com\/it\/wp-json\/wp\/v2\/product_cat?post=18061"},{"taxonomy":"product_tag","embeddable":true,"href":"https:\/\/oudianvalve.com\/it\/wp-json\/wp\/v2\/product_tag?post=18061"}],"curies":[{"name":"wp","href":"https:\/\/api.w.org\/{rel}","templated":true}]}}