{"id":18055,"date":"2023-06-19T05:21:35","date_gmt":"2023-06-19T05:21:35","guid":{"rendered":"https:\/\/oudianvalve.com\/?post_type=product&#038;p=18055"},"modified":"2023-06-20T00:30:08","modified_gmt":"2023-06-20T00:30:08","slug":"ansi-non-rising-stem-gate-valve","status":"publish","type":"product","link":"https:\/\/oudianvalve.com\/it\/products\/gate-valves\/ansi-non-rising-stem-gate-valve\/","title":{"rendered":"Valvola a saracinesca con stelo non ascendente ANSI"},"content":{"rendered":"<p>Standard di progettazione: API 600\/ASME B16.34<br \/>\nClassificazione pressione-temperatura: ASME B16.34<br \/>\nIntervallo di dimensioni: da 2&quot; a 48&quot;<br \/>\nIntervallo di pressione: classe da 150 a 2500<br \/>\nConnessioni terminali: RF flangiate, RTJ, saldate di testa<br \/>\nDimensioni estremit\u00e0 flangiate: ASME B16.5 (\u226424\u201d), ASME B16.47 Serie A o B (&gt;24\u201d)<br \/>\nDimensioni estremit\u00e0 saldatura di testa: ASME B16.25 faccia a faccia<br \/>\nDimensioni faccia a faccia: ASME B16.10<br \/>\nIspezione e test: API 598<br \/>\nMateriali corpo: WCB, CF8, CF3, CF3M, CF8M, A995 4A, 5A, 6A, C95800, INCONEL 625, INCONEL 825, MONEL, WC6, WC9.<br \/>\nMateriali delle finiture: 1#, 5#,8#,10#,12#,16#<br \/>\nMateriali di imballaggio: grafite, grafite con filo di inconel<\/p>\n<p>&nbsp;<\/p>\n<div class=\"fl-row fl-row-full-width fl-row-bg-none fl-node-6392e703d9080\" data-node=\"6392e703d9080\">\n<div class=\"fl-row-content-wrap\">\n<div class=\"fl-row-content fl-row-full-width fl-node-content\">\n<div class=\"fl-col-group fl-node-6392e703d97d3\" data-node=\"6392e703d97d3\">\n<div class=\"fl-col fl-node-6392e703d9a36\" data-node=\"6392e703d9a36\">\n<div class=\"fl-col-content fl-node-content\">\n<div class=\"fl-module fl-module-rich-text fl-node-6392e703db342\" data-node=\"6392e703db342\" data-animation-delay=\"0.0\">\n<div class=\"fl-module-content fl-node-content\">\n<div class=\"fl-rich-text\">\n<div class=\"content_box\"><\/div>\n<p>NACE MR 0175 Coperchio imbullonato, vite esterna e giogo<br \/>\nStelo non saliente con chiusura a tenuta superiore (sede posteriore): ruotando il volantino in senso orario<br \/>\nEstensione del cofano criogenica<br \/>\nTest delle valvole di by-pass<br \/>\nBulloni e dadi rivestiti in PTFE<br \/>\nBulloni e dadi zincati<\/p>\n<\/div>\n<\/div>\n<\/div>\n<\/div>\n<\/div>\n<\/div>\n<\/div>\n<\/div>\n<\/div>\n<div class=\"fl-row fl-row-full-width fl-row-bg-none fl-node-6392e71133a42\" data-node=\"6392e71133a42\">\n<div class=\"fl-row-content-wrap\">\n<div class=\"fl-row-content fl-row-full-width fl-node-content\">\n<div class=\"fl-col-group fl-node-6392e71133a8e\" data-node=\"6392e71133a8e\">\n<div class=\"fl-col fl-node-6392e71133ade\" data-node=\"6392e71133ade\">\n<div class=\"fl-col-content fl-node-content\">\n<div class=\"fl-module fl-module-rich-text fl-node-6392e71133b22\" data-node=\"6392e71133b22\" data-animation-delay=\"0.0\">\n<div class=\"fl-module-content fl-node-content\">\n<div class=\"fl-rich-text\">\n<div class=\"content_box\"><\/div>\n<p>Il volantino fa ruotare lo stelo della valvola e lo stelo della valvola fa muovere il cancello su e gi\u00f9 per completare il processo di apertura e chiusura. Allo stesso modo, \u00e8 presente una scanalatura di guida tra la saracinesca e il corpo della valvola. Limita e guida l&#039;ariete. Sono presenti filettature interne e filettature dello stelo della valvola nella piastra della saracinesca da abbinare.<\/p>\n<p>Quando la valvola a saracinesca con stelo non ascendente \u00e8 aperta, lo stelo della valvola ruota solo senza alcun movimento verso l&#039;alto o verso il basso. Lo stato di apertura e chiusura della valvola a saracinesca non pu\u00f2 essere visto dal suo aspetto, poich\u00e9 non vi \u00e8 alcun cambiamento nel suo aspetto durante il processo di apertura e chiusura, a differenza del processo di salita e discesa dello stelo della valvola che pu\u00f2 essere visto in una saracinesca con stelo ascendente valvola. Pertanto, in occasioni importanti, sul suo aspetto verr\u00e0 installato un indicatore dello stelo della valvola per distinguere lo stato di apertura e chiusura della valvola<\/p>\n<p>Le valvole a saracinesca con stelo non saliente sono adatte a situazioni con spazio limitato, poich\u00e9 la loro altezza non cambia quando vengono aperte. Il fluido all&#039;interno della tubazione deve essere pulito, poich\u00e9 le impurit\u00e0 possono causare il bloccaggio dello stelo della valvola e delle filettature della saracinesca, causando il guasto dell&#039;interruttore. Lo stelo della valvola e la filettatura della saracinesca sono soggetti a erosione e corrosione da parte del fluido e la loro durata \u00e8 pi\u00f9 lunga di quella delle valvole a saracinesca a stelo aperto<\/p>\n<\/div>\n<\/div>\n<\/div>\n<\/div>\n<\/div>\n<\/div>\n<\/div>\n<\/div>\n<\/div>","protected":false},"excerpt":{"rendered":"<p>Valvola a saracinesca con stelo non ascendente, nota anche come valvola a saracinesca con stelo rotante (nota anche come valvola a saracinesca a cuneo con stelo non ascendente). Il dado dello stelo della valvola si trova sulla piastra della saracinesca e il volantino ruota per far ruotare lo stelo della valvola, provocando il sollevamento della piastra della saracinesca. Di solito \u00e8 presente una filettatura trapezoidale nella parte inferiore dello stelo della valvola. Attraverso la filettatura sul fondo della valvola e la scanalatura di guida sul disco della valvola, il movimento rotatorio viene trasformato in movimento lineare, cio\u00e8 la coppia operativa viene trasformata in spinta operativa.<\/p>","protected":false},"featured_media":18056,"template":"","meta":{"advanced_seo_description":"","jetpack_seo_html_title":"","jetpack_seo_noindex":false},"product_brand":[],"product_cat":[81],"product_tag":[108,110,107,109],"class_list":{"0":"post-18055","1":"product","2":"type-product","3":"status-publish","4":"has-post-thumbnail","6":"product_cat-gate-valves","7":"product_tag-150lb-non-rising-stem-gate-valve","8":"product_tag-8-inch-non-rising-stem-gate-valve","9":"product_tag-non-rising-stem-gate-valve","10":"product_tag-wcb-non-rising-stem-gate-valve","12":"first","13":"instock","14":"featured","15":"shipping-taxable","16":"product-type-simple"},"jetpack_sharing_enabled":true,"_links":{"self":[{"href":"https:\/\/oudianvalve.com\/it\/wp-json\/wp\/v2\/product\/18055","targetHints":{"allow":["GET"]}}],"collection":[{"href":"https:\/\/oudianvalve.com\/it\/wp-json\/wp\/v2\/product"}],"about":[{"href":"https:\/\/oudianvalve.com\/it\/wp-json\/wp\/v2\/types\/product"}],"wp:featuredmedia":[{"embeddable":true,"href":"https:\/\/oudianvalve.com\/it\/wp-json\/wp\/v2\/media\/18056"}],"wp:attachment":[{"href":"https:\/\/oudianvalve.com\/it\/wp-json\/wp\/v2\/media?parent=18055"}],"wp:term":[{"taxonomy":"product_brand","embeddable":true,"href":"https:\/\/oudianvalve.com\/it\/wp-json\/wp\/v2\/product_brand?post=18055"},{"taxonomy":"product_cat","embeddable":true,"href":"https:\/\/oudianvalve.com\/it\/wp-json\/wp\/v2\/product_cat?post=18055"},{"taxonomy":"product_tag","embeddable":true,"href":"https:\/\/oudianvalve.com\/it\/wp-json\/wp\/v2\/product_tag?post=18055"}],"curies":[{"name":"wp","href":"https:\/\/api.w.org\/{rel}","templated":true}]}}