{"id":17983,"date":"2023-06-12T08:28:14","date_gmt":"2023-06-12T08:28:14","guid":{"rendered":"https:\/\/oudianvalve.com\/?post_type=product&#038;p=17983"},"modified":"2025-06-14T13:25:10","modified_gmt":"2025-06-14T13:25:10","slug":"api600-cast-steel-gate-valve-300lb-6-inch-rf-end","status":"publish","type":"product","link":"https:\/\/oudianvalve.com\/it\/products\/gate-valves\/api600-cast-steel-gate-valve-300lb-6-inch-rf-end\/","title":{"rendered":"Valvola a saracinesca in acciaio fuso API600, 300 libbre, 6 pollici, estremit\u00e0 RF"},"content":{"rendered":"<p>Standard di progettazione: API 600<br \/>\nClassificazione pressione-temperatura: ASME B16.34<br \/>\nIntervallo di dimensioni: da 2&quot; a 48&quot;<br \/>\nIntervallo di pressione: classe da 150 a 2500<br \/>\nConnessioni terminali: RF flangiate, RTJ, saldate di testa<br \/>\nDimensioni estremit\u00e0 flangiate: ASME B16.5 (\u226424\u201d), ASME B16.47 Serie A o B (&gt;24\u201d)<br \/>\nDimensioni estremit\u00e0 saldatura di testa: ASME B16.25 faccia a faccia<br \/>\nDimensioni faccia a faccia: ASME B16.10<br \/>\nIspezione e test: API 598<br \/>\nBody Materials: ASTM A216 WCB, WCC, A217 WC6, WC9, C5, C12A, A352 LCB, LCC, A351 CF8, CF8M, CF3M, CF8C, CN3MN, CK3MCUN, CN7M, A890 4A (CD3MN), 5A (CE3MN), 6A (CD3MWCuN), B148 C95800, C95500.<br \/>\nMateriali delle finiture: 1#, 5#,8#,10#,12#,16#<br \/>\nMateriali di imballaggio: grafite, grafite con filo di inconel<\/p>\n<p>&nbsp;<\/p>\n<div class=\"fl-row fl-row-full-width fl-row-bg-none fl-node-6392e703d9080\" data-node=\"6392e703d9080\">\n<div class=\"fl-row-content-wrap\">\n<div class=\"fl-row-content fl-row-full-width fl-node-content\">\n<div class=\"fl-col-group fl-node-6392e703d97d3\" data-node=\"6392e703d97d3\">\n<div class=\"fl-col fl-node-6392e703d9a36\" data-node=\"6392e703d9a36\">\n<div class=\"fl-col-content fl-node-content\">\n<div class=\"fl-module fl-module-rich-text fl-node-6392e703db342\" data-node=\"6392e703db342\" data-animation-delay=\"0.0\">\n<div class=\"fl-module-content fl-node-content\">\n<div class=\"fl-rich-text\">\n<div class=\"content_box\">\n<h2>Opzionale<\/h2>\n<\/div>\n<p>NACE MR 0175 Coperchio imbullonato, vite esterna e giogo<br \/>\nChiusura stelo ascendente con tenuta superiore (backseat): ruotando il volantino in senso orario<br \/>\nEstensione del cofano criogenica<br \/>\nTest delle valvole di by-pass<br \/>\nBulloni e dadi rivestiti in PTFE<br \/>\nBulloni e dadi zincati<\/p>\n<\/div>\n<\/div>\n<\/div>\n<\/div>\n<\/div>\n<\/div>\n<\/div>\n<\/div>\n<\/div>\n<div class=\"fl-row fl-row-full-width fl-row-bg-none fl-node-6392e71133a42\" data-node=\"6392e71133a42\">\n<div class=\"fl-row-content-wrap\">\n<div class=\"fl-row-content fl-row-full-width fl-node-content\">\n<div class=\"fl-col-group fl-node-6392e71133a8e\" data-node=\"6392e71133a8e\">\n<div class=\"fl-col fl-node-6392e71133ade\" data-node=\"6392e71133ade\">\n<div class=\"fl-col-content fl-node-content\">\n<div class=\"fl-module fl-module-rich-text fl-node-6392e71133b22\" data-node=\"6392e71133b22\" data-animation-delay=\"0.0\">\n<div class=\"fl-module-content fl-node-content\">\n<div class=\"fl-rich-text\">\n<div class=\"content_box\">\n<h2>introduzione al prodotto<\/h2>\n<\/div>\n<p>La valvola a saracinesca in acciaio fuso API600 \u00e8 una valvola multigiro e bidirezionale e l&#039;elemento di chiusura \u00e8 un cuneo.<br \/>\nQuando lo stelo si solleva, il cuneo si allontaner\u00e0 dalla sede, il che significa che si apre, e quando lo stelo si abbassa, il cuneo si chiuder\u00e0 saldamente verso la sede e si chiuder\u00e0. Quando \u00e8 completamente aperta, il fluido scorre attraverso la valvola in linea retta, con conseguente caduta di pressione minima attraverso la valvola. Le valvole a saracinesca vengono utilizzate come valvole di intercettazione, non adatte come applicazioni di controllo della capacit\u00e0.<br \/>\nRispetto alle valvole a sfera, le valvole a saracinesca hanno costi inferiori e applicazioni pi\u00f9 ampie. Normalmente le valvole a sfera sono con sede morbida, quindi non se ne consiglia l&#039;uso in applicazioni con temperature elevate, ma le valvole a saracinesca sono con sede metallica ed \u00e8 una buona scelta da utilizzare in situazioni con temperature cos\u00ec elevate. Inoltre, le valvole a saracinesca possono essere utilizzate per applicazioni critiche quando il fango contiene particelle solide, come nel caso delle miniere. Le valvole a saracinesca sono ampiamente utilizzate per petrolio e gas, petrolio, raffinazione, prodotti chimici, miniere, trattamento delle acque, centrali elettriche, GNL, ecc.<\/p>\n<\/div>\n<\/div>\n<\/div>\n<\/div>\n<\/div>\n<\/div>\n<\/div>\n<\/div>\n<\/div>\n<p>API600 Cast Steel Gate Valve,300LB Cast Steel Gate Valve,6 Inch Cast Steel Gate Valve,RF End Cast Steel Gate Valve<\/p>","protected":false},"excerpt":{"rendered":"<p><strong>Saracinesche<\/strong>\u00a0vengono generalmente utilizzati quando sono necessari un flusso di fluido in linea retta e una limitazione minima del flusso. Sono adatti per alte pressioni e alte temperature e possono essere utilizzati per un&#039;ampia variet\u00e0 di fluidi. Poich\u00e9 la valvola a saracinesca \u00e8 simmetrica, entrambe le estremit\u00e0 possono essere l&#039;ingresso, consentendo al flusso di entrare attraverso entrambe le direzioni della valvola, altrimenti note come bidirezionali.<\/p>\n<p>Esistono molti modelli per la valvola a saracinesca, inclusi stelo ascendente e non ascendente, coltello, piastra ed espansione.<\/p>","protected":false},"featured_media":18441,"template":"","meta":{"advanced_seo_description":"","jetpack_seo_html_title":"","jetpack_seo_noindex":false},"product_brand":[],"product_cat":[81],"product_tag":[533,534,532,535],"class_list":{"0":"post-17983","1":"product","2":"type-product","3":"status-publish","4":"has-post-thumbnail","6":"product_cat-gate-valves","7":"product_tag-300lb-cast-steel-gate-valve","8":"product_tag-6-inch-cast-steel-gate-valve","9":"product_tag-api600-cast-steel-gate-valve","10":"product_tag-rf-end-cast-steel-gate-valve","12":"first","13":"instock","14":"featured","15":"shipping-taxable","16":"product-type-simple"},"jetpack_sharing_enabled":true,"_links":{"self":[{"href":"https:\/\/oudianvalve.com\/it\/wp-json\/wp\/v2\/product\/17983","targetHints":{"allow":["GET"]}}],"collection":[{"href":"https:\/\/oudianvalve.com\/it\/wp-json\/wp\/v2\/product"}],"about":[{"href":"https:\/\/oudianvalve.com\/it\/wp-json\/wp\/v2\/types\/product"}],"wp:featuredmedia":[{"embeddable":true,"href":"https:\/\/oudianvalve.com\/it\/wp-json\/wp\/v2\/media\/18441"}],"wp:attachment":[{"href":"https:\/\/oudianvalve.com\/it\/wp-json\/wp\/v2\/media?parent=17983"}],"wp:term":[{"taxonomy":"product_brand","embeddable":true,"href":"https:\/\/oudianvalve.com\/it\/wp-json\/wp\/v2\/product_brand?post=17983"},{"taxonomy":"product_cat","embeddable":true,"href":"https:\/\/oudianvalve.com\/it\/wp-json\/wp\/v2\/product_cat?post=17983"},{"taxonomy":"product_tag","embeddable":true,"href":"https:\/\/oudianvalve.com\/it\/wp-json\/wp\/v2\/product_tag?post=17983"}],"curies":[{"name":"wp","href":"https:\/\/api.w.org\/{rel}","templated":true}]}}