{"id":8114,"date":"2018-02-28T07:42:19","date_gmt":"2018-02-28T07:42:19","guid":{"rendered":"https:\/\/enovathemes.com\/samatex\/?page_id=8114"},"modified":"2023-06-14T06:21:10","modified_gmt":"2023-06-14T06:21:10","slug":"faq","status":"publish","type":"page","link":"https:\/\/oudianvalve.com\/it\/faq\/","title":{"rendered":"FAQ"},"content":{"rendered":"<div class=\"vc_row wpb_row vc_row-fluid vc_custom_1684982089552 vc_column-gap-64 vc-row-182141\" >\n\t<div class=\"container et-clearfix\">\n\t\t<div class=\"wpb_column vc_column_container vc_col-sm-12 vc_col-lg-8 vc_col-md-7 vc_col-xs-12 text-align-none vc-column-865625\" >\n\t<div class=\"vc_column-inner\" >\n\t\t<div class=\"wpb_wrapper\">\n\t\t\t<h4 class=\"et-heading text-align-left tablet-text-align-inherit mobile-text-align-inherit animate-false no-animation-type\" id=\"et-heading-841920\" data-delay=\"0\" data-mobile-font=\"inherit\" data-mobile-line-height=\"inherit\" data-tablet-landscape-font=\"inherit\" data-tablet-portrait-font=\"inherit\" data-tablet-landscape-line-height=\"inherit\" data-tablet-portrait-line-height=\"inherit\" data-parallax=\"false\" data-move=\"false\" data-coordinatex=\"0\" data-coordinatey=\"0\" data-speed=\"10\"><span class=\"text-wrapper\"><span class=\"text\">Domande generali<\/span><\/span><\/h4><div class=\"et-separator et-clearfix animate-false solid left horizontal et-separator-838407\" data-delay=\"\"><div class=\"line\"><\/div><\/div><div class=\"et-accordion-wrapper\"><div id=\"et-accordion-1\" class=\"et-accordion et-clearfix collapsible-true\"><div class=\"toggle-title et-clearfix active\"><h6 class=\"toggle-title-tag\">Quanti dipendenti ci sono nella tua azienda?<\/h6><span class=\"toggle-ind\"><\/span><\/div> <div id=\"how-many-employees-are-there-in-your-company-1\" class=\"toggle-content et-clearfix\">\n<div class=\"wpb_text_column wpb_content_element\"  data-animation-delay=\"0\">\n\t<div class=\"wpb_wrapper\">\n\t\t<p>Ci sono 350 dipendenti nella nostra azienda<\/p>\n\t<\/div>\n<\/div>\n\n<\/div><div class=\"toggle-title et-clearfix\"><h6 class=\"toggle-title-tag\">Qual \u00e8 l&#039;area della vostra azienda e fabbrica?<\/h6><span class=\"toggle-ind\"><\/span><\/div> <div id=\"what-is-the-area-of-your-company-and-factory-2\" class=\"toggle-content et-clearfix\">\n<div class=\"wpb_text_column wpb_content_element\"  data-animation-delay=\"0\">\n\t<div class=\"wpb_wrapper\">\n\t\t<p>L&#039;area della nostra azienda e fabbrica \u00e8 di 40.000 metri quadrati.<\/p>\n\t<\/div>\n<\/div>\n\n<\/div><div class=\"toggle-title et-clearfix\"><h6 class=\"toggle-title-tag\">Qual \u00e8 la capacit\u00e0 produttiva dell&#039;azienda?<\/h6><span class=\"toggle-ind\"><\/span><\/div> <div id=\"what-is-the-production-capacity-of-the-company-3\" class=\"toggle-content et-clearfix\">\n<div class=\"wpb_text_column wpb_content_element\"  data-animation-delay=\"0\">\n\t<div class=\"wpb_wrapper\">\n\t\t<p>La nostra azienda dispone di 5 linee di produzione con una capacit\u00e0 di 10.000 tonnellate.<\/p>\n\t<\/div>\n<\/div>\n\n<\/div><div class=\"toggle-title et-clearfix\"><h6 class=\"toggle-title-tag\">Qual \u00e8 il valore della produzione annuale della vostra azienda?<\/h6><span class=\"toggle-ind\"><\/span><\/div> <div id=\"what-is-your-companys-annual-output-value-4\" class=\"toggle-content et-clearfix\">\n<div class=\"wpb_text_column wpb_content_element\"  data-animation-delay=\"0\">\n\t<div class=\"wpb_wrapper\">\n\t\t<p>Il valore della produzione annuale della nostra azienda \u00e8 superiore a 500 milioni.<\/p>\n\t<\/div>\n<\/div>\n\n<\/div><div class=\"toggle-title et-clearfix\"><h6 class=\"toggle-title-tag\">Qual \u00e8 il MOQ dei prodotti nella tua azienda?<\/h6><span class=\"toggle-ind\"><\/span><\/div> <div id=\"what-is-the-moq-of-products-in-your-company-5\" class=\"toggle-content et-clearfix\">\n<div class=\"wpb_text_column wpb_content_element\"  data-animation-delay=\"0\">\n\t<div class=\"wpb_wrapper\">\n\t\t<p>Il MOQ dei prodotti nella nostra azienda \u00e8 di 1 pezzo.<\/p>\n\t<\/div>\n<\/div>\n\n<\/div><div class=\"toggle-title et-clearfix\"><h6 class=\"toggle-title-tag\">Qual \u00e8 il tipo della tua azienda?<\/h6><span class=\"toggle-ind\"><\/span><\/div> <div id=\"what-is-the-type-of-your-company-6\" class=\"toggle-content et-clearfix\">\n<div class=\"wpb_text_column wpb_content_element\"  data-animation-delay=\"0\">\n\t<div class=\"wpb_wrapper\">\n\t\t<p>Siamo un&#039;impresa privata.<\/p>\n\t<\/div>\n<\/div>\n\n<\/div><\/div><\/div><span class=\"et-gap et-clearfix et-gap-246792\"><\/span><h4 class=\"et-heading text-align-left tablet-text-align-inherit mobile-text-align-inherit animate-false no-animation-type\" id=\"et-heading-815538\" data-delay=\"0\" data-mobile-font=\"inherit\" data-mobile-line-height=\"inherit\" data-tablet-landscape-font=\"inherit\" data-tablet-portrait-font=\"inherit\" data-tablet-landscape-line-height=\"inherit\" data-tablet-portrait-line-height=\"inherit\" data-parallax=\"false\" data-move=\"false\" data-coordinatex=\"0\" data-coordinatey=\"0\" data-speed=\"10\"><span class=\"text-wrapper\"><span class=\"text\">Domande sul prodotto<\/span><\/span><\/h4><div class=\"et-separator et-clearfix animate-false solid left horizontal et-separator-838407\" data-delay=\"\"><div class=\"line\"><\/div><\/div><div class=\"et-accordion-wrapper\"><div id=\"et-accordion-2\" class=\"et-accordion et-clearfix collapsible-true\"><div class=\"toggle-title et-clearfix active\"><h6 class=\"toggle-title-tag\">Che tipologie di prodotti avete nella vostra azienda?<\/h6><span class=\"toggle-ind\"><\/span><\/div> <div id=\"what-types-of-products-do-you-have-in-your-company-7\" class=\"toggle-content et-clearfix\">\n<div class=\"wpb_text_column wpb_content_element\"  data-animation-delay=\"0\">\n\t<div class=\"wpb_wrapper\">\n\t\t<p>I prodotti della nostra azienda sono valvole a farfalla, valvole a sfera, valvole a saracinesca, valvole di ritegno, valvole a globo, valvole a maschio e valvole attuate.<\/p>\n\t<\/div>\n<\/div>\n\n<\/div><div class=\"toggle-title et-clearfix active\"><h6 class=\"toggle-title-tag\">Che tipologie di prodotti avete nella vostra azienda?<\/h6><span class=\"toggle-ind\"><\/span><\/div> <div id=\"what-types-of-products-do-you-have-in-your-company-8\" class=\"toggle-content et-clearfix\">\n<div class=\"wpb_text_column wpb_content_element\"  data-animation-delay=\"0\">\n\t<div class=\"wpb_wrapper\">\n\t\t<p>Le dimensioni e la pressione delle valvole sono le seguenti:<br \/>\n1) Valvola a sfera: 1\/2\u2033\u201d-48\u2033\u201d(DN15-DN1200) Classe 125-2500#(PN6-PN420)<br \/>\n2) Valvola a farfalla: 2\u2033\u201d-128\u2033\u201d(DN50-DN3200) Classe 125-1500#(PN6-PN250)<\/p>\n<p>3) Valvola a saracinesca: 1\/2\u2033\u201d-60\u2033\u201d(DN15-DN1500) Classe 125-2500#(PN6-PN420)<\/p>\n<p>4) Valvola a globo: 1\/2\u2033\u201d-24\u2033\u201d(DN15-DN600) Classe 125-2500#(PN6-PN420)<br \/>\n5) Valvola di ritegno: 1\/2\u2033\u201d-28\u2033\u201d(DN15-DN700) Classe 125-2500#(PN6-PN420)<\/p>\n<p>6) Valvola a maschio: 1\/2\u2033\u201d-24\u2033\u201d(DN15-DN600) Classe 125-2500#(PN6-PN420)<br \/>\n7) Valvola attuata: 1\/2\u2033\u201d-60\u2033\u201d(DN15-DN1500) Classe 125-2500#(PN6-PN420)<\/p>\n\t<\/div>\n<\/div>\n\n<\/div><div class=\"toggle-title et-clearfix active\"><h6 class=\"toggle-title-tag\">Che tipologie di prodotti avete nella vostra azienda?<\/h6><span class=\"toggle-ind\"><\/span><\/div> <div id=\"what-types-of-products-do-you-have-in-your-company-9\" class=\"toggle-content et-clearfix\">\n<div class=\"wpb_text_column wpb_content_element\"  data-animation-delay=\"0\">\n\t<div class=\"wpb_wrapper\">\n\t\t<p>Il metodo di connessione delle valvole include RF,RTJ,NPT,SW,BW,FF,HUB.<\/p>\n\t<\/div>\n<\/div>\n\n<\/div><div class=\"toggle-title et-clearfix\"><h6 class=\"toggle-title-tag\">Qual \u00e8 il metodo di connessione delle valvole?<\/h6><span class=\"toggle-ind\"><\/span><\/div> <div id=\"what-is-the-connection-method-of-valves-10\" class=\"toggle-content et-clearfix\">\n<div class=\"wpb_text_column wpb_content_element\"  data-animation-delay=\"0\">\n\t<div class=\"wpb_wrapper\">\n\t\t<p>Il materiale delle valvole comprende acciaio al carbonio, acciaio inossidabile, acciaio inossidabile super duplex, acciaio Cr-Mo, acciaio legato, bronzo, lega Ti, Monel, lega Hastelloy.<\/p>\n\t<\/div>\n<\/div>\n\n<\/div><div class=\"toggle-title et-clearfix\"><h6 class=\"toggle-title-tag\">Qual \u00e8 la modalit\u00e0 operativa della valvola?<\/h6><span class=\"toggle-ind\"><\/span><\/div> <div id=\"what-is-the-operation-mode-of-valve%ef%bc%9f-11\" class=\"toggle-content et-clearfix\">\n<div class=\"wpb_text_column wpb_content_element\"  data-animation-delay=\"0\">\n\t<div class=\"wpb_wrapper\">\n\t\t<p>La modalit\u00e0 operativa della valvola comprende volantino, maniglia, ingranaggio a vite senza fine, elettrico, pneumatico, idraulico, pneumatico, idraulico ed elettroidraulico<\/p>\n\t<\/div>\n<\/div>\n\n<\/div><div class=\"toggle-title et-clearfix\"><h6 class=\"toggle-title-tag\">Quali sono le applicazioni delle valvole?<\/h6><span class=\"toggle-ind\"><\/span><\/div> <div id=\"what-are-the-application-of-valves-12\" class=\"toggle-content et-clearfix\">\n<div class=\"wpb_text_column wpb_content_element\"  data-animation-delay=\"0\">\n\t<div class=\"wpb_wrapper\">\n\t\t<p>L&#039;applicazione delle valvole comprende raffinazione e petrolchimica, lavorazione chimica, prodotti chimici del carbone, produzione di energia, GNL, trasporto di condotte.<\/p>\n\t<\/div>\n<\/div>\n\n<\/div><div class=\"toggle-title et-clearfix\"><h6 class=\"toggle-title-tag\">Il tuo prodotto \u00e8 disponibile?<\/h6><span class=\"toggle-ind\"><\/span><\/div> <div id=\"is-your-product-in-stock-13\" class=\"toggle-content et-clearfix\">\n<div class=\"wpb_text_column wpb_content_element\"  data-animation-delay=\"0\">\n\t<div class=\"wpb_wrapper\">\n\t\t<p>Disponiamo di un ampio stock dei nostri prodotti, tra cui valvole a saracinesca, valvole a globo, valvole di ritegno, valvole a sfera, valvole a farfalla e valvole a maschio, filtri in acciaio al carbonio e acciaio inox in materiale anche 1\/2\u201d - 16\u201d di diametro.<\/p>\n\t<\/div>\n<\/div>\n\n<\/div><\/div><\/div><span class=\"et-gap et-clearfix et-gap-246792\"><\/span><h4 class=\"et-heading text-align-left tablet-text-align-inherit mobile-text-align-inherit animate-false no-animation-type\" id=\"et-heading-67496\" data-delay=\"0\" data-mobile-font=\"inherit\" data-mobile-line-height=\"inherit\" data-tablet-landscape-font=\"inherit\" data-tablet-portrait-font=\"inherit\" data-tablet-landscape-line-height=\"inherit\" data-tablet-portrait-line-height=\"inherit\" data-parallax=\"false\" data-move=\"false\" data-coordinatex=\"0\" data-coordinatey=\"0\" data-speed=\"10\"><span class=\"text-wrapper\"><span class=\"text\">Garanzia<\/span><\/span><\/h4><div class=\"et-separator et-clearfix animate-false solid left horizontal et-separator-838407\" data-delay=\"\"><div class=\"line\"><\/div><\/div><div class=\"et-accordion-wrapper\"><div id=\"et-accordion-3\" class=\"et-accordion et-clearfix collapsible-true\"><div class=\"toggle-title et-clearfix active\"><h6 class=\"toggle-title-tag\">Quanto dura il periodo di garanzia dei prodotti della vostra azienda?<\/h6><span class=\"toggle-ind\"><\/span><\/div> <div id=\"how-long-is-the-warranty-period-of-your-companys-products-14\" class=\"toggle-content et-clearfix\">\n<div class=\"wpb_text_column wpb_content_element\"  data-animation-delay=\"0\">\n\t<div class=\"wpb_wrapper\">\n\t\t<p>Il periodo di garanzia dei prodotti della nostra azienda \u00e8 di 24 mesi dopo che la valvola lascia la fabbrica o 18 mesi dopo che la valvola \u00e8 stata installata sulla tubazione. Qualunque cosa venga prima prevarr\u00e0.<\/p>\n\t<\/div>\n<\/div>\n\n<\/div><div class=\"toggle-title et-clearfix active\"><h6 class=\"toggle-title-tag\">Come risolvere i problemi di qualit\u00e0 del prodotto quando si verificano?<\/h6><span class=\"toggle-ind\"><\/span><\/div> <div id=\"how-to-solve-product-quality-problems-when-happen-15\" class=\"toggle-content et-clearfix\">\n<div class=\"wpb_text_column wpb_content_element\"  data-animation-delay=\"0\">\n\t<div class=\"wpb_wrapper\">\n\t\t<p>Se si tratta di un problema di qualit\u00e0 del prodotto della nostra azienda, possiamo comunicare tramite e-mail o discussione tramite webcam per risolverlo. Se il problema non pu\u00f2 essere risolto, sostituiremo la valvola gratuitamente. Se si tratta di un incidente di qualit\u00e0 causato da operazioni illegali da parte del personale del cliente, non siamo responsabili.<\/p>\n\t<\/div>\n<\/div>\n\n<\/div><div class=\"toggle-title et-clearfix active\"><h6 class=\"toggle-title-tag\">Quanto tempo \u00e8 il limite di tempo per risolvere il problema del prodotto?<\/h6><span class=\"toggle-ind\"><\/span><\/div> <div id=\"how-long-is-time-limit-for-solving-product-problem-16\" class=\"toggle-content et-clearfix\">\n<div class=\"wpb_text_column wpb_content_element\"  data-animation-delay=\"0\">\n\t<div class=\"wpb_wrapper\">\n\t\t<p>Se le condizioni lo consentono, normalmente arriviamo sul posto entro 24 ore. In caso contrario, il tempo necessario per risolvere il problema dipender\u00e0 dalla difficolt\u00e0 del problema reale e normalmente forniamo soluzioni entro 48 ore.<\/p>\n\t<\/div>\n<\/div>\n\n<\/div><\/div><\/div><span class=\"et-gap et-clearfix et-gap-246792\"><\/span><h4 class=\"et-heading text-align-left tablet-text-align-inherit mobile-text-align-inherit animate-false no-animation-type\" id=\"et-heading-248177\" data-delay=\"0\" data-mobile-font=\"inherit\" data-mobile-line-height=\"inherit\" data-tablet-landscape-font=\"inherit\" data-tablet-portrait-font=\"inherit\" data-tablet-landscape-line-height=\"inherit\" data-tablet-portrait-line-height=\"inherit\" data-parallax=\"false\" data-move=\"false\" data-coordinatex=\"0\" data-coordinatey=\"0\" data-speed=\"10\"><span class=\"text-wrapper\"><span class=\"text\">Servizio, pagamento e spedizione<\/span><\/span><\/h4><div class=\"et-separator et-clearfix animate-false solid left horizontal et-separator-838407\" data-delay=\"\"><div class=\"line\"><\/div><\/div><div class=\"et-accordion-wrapper\"><div id=\"et-accordion-4\" class=\"et-accordion et-clearfix collapsible-true\"><div class=\"toggle-title et-clearfix active\"><h6 class=\"toggle-title-tag\">Quanto tempo ci vuole per fare il preventivo?<\/h6><span class=\"toggle-ind\"><\/span><\/div> <div id=\"how-long-does-it-take-to-make-quotation-17\" class=\"toggle-content et-clearfix\">\n<div class=\"wpb_text_column wpb_content_element\"  data-animation-delay=\"0\">\n\t<div class=\"wpb_wrapper\">\n\t\t<p>L&#039;azienda stipula che il preventivo dello stesso giorno verr\u00e0 elaborato lo stesso giorno, compreso prezzo, disegno, peso e volume, non pi\u00f9 di due giorni al massimo<\/p>\n\t<\/div>\n<\/div>\n\n<\/div><div class=\"toggle-title et-clearfix active\"><h6 class=\"toggle-title-tag\">Quanti pezzi di ricambio ci sono per ordine?<\/h6><span class=\"toggle-ind\"><\/span><\/div> <div id=\"how-many-spare-parts-are-there-per-order-18\" class=\"toggle-content et-clearfix\">\n<div class=\"wpb_text_column wpb_content_element\"  data-animation-delay=\"0\">\n\t<div class=\"wpb_wrapper\">\n\t\t<div class=\"elementor-toggle-item\">\n<div id=\"elementor-tab-content-1592\" class=\"elementor-tab-content elementor-clearfix elementor-active\" role=\"tabpanel\" data-tab=\"2\" aria-labelledby=\"elementor-tab-title-1592\">\n<div id=\"u31350\" class=\"ax_default shape\">\n<div id=\"u31350_text\" class=\"text\">\n<div id=\"u31352\" class=\"ax_default shape\">\n<div id=\"u31352_text\" class=\"text\">L&#039;azienda fornisce gratuitamente i pezzi di ricambio 10% per ogni ordine<\/div>\n<\/div>\n<\/div>\n<\/div>\n<\/div>\n<\/div>\n<div class=\"elementor-toggle-item\">\n<h4 id=\"elementor-tab-title-1593\" class=\"elementor-tab-title\" role=\"tab\" data-tab=\"3\" aria-controls=\"elementor-tab-content-1593\" aria-expanded=\"false\"><\/h4>\n<\/div>\n\t<\/div>\n<\/div>\n\n<\/div><div class=\"toggle-title et-clearfix active\"><h6 class=\"toggle-title-tag\">Di quanto tempo \u00e8 necessario il tempo di consegna?<\/h6><span class=\"toggle-ind\"><\/span><\/div> <div id=\"how-long-does-the-delivery-time-need-19\" class=\"toggle-content et-clearfix\">\n<div class=\"wpb_text_column wpb_content_element\"  data-animation-delay=\"0\">\n\t<div class=\"wpb_wrapper\">\n\t\t<p>I campioni possono essere spediti in una settimana. La normale produzione dei prodotti richiede generalmente 45-50 giorni, salvo materiali speciali e personalizzazioni. Pu\u00f2 essere spedito entro 7-10 giorni se disponibile in magazzino.<\/p>\n\t<\/div>\n<\/div>\n\n<\/div><div class=\"toggle-title et-clearfix active\"><h6 class=\"toggle-title-tag\">Come avviene il processo di ordine?<\/h6><span class=\"toggle-ind\"><\/span><\/div> <div id=\"how-is-order-process-20\" class=\"toggle-content et-clearfix\">\n<div class=\"wpb_text_column wpb_content_element\"  data-animation-delay=\"0\">\n\t<div class=\"wpb_wrapper\">\n\t\t<p>1) Scegli il prodotto giusto in base ai parametri del cliente<br \/>\n2) Preventivo e conferma del disegno in base ai prodotti selezionati<br \/>\n3) Conferma dell&#039;ordine<br \/>\n4) Deposito 30% per la produzione<br \/>\n5) Effettuare la produzione e fornire un rapporto sullo stato di avanzamento del ciclo di produzione<br \/>\n6) Informare il cliente che la merce \u00e8 pronta e il cliente provvede al saldo<br \/>\n7) Consegnare la merce allo spedizioniere del cliente ed organizzare il trasporto.<br \/>\n8) Fornire i documenti richiesti nell&#039;ordine e inviare al cliente il rapporto di processo dell&#039;intero ordine.<br \/>\n9) Servizio post vendita.<\/p>\n\t<\/div>\n<\/div>\n\n<\/div><div class=\"toggle-title et-clearfix active\"><h6 class=\"toggle-title-tag\">Qual \u00e8 il metodo di pagamento?<\/h6><span class=\"toggle-ind\"><\/span><\/div> <div id=\"what-is-the-payment-method-21\" class=\"toggle-content et-clearfix\">\n<div class=\"wpb_text_column wpb_content_element\"  data-animation-delay=\"0\">\n\t<div class=\"wpb_wrapper\">\n\t\t<p>1) L\/C a vista<br \/>\n2) Bonifico telegrafico (meno di 2000 USD, 100% pagato prima della consegna; uguale o superiore a 2000 USD, deposito 30%, 70% pagato prima della consegna)<\/p>\n\t<\/div>\n<\/div>\n\n<\/div><div class=\"toggle-title et-clearfix active\"><h6 class=\"toggle-title-tag\">Come vengono consegnati i prodotti?<\/h6><span class=\"toggle-ind\"><\/span><\/div> <div id=\"how-does-the-products-deliver-22\" class=\"toggle-content et-clearfix\">\n<div class=\"wpb_text_column wpb_content_element\"  data-animation-delay=\"0\">\n\t<div class=\"wpb_wrapper\">\n\t\t<p>Il metodo di consegna dei prodotti comprende aria, mare, espresso e treno.<\/p>\n\t<\/div>\n<\/div>\n\n<\/div><div class=\"toggle-title et-clearfix active\"><h6 class=\"toggle-title-tag\">Qual \u00e8 il metodo di imballaggio?<\/h6><span class=\"toggle-ind\"><\/span><\/div> <div id=\"what-is-the-packing-method-23\" class=\"toggle-content et-clearfix\">\n<div class=\"wpb_text_column wpb_content_element\"  data-animation-delay=\"0\">\n\t<div class=\"wpb_wrapper\">\n\t\t<p>I prodotti saranno imballati in casse di legno o compensato sottoposti a fumigazione e i campioni saranno imballati in cartoni<\/p>\n\t<\/div>\n<\/div>\n\n<\/div><div class=\"toggle-title et-clearfix active\"><h6 class=\"toggle-title-tag\">Come scegliere il metodo di trasporto merci?<\/h6><span class=\"toggle-ind\"><\/span><\/div> <div id=\"how-to-choose-freight-transport-method-24\" class=\"toggle-content et-clearfix\">\n<div class=\"wpb_text_column wpb_content_element\"  data-animation-delay=\"0\">\n\t<div class=\"wpb_wrapper\">\n\t\t<p>Possiamo utilizzare lo spedizioniere designato dal cliente. In caso contrario, possiamo consigliare lo spedizioniere o utilizzare direttamente lo spedizioniere con cui collaboriamo da molto tempo.<\/p>\n\t<\/div>\n<\/div>\n\n<\/div><div class=\"toggle-title et-clearfix active\"><h6 class=\"toggle-title-tag\">Quali sono le clausole commerciali?<\/h6><span class=\"toggle-ind\"><\/span><\/div> <div id=\"what-are-the-trade-clause%ef%bc%9f-25\" class=\"toggle-content et-clearfix\">\n<div class=\"wpb_text_column wpb_content_element\"  data-animation-delay=\"0\">\n\t<div class=\"wpb_wrapper\">\n\t\t<p>EXW, FCA, FOB, CFR, CIF, DDU, DDP.<\/p>\n\t<\/div>\n<\/div>\n\n<\/div><\/div><\/div>\t\t<\/div>\n\t\t\t<\/div>\n<\/div><div class=\"wpb_column vc_column_container vc_col-sm-12 vc_col-lg-4 vc_col-md-5 vc_col-xs-12 text-align-none vc-column-116008\" >\n\t<div class=\"vc_column-inner\" >\n\t\t<div class=\"wpb_wrapper\">\n\t\t\t<span class=\"et-gap et-clearfix et-gap-807351 hide1024\"><\/span><div class=\"vc_row wpb_row vc_inner vc_row-fluid vc_column-gap-24\"><div class=\"wpb_column vc_column_container vc_col-sm-6 vc_col-lg-12 vc_col-md-12 vc_col-xs-12\"><div class=\"vc_column-inner\"><div class=\"wpb_wrapper\"><h4 class=\"et-heading text-align-left tablet-text-align-inherit mobile-text-align-inherit animate-false no-animation-type\" id=\"et-heading-42127\" data-delay=\"0\" data-mobile-font=\"inherit\" data-mobile-line-height=\"inherit\" data-tablet-landscape-font=\"inherit\" data-tablet-portrait-font=\"inherit\" data-tablet-landscape-line-height=\"inherit\" data-tablet-portrait-line-height=\"inherit\" data-parallax=\"false\" data-move=\"false\" data-coordinatex=\"0\" data-coordinatey=\"0\" data-speed=\"10\"><span class=\"text-wrapper\"><span class=\"text\">Contatta il nostro responsabile<\/span><\/span><\/h4><div id=\"widget-contact-form-1\" class=\"widget widget_fast_contact_widget\"><div class=\"contact-form\"><form name=\"et-contact-form\" action=\"https:\/\/oudianvalve.com\/wp-admin\/admin-post.php\" class=\"et-contact-form\" method=\"POST\"><div><input type=\"text\" name=\"name\" placeholder=\"Name\" value=\"\" \/><span class=\"alert warning\">Please enter your name<\/span><\/div><div><input type=\"text\" name=\"email\" placeholder=\"E-mail\" value=\"\" \/><span class=\"alert warning\">Invalid or empty email<\/span><\/div><div class=\"message-div\"><textarea name=\"message\" placeholder=\"Write your message\"><\/textarea><span class=\"alert warning\">Please enter your message<\/span><\/div><div class=\"send-div\"><input type=\"submit\" value=\"Invia messaggio\" name=\"submit\"><div class=\"sending\"><\/div><\/div><div class=\"alert success final\">Your message successfully sent<\/div><div class=\"alert error final\">Something went wrong. Your message was not send<\/div><input type=\"hidden\" name=\"action\" value=\"et_contact_form\"><input type=\"hidden\" name=\"recipient\" value=\"robin46@live.cn\"><input type=\"hidden\" id=\"et_contact_form_nonce\" name=\"et_contact_form_nonce\" value=\"ce0a768de3\" \/><\/form><\/div><\/div><\/div><\/div><\/div><\/div>\t\t<\/div>\n\t\t\t<\/div>\n<\/div>\t<\/div>\n\t\t<\/div>","protected":false},"excerpt":{"rendered":"General questionsHow many employees are there in your company? There are 350 employees in our company What is the area of your company and factory? The area of our company and factory is 40000 square meters. What is the production capacity of the company? Our company has 5 production lines with a capacity of 10,000 [...]","protected":false},"author":1,"featured_media":0,"parent":0,"menu_order":0,"comment_status":"closed","ping_status":"closed","template":"page-vc.php","meta":{"advanced_seo_description":"","jetpack_seo_html_title":"","jetpack_seo_noindex":false,"footnotes":""},"class_list":["post-8114","page","type-page","status-publish","hentry"],"jetpack_sharing_enabled":true,"_links":{"self":[{"href":"https:\/\/oudianvalve.com\/it\/wp-json\/wp\/v2\/pages\/8114","targetHints":{"allow":["GET"]}}],"collection":[{"href":"https:\/\/oudianvalve.com\/it\/wp-json\/wp\/v2\/pages"}],"about":[{"href":"https:\/\/oudianvalve.com\/it\/wp-json\/wp\/v2\/types\/page"}],"author":[{"embeddable":true,"href":"https:\/\/oudianvalve.com\/it\/wp-json\/wp\/v2\/users\/1"}],"replies":[{"embeddable":true,"href":"https:\/\/oudianvalve.com\/it\/wp-json\/wp\/v2\/comments?post=8114"}],"version-history":[{"count":11,"href":"https:\/\/oudianvalve.com\/it\/wp-json\/wp\/v2\/pages\/8114\/revisions"}],"predecessor-version":[{"id":17996,"href":"https:\/\/oudianvalve.com\/it\/wp-json\/wp\/v2\/pages\/8114\/revisions\/17996"}],"wp:attachment":[{"href":"https:\/\/oudianvalve.com\/it\/wp-json\/wp\/v2\/media?parent=8114"}],"curies":[{"name":"wp","href":"https:\/\/api.w.org\/{rel}","templated":true}]}}