{"id":18478,"date":"2025-07-10T14:44:36","date_gmt":"2025-07-10T14:44:36","guid":{"rendered":"https:\/\/oudianvalve.com\/?post_type=product&#038;p=18478"},"modified":"2025-07-10T14:44:38","modified_gmt":"2025-07-10T14:44:38","slug":"astm-a890-6a-globe-valve-150lb-6-inch-rf-end","status":"publish","type":"product","link":"https:\/\/oudianvalve.com\/fr\/products\/globe-valves\/astm-a890-6a-globe-valve-150lb-6-inch-rf-end\/","title":{"rendered":"ASTM A890 6A Globe Valve,150LB,6 Inch,RF End"},"content":{"rendered":"<p><span class=\"HzN33d\" data-huuid=\"11596846044243432987\">ASTM A890 6A globe valve is a type of valve constructed from super duplex stainless steel (ASTM A890 6A) designed for flow regulation in pipelines, offering excellent corrosion resistance and strength. <\/span><span class=\"HzN33d\" data-huuid=\"11596846044243432892\">These valves are typically used for applications requiring precise flow control and are suitable for various industries due to the material&#8217;s durability and resistance to harsh environments.<span class=\"pjBG2e\" data-cid=\"739fa4c8-73a7-4f6d-b2ea-b884e08d1e18\"><span class=\"UV3uM\">\u00a0<\/span><\/span><\/span><\/p>\n<div class=\"WaaZC\">\n<div class=\"RJPOee EIJn2\">\n<div class=\"rPeykc\" data-hveid=\"CAQQAQ\" data-ved=\"2ahUKEwjFx6jQwrKOAxVkjIkEHS1QLYIQo_EKegQIBBAB\">\n<div class=\"NPrrbc\" data-cid=\"739fa4c8-73a7-4f6d-b2ea-b884e08d1e18\" data-uuids=\"11596846044243432987,11596846044243432892\">\n<div class=\"BMebGe btku5b fCrZyc LwdV0e FR7ZSc OJeuxf\" tabindex=\"0\" role=\"button\" aria-label=\"\u67e5\u770b\u76f8\u5173\u94fe\u63a5\" data-hveid=\"CAcQAQ\" data-ved=\"2ahUKEwjFx6jQwrKOAxVkjIkEHS1QLYIQ3fYKegQIBxAB\">\n<div class=\"niO4u\">\n<div class=\"kHtcsd\"><\/div>\n<\/div>\n<\/div>\n<\/div>\n<\/div>\n<\/div>\n<\/div>\n<div class=\"WaaZC\">\n<div class=\"RJPOee EIJn2\">\n<div class=\"rPeykc pyPiTc\" data-hveid=\"CAwQAQ\" data-ved=\"2ahUKEwjFx6jQwrKOAxVkjIkEHS1QLYIQo_EKegQIDBAB\"><span class=\"HzN33d\" data-huuid=\"1318105713084573102\">Key Features and Characteristics:<\/span><\/div>\n<\/div>\n<\/div>\n<div class=\"WaaZC\">\n<div class=\"RJPOee EIJn2\">\n<ul data-hveid=\"CB8QAQ\" data-ved=\"2ahUKEwjFx6jQwrKOAxVkjIkEHS1QLYIQm_YKegQIHxAB\">\n<li class=\"K3KsMc\">\n<div class=\"zMgcWd dSKvsb\" data-il=\"\">\n<div data-crb-p=\"\">\n<div class=\"xFTqob\">\n<div class=\"Gur8Ad\"><span class=\"HzN33d\" data-huuid=\"1318105713084573395\"><strong>Material:<\/strong><\/span><\/div>\n<div class=\"vM0jzc\"><span class=\"HzN33d\" data-huuid=\"1318105713084574858\">ASTM A890 6A, a super duplex stainless steel, provides superior corrosion resistance and strength compared to other materials.<span class=\"pjBG2e\" data-cid=\"1e6f0e02-2096-4b3d-8b40-c146d3710b38\"><span class=\"UV3uM\">\u00a0<\/span><\/span><\/span><\/p>\n<div class=\"NPrrbc\" data-cid=\"1e6f0e02-2096-4b3d-8b40-c146d3710b38\" data-uuids=\"1318105713084573395,1318105713084574858\">\n<div class=\"BMebGe btku5b fCrZyc LwdV0e FR7ZSc OJeuxf\" tabindex=\"0\" role=\"button\" aria-label=\"\u67e5\u770b\u76f8\u5173\u94fe\u63a5\" data-hveid=\"CBYQAQ\" data-ved=\"2ahUKEwjFx6jQwrKOAxVkjIkEHS1QLYIQ3fYKegQIFhAB\">\n<div class=\"niO4u\">\n<div class=\"kHtcsd\"><\/div>\n<\/div>\n<\/div>\n<\/div>\n<\/div>\n<\/div>\n<\/div>\n<\/div>\n<\/li>\n<li class=\"K3KsMc\">\n<div class=\"zMgcWd dSKvsb\" data-il=\"\">\n<div data-crb-p=\"\">\n<div class=\"xFTqob\">\n<div class=\"Gur8Ad\"><span class=\"HzN33d\" data-huuid=\"1318105713084573688\"><strong>Function:<\/strong><\/span><\/div>\n<div class=\"vM0jzc\"><span class=\"HzN33d\" data-huuid=\"1318105713084575151\">Globe valves are designed for both stopping\/starting and regulating fluid flow in pipelines.<span class=\"pjBG2e\" data-cid=\"9643c11e-049e-459f-80ab-16994930fad2\"><span class=\"UV3uM\">\u00a0<\/span><\/span><\/span><\/p>\n<div class=\"NPrrbc\" data-cid=\"9643c11e-049e-459f-80ab-16994930fad2\" data-uuids=\"1318105713084573688,1318105713084575151\">\n<div class=\"BMebGe btku5b fCrZyc LwdV0e FR7ZSc OJeuxf\" tabindex=\"0\" role=\"button\" aria-label=\"\u67e5\u770b\u76f8\u5173\u94fe\u63a5\" data-hveid=\"CBgQAQ\" data-ved=\"2ahUKEwjFx6jQwrKOAxVkjIkEHS1QLYIQ3fYKegQIGBAB\">\n<div class=\"niO4u\">\n<div class=\"kHtcsd\"><\/div>\n<\/div>\n<\/div>\n<\/div>\n<\/div>\n<\/div>\n<\/div>\n<\/div>\n<\/li>\n<li class=\"K3KsMc\">\n<div class=\"zMgcWd dSKvsb\" data-il=\"\">\n<div data-crb-p=\"\">\n<div class=\"xFTqob\">\n<div class=\"Gur8Ad\"><span class=\"HzN33d\" data-huuid=\"1318105713084573981\"><strong>Design:<\/strong><\/span><\/div>\n<div class=\"vM0jzc\"><span class=\"HzN33d\" data-huuid=\"1318105713084575444\">They feature a movable plug or disc element that moves linearly against a stationary ring seat within a spherical body.<span class=\"pjBG2e\" data-cid=\"68456ed7-8a42-4dba-a9d5-e0c5456e44b9\"><span class=\"UV3uM\">\u00a0<\/span><\/span><\/span><\/p>\n<div class=\"NPrrbc\" data-cid=\"68456ed7-8a42-4dba-a9d5-e0c5456e44b9\" data-uuids=\"1318105713084573981,1318105713084575444\">\n<div class=\"BMebGe btku5b fCrZyc LwdV0e FR7ZSc OJeuxf\" tabindex=\"0\" role=\"button\" aria-label=\"\u67e5\u770b\u76f8\u5173\u94fe\u63a5\" data-hveid=\"CBsQAQ\" data-ved=\"2ahUKEwjFx6jQwrKOAxVkjIkEHS1QLYIQ3fYKegQIGxAB\">\n<div class=\"niO4u\">\n<div class=\"kHtcsd\"><\/div>\n<\/div>\n<\/div>\n<\/div>\n<\/div>\n<\/div>\n<\/div>\n<\/div>\n<\/li>\n<li class=\"K3KsMc\">\n<div class=\"zMgcWd dSKvsb\" data-il=\"\">\n<div data-crb-p=\"\">\n<div class=\"xFTqob\">\n<div class=\"Gur8Ad\"><span class=\"HzN33d\" data-huuid=\"1318105713084574274\"><strong>Applications:<\/strong><\/span><\/div>\n<div class=\"vM0jzc\"><span class=\"HzN33d\" data-huuid=\"1318105713084575737\">Suitable for a wide range of industries including oil and gas, chemical processing, and other applications where corrosion resistance and reliable flow control are essential.<span class=\"pjBG2e\" data-cid=\"ded39e6e-82fe-4db3-a341-56b6539494f4\"><span class=\"UV3uM\">\u00a0<\/span><\/span><\/span><\/p>\n<div class=\"NPrrbc\" data-cid=\"ded39e6e-82fe-4db3-a341-56b6539494f4\" data-uuids=\"1318105713084574274,1318105713084575737\">\n<div class=\"BMebGe btku5b fCrZyc LwdV0e FR7ZSc OJeuxf\" tabindex=\"0\" role=\"button\" aria-label=\"\u67e5\u770b\u76f8\u5173\u94fe\u63a5\" data-hveid=\"CBkQAQ\" data-ved=\"2ahUKEwjFx6jQwrKOAxVkjIkEHS1QLYIQ3fYKegQIGRAB\">\n<div class=\"niO4u\">\n<div class=\"kHtcsd\"><\/div>\n<\/div>\n<\/div>\n<\/div>\n<\/div>\n<\/div>\n<\/div>\n<\/div>\n<\/li>\n<\/ul>\n<\/div>\n<\/div>\n<div class=\"WaaZC\">\n<div class=\"RJPOee EIJn2\">\n<div class=\"rPeykc pyPiTc\" data-hveid=\"CCUQAQ\" data-ved=\"2ahUKEwjFx6jQwrKOAxVkjIkEHS1QLYIQo_EKegQIJRAB\"><span class=\"HzN33d\" data-huuid=\"17567845426583784614\">Further details:<\/span><\/div>\n<\/div>\n<\/div>\n<div class=\"WaaZC\">\n<div class=\"RJPOee EIJn2\">\n<ul data-hveid=\"CDUQAQ\" data-ved=\"2ahUKEwjFx6jQwrKOAxVkjIkEHS1QLYIQm_YKegQINRAB\">\n<li><span class=\"HzN33d\" data-huuid=\"17567845426583782623\">The ASTM A890 6A material is also designated as CD3MWCuN or Grade 6A, and is equivalent to the wrought super duplex stainless steel S32760.<span class=\"pjBG2e\" data-cid=\"1dbe4f5e-0931-4648-a868-61c763675568\"><span class=\"UV3uM\">\u00a0<\/span><\/span><\/span>\n<div class=\"NPrrbc\" data-cid=\"1dbe4f5e-0931-4648-a868-61c763675568\" data-uuids=\"17567845426583782623\">\n<div class=\"BMebGe btku5b fCrZyc LwdV0e FR7ZSc OJeuxf\" tabindex=\"0\" role=\"button\" aria-label=\"\u67e5\u770b\u76f8\u5173\u94fe\u63a5\" data-hveid=\"CCYQAQ\" data-ved=\"2ahUKEwjFx6jQwrKOAxVkjIkEHS1QLYIQ3fYKegQIJhAB\">\n<div class=\"niO4u\">\n<div class=\"kHtcsd\"><\/div>\n<\/div>\n<\/div>\n<\/div>\n<\/li>\n<li><span class=\"HzN33d\" data-huuid=\"17567845426583782661\">These valves can be found in various sizes, pressure ratings, and end connections, including flanged, welded, or threaded.<span class=\"pjBG2e\" data-cid=\"ae4ea6bf-48e6-45b0-be3f-96ab694aa7d5\"><span class=\"UV3uM\">\u00a0<\/span><\/span><\/span>\n<div class=\"NPrrbc\" data-cid=\"ae4ea6bf-48e6-45b0-be3f-96ab694aa7d5\" data-uuids=\"17567845426583782661\">\n<div class=\"BMebGe btku5b fCrZyc LwdV0e FR7ZSc OJeuxf\" tabindex=\"0\" role=\"button\" aria-label=\"\u67e5\u770b\u76f8\u5173\u94fe\u63a5\" data-hveid=\"CC0QAQ\" data-ved=\"2ahUKEwjFx6jQwrKOAxVkjIkEHS1QLYIQ3fYKegQILRAB\">\n<div class=\"niO4u\">\n<div class=\"kHtcsd\"><\/div>\n<\/div>\n<\/div>\n<\/div>\n<\/li>\n<li><span class=\"HzN33d\" data-huuid=\"17567845426583782699\">They may be operated manually or with actuators (pneumatic or electric) for automated control.<span class=\"pjBG2e\" data-cid=\"20901cd4-49f5-4562-9f1e-ec61c51def9c\"><span class=\"UV3uM\">\u00a0<\/span><\/span><\/span>\n<div class=\"NPrrbc\" data-cid=\"20901cd4-49f5-4562-9f1e-ec61c51def9c\" data-uuids=\"17567845426583782699\">\n<div class=\"BMebGe btku5b fCrZyc LwdV0e FR7ZSc OJeuxf\" tabindex=\"0\" role=\"button\" aria-label=\"\u67e5\u770b\u76f8\u5173\u94fe\u63a5\" data-hveid=\"CC8QAQ\" data-ved=\"2ahUKEwjFx6jQwrKOAxVkjIkEHS1QLYIQ3fYKegQILxAB\">\n<div class=\"niO4u\">\n<div class=\"kHtcsd\"><\/div>\n<\/div>\n<\/div>\n<\/div>\n<\/li>\n<li><span class=\"HzN33d\" data-huuid=\"17567845426583782737\">Leakage classes for these valves can meet standards like ANSI B16.104, Class IV or Class VI.<span class=\"pjBG2e\" data-cid=\"21e1630d-ff7d-41b4-878d-a7dd14422672\"><span class=\"UV3uM\">\u00a0<\/span><\/span><\/span>\n<div class=\"NPrrbc\" data-cid=\"21e1630d-ff7d-41b4-878d-a7dd14422672\" data-uuids=\"17567845426583782737\">\n<div class=\"BMebGe btku5b fCrZyc LwdV0e FR7ZSc OJeuxf\" tabindex=\"0\" role=\"button\" aria-label=\"\u67e5\u770b\u76f8\u5173\u94fe\u63a5\" data-hveid=\"CC4QAQ\" data-ved=\"2ahUKEwjFx6jQwrKOAxVkjIkEHS1QLYIQ3fYKegQILhAB\">\n<div class=\"niO4u\">\n<div class=\"kHtcsd\"><\/div>\n<\/div>\n<\/div>\n<\/div>\n<\/li>\n<li><span class=\"HzN33d\" data-huuid=\"17567845426583782775\">Flow characteristics can be customized as equal percentage or linear, depending on the application requirements.<span class=\"pjBG2e\" data-cid=\"0db27bdb-746c-4f8d-b77b-dd222813a0d9\"><span class=\"UV3uM\">\u00a0<\/span><\/span><\/span><\/li>\n<li>ASTM A890 6A Globe Valve,150LB,6 Inch ASTM A890 6A Globe Valve,RF End ASTM A890 6A Globe Valve ,ASTM A890 6A Globe Valve,API ASTM A890 6A Globe Valve<\/li>\n<\/ul>\n<\/div>\n<\/div>\n<p><script src=\"chrome-extension:\/\/fpelahbljekknahkcaegamhcndkfpfnc\/iFrame.js\" type=\"text\/javascript\"><\/script><\/p>","protected":false},"excerpt":{"rendered":"<p>Design Standard: BS1868\/ASME B16.34<br \/>\nIndices de pression-temp\u00e9rature\u00a0: ASME B16.34<br \/>\nGamme de tailles : 2&quot; \u00e0 48&quot;<br \/>\nPlage de pression\u00a0: Classe 150 \u00e0 2\u00a0500<br \/>\nConnexions d&#039;extr\u00e9mit\u00e9\u00a0: RF \u00e0 bride, RTJ, soud\u00e9e bout \u00e0 bout<br \/>\nDimensions des extr\u00e9mit\u00e9s \u00e0 bride\u00a0: ASME B16.5 (\u226424\u00a0po), ASME B16.47 s\u00e9rie A ou B (&gt;24\u00a0po)<br \/>\nDimensions des extr\u00e9mit\u00e9s soud\u00e9es bout \u00e0 bout\u00a0: ASME B16.25 face \u00e0 face<br \/>\nDimensions face \u00e0 face\u00a0: ASME B16.10<br \/>\nInspection et tests\u00a0: API 598<br \/>\nMat\u00e9riaux du corps\u00a0: ASTM A351 CF8, ASTM A351 CF8M, ASTM A351 CF3M, ASTM A351 CF8C<br \/>\nCN3MN, CK3MCUN, CN7M, ASTM A890 4A(CD3MN), ASTM A890 5A(CE3MN),<br \/>\nASTM A890 6A (CD3MWCuN)<br \/>\nASTM B148 C95800, ASTM B148 C95500.<br \/>\nMat\u00e9riaux d&#039;emballage\u00a0: Ptfe, PPL, graphite, graphite avec fil inconel<\/p>\n<p><script src=\"chrome-extension:\/\/fpelahbljekknahkcaegamhcndkfpfnc\/iFrame.js\" type=\"text\/javascript\"><\/script><\/p>","protected":false},"featured_media":18479,"template":"","meta":{"advanced_seo_description":"","jetpack_seo_html_title":"","jetpack_seo_noindex":false},"product_brand":[],"product_cat":[80],"product_tag":[564,565,567,563,566],"class_list":{"0":"post-18478","1":"product","2":"type-product","3":"status-publish","4":"has-post-thumbnail","6":"product_cat-globe-valves","7":"product_tag-150lb","8":"product_tag-6-inch-astm-a890-6a-globe-valve","9":"product_tag-api-astm-a890-6a-globe-valve","10":"product_tag-astm-a890-6a-globe-valve","11":"product_tag-rf-end-astm-a890-6a-globe-valve","13":"first","14":"instock","15":"shipping-taxable","16":"product-type-simple"},"jetpack_sharing_enabled":true,"_links":{"self":[{"href":"https:\/\/oudianvalve.com\/fr\/wp-json\/wp\/v2\/product\/18478","targetHints":{"allow":["GET"]}}],"collection":[{"href":"https:\/\/oudianvalve.com\/fr\/wp-json\/wp\/v2\/product"}],"about":[{"href":"https:\/\/oudianvalve.com\/fr\/wp-json\/wp\/v2\/types\/product"}],"wp:featuredmedia":[{"embeddable":true,"href":"https:\/\/oudianvalve.com\/fr\/wp-json\/wp\/v2\/media\/18479"}],"wp:attachment":[{"href":"https:\/\/oudianvalve.com\/fr\/wp-json\/wp\/v2\/media?parent=18478"}],"wp:term":[{"taxonomy":"product_brand","embeddable":true,"href":"https:\/\/oudianvalve.com\/fr\/wp-json\/wp\/v2\/product_brand?post=18478"},{"taxonomy":"product_cat","embeddable":true,"href":"https:\/\/oudianvalve.com\/fr\/wp-json\/wp\/v2\/product_cat?post=18478"},{"taxonomy":"product_tag","embeddable":true,"href":"https:\/\/oudianvalve.com\/fr\/wp-json\/wp\/v2\/product_tag?post=18478"}],"curies":[{"name":"wp","href":"https:\/\/api.w.org\/{rel}","templated":true}]}}