{"id":18475,"date":"2025-07-09T02:34:07","date_gmt":"2025-07-09T02:34:07","guid":{"rendered":"https:\/\/oudianvalve.com\/?post_type=product&#038;p=18475"},"modified":"2025-07-09T02:34:08","modified_gmt":"2025-07-09T02:34:08","slug":"api602-piston-check-valveastm-a105n2-inchrf-end","status":"publish","type":"product","link":"https:\/\/oudianvalve.com\/fr\/products\/check-valves\/api602-piston-check-valveastm-a105n2-inchrf-end\/","title":{"rendered":"API602 Piston Check Valve,ASTM A105N,2 Inch,RF End"},"content":{"rendered":"<p>1. Conception et fabrication\u00a0: API 602<br \/>\n2. Constructions\u00a0: OS&amp;Y, capot boulonn\u00e9, capot soud\u00e9 et capot scell\u00e9 sous pression\u00a0;<br \/>\n3. Port complet\/Port r\u00e9duit<br \/>\n4. Size Range: 1\/2\u2033 to 4\u2033.<br \/>\n5. Pressions nominales\u00a0: ANSI 800, 900, 1\u00a0500 et 2\u00a0500<br \/>\n6. Connexions d&#039;extr\u00e9mit\u00e9\u00a0: filet\u00e9es, \u00e0 brides, soud\u00e9es bout \u00e0 bout, soud\u00e9es par douille.<br \/>\n7. Mat\u00e9riaux disponibles en : A105, LF2, F5, F11, F22, F304, F316, F51 ou \u00e9quivalent\u00a0;<br \/>\n8. Divers mat\u00e9riaux de garniture sont disponibles pour s&#039;adapter \u00e0 diff\u00e9rentes conditions de service<br \/>\n9. NACE MR 0175 sur demande<br \/>\n10.Test et inspection\u00a0: API598<\/p>\n<p>&nbsp;<\/p>\n<p>Principales caract\u00e9ristiques:<br \/>\nUne conception compacte mais extr\u00eamement robuste pour un service \u00e0 haute pression et temp\u00e9rature. Conception de couvercle boulonn\u00e9, couvercle facile \u00e0 ouvrir<br \/>\nDisque de guidage du corps \u00e0 piston<br \/>\nAssurer un alignement parfait du disque et de l&#039;anneau de si\u00e8ge. Ressort charg\u00e9 sur demande<br \/>\nDisque et si\u00e8ge Stellited F6 en option<br \/>\nFixations haute r\u00e9sistance B7\/2H<\/p>\n<p>Application<br \/>\nCentrales \u00e9lectriques et industries de transformationUsines et raffineries p\u00e9trochimiquesUsines de ciment et d&#039;engrais<br \/>\nAci\u00e9rie<br \/>\nIndustries de transformation et industries g\u00e9n\u00e9rales<br \/>\nIndustries sucri\u00e8res et distilleries<br \/>\nEau, vapeur, gaz, huile et autres fluides non agressifs<\/p>","protected":false},"excerpt":{"rendered":"<p>1500LB Piston Check Valve,\u00a02 Inch 1500LB Piston Check Valve,\u00a0A105 1500LB Piston Check Valve, API 602 1500LB Piston Check Valve,\u00a0RF End 1500LB Piston Check Valve<\/p>","protected":false},"featured_media":18477,"template":"","meta":{"advanced_seo_description":"","jetpack_seo_html_title":"","jetpack_seo_noindex":false},"product_brand":[],"product_cat":[82],"product_tag":[558,559,560,561,562],"class_list":{"0":"post-18475","1":"product","2":"type-product","3":"status-publish","4":"has-post-thumbnail","6":"product_cat-check-valves","7":"product_tag-1500lb-piston-check-valve","8":"product_tag-2-inch-1500lb-piston-check-valve","9":"product_tag-a105-1500lb-piston-check-valve","10":"product_tag-api-602-1500lb-piston-check-valve","11":"product_tag-rf-end-1500lb-piston-check-valve","13":"first","14":"instock","15":"shipping-taxable","16":"product-type-simple"},"jetpack_sharing_enabled":true,"_links":{"self":[{"href":"https:\/\/oudianvalve.com\/fr\/wp-json\/wp\/v2\/product\/18475","targetHints":{"allow":["GET"]}}],"collection":[{"href":"https:\/\/oudianvalve.com\/fr\/wp-json\/wp\/v2\/product"}],"about":[{"href":"https:\/\/oudianvalve.com\/fr\/wp-json\/wp\/v2\/types\/product"}],"wp:featuredmedia":[{"embeddable":true,"href":"https:\/\/oudianvalve.com\/fr\/wp-json\/wp\/v2\/media\/18477"}],"wp:attachment":[{"href":"https:\/\/oudianvalve.com\/fr\/wp-json\/wp\/v2\/media?parent=18475"}],"wp:term":[{"taxonomy":"product_brand","embeddable":true,"href":"https:\/\/oudianvalve.com\/fr\/wp-json\/wp\/v2\/product_brand?post=18475"},{"taxonomy":"product_cat","embeddable":true,"href":"https:\/\/oudianvalve.com\/fr\/wp-json\/wp\/v2\/product_cat?post=18475"},{"taxonomy":"product_tag","embeddable":true,"href":"https:\/\/oudianvalve.com\/fr\/wp-json\/wp\/v2\/product_tag?post=18475"}],"curies":[{"name":"wp","href":"https:\/\/api.w.org\/{rel}","templated":true}]}}