{"id":18431,"date":"2025-06-14T08:00:52","date_gmt":"2025-06-14T08:00:52","guid":{"rendered":"https:\/\/oudianvalve.com\/?post_type=product&#038;p=18431"},"modified":"2025-06-14T08:27:01","modified_gmt":"2025-06-14T08:27:01","slug":"din3352-2205-gate-valve-pn16-dn80-rf-end","status":"publish","type":"product","link":"https:\/\/oudianvalve.com\/fr\/products\/gate-valves\/din3352-2205-gate-valve-pn16-dn80-rf-end\/","title":{"rendered":"Robinet-vanne DIN3352 2205, PN16, DN80, extr\u00e9mit\u00e9 RF"},"content":{"rendered":"<p>Norme de conception et de fabrication\u00a0: DIN3352<\/p>\n<p>Norme de pression et de temp\u00e9rature\u00a0: ASME B16.34\/DIN3230<\/p>\n<p>Norme de dimension face \u00e0 face\u00a0: ASME B16.10\/DIN3202\/JIS B2002<\/p>\n<p>Norme de bride\u00a0: ASME B16.5, ASME B16.47\/DIN2543-2545-2501\/JIS B2220<\/p>\n<p>Norme de test et d&#039;inspection\u00a0: API 598, API 6D\/DIN2401\/JIS B2003.<\/p>\n<p>Taille : 1\/2&quot;-10&quot; (DN15~DN250)<\/p>\n<p>Pression nominale : 150LB-600LB\/PN16~PN100\/10K~60K)<br \/>\nApplications\u00a0: p\u00e9trole et gaz, traitement des eaux us\u00e9es, approvisionnement en eau, projet chimique<\/p>\n<p>Mati\u00e8re principale :<\/p>\n<p><strong>Vanne \u00e0 guillotine duplex en acier inoxydable 4A 2205 5A 2507 CD4MCuN CD3MWCuN<\/strong><\/p>\n<p>Classification et caract\u00e9ristiques du robinet-vanne en acier 2205<br \/>\nClassification des m\u00e9thodes de connexion<br \/>\nLa vanne \u00e0 guillotine en acier 2205 dispose de diverses m\u00e9thodes de connexion pour r\u00e9pondre aux besoins de diff\u00e9rentes conditions de travail, notamment le type \u00e0 bride, le type \u00e0 plaquette, le type \u00e0 souder, etc.<\/p>\n<p>Vanne \u00e0 guillotine \u00e0 brides :<br \/>\nLe raccordement par bride est la m\u00e9thode de raccordement de vanne la plus courante, adapt\u00e9e \u00e0 diverses conditions de pression et de temp\u00e9rature. Le robinet-vanne \u00e0 bride en acier 2205 est solidement fix\u00e9 \u00e0 la bride du pipeline par des boulons pour assurer l&#039;\u00e9tanch\u00e9it\u00e9 et la stabilit\u00e9. Son avantage r\u00e9side dans sa facilit\u00e9 d&#039;installation, de d\u00e9montage et de r\u00e9paration, et il est largement utilis\u00e9 dans les syst\u00e8mes de canalisations des industries p\u00e9troli\u00e8re, chimique et autres.<\/p>\n<p>Vanne \u00e0 guillotine :<br \/>\nLe raccordement par plaquette utilise la bride d&#039;origine de la canalisation pour le serrage et la fixation, sans brides suppl\u00e9mentaires. Il se caract\u00e9rise par une structure simple, un poids l\u00e9ger et une installation ais\u00e9e. Ce type de raccordement est particuli\u00e8rement adapt\u00e9 aux espaces restreints ou aux interventions de maintenance fr\u00e9quentes, comme pour les syst\u00e8mes d&#039;adduction d&#039;eau et d&#039;\u00e9vacuation des eaux us\u00e9es, ainsi que pour les canalisations de protection incendie.<\/p>\n<p>Vanne \u00e0 guillotine soud\u00e9e :<br \/>\nLe raccord soud\u00e9 relie directement la vanne \u00e0 la canalisation pour une connexion sans faille, offrant une \u00e9tanch\u00e9it\u00e9 et une stabilit\u00e9 optimales. Convient aux environnements \u00e0 haute temp\u00e9rature, haute pression ou hautement corrosifs, comme la canalisation de sortie d&#039;un r\u00e9acteur chimique, et r\u00e9siste durablement aux conditions de travail difficiles.<\/p>\n<p>Classification structurelle<br \/>\nLes vannes \u00e0 guillotine en acier 2205 peuvent \u00eatre divis\u00e9es en plusieurs types selon la structure, telles que les vannes \u00e0 guillotine \u00e0 tige montante, les vannes \u00e0 guillotine \u00e0 tige non montante, les vannes \u00e0 guillotine parall\u00e8les, les vannes \u00e0 guillotine \u00e9lastiques, etc. Chaque structure a son propre principe de fonctionnement unique et ses propres sc\u00e9narios applicables.<\/p>\n<p>Vanne \u00e0 guillotine \u00e0 tige montante :<br \/>\nL&#039;\u00e9crou de tige du robinet-vanne \u00e0 tige montante se trouve sur le couvercle ou le support de la vanne. Lors de l&#039;ouverture et de la fermeture du robinet, l&#039;\u00e9crou de tige tourne pour soulever et abaisser la tige de la vanne. Cette structure favorise la lubrification de la tige de la vanne, permet de visualiser clairement le degr\u00e9 d&#039;ouverture et de fermeture et facilite l&#039;observation de l&#039;\u00e9tat de la vanne. Elle est largement utilis\u00e9e.<\/p>\n<p>Vanne \u00e0 guillotine \u00e0 tige non montante :<br \/>\nL&#039;\u00e9crou de tige du robinet-vanne \u00e0 tige non montante est int\u00e9gr\u00e9 au corps de la vanne et est en contact direct avec le fluide. Lors de l&#039;ouverture et de la fermeture du robinet-vanne, la tige tourne. Cette structure pr\u00e9sente l&#039;avantage de conserver la m\u00eame hauteur, de r\u00e9duire l&#039;espace d&#039;installation et de convenir aux robinets-vannes de grand diam\u00e8tre ou aux espaces d&#039;installation limit\u00e9s. Cependant, un indicateur d&#039;ouverture et de fermeture doit \u00eatre install\u00e9 pour indiquer le degr\u00e9 d&#039;ouverture et de fermeture.<\/p>\n<p>Vanne \u00e0 guillotine parall\u00e8le :<br \/>\nLa surface d&#039;\u00e9tanch\u00e9it\u00e9 du robinet-vanne parall\u00e8le est parall\u00e8le \u00e0 l&#039;axe vertical, c&#039;est-\u00e0-dire que les deux surfaces d&#039;\u00e9tanch\u00e9it\u00e9 sont parall\u00e8les entre elles. Cette structure est g\u00e9n\u00e9ralement utilis\u00e9e pour les robinets-vannes basse pression de petit et moyen calibre (DN40-300 mm), offrant une structure simple et une \u00e9tanch\u00e9it\u00e9 fiable.<\/p>\n<p>Vanne \u00e0 guillotine \u00e9lastique :<br \/>\nLe robinet-vanne \u00e9lastique est dot\u00e9 d&#039;une rainure annulaire sur le pourtour de la plaque d&#039;obturation, ce qui lui conf\u00e8re une \u00e9lasticit\u00e9 appropri\u00e9e. Cette structure permet de compenser les \u00e9carts dus \u00e0 l&#039;usinage de l&#039;angle de la surface d&#039;\u00e9tanch\u00e9it\u00e9, d&#039;am\u00e9liorer l&#039;usinage et les performances d&#039;\u00e9tanch\u00e9it\u00e9, et est adapt\u00e9e aux environnements haute pression et haute temp\u00e9rature.<\/p>\n<p>Propri\u00e9t\u00e9s chimiques et avantages de l&#039;acier duplex 2205<br \/>\nAnalyse de la composition chimique<br \/>\nL&#039;acier 2205 est un acier inoxydable duplex. Sa composition chimique contient environ 22% de chrome (Cr), environ 5,5% de nickel (Ni), environ 3% de molybd\u00e8ne (Mo) et environ 0,18% d&#039;azote (N). Sa structure biphas\u00e9e aust\u00e9nite-ferrite (rapport \u2248 50:50) offre une r\u00e9sistance m\u00e9canique et une r\u00e9sistance \u00e0 la corrosion \u00e9lev\u00e9es, avec une limite d&#039;\u00e9lasticit\u00e9 \u2265 450 MPa, soit plus du double de celle de l&#039;acier inoxydable 304. Ce rapport unique conf\u00e8re \u00e0 l&#039;acier 2205 d&#039;excellentes propri\u00e9t\u00e9s m\u00e9caniques et une excellente r\u00e9sistance \u00e0 la corrosion.<\/p>\n<p>Chrome (Cr) : Am\u00e9liore la r\u00e9sistance \u00e0 l&#039;oxydation et \u00e0 la corrosion de l&#039;acier et constitue un \u00e9l\u00e9ment cl\u00e9 dans la formation du film de passivation.<br \/>\nNickel (Ni) : Stabilise la phase aust\u00e9nite et am\u00e9liore la t\u00e9nacit\u00e9 et la plasticit\u00e9 de l&#039;acier.<br \/>\nMolybd\u00e8ne (Mo) : Am\u00e9liore la r\u00e9sistance \u00e0 la corrosion de l&#039;acier dans les environnements acides r\u00e9ducteurs et ioniques chlorure.<br \/>\nAzote (N) : En tant qu&#039;\u00e9l\u00e9ment stabilisant de l&#039;aust\u00e9nite, il am\u00e9liore la r\u00e9sistance et la r\u00e9sistance aux piq\u00fbres de l&#039;acier.<br \/>\nComparaison des avantages en termes de performances<br \/>\nCompar\u00e9 \u00e0 l&#039;acier inoxydable 304 commun, l&#039;acier 2205 pr\u00e9sente des avantages significatifs dans de nombreux aspects :<\/p>\n<p>Propri\u00e9t\u00e9s m\u00e9caniques : La limite d&#039;\u00e9lasticit\u00e9 et la r\u00e9sistance \u00e0 la traction de l&#039;acier 2205 sont sup\u00e9rieures \u00e0 celles de l&#039;acier inoxydable 304 et peuvent supporter des charges et des contraintes plus importantes.<br \/>\nR\u00e9sistance \u00e0 la corrosion : Dans les acides non oxydants (tels que l&#039;acide sulfurique, l&#039;acide ac\u00e9tique) et les milieux contenant du chlorure, la r\u00e9sistance \u00e0 la corrosion de l&#039;acier 2205 est bien sup\u00e9rieure \u00e0 celle de l&#039;acier inoxydable 304 et est particuli\u00e8rement adapt\u00e9e aux environnements marins et aux conditions de corrosion chimique.<br \/>\nR\u00e9sistance \u00e0 la corrosion sous contrainte : La structure biphas\u00e9e (aust\u00e9nite + ferrite) de l&#039;acier 2205 emp\u00eache efficacement l&#039;expansion des fissures de corrosion sous contrainte et convient aux occasions sujettes \u00e0 la corrosion sous contrainte.<br \/>\nR\u00e9sistance \u00e0 la corrosion par piq\u00fbres et caverneuses : la teneur \u00e9lev\u00e9e en chrome, molybd\u00e8ne et azote conf\u00e8re \u00e0 l&#039;acier 2205 une excellente r\u00e9sistance \u00e0 la corrosion par piq\u00fbres et caverneuses, prolongeant ainsi la dur\u00e9e de vie de l&#039;\u00e9quipement.<br \/>\nDomaines d&#039;application et conditions de travail des vannes et robinets-vannes en acier 2205<br \/>\nAper\u00e7u du secteur des applications<br \/>\nLes vannes et robinets-vannes en acier 2205 sont largement utilis\u00e9s dans les industries suivantes en raison de leurs excellentes performances :<\/p>\n<p>P\u00e9trole et gaz : utilis\u00e9s dans les ol\u00e9oducs et les dispositifs de t\u00eate de puits de gaz pour emp\u00eacher le reflux du fluide et provoquer des accidents de s\u00e9curit\u00e9.<br \/>\nChimie et pharmacie : dans les canalisations de transport de fluides corrosifs, assurer la s\u00e9curit\u00e9 des proc\u00e9d\u00e9s et pr\u00e9venir la contamination crois\u00e9e.<br \/>\nPuissance et \u00e9nergie : Appliqu\u00e9 au syst\u00e8me de circulation d&#039;eau des centrales thermiques et au circuit de refroidissement des centrales nucl\u00e9aires pour r\u00e9sister aux environnements \u00e0 haute temp\u00e9rature et haute pression.<br \/>\nDessalement de l&#039;eau de mer et protection de l&#039;environnement : Dans les \u00e9quipements de traitement de l&#039;eau de mer, il r\u00e9siste \u00e0 la corrosion par les ions chlorure et am\u00e9liore la durabilit\u00e9 de l&#039;\u00e9quipement.<br \/>\nAnalyse des conditions de travail typiques<br \/>\nConditions de travail \u00e0 haute pression et haute temp\u00e9rature :<br \/>\nDans la canalisation de vapeur des centrales thermiques, les vannes \u00e0 guillotine en acier 2205 peuvent r\u00e9sister \u00e0 des temp\u00e9ratures de fonctionnement allant jusqu&#039;\u00e0 550 \u00b0C et \u00e0 des pressions de 25 MPa, garantissant un flux de vapeur unidirectionnel et emp\u00eachant les dommages caus\u00e9s par le reflux aux \u00e9quipements en raison des fluctuations de temp\u00e9rature.<\/p>\n<p>Milieux fortement corrosifs :<br \/>\nDans le pipeline de transport d&#039;acide sulfurique de l&#039;industrie chimique, la r\u00e9sistance \u00e0 la corrosion de l&#039;acier 2205 peut r\u00e9sister efficacement \u00e0 la corrosion de l&#039;acide sulfurique et emp\u00eacher la d\u00e9faillance des vannes due \u00e0 la corrosion.<\/p>\n<p>Application au milieu marin :<br \/>\nDans le syst\u00e8me de traitement de l&#039;eau de mer des plates-formes p\u00e9troli\u00e8res offshore, les vannes \u00e0 guillotine en acier 2205 peuvent r\u00e9sister \u00e0 la corrosion des ions chlorure dans l&#039;eau de mer pendant une longue p\u00e9riode et prolonger la dur\u00e9e de vie de l&#039;\u00e9quipement.<\/p>\n<p>Installation et maintenance de vanne \u00e0 guillotine en acier 2205<br \/>\nPr\u00e9cautions d&#039;installation<br \/>\nUne installation correcte est essentielle pour garantir le bon fonctionnement du robinet-vanne. Les points suivants sont \u00e0 prendre en compte\u00a0:<\/p>\n<p>S\u00e9lection de l&#039;emplacement d&#039;installation :<br \/>\nLe robinet-vanne doit \u00eatre install\u00e9 dans un endroit pratique pour son utilisation et son entretien. \u00c9vitez de l&#039;installer dans un endroit o\u00f9 des s\u00e9diments peuvent s&#039;accumuler afin de ne pas perturber le fonctionnement du robinet-vanne.<\/p>\n<p>Confirmation de direction :<br \/>\nIl est n\u00e9cessaire de s&#039;assurer que le sens d&#039;installation du robinet-vanne est coh\u00e9rent avec le sens d&#039;\u00e9coulement du fluide et que l&#039;indication de la fl\u00e8che doit \u00eatre coh\u00e9rente avec le sens d&#039;\u00e9coulement du fluide.<\/p>\n<p>Raccordement et \u00e9tanch\u00e9it\u00e9 :<br \/>\nLors du raccordement de la bride, il convient d&#039;utiliser un joint flexible adapt\u00e9 \u00e0 la classe de la canalisation, et de serrer les boulons uniform\u00e9ment et sym\u00e9triquement afin d&#039;\u00e9quilibrer les efforts aux deux extr\u00e9mit\u00e9s de la bride. Les assemblages soud\u00e9s doivent garantir la qualit\u00e9 de la soudure afin d&#039;\u00e9viter les soudures \u00e0 froid ou les inclusions de scories.<\/p>\n<p>Espace d&#039;op\u00e9ration :<br \/>\nL&#039;emplacement d&#039;installation doit laisser suffisamment d&#039;espace de fonctionnement pour faciliter l&#039;ouverture, la fermeture et l&#039;entretien de la vanne.<\/p>\n<p>Entretien et maintenance<br \/>\nInspection r\u00e9guli\u00e8re :<br \/>\nV\u00e9rifiez r\u00e9guli\u00e8rement la surface d&#039;\u00e9tanch\u00e9it\u00e9, la porte et la tige de la vanne et remplacez-les \u00e0 temps si elles sont endommag\u00e9es ou us\u00e9es.<\/p>\n<p>Nettoyage et entretien :<br \/>\nNettoyez r\u00e9guli\u00e8rement la cavit\u00e9 int\u00e9rieure et la surface d&#039;\u00e9tanch\u00e9it\u00e9 de la vanne pour \u00e9viter que les impuret\u00e9s ne s&#039;accumulent et n&#039;affectent la fermeture de la vanne.<\/p>\n<p>Lubrification et entretien :<br \/>\nLubrifiez correctement la tige de soupape et les autres pi\u00e8ces mobiles pour r\u00e9duire l\u2019usure et prolonger la dur\u00e9e de vie.<\/p>\n<p>&nbsp;<\/p>\n<p>&nbsp;<\/p>\n<p>Vanne \u00e0 guillotine DIN3352 2205 de Chine, vanne \u00e0 guillotine PN16 2205, vanne \u00e0 guillotine DN80 2205, vanne \u00e0 guillotine RF End 2205.<\/p>","protected":false},"excerpt":{"rendered":"<ul>\n<li><strong>Caract\u00e9ristiques des vannes \u00e0 guillotine Duplex 2205\u00a0:<\/strong>\n<p>Capot boulonn\u00e9<br \/>\nVis et fourche ext\u00e9rieures<br \/>\nTige montante et volant non montant<br \/>\nCoin flexible, enti\u00e8rement guid\u00e9<br \/>\nSi\u00e8ge m\u00e9tal sur m\u00e9tal<br \/>\nSi\u00e8ge arri\u00e8re \u00e0 anneau et tige de selle renouvelables<br \/>\nFonctionnement manuel standard, op\u00e9rateur \u00e0 engrenages et actionnement disponibles<br \/>\nExtr\u00e9mit\u00e9 \u00e0 souder bout \u00e0 bout<br \/>\nExtr\u00e9mit\u00e9 de bride : joint \u00e0 face sur\u00e9lev\u00e9e ou \u00e0 anneau<\/li>\n<\/ul>","protected":false},"featured_media":18435,"template":"","meta":{"advanced_seo_description":"","jetpack_seo_html_title":"","jetpack_seo_noindex":false},"product_brand":[],"product_cat":[81],"product_tag":[520,522,521,523],"class_list":{"0":"post-18431","1":"product","2":"type-product","3":"status-publish","4":"has-post-thumbnail","6":"product_cat-gate-valves","7":"product_tag-china-din3352-2205-gate-valve","8":"product_tag-dn80-2205-gate-valve","9":"product_tag-pn16-2205-gate-valve","10":"product_tag-rf-end-2205-gate-valve","12":"first","13":"instock","14":"shipping-taxable","15":"product-type-simple"},"jetpack_sharing_enabled":true,"_links":{"self":[{"href":"https:\/\/oudianvalve.com\/fr\/wp-json\/wp\/v2\/product\/18431","targetHints":{"allow":["GET"]}}],"collection":[{"href":"https:\/\/oudianvalve.com\/fr\/wp-json\/wp\/v2\/product"}],"about":[{"href":"https:\/\/oudianvalve.com\/fr\/wp-json\/wp\/v2\/types\/product"}],"wp:featuredmedia":[{"embeddable":true,"href":"https:\/\/oudianvalve.com\/fr\/wp-json\/wp\/v2\/media\/18435"}],"wp:attachment":[{"href":"https:\/\/oudianvalve.com\/fr\/wp-json\/wp\/v2\/media?parent=18431"}],"wp:term":[{"taxonomy":"product_brand","embeddable":true,"href":"https:\/\/oudianvalve.com\/fr\/wp-json\/wp\/v2\/product_brand?post=18431"},{"taxonomy":"product_cat","embeddable":true,"href":"https:\/\/oudianvalve.com\/fr\/wp-json\/wp\/v2\/product_cat?post=18431"},{"taxonomy":"product_tag","embeddable":true,"href":"https:\/\/oudianvalve.com\/fr\/wp-json\/wp\/v2\/product_tag?post=18431"}],"curies":[{"name":"wp","href":"https:\/\/api.w.org\/{rel}","templated":true}]}}