{"id":18424,"date":"2025-06-14T07:32:06","date_gmt":"2025-06-14T07:32:06","guid":{"rendered":"https:\/\/oudianvalve.com\/?post_type=product&#038;p=18424"},"modified":"2025-06-14T07:38:47","modified_gmt":"2025-06-14T07:38:47","slug":"iso5211-mounting-pad-ball-valve-150lb-3-inch-rf-end","status":"publish","type":"product","link":"https:\/\/oudianvalve.com\/fr\/products\/ball-valves\/iso5211-mounting-pad-ball-valve-150lb-3-inch-rf-end\/","title":{"rendered":"Vanne \u00e0 boisseau sph\u00e9rique avec patin de montage ISO 5211, 150 lb, 3 pouces, extr\u00e9mit\u00e9 RF"},"content":{"rendered":"<p>Description de la vanne :<br \/>\nType de vanne : vanne \u00e0 boisseau sph\u00e9rique flottante<br \/>\nMat\u00e9riau du corps : CF8 .<br \/>\nNominal Diameter: 3&#8243;<br \/>\nPression nominale : 150 lb<br \/>\nRaccordement d&#039;extr\u00e9mit\u00e9 : bride RF<br \/>\nTemp\u00e9rature de fonctionnement : -29\u2103~+200\u2103.<br \/>\nFonctionnement : Levier.<\/p>\n<p>The Is05211 Mounting Pad ball valve is based on the manual ANSI ball valve, with a platform set under the gland. This platform can be divided into a high platform and a low platform. This product is a low-platform ball valve that uses the ANSI standard. The ANSI low-platform ball valve can be used for platforms that are placed by electric or pneumatic operation. Compared with the ANSI ball valve that directly places the actuator manually, the actuator is more stable, the installation is more precise and simple, and the overall structure is more durable. If there is no low platform, many manufacturers will use iron brackets to spot weld directly under the gland, which looks ugly and is easy to separate and shake under long-term action, directly damaging the actuator.<br \/>\nThe Is05211 Mounting Pad ball valve ball valve can be selected according to different requirements. WCB 304 stainless steel CF8 stainless steel 316 material CF8M stainless steel 321 2205 2507 304L CN7M 904L, etc.<br \/>\nANSI low-platform ball valve implementation standards<\/p>\n<p>150Lb connection dimensions and overall dimensions of Is05211 Mounting Pad ball valve(mm)<\/p>\n<table style=\"height: 676px;\" border=\"1\" width=\"1045\" cellspacing=\"0\" cellpadding=\"0\">\n<tbody>\n<tr>\n<td colspan=\"2\">\nNorminal diameter<\/td>\n<td rowspan=\"2\">\nUnit\u00e9<\/td>\n<td rowspan=\"2\">L<\/td>\n<td rowspan=\"2\">D<\/td>\n<td rowspan=\"2\">C<\/td>\n<td rowspan=\"2\">G<\/td>\n<td rowspan=\"2\">T<\/td>\n<td rowspan=\"2\">n-\u0424<\/td>\n<td rowspan=\"2\">W<\/td>\n<td rowspan=\"2\">H<\/td>\n<\/tr>\n<tr>\n<td>in<\/td>\n<td>mm<\/td>\n<\/tr>\n<tr>\n<td rowspan=\"2\">1\/2\u2033<\/td>\n<td rowspan=\"2\">15<\/td>\n<td>150Lb<\/td>\n<td>108<\/td>\n<td>89<\/td>\n<td>60.5<\/td>\n<td>35<\/td>\n<td>12<\/td>\n<td>4-15<\/td>\n<td>115<\/td>\n<td>72<\/td>\n<\/tr>\n<tr>\n<td>10-k<\/td>\n<td>4.25<\/td>\n<td>3.5<\/td>\n<td>2.38<\/td>\n<td>1.38<\/td>\n<td>0.47<\/td>\n<td>4-0.59<\/td>\n<td>4.53<\/td>\n<td>28.3<\/td>\n<\/tr>\n<tr>\n<td rowspan=\"2\">3\/4\u2033<\/td>\n<td rowspan=\"2\">20<\/td>\n<td>150Lb<\/td>\n<td>117<\/td>\n<td>98<\/td>\n<td>70<\/td>\n<td>43<\/td>\n<td>12<\/td>\n<td>4-15<\/td>\n<td>115<\/td>\n<td>76<\/td>\n<\/tr>\n<tr>\n<td>10-k<\/td>\n<td>4.61<\/td>\n<td>3.86<\/td>\n<td>2.76<\/td>\n<td>1.69<\/td>\n<td>0.47<\/td>\n<td>4-0.59<\/td>\n<td>4.53<\/td>\n<td>29.9<\/td>\n<\/tr>\n<tr>\n<td rowspan=\"2\">1\u2033<\/td>\n<td rowspan=\"2\">25<\/td>\n<td>150Lb<\/td>\n<td>127<\/td>\n<td>108<\/td>\n<td>79.5<\/td>\n<td>51<\/td>\n<td>12<\/td>\n<td>4-15<\/td>\n<td>150<\/td>\n<td>92<\/td>\n<\/tr>\n<tr>\n<td>10-k<\/td>\n<td>5<\/td>\n<td>4.25<\/td>\n<td>3.13<\/td>\n<td>2<\/td>\n<td>0.47<\/td>\n<td>4-0.59<\/td>\n<td>5.9<\/td>\n<td>3.62<\/td>\n<\/tr>\n<tr>\n<td rowspan=\"2\">11\/2\u2033<\/td>\n<td rowspan=\"2\">40<\/td>\n<td>150Lb<\/td>\n<td>165<\/td>\n<td>127<\/td>\n<td>98.5<\/td>\n<td>73<\/td>\n<td>14.3<\/td>\n<td>4-16<\/td>\n<td>200<\/td>\n<td>123<\/td>\n<\/tr>\n<tr>\n<td>10-k<\/td>\n<td>6.5<\/td>\n<td>5<\/td>\n<td>3.88<\/td>\n<td>2.88<\/td>\n<td>0.56<\/td>\n<td>4-0.62<\/td>\n<td>7.87<\/td>\n<td>4.84<\/td>\n<\/tr>\n<tr>\n<td rowspan=\"2\">2\u2033<\/td>\n<td rowspan=\"2\">50<\/td>\n<td>150Lb<\/td>\n<td>178<\/td>\n<td>152<\/td>\n<td>120.5<\/td>\n<td>92<\/td>\n<td>15.9<\/td>\n<td>4-19<\/td>\n<td>200<\/td>\n<td>132<\/td>\n<\/tr>\n<tr>\n<td>10-k<\/td>\n<td>7<\/td>\n<td>6.00<\/td>\n<td>4.75<\/td>\n<td>3.62<\/td>\n<td>0.625<\/td>\n<td>4-0.75<\/td>\n<td>7.87<\/td>\n<td>5.20<\/td>\n<\/tr>\n<tr>\n<td rowspan=\"2\">21\/2\u2033<\/td>\n<td rowspan=\"2\">65<\/td>\n<td>150Lb<\/td>\n<td>190<\/td>\n<td>178<\/td>\n<td>139.5<\/td>\n<td>105<\/td>\n<td>17.5<\/td>\n<td>4-19<\/td>\n<td>320<\/td>\n<td>164<\/td>\n<\/tr>\n<tr>\n<td>10-k<\/td>\n<td>7.5<\/td>\n<td>7<\/td>\n<td>5.50<\/td>\n<td>4.12<\/td>\n<td>0.69<\/td>\n<td>4-0.75<\/td>\n<td>12.6<\/td>\n<td>6.45<\/td>\n<\/tr>\n<tr>\n<td rowspan=\"2\">3\u2033<\/td>\n<td rowspan=\"2\">80<\/td>\n<td>150Lb<\/td>\n<td>203<\/td>\n<td>190<\/td>\n<td>152.4<\/td>\n<td>127<\/td>\n<td>19.1<\/td>\n<td>4-19<\/td>\n<td>320<\/td>\n<td>173<\/td>\n<\/tr>\n<tr>\n<td>10-k<\/td>\n<td>8<\/td>\n<td>7.50<\/td>\n<td>6<\/td>\n<td>5<\/td>\n<td>0.75<\/td>\n<td>4-0.75<\/td>\n<td>12.6<\/td>\n<td>6.8<\/td>\n<\/tr>\n<tr>\n<td rowspan=\"2\">4\u2033<\/td>\n<td rowspan=\"2\">100<\/td>\n<td>150Lb<\/td>\n<td>229<\/td>\n<td>229<\/td>\n<td>190.5<\/td>\n<td>157<\/td>\n<td>23.9<\/td>\n<td>8-19<\/td>\n<td>450<\/td>\n<td>210<\/td>\n<\/tr>\n<tr>\n<td>10-k<\/td>\n<td>9<\/td>\n<td>9<\/td>\n<td>7.5<\/td>\n<td>6.19<\/td>\n<td>0.94<\/td>\n<td>8-0.75<\/td>\n<td>17.72<\/td>\n<td>8.26<\/td>\n<\/tr>\n<tr>\n<td rowspan=\"2\">6\u2033<\/td>\n<td rowspan=\"2\">150<\/td>\n<td>150Lb<\/td>\n<td>394<\/td>\n<td>279<\/td>\n<td>241.5<\/td>\n<td>216<\/td>\n<td>26<\/td>\n<td>8-22<\/td>\n<td>800<\/td>\n<td>288<\/td>\n<\/tr>\n<tr>\n<td>10-k<\/td>\n<td>15.5<\/td>\n<td>10.98<\/td>\n<td>9.50<\/td>\n<td>8.5<\/td>\n<td>1.02<\/td>\n<td>8-0.88<\/td>\n<td>31.5<\/td>\n<td>1.34<\/td>\n<\/tr>\n<tr>\n<td rowspan=\"2\">8\u2033<\/td>\n<td rowspan=\"2\">200<\/td>\n<td>150Lb<\/td>\n<td>457<\/td>\n<td>343<\/td>\n<td>298.5<\/td>\n<td>270<\/td>\n<td>29<\/td>\n<td>8-22<\/td>\n<td>1120<\/td>\n<td>374<\/td>\n<\/tr>\n<tr>\n<td>10-k<\/td>\n<td>18.00<\/td>\n<td>13.50<\/td>\n<td>11.75<\/td>\n<td>10.62<\/td>\n<td>1.12<\/td>\n<td>8-0.88<\/td>\n<td>44.10<\/td>\n<td>14.72<\/td>\n<\/tr>\n<tr>\n<td rowspan=\"2\">10\u2033<\/td>\n<td rowspan=\"2\">250<\/td>\n<td>150Lb<\/td>\n<td>553<\/td>\n<td>406<\/td>\n<td>362<\/td>\n<td>342<\/td>\n<td>31<\/td>\n<td>12-25<\/td>\n<td>1420<\/td>\n<td>366<\/td>\n<\/tr>\n<tr>\n<td>10-k<\/td>\n<td>20.98<\/td>\n<td>16<\/td>\n<td>14.75<\/td>\n<td>12.75<\/td>\n<td>1.2<\/td>\n<td>12-1<\/td>\n<td>55.12<\/td>\n<td>14.40<\/td>\n<\/tr>\n<tr>\n<td rowspan=\"2\">12\u2033<\/td>\n<td rowspan=\"2\">300<\/td>\n<td>150Lb<\/td>\n<td>610<\/td>\n<td>483<\/td>\n<td>432<\/td>\n<td>381<\/td>\n<td>32<\/td>\n<td>12-25<\/td>\n<td>1420<\/td>\n<td>412<\/td>\n<\/tr>\n<tr>\n<td>10-k<\/td>\n<td>24<\/td>\n<td>19<\/td>\n<td>17<\/td>\n<td>15<\/td>\n<td>1.26<\/td>\n<td>12-1<\/td>\n<td>55.12<\/td>\n<td>16.22<\/td>\n<\/tr>\n<\/tbody>\n<\/table>\n<p>&nbsp;<\/p>\n<p>&nbsp;<\/p>\n<p>China Iso5211 Mounting Pad Ball Valve Manufacturer ,OUdian Supplies Iso5211 Mounting Pad Ball Valve, Iso5211 Mounting Pad Ball Valve,\u00a0 Floating Ball Valve, 3 Inch Iso5211 Mounting Pad Ball Valve, 150lb Iso5211 Mounting Pad Ball Valve,RF End Iso5211 Mounting Pad Ball Valve.<\/p>","protected":false},"excerpt":{"rendered":"<p>Norme de conception\u00a0: API 6D\/API 608<br \/>\nS\u00e9curit\u00e9 incendie\u00a0: API 607\/6FA<br \/>\nTemp\u00e9ratures de pression nominales\u00a0: ASME B16.34<br \/>\nGamme de tailles : 2&quot; \u00e0 48&quot; \uff08DN50-DN1200\uff09<br \/>\nPort\u00a0: passage int\u00e9gral ou passage r\u00e9duit<br \/>\nPlage de pression\u00a0: 150LB \u00e0 2500LB<br \/>\nConnexions d&#039;extr\u00e9mit\u00e9\u00a0: RF \u00e0 bride, RTJ, soud\u00e9e bout \u00e0 bout<br \/>\nType de boule : boule solide forg\u00e9e<br \/>\nDimensions de l&#039;extr\u00e9mit\u00e9 \u00e0 bride\u00a0: ASME B16.5 (24&quot; et inf\u00e9rieur), ASME B16.47 s\u00e9rie A ou B (au-dessus de 24&quot;)<br \/>\nDimensions des extr\u00e9mit\u00e9s soud\u00e9es bout \u00e0 bout\u00a0: ASME B16.25<br \/>\nDimensions face \u00e0 face\u00a0: ASME B16.10<br \/>\nInspection et tests\u00a0: API 6D<br \/>\nMat\u00e9riaux du corps\u00a0: A105\/A105N, F304, F316, F316L, F51, F53, F55, C95800, UNS N08825, UNS N06625.<br \/>\nMat\u00e9riaux du si\u00e8ge\u00a0: PTFE, RPTFE, DEVLON, NYLON, PEEK, m\u00e9tal avec TCC\/STL\/Ni.<\/p>","protected":false},"featured_media":18425,"template":"","meta":{"advanced_seo_description":"","jetpack_seo_html_title":"","jetpack_seo_noindex":false},"product_brand":[],"product_cat":[83],"product_tag":[501,500,497,418,499,498,502],"class_list":{"0":"post-18424","1":"product","2":"type-product","3":"status-publish","4":"has-post-thumbnail","6":"product_cat-ball-valves","7":"product_tag-150lb-iso5211-mounting-pad-ball-valve","8":"product_tag-3-inch-iso5211-mounting-pad-ball-valve","9":"product_tag-china-iso5211-mounting-pad-ball-valve-manufacturer","10":"product_tag-floating-ball-valve","11":"product_tag-iso5211-mounting-pad-ball-valve","12":"product_tag-oudian-supplies-iso5211-mounting-pad-ball-valve","13":"product_tag-rf-end-iso5211-mounting-pad-ball-valve","15":"first","16":"instock","17":"shipping-taxable","18":"product-type-grouped"},"jetpack_sharing_enabled":true,"_links":{"self":[{"href":"https:\/\/oudianvalve.com\/fr\/wp-json\/wp\/v2\/product\/18424","targetHints":{"allow":["GET"]}}],"collection":[{"href":"https:\/\/oudianvalve.com\/fr\/wp-json\/wp\/v2\/product"}],"about":[{"href":"https:\/\/oudianvalve.com\/fr\/wp-json\/wp\/v2\/types\/product"}],"wp:featuredmedia":[{"embeddable":true,"href":"https:\/\/oudianvalve.com\/fr\/wp-json\/wp\/v2\/media\/18425"}],"wp:attachment":[{"href":"https:\/\/oudianvalve.com\/fr\/wp-json\/wp\/v2\/media?parent=18424"}],"wp:term":[{"taxonomy":"product_brand","embeddable":true,"href":"https:\/\/oudianvalve.com\/fr\/wp-json\/wp\/v2\/product_brand?post=18424"},{"taxonomy":"product_cat","embeddable":true,"href":"https:\/\/oudianvalve.com\/fr\/wp-json\/wp\/v2\/product_cat?post=18424"},{"taxonomy":"product_tag","embeddable":true,"href":"https:\/\/oudianvalve.com\/fr\/wp-json\/wp\/v2\/product_tag?post=18424"}],"curies":[{"name":"wp","href":"https:\/\/api.w.org\/{rel}","templated":true}]}}