{"id":18417,"date":"2025-06-14T07:05:46","date_gmt":"2025-06-14T07:05:46","guid":{"rendered":"https:\/\/oudianvalve.com\/?post_type=product&#038;p=18417"},"modified":"2025-06-14T07:20:13","modified_gmt":"2025-06-14T07:20:13","slug":"dial-indicator-ball-valve-pn16-dn50-304-rf-end","status":"publish","type":"product","link":"https:\/\/oudianvalve.com\/fr\/products\/ball-valves\/dial-indicator-ball-valve-pn16-dn50-304-rf-end\/","title":{"rendered":"Robinet \u00e0 boisseau sph\u00e9rique avec indicateur \u00e0 cadran, PN16, DN50, 304, extr\u00e9mit\u00e9 RF"},"content":{"rendered":"<p>Description de la vanne :<br \/>\nType de vanne : vanne \u00e0 boisseau sph\u00e9rique flottante<br \/>\nMat\u00e9riau du corps : 304 .<br \/>\nDiam\u00e8tre nominal : 2\u2033<br \/>\nPression nominale : PN16<br \/>\nRaccordement d&#039;extr\u00e9mit\u00e9 : bride RF<br \/>\nTemp\u00e9rature de fonctionnement : -29\u2103~+200\u2103.<br \/>\nFonctionnement : Levier.<\/p>\n<p>Nom de la vanne : Vanne \u00e0 boisseau sph\u00e9rique en acier inoxydable avec cadran, vanne \u00e0 boisseau sph\u00e9rique avec indicateur, vanne \u00e0 boisseau sph\u00e9rique avec \u00e9chelle<\/p>\n<p>Le robinet \u00e0 boisseau sph\u00e9rique en acier inoxydable avec cadran est dot\u00e9 d&#039;un cadran et d&#039;un indicateur. Lorsqu&#039;il est ouvert ou ferm\u00e9, l&#039;ouverture est visible d&#039;un seul coup d&#039;\u0153il.<br \/>\nAvantages du robinet \u00e0 boisseau sph\u00e9rique en acier inoxydable avec cadran :<br \/>\n1 Si\u00e8ge de soupape avanc\u00e9 : le si\u00e8ge de soupape con\u00e7u avec de nombreuses ann\u00e9es d&#039;exp\u00e9rience dans la fabrication de soupapes \u00e0 boisseau sph\u00e9rique garantit l&#039;\u00e9tanch\u00e9it\u00e9 de la soupape, un faible coefficient de frottement, un faible couple de fonctionnement, une vari\u00e9t\u00e9 de mat\u00e9riaux de si\u00e8ge de soupape et une large gamme d&#039;adaptabilit\u00e9.<br \/>\n2. Poign\u00e9e pour une commutation correcte : la tige de valve \u00e0 t\u00eate plate est utilis\u00e9e et la connexion avec la poign\u00e9e ne sera pas mal plac\u00e9e, afin de garantir que l&#039;\u00e9tat de commutation indiqu\u00e9 par la poign\u00e9e est coh\u00e9rent avec la vanne \u00e0 boisseau sph\u00e9rique.<br \/>\n3. Dispositif de verrouillage : Pour \u00e9viter que la vanne ne soit activ\u00e9e et d\u00e9sactiv\u00e9e par erreur, des trous de verrouillage sont pr\u00e9sents dans les positions compl\u00e8tement ouverte et compl\u00e8tement ferm\u00e9e de la vanne pour garantir que la vanne est dans la bonne position.<br \/>\n4. Structure anti-vol de la tige de soupape\u00a0: la tige de soupape est mont\u00e9e en dessous pour \u00e9viter tout vol sous pression. De plus, elle peut former un contact m\u00e9tallique avec le corps de la soupape apr\u00e8s un incendie afin de garantir l&#039;\u00e9tanch\u00e9it\u00e9 de la tige de soupape.<br \/>\nLe robinet \u00e0 boisseau sph\u00e9rique en acier inoxydable avec cadran convient aux milieux : eau, gaz, huile, gaz naturel et milieux corrosifs acido-basiques.<br \/>\nTemp\u00e9rature applicable : -196\uff5e350\u2103<br \/>\nMode de conduite : manuel, pneumatique, \u00e9lectrique, hydraulique, etc.<br \/>\nDiam\u00e8tre nominal : DN 15-250 1\/2\u2033\uff5e10\u2033<br \/>\nMod\u00e8le de vanne : DKDQ41F-10P\/DKDQ41F-16P\/DKDQ41F-25P\/DKDQ41F-40P\/DKDQ41F-64P<br \/>\nDKDQ41F-10C\/DKDQ41F16C\/DKDQ41F-25C\/DKDQ41F-40C\/DKDQ41F-64C<br \/>\nDKDQ41F-150LB\/DKDQ41F-300LB\/DKDQ41F-600LB<br \/>\nDKDQ41F-5K\/DKDQ41F-10K\/DKDQ41F-20K\/DKDQ41F-40K\/DKDQ41F-45K<br \/>\nActionneurs optionnels : manuel, \u00e0 engrenage conique, \u00e0 vis sans fin, pneumatique, \u00e9lectrique, hydraulique<br \/>\nProduits connexes\u00a0: robinet \u00e0 boisseau sph\u00e9rique avec cadran | robinet \u00e0 boisseau sph\u00e9rique avec indicateur | robinet \u00e0 boisseau sph\u00e9rique avec \u00e9chelle<br \/>\nRaccordement de la vanne : bride \/ soudure \/ plaquette \/ soudure bout \u00e0 bout \/ soudure par embo\u00eetement \/ filetage \/ filetage int\u00e9rieur \/ filetage \/ filetage<br \/>\nMat\u00e9riau de la vanne : acier inoxydable \/ acier inoxydable 304 \/ acier inoxydable 316 \/ acier inoxydable 304L \/ acier inoxydable 316L \/ acier inoxydable 321 \/ acier inoxydable 310S r\u00e9sistant \/ acier inoxydable 2520 haute temp\u00e9rature \/ acier inoxydable 904L \/ acier inoxydable 317L \/ acier inoxydable C4 \/ acier inoxydable CF8 \/ acier inoxydable CF8M \/ acier inoxydable CF3 \/ acier inoxydable CF3M \/ acier inoxydable CF8C \/ 20# \/ 25# \/ acier basse temp\u00e9rature \/ acier inoxydable aust\u00e9nitique, acier inoxydable duplex 2205, titane pur, nickel pur, zirconium pur, acier au chrome-molybd\u00e8ne ZG20CrMo, acier au chrome-molybd\u00e8ne WC6, acier moul\u00e9, acier au carbone, acier au carbone WCB, acier au carbone basse temp\u00e9rature LCB, alliage Hastelloy, alliage Monel, acier forg\u00e9, A105, F11, F304\/F304L\/F316L\/WC6\/ N6, N201, N200, CZ-100, N02200, N02201, UB6,<br \/>\nProduits connexes : robinet \u00e0 boisseau sph\u00e9rique en acier inoxydable avec cadran, robinet \u00e0 boisseau sph\u00e9rique avec indicateur, robinet \u00e0 boisseau sph\u00e9rique avec \u00e9chelle<\/p>\n<p>&nbsp;<\/p>\n<p>Fabricant de vannes \u00e0 boisseau sph\u00e9rique \u00e0 indicateur \u00e0 cadran en Chine, fournitures OUdian, vanne \u00e0 boisseau sph\u00e9rique \u00e0 indicateur \u00e0 cadran, vanne \u00e0 boisseau sph\u00e9rique \u00e0 indicateur \u00e0 cadran 304, vanne \u00e0 boisseau sph\u00e9rique \u00e0 indicateur \u00e0 cadran flottant, vanne \u00e0 boisseau sph\u00e9rique \u00e0 indicateur \u00e0 cadran de 2 pouces, vanne \u00e0 boisseau sph\u00e9rique \u00e0 indicateur \u00e0 cadran PN16, vanne \u00e0 boisseau sph\u00e9rique 304, vanne \u00e0 boisseau sph\u00e9rique \u00e0 indicateur \u00e0 cadran d&#039;extr\u00e9mit\u00e9 RF.<\/p>","protected":false},"excerpt":{"rendered":"<p>1. Conception et fabrication : DIN 3357<br \/>\n2. Face \u00e0 face : DIN 3202<br \/>\n3. Extr\u00e9mit\u00e9 de bride : DIN2501<br \/>\n4. Taille nominale : DN15 \u2013 DN200<br \/>\n5. Pression nominale : PN16, PN25 ;<br \/>\n6. Mat\u00e9riaux du corps : WCB, LCB, CF8, CF8M, CF3, CF3M etc.<br \/>\n7. Garniture : 13CR, 304SS, 316SS, acier inoxydable duplex ;<br \/>\n8. Type d&#039;al\u00e9sage : Al\u00e9sage complet<br \/>\n9. Actionneur : Levier, Engrenage \u00e0 vis sans fin ;<\/p>\n<p><strong>ROBINET \u00c0 BILLE FLOTTANT DIN POUR PN16, PN25<\/strong><\/p>\n<p>Connexions d&#039;extr\u00e9mit\u00e9\u00a0: RF \u00e0 bride, RTJ, soud\u00e9e bout \u00e0 bout<br \/>\nType de boule : boule solide forg\u00e9e<br \/>\nMat\u00e9riaux du si\u00e8ge\u00a0: PTFE, RPTFE, DEVLON, NYLON, PEEK, m\u00e9tal avec TCC\/STL\/Ni.<\/p>","protected":false},"featured_media":18420,"template":"","meta":{"advanced_seo_description":"","jetpack_seo_html_title":"","jetpack_seo_noindex":false},"product_brand":[],"product_cat":[83],"product_tag":[487,489,485,481,482,483,486,484,488,490,480],"class_list":{"0":"post-18417","1":"product","2":"type-product","3":"status-publish","4":"has-post-thumbnail","6":"product_cat-ball-valves","7":"product_tag-2-inch-dial-indicator-ball-valve","8":"product_tag-304-ball-valve","9":"product_tag-304-dial-indicator-ball-valve","10":"product_tag-ball-valve-with-indicator","11":"product_tag-ball-valve-with-scale","12":"product_tag-china-dial-indicator-ball-valve-manufacturer","13":"product_tag-floating-dial-indicator-ball-valve","14":"product_tag-oudian-suppliesdial-indicator-ball-valve","15":"product_tag-pn16-dial-indicator-ball-valve","16":"product_tag-rf-end-dial-indicator-ball-valve","17":"product_tag-stainless-steel-ball-valve-with-dial","19":"first","20":"instock","21":"shipping-taxable","22":"product-type-simple"},"jetpack_sharing_enabled":true,"_links":{"self":[{"href":"https:\/\/oudianvalve.com\/fr\/wp-json\/wp\/v2\/product\/18417","targetHints":{"allow":["GET"]}}],"collection":[{"href":"https:\/\/oudianvalve.com\/fr\/wp-json\/wp\/v2\/product"}],"about":[{"href":"https:\/\/oudianvalve.com\/fr\/wp-json\/wp\/v2\/types\/product"}],"wp:featuredmedia":[{"embeddable":true,"href":"https:\/\/oudianvalve.com\/fr\/wp-json\/wp\/v2\/media\/18420"}],"wp:attachment":[{"href":"https:\/\/oudianvalve.com\/fr\/wp-json\/wp\/v2\/media?parent=18417"}],"wp:term":[{"taxonomy":"product_brand","embeddable":true,"href":"https:\/\/oudianvalve.com\/fr\/wp-json\/wp\/v2\/product_brand?post=18417"},{"taxonomy":"product_cat","embeddable":true,"href":"https:\/\/oudianvalve.com\/fr\/wp-json\/wp\/v2\/product_cat?post=18417"},{"taxonomy":"product_tag","embeddable":true,"href":"https:\/\/oudianvalve.com\/fr\/wp-json\/wp\/v2\/product_tag?post=18417"}],"curies":[{"name":"wp","href":"https:\/\/api.w.org\/{rel}","templated":true}]}}