{"id":18415,"date":"2025-06-14T06:54:32","date_gmt":"2025-06-14T06:54:32","guid":{"rendered":"https:\/\/oudianvalve.com\/?post_type=product&#038;p=18415"},"modified":"2025-06-14T07:00:12","modified_gmt":"2025-06-14T07:00:12","slug":"316ti-ball-valve-pn16-dn50-rf-end","status":"publish","type":"product","link":"https:\/\/oudianvalve.com\/fr\/products\/ball-valves\/316ti-ball-valve-pn16-dn50-rf-end\/","title":{"rendered":"Robinet \u00e0 boisseau sph\u00e9rique 316TI, PN16, DN50, extr\u00e9mit\u00e9 RF"},"content":{"rendered":"<p>Description de la vanne :<br \/>\nType de vanne : vanne \u00e0 boisseau sph\u00e9rique flottante<br \/>\nMat\u00e9riau du corps : 316TI.<br \/>\nDiam\u00e8tre nominal : 2\u2033<br \/>\nPression nominale : PN16<br \/>\nRaccordement d&#039;extr\u00e9mit\u00e9 : bride RF<br \/>\nTemp\u00e9rature de fonctionnement : -29\u2103~+200\u2103.<br \/>\nFonctionnement : Levier.<\/p>\n<p>Les vannes \u00e0 boisseau sph\u00e9rique en acier inoxydable 316TI sont un type sp\u00e9cifique de vanne utilisant une bille sph\u00e9rique perc\u00e9e d&#039;un trou central pour contr\u00f4ler le d\u00e9bit de liquides ou de gaz dans une conduite. Ces vannes \u00e0 boisseau sph\u00e9rique sont fabriqu\u00e9es en acier inoxydable 316TI, un alliage haute performance, version am\u00e9lior\u00e9e de l&#039;acier inoxydable 316 standard. L&#039;inclusion de titane (indiqu\u00e9 par la lettre \u00ab\u00a0TI\u00a0\u00bb) dans leur composition leur conf\u00e8re une r\u00e9sistance sup\u00e9rieure aux environnements \u00e0 haute temp\u00e9rature, \u00e0 la corrosion et \u00e0 l&#039;usure. Les vannes \u00e0 boisseau sph\u00e9rique en acier inoxydable 316TI sont largement utilis\u00e9es dans les environnements \u00e0 haute pression, \u00e0 haute temp\u00e9rature et corrosifs en raison de leur durabilit\u00e9 et de leur r\u00e9sistance. L&#039;association du titane aux propri\u00e9t\u00e9s intrins\u00e8ques de l&#039;acier inoxydable 316 rend ces vannes id\u00e9ales pour les applications dans les proc\u00e9d\u00e9s chimiques agressifs, les environnements marins et les industries o\u00f9 l&#039;hygi\u00e8ne est primordiale.<\/p>\n<p>&nbsp;<\/p>\n<p>Fabricant de vannes \u00e0 boisseau sph\u00e9rique 316TI en Chine, OUdian fournit des vannes \u00e0 boisseau sph\u00e9rique 316TI, des vannes \u00e0 boisseau sph\u00e9rique 316TI, des vannes \u00e0 boisseau sph\u00e9rique flottantes 316TI, des vannes \u00e0 boisseau sph\u00e9rique 2 pouces 316TI, des vannes \u00e0 boisseau sph\u00e9rique PN16 316TI, des vannes \u00e0 boisseau sph\u00e9rique flottantes 316TI, des vannes \u00e0 boisseau sph\u00e9rique RF End 316TI.<\/p>","protected":false},"excerpt":{"rendered":"<p>1. Conception et fabrication : DIN 3357<br \/>\n2. Face \u00e0 face : DIN 3202<br \/>\n3. Extr\u00e9mit\u00e9 de bride : DIN2501<br \/>\n4. Taille nominale : DN15 \u2013 DN200<br \/>\n5. Pression nominale : PN16, PN25 ;<br \/>\n6. Mat\u00e9riaux du corps : WCB, LCB, CF8, CF8M, CF3, CF3M etc.<br \/>\n7. Garniture : 13CR, 304SS, 316SS, acier inoxydable duplex ;<br \/>\n8. Type d&#039;al\u00e9sage : Al\u00e9sage complet<br \/>\n9. Actionneur : Levier, Engrenage \u00e0 vis sans fin ;<\/p>\n<p><strong>ROBINET \u00c0 BILLE FLOTTANT DIN POUR PN16, PN25<\/strong><\/p>\n<p>Connexions d&#039;extr\u00e9mit\u00e9\u00a0: RF \u00e0 bride, RTJ, soud\u00e9e bout \u00e0 bout<br \/>\nType de boule : boule solide forg\u00e9e<br \/>\nMat\u00e9riaux du si\u00e8ge\u00a0: PTFE, RPTFE, DEVLON, NYLON, PEEK, m\u00e9tal avec TCC\/STL\/Ni.<\/p>","protected":false},"featured_media":18416,"template":"","meta":{"advanced_seo_description":"","jetpack_seo_html_title":"","jetpack_seo_noindex":false},"product_brand":[],"product_cat":[83],"product_tag":[469,467,465,468,466,470,471],"class_list":{"0":"post-18415","1":"product","2":"type-product","3":"status-publish","4":"has-post-thumbnail","6":"product_cat-ball-valves","7":"product_tag-2-inch-316ti-ball-valve","8":"product_tag-316ti-ball-valve","9":"product_tag-china-316ti-ball-valve-manufacturer","10":"product_tag-floating-316ti-ball-valve","11":"product_tag-oudian-supplies-316ti-ball-valve","12":"product_tag-pn16-316ti-ball-valve","13":"product_tag-rf-end-316ti-ball-valve","15":"first","16":"instock","17":"shipping-taxable","18":"product-type-simple"},"jetpack_sharing_enabled":true,"_links":{"self":[{"href":"https:\/\/oudianvalve.com\/fr\/wp-json\/wp\/v2\/product\/18415","targetHints":{"allow":["GET"]}}],"collection":[{"href":"https:\/\/oudianvalve.com\/fr\/wp-json\/wp\/v2\/product"}],"about":[{"href":"https:\/\/oudianvalve.com\/fr\/wp-json\/wp\/v2\/types\/product"}],"wp:featuredmedia":[{"embeddable":true,"href":"https:\/\/oudianvalve.com\/fr\/wp-json\/wp\/v2\/media\/18416"}],"wp:attachment":[{"href":"https:\/\/oudianvalve.com\/fr\/wp-json\/wp\/v2\/media?parent=18415"}],"wp:term":[{"taxonomy":"product_brand","embeddable":true,"href":"https:\/\/oudianvalve.com\/fr\/wp-json\/wp\/v2\/product_brand?post=18415"},{"taxonomy":"product_cat","embeddable":true,"href":"https:\/\/oudianvalve.com\/fr\/wp-json\/wp\/v2\/product_cat?post=18415"},{"taxonomy":"product_tag","embeddable":true,"href":"https:\/\/oudianvalve.com\/fr\/wp-json\/wp\/v2\/product_tag?post=18415"}],"curies":[{"name":"wp","href":"https:\/\/api.w.org\/{rel}","templated":true}]}}