{"id":18410,"date":"2025-06-14T06:30:28","date_gmt":"2025-06-14T06:30:28","guid":{"rendered":"https:\/\/oudianvalve.com\/?post_type=product&#038;p=18410"},"modified":"2025-06-14T06:34:35","modified_gmt":"2025-06-14T06:34:35","slug":"wafer-pattern-ball-valves-pn16-dn125-wcb","status":"publish","type":"product","link":"https:\/\/oudianvalve.com\/fr\/products\/ball-valves\/wafer-pattern-ball-valves-pn16-dn125-wcb\/","title":{"rendered":"Robinets \u00e0 boisseau sph\u00e9rique \u00e0 plaquette, PN16, DN125, WCB"},"content":{"rendered":"<p>Description de la vanne :<br \/>\nType de vanne : vanne \u00e0 boisseau sph\u00e9rique flottante<br \/>\nMat\u00e9riau du corps : ASTM 216 WCB<br \/>\nDiam\u00e8tre nominal : 5\u2033<br \/>\nPression nominale : PN16<br \/>\nConnexion d&#039;extr\u00e9mit\u00e9 : plaquette<br \/>\nTemp\u00e9rature de fonctionnement : -29\u2103~+200\u2103.<br \/>\nFonctionnement : Levier.<\/p>\n<p>&nbsp;<\/p>\n<p>Une vanne \u00e0 boisseau sph\u00e9rique \u00e0 brides contr\u00f4le le d\u00e9bit du fluide par rotation de son noyau. Son corps est de type wafer, ce qui signifie que la vanne est fix\u00e9e entre deux segments de canalisation \u00e0 l&#039;aide de boulons, \u00e9liminant ainsi l&#039;espace suppl\u00e9mentaire requis par les raccords \u00e0 brides traditionnels. Les vannes \u00e0 boisseau sph\u00e9rique \u00e0 brides sont g\u00e9n\u00e9ralement utilis\u00e9es pour les applications impliquant l&#039;arr\u00eat, la distribution et le changement de direction d&#039;\u00e9coulement.<\/p>\n<p><strong>Caract\u00e9ristiques structurelles<\/strong><\/p>\n<p>1. Conception compacte :<\/p>\n<p>La vanne \u00e0 boisseau sph\u00e9rique \u00e0 plaquette pr\u00e9sente une conception de type plaquette, ce qui rend sa structure compacte et n\u00e9cessite un espace d&#039;installation minimal, id\u00e9ale pour les syst\u00e8mes de canalisations avec un espace limit\u00e9.<\/p>\n<p>2. L\u00e9ger :<\/p>\n<p>En raison de l&#039;\u00e9limination des brides et des raccords boulonn\u00e9s, la vanne \u00e0 boisseau sph\u00e9rique \u00e0 plaquette est relativement l\u00e9g\u00e8re, ce qui contribue \u00e0 r\u00e9duire la charge sur le syst\u00e8me de canalisation.<\/p>\n<p>3. Installation et entretien faciles :<\/p>\n<p>L&#039;installation et le d\u00e9montage des vannes \u00e0 boisseau sph\u00e9rique \u00e0 wafer sont tr\u00e8s pratiques\u00a0: il suffit de les placer entre les conduites et de les fixer \u00e0 l&#039;aide de boulons. Cette conception simplifie grandement l&#039;installation et la maintenance de la vanne.<\/p>\n<p>4. Bonnes performances d&#039;\u00e9tanch\u00e9it\u00e9 :<\/p>\n<p>Les vannes \u00e0 boisseau sph\u00e9rique \u00e0 plaquette utilisent g\u00e9n\u00e9ralement des structures d&#039;\u00e9tanch\u00e9it\u00e9 souples ou dures, garantissant d&#039;excellentes performances d&#039;\u00e9tanch\u00e9it\u00e9 et emp\u00eachant efficacement les fuites de fluide.<\/p>\n<p><strong>Principe de fonctionnement<\/strong><\/p>\n<p>Le principe de fonctionnement de la vanne \u00e0 boisseau sph\u00e9rique est relativement simple. Il repose principalement sur la rotation du noyau de la vanne (bille) pour contr\u00f4ler le d\u00e9bit du fluide. Le processus sp\u00e9cifique est le suivant\u00a0:<\/p>\n<p>1. Ouverture de la vanne : lorsque la poign\u00e9e ou l&#039;actionneur est tourn\u00e9, le noyau de la vanne (bille) tourne de 90 degr\u00e9s, alignant le passage de la vanne avec le passage de la canalisation, permettant au fluide de passer librement.<\/p>\n<p>2. Fermeture de la vanne : En tournant la poign\u00e9e ou l&#039;actionneur dans la direction oppos\u00e9e, le noyau de la vanne (bille) tourne de 90 degr\u00e9s suppl\u00e9mentaires, rendant le passage de la vanne perpendiculaire au passage de la canalisation, bloquant le d\u00e9bit de fluide et r\u00e9alisant la fonction d&#039;arr\u00eat.<\/p>\n<p><strong>Avantage<\/strong><\/p>\n<p>1. Gain de place : la conception compacte des vannes \u00e0 boisseau sph\u00e9rique \u00e0 plaquette prend moins de place, ce qui les rend particuli\u00e8rement adapt\u00e9es aux installations avec un espace limit\u00e9.<\/p>\n<p>2. L\u00e9ger : par rapport aux vannes \u00e0 boisseau sph\u00e9rique \u00e0 brides traditionnelles, les vannes \u00e0 boisseau sph\u00e9rique \u00e0 plaquette sont plus l\u00e9g\u00e8res, ce qui les rend plus faciles \u00e0 transporter et \u00e0 installer.<\/p>\n<p>3. Installation facile : L&#039;installation des vannes \u00e0 boisseau sph\u00e9rique \u00e0 bride est simple et rapide. Il suffit de les serrer entre les tuyaux et de les fixer \u00e0 l&#039;aide de boulons, \u00e9liminant ainsi les \u00e9tapes fastidieuses de raccordement \u00e0 bride.<\/p>\n<p>4. Excellentes performances d&#039;\u00e9tanch\u00e9it\u00e9 : les vannes \u00e0 boisseau sph\u00e9rique Wafer utilisent des mat\u00e9riaux d&#039;\u00e9tanch\u00e9it\u00e9 de haute qualit\u00e9, offrant des performances d&#039;\u00e9tanch\u00e9it\u00e9 sup\u00e9rieures adapt\u00e9es aux applications n\u00e9cessitant des normes d&#039;\u00e9tanch\u00e9it\u00e9 \u00e9lev\u00e9es.<\/p>\n<p>5. Applications polyvalentes : les vannes \u00e0 boisseau sph\u00e9rique Wafer conviennent \u00e0 divers syst\u00e8mes de tuyauterie industrielle, tels que le traitement de l&#039;eau, les industries chimiques, p\u00e9troli\u00e8res et gazi\u00e8res, pharmaceutiques et alimentaires.<\/p>\n<p><strong>Application<\/strong><\/p>\n<p>1. Syst\u00e8mes de traitement de l&#039;eau : utilis\u00e9s pour contr\u00f4ler le d\u00e9bit et la pression de l&#039;eau dans les syst\u00e8mes de traitement de l&#039;eau municipaux et industriels, garantissant un fonctionnement efficace du processus de traitement de l&#039;eau.<\/p>\n<p>2. Conduites chimiques : utilis\u00e9es dans la production chimique pour transporter et contr\u00f4ler divers milieux chimiques, garantissant la s\u00e9curit\u00e9 et la stabilit\u00e9 du processus de production.<\/p>\n<p>3. P\u00e9trole et gaz : Utilis\u00e9 dans les ol\u00e9oducs et les gazoducs pour couper et distribuer le d\u00e9bit de fluide, assurant ainsi le fonctionnement normal du syst\u00e8me de pipeline.<\/p>\n<p>4. Industries pharmaceutiques et alimentaires : Appliqu\u00e9 dans la production pharmaceutique et alimentaire pour transporter et contr\u00f4ler les milieux purs, r\u00e9pondant \u00e0 des exigences \u00e9lev\u00e9es de propret\u00e9 et d&#039;hygi\u00e8ne.<\/p>\n<p>&nbsp;<\/p>\n<p>Fabrication de robinets \u00e0 boisseau sph\u00e9rique \u00e0 brides, robinets \u00e0 boisseau sph\u00e9rique \u00e0 brides PN16, robinets \u00e0 boisseau sph\u00e9rique \u00e0 brides DN125, robinets \u00e0 boisseau sph\u00e9rique \u00e0 brides WCB<\/p>","protected":false},"excerpt":{"rendered":"<p><strong>Mat\u00e9riel<\/strong>: Acier au carbone, acier inoxydable<br \/>\n<strong>Connecteur<\/strong>: Raccord \u00e0 bride, brides selon SAE, DIN, ANSI, ISO<\/p>\n<p><strong>Description:<\/strong><\/p>\n<ul>\n<li><strong>Dimensions<\/strong>: DN15 \u00e0 DN200<\/li>\n<li><strong>Corps<\/strong>: FSt-PI, acier de d\u00e9colletage, S355J2G3, bille + tige : acier de d\u00e9colletage, acier inoxydable (1.4571\/316Ti)<br \/>\n\u00e9tanch\u00e9it\u00e9 : plastiques<\/li>\n<li><strong>Plage de pression<\/strong>: jusqu&#039;\u00e0 PN32\u00d8 (noter le tableau des dimensions)<\/li>\n<li><strong>Champ d&#039;application<\/strong>:Technologie d&#039;extraction, installations de traitement, ing\u00e9nierie du gaz, syst\u00e8mes d&#039;extinction d&#039;incendie (rev\u00eatements, joints et mat\u00e9riaux de carrosserie adapt\u00e9s \u00e0 l&#039;application !)<\/li>\n<li><strong>Plage de temp\u00e9rature<\/strong>:standard : -20\u00b0C \u00e0 +60\u00b0C (-4 \u00e0 +140\u00b0F)<\/li>\n<li><strong>Surface<\/strong>: non rev\u00eatu, finition oxyde noir, sans chrome VI<\/li>\n<\/ul>","protected":false},"featured_media":18411,"template":"","meta":{"advanced_seo_description":"","jetpack_seo_html_title":"","jetpack_seo_noindex":false},"product_brand":[],"product_cat":[83],"product_tag":[456,455,454,457],"class_list":{"0":"post-18410","1":"product","2":"type-product","3":"status-publish","4":"has-post-thumbnail","6":"product_cat-ball-valves","7":"product_tag-dn125-wafer-pattern-ball-valves","8":"product_tag-pn16-wafer-pattern-ball-valves","9":"product_tag-wafer-pattern-ball-valves-manufacture","10":"product_tag-wcb-wafer-pattern-ball-valves","12":"first","13":"instock","14":"shipping-taxable","15":"product-type-simple"},"jetpack_sharing_enabled":true,"_links":{"self":[{"href":"https:\/\/oudianvalve.com\/fr\/wp-json\/wp\/v2\/product\/18410","targetHints":{"allow":["GET"]}}],"collection":[{"href":"https:\/\/oudianvalve.com\/fr\/wp-json\/wp\/v2\/product"}],"about":[{"href":"https:\/\/oudianvalve.com\/fr\/wp-json\/wp\/v2\/types\/product"}],"wp:featuredmedia":[{"embeddable":true,"href":"https:\/\/oudianvalve.com\/fr\/wp-json\/wp\/v2\/media\/18411"}],"wp:attachment":[{"href":"https:\/\/oudianvalve.com\/fr\/wp-json\/wp\/v2\/media?parent=18410"}],"wp:term":[{"taxonomy":"product_brand","embeddable":true,"href":"https:\/\/oudianvalve.com\/fr\/wp-json\/wp\/v2\/product_brand?post=18410"},{"taxonomy":"product_cat","embeddable":true,"href":"https:\/\/oudianvalve.com\/fr\/wp-json\/wp\/v2\/product_cat?post=18410"},{"taxonomy":"product_tag","embeddable":true,"href":"https:\/\/oudianvalve.com\/fr\/wp-json\/wp\/v2\/product_tag?post=18410"}],"curies":[{"name":"wp","href":"https:\/\/api.w.org\/{rel}","templated":true}]}}