{"id":18406,"date":"2025-06-14T06:07:48","date_gmt":"2025-06-14T06:07:48","guid":{"rendered":"https:\/\/oudianvalve.com\/?post_type=product&#038;p=18406"},"modified":"2025-06-14T06:10:30","modified_gmt":"2025-06-14T06:10:30","slug":"api599-lubricated-plug-valve-hc276-body-150lb-dn25-rf-end","status":"publish","type":"product","link":"https:\/\/oudianvalve.com\/fr\/products\/plug-valves\/api599-lubricated-plug-valve-hc276-body-150lb-dn25-rf-end\/","title":{"rendered":"Robinet \u00e0 boisseau sph\u00e9rique lubrifi\u00e9 API599, corps HC276, 150 lb, DN25, extr\u00e9mit\u00e9 RF"},"content":{"rendered":"<p>Robinet \u00e0 boisseau non lubrifi\u00e9 APIacc. La norme API599 I est applicable \u00e0 la coupe et au raccordement de canalisations utilis\u00e9es dans diverses industries telles que le p\u00e9trole, l&#039;industrie chimique, la pharmacie, les engrais chimiques, l&#039;industrie \u00e9lectrique, etc. sous une pression nominale de 150LB ~ 2500LB et une temp\u00e9rature de fonctionnement de-29-180. \u00b0C.<\/p>\n<p>Norme de conception\u00a0: API 599 API 6D<\/p>\n<p>Face \u00e0 face\u00a0: ASME B16.5<\/p>\n<p>Contr\u00f4le d&#039;essai\u00a0: API598<\/p>\n<p>Port\u00e9e du produit\u00a0:<\/p>\n<p>Norme de conception\u00a0: API 599 API6D<\/p>\n<p>Port\u00e9e du produit\u00a0:<\/p>\n<p>1. Port\u00e9e de pression\u00a0: CLASSE 150Lb ~ 2500Lb<br \/>\n2.Diam\u00e8tre nominal\u00a0:\u00a0NPS 1\/2-40\u00a0\u2033<\/p>\n<p>3. Mat\u00e9riau du corps\u00a0: A105\uff64LF2\uff64F304\uff64F316\uff64F304L\uff64F316L\uff64F51, WCB\uff64LCB\uff64WCC\uff64CF8\uff64CF8M\uff64CF3\uff64CF3M\uff64A890 4A etc.<\/p>\n<p>4.Fin de connexion\u00a0:RF RTJ BW<br \/>\ndispositif 5.Drive : levier, bo\u00eete de vitesses, dispositif \u00e9lectrique, pneumatique, hydraulique, etc.<\/p>","protected":false},"excerpt":{"rendered":"<p>Robinet \u00e0 boisseau lubrifi\u00e9 API599 Fabricant : Oudian Offre Robinet \u00e0 boisseau lubrifi\u00e9 API599, Robinet \u00e0 boisseau \u00e0 corps HC276, Robinet \u00e0 boisseau 150LB HC276, Robinet \u00e0 boisseau DN25 HC276, Robinet \u00e0 boisseau \u00e0 extr\u00e9mit\u00e9 RF HC276<\/p>","protected":false},"featured_media":18407,"template":"","meta":{"advanced_seo_description":"","jetpack_seo_html_title":"","jetpack_seo_noindex":false},"product_brand":[],"product_cat":[156],"product_tag":[447,445,448,446,449],"class_list":{"0":"post-18406","1":"product","2":"type-product","3":"status-publish","4":"has-post-thumbnail","6":"product_cat-plug-valves","7":"product_tag-150lb-hc276-plug-valve","8":"product_tag-api599-lubricated-plug-valve-manufacturer-oudian-offer-api599-lubricated-plug-valve","9":"product_tag-dn25-hc276-plug-valve","10":"product_tag-hc276-body-plug-valve","11":"product_tag-rf-end-hc276-plug-valve","13":"first","14":"instock","15":"shipping-taxable","16":"product-type-simple"},"jetpack_sharing_enabled":true,"_links":{"self":[{"href":"https:\/\/oudianvalve.com\/fr\/wp-json\/wp\/v2\/product\/18406","targetHints":{"allow":["GET"]}}],"collection":[{"href":"https:\/\/oudianvalve.com\/fr\/wp-json\/wp\/v2\/product"}],"about":[{"href":"https:\/\/oudianvalve.com\/fr\/wp-json\/wp\/v2\/types\/product"}],"wp:featuredmedia":[{"embeddable":true,"href":"https:\/\/oudianvalve.com\/fr\/wp-json\/wp\/v2\/media\/18407"}],"wp:attachment":[{"href":"https:\/\/oudianvalve.com\/fr\/wp-json\/wp\/v2\/media?parent=18406"}],"wp:term":[{"taxonomy":"product_brand","embeddable":true,"href":"https:\/\/oudianvalve.com\/fr\/wp-json\/wp\/v2\/product_brand?post=18406"},{"taxonomy":"product_cat","embeddable":true,"href":"https:\/\/oudianvalve.com\/fr\/wp-json\/wp\/v2\/product_cat?post=18406"},{"taxonomy":"product_tag","embeddable":true,"href":"https:\/\/oudianvalve.com\/fr\/wp-json\/wp\/v2\/product_tag?post=18406"}],"curies":[{"name":"wp","href":"https:\/\/api.w.org\/{rel}","templated":true}]}}