{"id":18399,"date":"2025-06-14T05:36:33","date_gmt":"2025-06-14T05:36:33","guid":{"rendered":"https:\/\/oudianvalve.com\/?post_type=product&#038;p=18399"},"modified":"2025-06-14T05:43:59","modified_gmt":"2025-06-14T05:43:59","slug":"fully-jacket-ball-valve-2205-pn16-dn80-rf-end","status":"publish","type":"product","link":"https:\/\/oudianvalve.com\/fr\/products\/ball-valves\/fully-jacket-ball-valve-2205-pn16-dn80-rf-end\/","title":{"rendered":"Robinet \u00e0 boisseau sph\u00e9rique \u00e0 enveloppe compl\u00e8te, 2205, PN16, DN80, extr\u00e9mit\u00e9 RF"},"content":{"rendered":"<p>Description de la vanne :<br \/>\nType de vanne : vanne \u00e0 boisseau sph\u00e9rique flottante<br \/>\nMat\u00e9riau du corps : 2205.<br \/>\nDiam\u00e8tre nominal : DN80<br \/>\nPression nominale : PN16<br \/>\nRaccordement d&#039;extr\u00e9mit\u00e9 : bride RF<br \/>\nTemp\u00e9rature de fonctionnement : -29\u2103~+200\u2103.<br \/>\nFonctionnement : Levier.<\/p>\n<p>Le robinet \u00e0 boisseau sph\u00e9rique isol\u00e9 2205 est dot\u00e9 d&#039;une enveloppe m\u00e9tallique soud\u00e9e sur sa base. Il permet l&#039;injection de vapeur ou d&#039;autres fluides calorifuges et isolants, garantissant ainsi le bon fonctionnement du fluide. Ce robinet \u00e0 boisseau sph\u00e9rique \u00e0 enveloppe isol\u00e9e pr\u00e9sente de bonnes propri\u00e9t\u00e9s d&#039;isolation thermique et thermique, et son diam\u00e8tre est adapt\u00e9 \u00e0 celui de la conduite, r\u00e9duisant ainsi efficacement les pertes de chaleur du fluide dans la canalisation.<\/p>\n<p>Le robinet \u00e0 boisseau sph\u00e9rique isol\u00e9 2205 se d\u00e9cline en plusieurs versions, telles que le robinet \u00e0 boisseau sph\u00e9rique isol\u00e9 int\u00e9gral, le robinet \u00e0 boisseau sph\u00e9rique isol\u00e9 en deux parties et le robinet \u00e0 boisseau sph\u00e9rique isol\u00e9 sandwich, selon sa structure. Il est largement utilis\u00e9 dans les syst\u00e8mes de canalisations des industries chimique, p\u00e9troli\u00e8re, pharmaceutique, m\u00e9tallurgique et autres.<\/p>\n<p>Gamme d&#039;applications de la vanne \u00e0 boisseau sph\u00e9rique isol\u00e9e 2205 :<br \/>\nLes vannes \u00e0 boisseau sph\u00e9rique \u00e0 enveloppe isol\u00e9e sont principalement utilis\u00e9es dans divers syst\u00e8mes tels que le p\u00e9trole, la chimie, la m\u00e9tallurgie, la pharmacie et l&#039;alimentation pour transporter du p\u00e9trole lourd, du caoutchouc et d&#039;autres milieux \u00e0 haute viscosit\u00e9 qui se solidifieront \u00e0 temp\u00e9rature ambiante.<\/p>\n<p>Caract\u00e9ristiques structurelles du robinet \u00e0 boisseau sph\u00e9rique isolant 2205 :<br \/>\nLe robinet \u00e0 boisseau sph\u00e9rique \u00e0 enveloppe isolante adopte une structure \u00e0 enveloppe int\u00e9grale, permettant une isolation plus uniforme du chaud et du froid. Plus compact et plus l\u00e9ger que les robinets \u00e0 boisseau sph\u00e9rique ordinaires, il est \u00e9tanche et offre une excellente \u00e9tanch\u00e9it\u00e9. L&#039;enveloppe est soud\u00e9e \u00e0 un tube en acier au carbone, plus r\u00e9sistant \u00e0 la pression et plus solide que la fonte. L&#039;enveloppe, la face ext\u00e9rieure du corps de la vanne et le tube de l&#039;enveloppe sont soud\u00e9s, et la pression maximale autoris\u00e9e pour la vapeur ou l&#039;eau froide est de 1 MPa.<br \/>\nLe robinet \u00e0 boisseau sph\u00e9rique isolant 2205 pr\u00e9sente d&#039;excellentes propri\u00e9t\u00e9s d&#039;isolation et de maintien au froid. \u00c0 l&#039;exception du robinet \u00e0 boisseau sph\u00e9rique isolant de diam\u00e8tre r\u00e9duit, le diam\u00e8tre du robinet et celui du tuyau sont identiques, ce qui permet un \u00e9coulement rectiligne du fluide, une faible r\u00e9sistance et une r\u00e9duction efficace des pertes thermiques du fluide dans la canalisation. Il offre ainsi d&#039;excellentes performances pour les fluides \u00e0 solidification facile et \u00e0 viscosit\u00e9 \u00e9lev\u00e9e.<\/p>\n<p>Sp\u00e9cifications standard du robinet \u00e0 boisseau sph\u00e9rique isol\u00e9 2205\u00a0:<br \/>\nNormes de conception et de fabrication : GB\/T12224, ASME B 16.34<br \/>\nNormes de longueur structurelle : GB\/T 12221-2005, ASME B 16.10<br \/>\nNormes des brides de raccordement : JB\/T 79, GB\/T 9113, ASME B 16.5<br \/>\nClasses de pression et de temp\u00e9rature : GB\/T 12224-2005<br \/>\nNormes d&#039;essai et d&#039;inspection : GB\/T 13927-2008, JB\/T9092, API 598<\/p>\n<p><strong>Robinet \u00e0 boisseau sph\u00e9rique \u00e0 enveloppe enti\u00e8rement chemis\u00e9e<\/strong><b>\u00a0<\/b><strong>sp\u00e9cification<\/strong><\/p>\n<table border=\"1\" cellspacing=\"0\">\n<tbody>\n<tr>\n<td>Nom du produit<\/td>\n<td>Robinet \u00e0 boisseau sph\u00e9rique \u00e0 enveloppe enti\u00e8rement chemis\u00e9e<\/td>\n<\/tr>\n<tr>\n<td>1. Mat\u00e9riel<\/td>\n<td>WCB, CF8, CF3, CF8M, CF3M etc.<\/td>\n<\/tr>\n<tr>\n<td>2. Taille<\/td>\n<td>1\/2~24 pouces (DN15~DN600)<\/td>\n<\/tr>\n<tr>\n<td>3. Structure<\/td>\n<td>Conception de veste compl\u00e8te ou partielle<\/td>\n<\/tr>\n<tr>\n<td>4. Pression de travail<\/td>\n<td>150 lb \u00e0 600 lb, PN10 \u00e0 PN100<\/td>\n<\/tr>\n<tr>\n<td>5. Fin de la connexion<\/td>\n<td>Bride<\/td>\n<\/tr>\n<tr>\n<td>6. Temp\u00e9rature de fonctionnement<\/td>\n<td>-20~450\u00baC, ou selon les exigences du client pour diff\u00e9rentes industries.<\/td>\n<\/tr>\n<tr>\n<td>7. Support appropri\u00e9<\/td>\n<td>\u00a0Facile \u00e0 solidifier, milieu \u00e0 haute viscosit\u00e9<\/td>\n<\/tr>\n<tr>\n<td>8. Fonctionnement<\/td>\n<td>Fonctionnement \u00e0 poign\u00e9e, dispositif de verrouillage en option<\/td>\n<\/tr>\n<\/tbody>\n<\/table>\n<p>&nbsp;<\/p>\n<p>Fabricant de vannes \u00e0 boisseau sph\u00e9rique enti\u00e8rement rev\u00eatues 2205 en Chine, OUdian fournit une vanne \u00e0 boisseau sph\u00e9rique flottante enti\u00e8rement rev\u00eatue 2205, une vanne \u00e0 boisseau sph\u00e9rique enti\u00e8rement rev\u00eatue 2205, une vanne \u00e0 boisseau sph\u00e9rique enti\u00e8rement rev\u00eatue DN80 2205, une vanne \u00e0 boisseau sph\u00e9rique enti\u00e8rement rev\u00eatue PN16 2205.<\/p>","protected":false},"excerpt":{"rendered":"<p>1. Conception et fabrication : DIN 3357<br \/>\n2. Face \u00e0 face : DIN 3202<br \/>\n3. Extr\u00e9mit\u00e9 de bride : DIN2501<br \/>\n4. Taille nominale : DN15 \u2013 DN200<br \/>\n5. Pression nominale : PN16, PN25 ;<br \/>\nGamme de tailles : 2&quot; \u00e0 48&quot;<br \/>\nPlage de pression\u00a0: Classe 150 \u00e0 2\u00a0500<br \/>\nConnexions d&#039;extr\u00e9mit\u00e9\u00a0: RF \u00e0 bride, RTJ, soud\u00e9e bout \u00e0 bout<br \/>\nType de boule\u00a0: Boule solide forg\u00e9e, mont\u00e9e sur tourillon<br \/>\nDimensions des extr\u00e9mit\u00e9s \u00e0 bride\u00a0: ASME B16.5 (\u226424\u00a0po), ASME B16.47 s\u00e9rie A ou B (&gt;24\u00a0po)<br \/>\nDimensions des extr\u00e9mit\u00e9s soud\u00e9es bout \u00e0 bout\u00a0: ASME B16.25 face \u00e0 face<br \/>\nDimensions face \u00e0 face\u00a0: ASME B16.10<br \/>\nInspection et tests\u00a0: API 6D<br \/>\nMat\u00e9riaux du corps\u00a0: ZTA1, ZTA2, ZTA3, ZTA9, ZTA10, ZTC4 TA1, TA2, TA3, TA9, TA10, TC4 Titane Gr2, Gr3, Gr5, Gr6, Gr7, Gr12 Titane GrC2, GrC3, GrC5, GrC6, Ti-Pd7B, GrC12 Titane GrF2, Gr3F, GrF5, GrF6, GrF7, GrF12<br \/>\nMat\u00e9riaux du si\u00e8ge\u00a0: PTFE, RPTFE, DEVLON, NYLON, PEEK, enti\u00e8rement m\u00e9tallique avec rev\u00eatement dur.<\/p>\n<p>&nbsp;<\/p>\n<p>Caract\u00e9ristiques du produit<\/p>\n<p>La r\u00e9sistance au d\u00e9bit est faible\u00a0;<br \/>\n2. Si\u00e8ge de piston, conception de structure antistatique de protection contre l&#039;incendie \uff1b<br \/>\n3. Aucune limitation sur la direction d&#039;\u00e9coulement du milieu ;<br \/>\n4. Lorsque la vanne est en position compl\u00e8tement ouverte, les surfaces du si\u00e8ge sont \u00e0 l&#039;ext\u00e9rieur du flux d&#039;\u00e9coulement qui est toujours en plein contact avec la porte, ce qui peut prot\u00e9ger les surfaces du si\u00e8ge et convient au raclage des pipelines\u00a0;<br \/>\n5. L&#039;emballage \u00e0 ressort peut \u00eatre choisi\u00a0;<br \/>\n6. L&#039;emballage \u00e0 faible \u00e9mission peut \u00eatre choisi conform\u00e9ment aux exigences de la norme ISO 15848\u00a0;<br \/>\n7. La conception \u00e9tendue de la tige peut \u00eatre choisie\u00a0;<br \/>\n8. La conception du si\u00e8ge m\u00e9tal sur m\u00e9tal peut \u00eatre choisie\u00a0;<br \/>\n9. La conception DBB, DIB-1, DIB-2 peut \u00eatre choisie\u00a0;<br \/>\n10.La boule est fix\u00e9e avec une plaque de support et un arbre fixe\u00a0;<\/p>","protected":false},"featured_media":18400,"template":"","meta":{"advanced_seo_description":"","jetpack_seo_html_title":"","jetpack_seo_noindex":false},"product_brand":[],"product_cat":[83],"product_tag":[432,430,433,431,434],"class_list":{"0":"post-18399","1":"product","2":"type-product","3":"status-publish","4":"has-post-thumbnail","6":"product_cat-ball-valves","7":"product_tag-2205-fully-jacket-ball-valve","8":"product_tag-china-2205-fully-jacket-ball-valve-manufacturer","9":"product_tag-dn80-2205-fully-jacket-ball-valve","10":"product_tag-oudian-supplies-2205-fully-jacket-floating-ball-valve","11":"product_tag-pn16-2205-fully-jacket-ball-valve","13":"first","14":"instock","15":"shipping-taxable","16":"product-type-simple"},"jetpack_sharing_enabled":true,"_links":{"self":[{"href":"https:\/\/oudianvalve.com\/fr\/wp-json\/wp\/v2\/product\/18399","targetHints":{"allow":["GET"]}}],"collection":[{"href":"https:\/\/oudianvalve.com\/fr\/wp-json\/wp\/v2\/product"}],"about":[{"href":"https:\/\/oudianvalve.com\/fr\/wp-json\/wp\/v2\/types\/product"}],"wp:featuredmedia":[{"embeddable":true,"href":"https:\/\/oudianvalve.com\/fr\/wp-json\/wp\/v2\/media\/18400"}],"wp:attachment":[{"href":"https:\/\/oudianvalve.com\/fr\/wp-json\/wp\/v2\/media?parent=18399"}],"wp:term":[{"taxonomy":"product_brand","embeddable":true,"href":"https:\/\/oudianvalve.com\/fr\/wp-json\/wp\/v2\/product_brand?post=18399"},{"taxonomy":"product_cat","embeddable":true,"href":"https:\/\/oudianvalve.com\/fr\/wp-json\/wp\/v2\/product_cat?post=18399"},{"taxonomy":"product_tag","embeddable":true,"href":"https:\/\/oudianvalve.com\/fr\/wp-json\/wp\/v2\/product_tag?post=18399"}],"curies":[{"name":"wp","href":"https:\/\/api.w.org\/{rel}","templated":true}]}}